{"id":6315,"date":"1970-01-01T00:00:00","date_gmt":"1970-01-01T00:00:00","guid":{"rendered":"https:\/\/elfsight.com\/it\/?page_id=6315"},"modified":"2024-11-12T13:13:29","modified_gmt":"2024-11-12T13:13:29","slug":"drupal","status":"publish","type":"page","link":"https:\/\/elfsight.com\/it\/tripadvisor-reviews-widget\/drupal\/","title":{"rendered":"Tripadvisor Reviews &#8211; Drupal"},"content":{"rendered":"<div class=\"application-platform-content-item-description application-platform-content-item\" id=\"description\" data-nav-section=\"description\"> <h2>Descrizione<\/h2> <p>Se desideri dimostrare la tua alta valutazione da parte dei clienti e convincere i visitatori del sito web che i tuoi prodotti o servizi valgono acquistando, il widget Elfsight Tripadvisor Reviews sar\u00e0 la soluzione. Utilizzando questo widget, incorporerai rapidamente le recensioni degli utenti di Tripadvisor sul tuo sito web, potrai utilizzare filtri per mostrare solo le recensioni migliori, aggiungere valutazioni e un pulsante di reindirizzamento che condurr\u00e0 gli utenti al tuo account Tripadvisor, dove potranno aggiungi un&#8217;altra recensione. <\/p><div class=\"faq\" data-component=\"FAQ\"> <div class=\"faq-item\">\r\n\t\t\t\t\t<div class=\"faq-item-question\">\r\n\t\t\t\t\t\t<h3 class=\"faq-item-question-text\">Dove posso pubblicare il widget<\/h3>\r\n\r\n\t\t\t\t\t\t<div class=\"faq-item-question-icon\"><\/div>\r\n\t\t\t\t\t<\/div>\r\n\r\n\t\t\t\t\t<div class=\"faq-item-answer\">\r\n\t\t\t\t\t\t<div class=\"faq-item-answer-text\"> <p>Questo widget pu\u00f2 essere posizionato su qualsiasi pagina, dove desideri dimostrare la tua valutazione elevata e popolarit\u00e0 tra i clienti. Se desideri visualizzare il widget su tutte le pagine del tuo sito, puoi incollarlo facilmente nel modello del sito web. <\/p><\/div>\r\n\t\t\t\t\t<\/div>\r\n\t\t\t\t<\/div> <div class=\"faq-item\">\r\n\t\t\t\t\t<div class=\"faq-item-question\">\r\n\t\t\t\t\t\t<h3 class=\"faq-item-question-text\">Quali vantaggi mi offre? <\/h3>\r\n\r\n\t\t\t\t\t\t<div class=\"faq-item-question-icon\"><\/div>\r\n\t\t\t\t\t<\/div>\r\n\r\n\t\t\t\t\t<div class=\"faq-item-answer\">\r\n\t\t\t\t\t\t<div class=\"faq-item-answer-text\"> <p>Le recensioni di persone reali sembrano perfettamente credibili per i visitatori del tuo sito e mostrano loro che la tua attivit\u00e0 \u00e8 affidabile. Una valutazione elevata e buone recensioni possono aiutarti a rafforzare le vendite sul tuo sito. Inoltre, il pulsante attivo contribuir\u00e0 ad avere pi\u00f9 recensioni degli utenti relative alla tua attivit\u00e0 su Tripadvisor. <\/p> <\/div>\r\n\t\t\t\t\t<\/div>\r\n\t\t\t\t<\/div> <div class=\"faq-item\">\r\n\t\t\t\t\t<div class=\"faq-item-question\">\r\n\t\t\t\t\t\t<h3 class=\"faq-item-question-text\">Come faccio a incorporare le recensioni dal widget Tripadvisor nel mio sito Drupal? <\/h3>\r\n\r\n\t\t\t\t\t\t<div class=\"faq-item-question-icon\"><\/div>\r\n\t\t\t\t\t<\/div>\r\n\r\n\t\t\t\t\t<div class=\"faq-item-answer\">\r\n\t\t\t\t\t\t<div class=\"faq-item-answer-text\"> <p>Ti serve solo un minuto del tuo tempo per avere il widget attivo e funzionante. Il processo di incorporamento \u00e8 molto rapido, gratuito e senza codifica. <\/p> <p>Il widget Elfsight Reviews pu\u00f2 essere incorporato tramite il nostro servizio o tramite il marketplace. Qui puoi conoscere tutti i dettagli sulle due varianti e scegliere la tua. <\/p><\/div>\r\n\t\t\t\t\t<\/div>\r\n\t\t\t\t<\/div> <\/div> <\/div> <div class=\"application-platform-content-item-features application-platform-content-item\" id=\"features\" data-nav-section=\"features\"> <h2>Caratteristiche<\/h2> <p>Per avere un&#8217;idea chiara del widget, guarda l&#8217;elenco dei funzioni pi\u00f9 importanti. Rendono questo widget incredibilmente efficace per la tua promozione: <\/p> <ul> <li>3 filtri predefiniti: per tipo, esclusione per e quantit\u00e0 di recensioni da visualizzare; <\/li> <li>Quattro layout predefiniti: Elenco, Griglia, Muratura e Dispositivo di scorrimento; <\/li> <li> Intestazione completamente flessibile del widget; <\/li> <li>Il pulsante di richiesta di revisione porta gli utenti alla pagina di Tripadvisor; <\/li> <li>Sei elementi regolabili del widget: nome e foto dell&#8217;autore, testo del consiglio, data di partenza, icona di Tripadvisor e valutazione in stelle; <\/li> <li>Due varianti di scenari dopo il rifiuto della richiesta di revisione: mostrare il messaggio o nascondere il pulsante. <\/li> <\/ul><p><a href=\"#demo\">Per esplorare altre funzionalit\u00e0, guarda la nostra demo<\/a><\/p> <\/div> <div class=\"application-platform-content-item-installation application-platform-content-item\" id=\"installation\" data-nav-section=\"installation\"> <h2>Ecco come aggiungere le recensioni di Tripadvisor alla tua pagina Drupal<\/h2> <p>Basta seguire i passaggi descritti di seguito per aggiungere il modulo su Drupal.<\/p> <ol><li><b>Apri la nostra demo gratuita e inizia a creare il tuo modulo Recensioni per Tripadvisor personalizzato. <\/b><br> Trova l&#8217;interfaccia e le opzioni preferite dello strumento e applica le modifiche. <\/li> <li><b>Ricevi il tuo codice individuale esposto nel box sulle App Elfsight. <\/b><br> Una volta completata la creazione del tuo strumento personale, copia il codice personale nella finestra visualizzata e conservalo per un ulteriore utilizzo. <\/li> <li><b>Inizia a utilizzare il plugin sul sito Drupal. <\/b><br> Inserisci il codice che hai salvato di recente nel tuo sito web e salva le modifiche. <\/li> <li><b>Il gioco \u00e8 fatto! L&#8217;installazione \u00e8 terminata con successo. <\/b><br> Vai alla tua pagina per controllare come funziona lo strumento. <\/li><\/ol><p>Hai ancora qualcosa che ti rende insicuro? O hai domande? Invia semplicemente una richiesta al nostro team di supporto e risolveremo qualsiasi problema. <\/p> <\/div>","protected":false},"excerpt":{"rendered":"","protected":false},"author":9,"featured_media":0,"parent":1634,"menu_order":0,"comment_status":"closed","ping_status":"closed","template":"templates\/template-application-platform.php","meta":{"publish_to_discourse":"","publish_post_category":"","wpdc_auto_publish_overridden":"","wpdc_topic_tags":"","wpdc_pin_topic":"","wpdc_pin_until":"","discourse_post_id":"","discourse_permalink":"","wpdc_publishing_response":"","wpdc_publishing_error":"","footnotes":""},"class_list":["post-6315","page","type-page","status-publish","hentry"],"yoast_head":"<!-- This site is optimized with the Yoast SEO plugin v25.3.1 - https:\/\/yoast.com\/wordpress\/plugins\/seo\/ -->\n<title>Incorpora il modulo Recensioni di Tripadvisor sul tuo sito Drupal (in 2 minuti)<\/title>\n<meta name=\"description\" content=\"\u00c8 facile modellare il modulo Recensioni di Tripadvisor e visualizzarlo sul tuo sito Drupal. Il servizio clienti Elfsight \u00e8 gratuito.\" \/>\n<meta name=\"robots\" content=\"index, follow, max-snippet:-1, max-image-preview:large, max-video-preview:-1\" \/>\n<link rel=\"canonical\" href=\"https:\/\/elfsight.com\/it\/tripadvisor-reviews-widget\/drupal\/\" \/>\n<meta property=\"og:locale\" content=\"it_IT\" \/>\n<meta property=\"og:type\" content=\"article\" \/>\n<meta property=\"og:title\" content=\"Incorpora il modulo Recensioni di Tripadvisor sul tuo sito Drupal (in 2 minuti)\" \/>\n<meta property=\"og:description\" content=\"\u00c8 facile modellare il modulo Recensioni di Tripadvisor e visualizzarlo sul tuo sito Drupal. Il servizio clienti Elfsight \u00e8 gratuito.\" \/>\n<meta property=\"og:url\" content=\"https:\/\/elfsight.com\/it\/tripadvisor-reviews-widget\/drupal\/\" \/>\n<meta property=\"og:site_name\" content=\"Elfsight IT\" \/>\n<meta property=\"article:modified_time\" content=\"2024-11-12T13:13:29+00:00\" \/>\n<meta name=\"twitter:card\" content=\"summary_large_image\" \/>\n<meta name=\"twitter:label1\" content=\"Tempo di lettura stimato\" \/>\n\t<meta name=\"twitter:data1\" content=\"3 minuti\" \/>\n<!-- \/ Yoast SEO plugin. -->","yoast_head_json":{"title":"Incorpora il modulo Recensioni di Tripadvisor sul tuo sito Drupal (in 2 minuti)","description":"\u00c8 facile modellare il modulo Recensioni di Tripadvisor e visualizzarlo sul tuo sito Drupal. Il servizio clienti Elfsight \u00e8 gratuito.","robots":{"index":"index","follow":"follow","max-snippet":"max-snippet:-1","max-image-preview":"max-image-preview:large","max-video-preview":"max-video-preview:-1"},"canonical":"https:\/\/elfsight.com\/it\/tripadvisor-reviews-widget\/drupal\/","og_locale":"it_IT","og_type":"article","og_title":"Incorpora il modulo Recensioni di Tripadvisor sul tuo sito Drupal (in 2 minuti)","og_description":"\u00c8 facile modellare il modulo Recensioni di Tripadvisor e visualizzarlo sul tuo sito Drupal. Il servizio clienti Elfsight \u00e8 gratuito.","og_url":"https:\/\/elfsight.com\/it\/tripadvisor-reviews-widget\/drupal\/","og_site_name":"Elfsight IT","article_modified_time":"2024-11-12T13:13:29+00:00","twitter_card":"summary_large_image","twitter_misc":{"Tempo di lettura stimato":"3 minuti"},"schema":{"@context":"https:\/\/schema.org","@graph":[{"@type":"WebPage","@id":"https:\/\/elfsight.com\/it\/tripadvisor-reviews-widget\/drupal\/","url":"https:\/\/elfsight.com\/it\/tripadvisor-reviews-widget\/drupal\/","name":"Incorpora il modulo Recensioni di Tripadvisor sul tuo sito Drupal (in 2 minuti)","isPartOf":{"@id":"https:\/\/elfsight.com\/it\/#website"},"datePublished":"1970-01-01T00:00:00+00:00","dateModified":"2024-11-12T13:13:29+00:00","description":"\u00c8 facile modellare il modulo Recensioni di Tripadvisor e visualizzarlo sul tuo sito Drupal. Il servizio clienti Elfsight \u00e8 gratuito.","breadcrumb":{"@id":"https:\/\/elfsight.com\/it\/tripadvisor-reviews-widget\/drupal\/#breadcrumb"},"inLanguage":"it-IT","potentialAction":[{"@type":"ReadAction","target":["https:\/\/elfsight.com\/it\/tripadvisor-reviews-widget\/drupal\/"]}]},{"@type":"BreadcrumbList","@id":"https:\/\/elfsight.com\/it\/tripadvisor-reviews-widget\/drupal\/#breadcrumb","itemListElement":[{"@type":"ListItem","position":1,"name":"Home","item":"https:\/\/elfsight.com\/it\/"},{"@type":"ListItem","position":2,"name":"Tripadvisor Reviews","item":"https:\/\/elfsight.com\/it\/tripadvisor-reviews-widget\/"},{"@type":"ListItem","position":3,"name":"Tripadvisor Reviews &#8211; Drupal"}]},{"@type":"WebSite","@id":"https:\/\/elfsight.com\/it\/#website","url":"https:\/\/elfsight.com\/it\/","name":"Elfsight IT","description":"Just another Elfsight Sites site","potentialAction":[{"@type":"SearchAction","target":{"@type":"EntryPoint","urlTemplate":"https:\/\/elfsight.com\/it\/?s={search_term_string}"},"query-input":{"@type":"PropertyValueSpecification","valueRequired":true,"valueName":"search_term_string"}}],"inLanguage":"it-IT"}]}},"meta_box":{"industry":"","seo_heading":"","heading":"","description":"","cta_heading":"","cta_description":"","application":"1633","h1":"Modulo Drupal per le recensioni di Tripadvisor","h1_caption":"Mostra le impressioni dei tuoi clienti su Tripadvisor sul tuo sito","application_category":[],"applications_title":"","applications_request_title":"","applications_request_button_text":"","hero_text":"","hero_video":"","hero_video_schema_markup":"","selling_points_title":"","selling_points_caption":"","selling_points":[],"selling_points_cta_text":"","features_title":"","features":"","ed_cta_examples_text":"","ed_cta_examples_hidden":"","ed_cta_demo_text":"","ed_cta_demo_hidden":"","why_caption":"","why_editor_title":"","why_editor_text":"","why_team_title":"","why_team_text":"","why_service_title":"","why_service_text":"","template_catalog_visible":"","template_catalog_title":"","template_catalog_text":"","template_catalog_categories_visible":"","demo_title":"Crea il tuo modulo Recensioni su Tripadvisor","demo_caption":"Configura le tue recensioni su Tripadvisor e aggiungile gratuitamente al tuo sito Drupal!","default_faq_hidden":"","app_template_category":[],"platform":"34","template_public_id":"","codecanyon_url":"","codecanyon_item_id":"","codecanyon_price":"","pricing_caption":"","pricing_elfsight_apps_hide_column":"","pricing_elfsight_apps_url":"","pricing_codecanyon_price_caption":"","integration_category":[],"integration_request_title":"","integration_request_cta":"","integration_platform":"","integrations":[],"platform_category":[],"video_schema_markup":"","price":"da $ 0 al mese","trial":"","benefits":[{"text":"Aiuto per l'installazione gratuito"},{"text":"Assistenza clienti con esperienza"},{"text":"Garanzia di rimborso di 14 giorni"},{"text":"Aggiornamenti gratuiti continui"}],"button_url":"#demo","button_target_blank":"","button_nofollow":"","attributes":[{"name":"Installazioni"},{"name":"Reattivo","content":"S\u00cc"},{"name":"Browser compatibili","content":"Firefox, Safari, Opera, Chrome, Edge"}],"tags":[],"tags_disable_links":"","hide_more_platforms":"","video_object":"","demo_hide_cta":"","demo_hide_cloud_options":"","pricing_title":"","pricing":[{"pricing_icon":"platform","pricing_title":"Elfsight Apps","pricing_title_caption":"Soluzione digitale indipendente dalla piattaforma","pricing_price":"da $ 0 \/ mese","pricing_price_caption":"inizia con il piano gratuito","pricing_benefits":[{"text":"Siti web illimitati"},{"text":"Supporto dedicato"},{"text":"Supporto gratuito per l'installazione"},{"text":"Offerta a tempo limitato per pi\u00f9 app"}],"pricing_button_text":"Aggiungi al sito web","pricing_button_url":"#demo"}],"related_apps_title":"","related_apps_hidden":"","author":"","image":[],"title":"","job":"","social_networks":[]},"_links":{"self":[{"href":"https:\/\/elfsight.com\/it\/wp-json\/wp\/v2\/pages\/6315","targetHints":{"allow":["GET"]}}],"collection":[{"href":"https:\/\/elfsight.com\/it\/wp-json\/wp\/v2\/pages"}],"about":[{"href":"https:\/\/elfsight.com\/it\/wp-json\/wp\/v2\/types\/page"}],"author":[{"embeddable":true,"href":"https:\/\/elfsight.com\/it\/wp-json\/wp\/v2\/users\/9"}],"replies":[{"embeddable":true,"href":"https:\/\/elfsight.com\/it\/wp-json\/wp\/v2\/comments?post=6315"}],"version-history":[{"count":1,"href":"https:\/\/elfsight.com\/it\/wp-json\/wp\/v2\/pages\/6315\/revisions"}],"predecessor-version":[{"id":6319,"href":"https:\/\/elfsight.com\/it\/wp-json\/wp\/v2\/pages\/6315\/revisions\/6319"}],"up":[{"embeddable":true,"href":"https:\/\/elfsight.com\/it\/wp-json\/wp\/v2\/pages\/1634"}],"wp:attachment":[{"href":"https:\/\/elfsight.com\/it\/wp-json\/wp\/v2\/media?parent=6315"}],"curies":[{"name":"wp","href":"https:\/\/api.w.org\/{rel}","templated":true}]}}