{"id":6314,"date":"2024-05-03T06:51:50","date_gmt":"2024-05-03T06:51:50","guid":{"rendered":"https:\/\/elfsight.com\/it\/?page_id=6314"},"modified":"2025-03-20T06:45:02","modified_gmt":"2025-03-20T06:45:02","slug":"weebly","status":"publish","type":"page","link":"https:\/\/elfsight.com\/it\/tripadvisor-reviews-widget\/weebly\/","title":{"rendered":"Tripadvisor Reviews &#8211; Weebly"},"content":{"rendered":"\n<iframe width=\"720\" height=\"405\" src=\"https:\/\/www.youtube.com\/embed\/V0E962WDPUc\" frameborder=\"0\" allowfullscreen=\"\"><\/iframe><div class=\"application-platform-content-item-description application-platform-content-item\" id=\"description\" data-nav-section=\"description\"> <h2>Descrizione<\/h2> <p>Elfsight Tripadvisor Reviews \u00e8 un semplice widget che ti permette di pubblicare sul tuo sito web le recensioni delle tue offerte da parte degli utenti di Tripadvisor. Il nostro widget ti consente di applicare filtri per nascondere le recensioni indesiderate, rivelare le tue valutazioni in stelle e numeri da Tripadvisor, fornire dettagli sugli autori e mostrare un pulsante che aiuter\u00e0 i visitatori a pubblicare la loro recensione su Tripadvisor. Il widget Recensioni di Elfsight Tripadvisor ti aiuter\u00e0 a mostrare la tua perfetta prova sociale sul tuo sito e ad attirare nuove vendite. <\/p><div class=\"faq\" data-component=\"FAQ\"> <div class=\"faq-item\">\r\n\t\t\t\t\t<div class=\"faq-item-question\">\r\n\t\t\t\t\t\t<h3 class=\"faq-item-question-text\">Dove posso incorporarlo<\/h3>\r\n\r\n\t\t\t\t\t\t<div class=\"faq-item-question-icon\"><\/div>\r\n\t\t\t\t\t<\/div>\r\n\r\n\t\t\t\t\t<div class=\"faq-item-answer\">\r\n\t\t\t\t\t\t<div class=\"faq-item-answer-text\"> <p>Sei libero di aggiungere il widget di recensione a qualsiasi pagina del sito web o inserirlo nel modello del sito web, in questo caso verr\u00e0 appaiono su tutte le pagine. Le recensioni sono efficaci sulle pagine dei prodotti o sulla pagina Chi siamo, dove \u00e8 necessario mostrare la tua valutazione elevata. <\/p><\/div>\r\n\t\t\t\t\t<\/div>\r\n\t\t\t\t<\/div> <div class=\"faq-item\">\r\n\t\t\t\t\t<div class=\"faq-item-question\">\r\n\t\t\t\t\t\t<h3 class=\"faq-item-question-text\">Quali sono i vantaggi di avere il widget per me? <\/h3>\r\n\r\n\t\t\t\t\t\t<div class=\"faq-item-question-icon\"><\/div>\r\n\t\t\t\t\t<\/div>\r\n\r\n\t\t\t\t\t<div class=\"faq-item-answer\">\r\n\t\t\t\t\t\t<div class=\"faq-item-answer-text\"> <p>Le recensioni pubblicate da persone reali sono della massima affidabilit\u00e0 per i clienti del tuo sito e indicano loro che la tua attivit\u00e0 pu\u00f2 essere fidato. Una valutazione elevata e impressioni positive possono aiutare ad aumentare il livello di acquisti sul tuo sito. Inoltre, il pulsante attivo pu\u00f2 contribuire ad aumentare il numero di recensioni dei clienti relative alle tue offerte o servizi su Tripadvisor. <\/p> <\/div>\r\n\t\t\t\t\t<\/div>\r\n\t\t\t\t<\/div> <div class=\"faq-item\">\r\n\t\t\t\t\t<div class=\"faq-item-question\">\r\n\t\t\t\t\t\t<h3 class=\"faq-item-question-text\">Come faccio a incorporare le recensioni dal widget Tripadvisor sul mio sito web Weebly? <\/h3>\r\n\r\n\t\t\t\t\t\t<div class=\"faq-item-question-icon\"><\/div>\r\n\t\t\t\t\t<\/div>\r\n\r\n\t\t\t\t\t<div class=\"faq-item-answer\">\r\n\t\t\t\t\t\t<div class=\"faq-item-answer-text\"> <p>Sono necessari solo un paio di minuti per iniziare a utilizzare il widget. L&#8217;aggiunta \u00e8 molto rapida, gratuita e senza codifica. <\/p> <p>Il widget pu\u00f2 essere impostato tramite il nostro servizio o tramite il marketplace. Puoi vedere maggiori dettagli su entrambe le varianti e scegliere quella pi\u00f9 adatta. <\/p><\/div>\r\n\t\t\t\t\t<\/div>\r\n\t\t\t\t<\/div> <\/div> <\/div> <div class=\"application-platform-content-item-features application-platform-content-item\" id=\"features\" data-nav-section=\"features\"> <h2>Caratteristiche<\/h2> <p>Per avere un&#8217;idea pi\u00f9 chiara del widget, controllare l&#8217;elenco dei le caratteristiche primarie. Rendono il widget incredibilmente vantaggioso per te: <\/p> <ul> <li>Tre tipi di filtri: per tipo, escludi per e quantit\u00e0 di recensioni da visualizzare; <\/li> <li>4 opzioni disponibili di layout: Elenco, Griglia, Muratura e Dispositivo di scorrimento; <\/li> <li> Intestazione completamente flessibile del widget; <\/li> <li>Il pulsante Richiesta di revisione indirizza i clienti alla tua pagina Tripadvisor; <\/li> <li>Sei elementi regolabili delle recensioni: nome e immagine dell&#8217;autore, consiglio, data, icona di Tripadvisor e valutazione in stelle; <\/li> <li>Due varianti di scenari di rifiuto della richiesta di revisione: mostrare un messaggio personalizzato o nascondere il pulsante. <\/li> <\/ul><p><a href=\"#demo\">Per scoprire altre funzionalit\u00e0, guarda la nostra demo<\/a><\/p> <\/div> <div class=\"application-platform-content-item-installation application-platform-content-item\" id=\"installation\" data-nav-section=\"installation\"> <h2>Ecco come inserire le recensioni di Tripadvisor nel tuo negozio Weebly. \u00c8 incredibilmente semplice e richieder\u00e0 solo un paio di minuti.<\/h2> <div class=\"video-container\"><iframe width=\"560\" height=\"315\" src=\"https:\/\/www.youtube.com\/embed\/V0E962WDPUc?si=e_qp3R67DO1gWUDn\" frameborder=\"0\" allow=\"accelerometer; autoplay; clipboard-write; encrypted-media; gyroscope; picture-in-picture; web-share\" allowfullscreen><\/iframe><\/div><p>I passaggi seguenti sono l&#8217;unica cosa che devi fare per visualizzare il widget. <\/p> <ol><li><b>Apri il nostro editor gratuito e inizia a creare la tua app personalizzata. <\/b><br> Specifica la forma personalizzata e gli aspetti dell&#8217;app e salva tutte le correzioni. <\/li> <li><b>Ricevi il codice univoco che appare nel box su Elfsight Apps. <\/b><br> Una volta terminata la configurazione della tua app, copia il codice individuale dalla finestra emersa e salvalo per un&#8217;occasione successiva. <\/li> <li><b>Inizia a utilizzare l&#8217;app sul tuo sito Weebly. <\/b><br> Inserisci il codice copiato in precedenza nella tua pagina web e applica le modifiche. <\/li> <li><b>L&#8217;installazione \u00e8 completamente completata. <\/b><br> Vai alla tua pagina web per vedere in azione il lavoro dell&#8217;app. <\/li><\/ol><p>Non riesci ancora a decidere? Oppure hai problemi? Basta inviare una richiesta al nostro servizio clienti per risolvere qualsiasi problema. <\/p> <\/div>\n","protected":false},"excerpt":{"rendered":"","protected":false},"author":9,"featured_media":0,"parent":1634,"menu_order":0,"comment_status":"closed","ping_status":"closed","template":"templates\/template-application-platform.php","meta":{"publish_to_discourse":"","publish_post_category":"","wpdc_auto_publish_overridden":"","wpdc_topic_tags":"","wpdc_pin_topic":"","wpdc_pin_until":"","discourse_post_id":"","discourse_permalink":"","wpdc_publishing_response":"","wpdc_publishing_error":"","footnotes":""},"class_list":["post-6314","page","type-page","status-publish","hentry"],"yoast_head":"<!-- This site is optimized with the Yoast SEO plugin v25.3.1 - https:\/\/yoast.com\/wordpress\/plugins\/seo\/ -->\n<title>Incorpora l&#039;app Recensioni di Tripadvisor sul tuo sito web Weebly (2025)<\/title>\n<meta name=\"description\" content=\"Con Elfsight, progetta la tua app per le recensioni di Tripadvisor e mostrala rapidamente sul tuo sito web Weebly. Abbiamo assistenza clienti gratuita e pi\u00f9 bonus.\" \/>\n<meta name=\"robots\" content=\"index, follow, max-snippet:-1, max-image-preview:large, max-video-preview:-1\" \/>\n<link rel=\"canonical\" href=\"https:\/\/elfsight.com\/it\/tripadvisor-reviews-widget\/weebly\/\" \/>\n<meta property=\"og:locale\" content=\"it_IT\" \/>\n<meta property=\"og:type\" content=\"article\" \/>\n<meta property=\"og:title\" content=\"Incorpora l&#039;app Recensioni di Tripadvisor sul tuo sito web Weebly (2025)\" \/>\n<meta property=\"og:description\" content=\"Con Elfsight, progetta la tua app per le recensioni di Tripadvisor e mostrala rapidamente sul tuo sito web Weebly. Abbiamo assistenza clienti gratuita e pi\u00f9 bonus.\" \/>\n<meta property=\"og:url\" content=\"https:\/\/elfsight.com\/it\/tripadvisor-reviews-widget\/weebly\/\" \/>\n<meta property=\"og:site_name\" content=\"Elfsight IT\" \/>\n<meta property=\"article:modified_time\" content=\"2025-03-20T06:45:02+00:00\" \/>\n<meta name=\"twitter:card\" content=\"summary_large_image\" \/>\n<meta name=\"twitter:label1\" content=\"Tempo di lettura stimato\" \/>\n\t<meta name=\"twitter:data1\" content=\"3 minuti\" \/>\n<!-- \/ Yoast SEO plugin. -->","yoast_head_json":{"title":"Incorpora l'app Recensioni di Tripadvisor sul tuo sito web Weebly (2025)","description":"Con Elfsight, progetta la tua app per le recensioni di Tripadvisor e mostrala rapidamente sul tuo sito web Weebly. Abbiamo assistenza clienti gratuita e pi\u00f9 bonus.","robots":{"index":"index","follow":"follow","max-snippet":"max-snippet:-1","max-image-preview":"max-image-preview:large","max-video-preview":"max-video-preview:-1"},"canonical":"https:\/\/elfsight.com\/it\/tripadvisor-reviews-widget\/weebly\/","og_locale":"it_IT","og_type":"article","og_title":"Incorpora l'app Recensioni di Tripadvisor sul tuo sito web Weebly (2025)","og_description":"Con Elfsight, progetta la tua app per le recensioni di Tripadvisor e mostrala rapidamente sul tuo sito web Weebly. Abbiamo assistenza clienti gratuita e pi\u00f9 bonus.","og_url":"https:\/\/elfsight.com\/it\/tripadvisor-reviews-widget\/weebly\/","og_site_name":"Elfsight IT","article_modified_time":"2025-03-20T06:45:02+00:00","twitter_card":"summary_large_image","twitter_misc":{"Tempo di lettura stimato":"3 minuti"},"schema":{"@context":"https:\/\/schema.org","@graph":[{"@type":"WebPage","@id":"https:\/\/elfsight.com\/it\/tripadvisor-reviews-widget\/weebly\/","url":"https:\/\/elfsight.com\/it\/tripadvisor-reviews-widget\/weebly\/","name":"Incorpora l'app Recensioni di Tripadvisor sul tuo sito web Weebly (2025)","isPartOf":{"@id":"https:\/\/elfsight.com\/it\/#website"},"datePublished":"2024-05-03T06:51:50+00:00","dateModified":"2025-03-20T06:45:02+00:00","description":"Con Elfsight, progetta la tua app per le recensioni di Tripadvisor e mostrala rapidamente sul tuo sito web Weebly. Abbiamo assistenza clienti gratuita e pi\u00f9 bonus.","breadcrumb":{"@id":"https:\/\/elfsight.com\/it\/tripadvisor-reviews-widget\/weebly\/#breadcrumb"},"inLanguage":"it-IT","potentialAction":[{"@type":"ReadAction","target":["https:\/\/elfsight.com\/it\/tripadvisor-reviews-widget\/weebly\/"]}]},{"@type":"BreadcrumbList","@id":"https:\/\/elfsight.com\/it\/tripadvisor-reviews-widget\/weebly\/#breadcrumb","itemListElement":[{"@type":"ListItem","position":1,"name":"Home","item":"https:\/\/elfsight.com\/it\/"},{"@type":"ListItem","position":2,"name":"Tripadvisor Reviews","item":"https:\/\/elfsight.com\/it\/tripadvisor-reviews-widget\/"},{"@type":"ListItem","position":3,"name":"Tripadvisor Reviews &#8211; Weebly"}]},{"@type":"WebSite","@id":"https:\/\/elfsight.com\/it\/#website","url":"https:\/\/elfsight.com\/it\/","name":"Elfsight IT","description":"Just another Elfsight Sites site","potentialAction":[{"@type":"SearchAction","target":{"@type":"EntryPoint","urlTemplate":"https:\/\/elfsight.com\/it\/?s={search_term_string}"},"query-input":{"@type":"PropertyValueSpecification","valueRequired":true,"valueName":"search_term_string"}}],"inLanguage":"it-IT"}]}},"meta_box":{"industry":"","seo_heading":"","heading":"","description":"","cta_heading":"","cta_description":"","application":"1633","h1":"Applicazione Weebly per le recensioni di Tripadvisor","h1_caption":"Aggiungi le recensioni degli utenti pi\u00f9 allettanti di Tripadvisor sul tuo sito web","application_category":[],"applications_title":"","applications_request_title":"","applications_request_button_text":"","hero_text":"","hero_video":"","hero_video_schema_markup":"","selling_points_title":"","selling_points_caption":"","selling_points":[],"selling_points_cta_text":"","features_title":"","features":"","ed_cta_examples_text":"","ed_cta_examples_hidden":"","ed_cta_demo_text":"","ed_cta_demo_hidden":"","why_caption":"","why_editor_title":"","why_editor_text":"","why_team_title":"","why_team_text":"","why_service_title":"","why_service_text":"","template_catalog_visible":"0","template_catalog_title":"","template_catalog_text":"","template_catalog_categories_visible":"","demo_title":"Crea la tua app per le recensioni di Tripadvisor","demo_caption":"Configura le tue recensioni su Tripadvisor e aggiungile gratuitamente al tuo sito web Weebly!","default_faq_hidden":"","app_template_category":[],"platform":"45","template_public_id":"","codecanyon_url":"","codecanyon_item_id":"","codecanyon_price":"","pricing_caption":"","pricing_elfsight_apps_hide_column":"","pricing_elfsight_apps_url":"","pricing_codecanyon_price_caption":"","integration_category":[],"integration_request_title":"","integration_request_cta":"","integration_platform":"","integrations":[],"platform_category":[],"video_schema_markup":"","price":"da $ 0 al mese","trial":"","benefits":[{"text":"Assistenza per l'installazione gratuita"},{"text":"Assistenza clienti con esperienza"},{"text":"Garanzia di rimborso di 14 giorni"},{"text":"Miglioramenti regolari"}],"button_url":"#demo","button_target_blank":"0","button_nofollow":"0","attributes":[{"name":"Installazioni"},{"name":"Reattivo","content":"S\u00cc"},{"name":"Browser compatibili","content":"Firefox, Safari, Opera, Chrome, Edge"}],"tags":[],"tags_disable_links":"0","hide_more_platforms":"0","video_object":"","demo_hide_cta":"0","demo_hide_cloud_options":"0","pricing_title":"","pricing":[{"pricing_icon":"cloud","pricing_title":"Elfsight Apps","pricing_title_caption":"Soluzione digitale multipiattaforma","pricing_price":"da $ 0 \/ mese","pricing_price_caption":"inizia con un piano gratuito","pricing_benefits":[{"text":"Siti web illimitati"},{"text":"Assistenza clienti veloce e ben documentata"},{"text":"Assistenza per l'installazione gratuita"},{"text":"Progettazione flessibile"}],"pricing_button_text":"Aggiungi al sito web","pricing_button_url":"#demo"}],"related_apps_title":"","related_apps_hidden":"0","author":"","image":[],"title":"","job":"","social_networks":[]},"_links":{"self":[{"href":"https:\/\/elfsight.com\/it\/wp-json\/wp\/v2\/pages\/6314","targetHints":{"allow":["GET"]}}],"collection":[{"href":"https:\/\/elfsight.com\/it\/wp-json\/wp\/v2\/pages"}],"about":[{"href":"https:\/\/elfsight.com\/it\/wp-json\/wp\/v2\/types\/page"}],"author":[{"embeddable":true,"href":"https:\/\/elfsight.com\/it\/wp-json\/wp\/v2\/users\/9"}],"replies":[{"embeddable":true,"href":"https:\/\/elfsight.com\/it\/wp-json\/wp\/v2\/comments?post=6314"}],"version-history":[{"count":3,"href":"https:\/\/elfsight.com\/it\/wp-json\/wp\/v2\/pages\/6314\/revisions"}],"predecessor-version":[{"id":9367,"href":"https:\/\/elfsight.com\/it\/wp-json\/wp\/v2\/pages\/6314\/revisions\/9367"}],"up":[{"embeddable":true,"href":"https:\/\/elfsight.com\/it\/wp-json\/wp\/v2\/pages\/1634"}],"wp:attachment":[{"href":"https:\/\/elfsight.com\/it\/wp-json\/wp\/v2\/media?parent=6314"}],"curies":[{"name":"wp","href":"https:\/\/api.w.org\/{rel}","templated":true}]}}