{"id":6300,"date":"1970-01-01T00:00:00","date_gmt":"1970-01-01T00:00:00","guid":{"rendered":"https:\/\/elfsight.com\/it\/?page_id=6300"},"modified":"2025-03-20T06:50:08","modified_gmt":"2025-03-20T06:50:08","slug":"wordpress","status":"publish","type":"page","link":"https:\/\/elfsight.com\/it\/tripadvisor-reviews-widget\/wordpress\/","title":{"rendered":"Tripadvisor Reviews &#8211; WordPress"},"content":{"rendered":"\n<div class=\"application-platform-content-item-description application-platform-content-item\" id=\"description\" data-nav-section=\"description\"> <h2>Incorpora le recensioni di Tripadvisor su WordPress con il widget Elfsight<\/h2> <p>Elfsight Tripadvisor Reviews \u00e8 un widget semplice che ti aiuter\u00e0 a pubblicare sul tuo sito web recensioni sui tuoi prodotti o servizi da Tripadvisor. Puoi applicare filtri per eliminare le recensioni indesiderate; pubblica le tue valutazioni in stelle e numeri da Tripadvisor, visualizza dettagli sugli autori e aggiungi un pulsante che aiuter\u00e0 i visitatori a lasciare la loro recensione su Tripadvisor. Il widget Recensioni di Elfsight Tripadvisor ti aiuter\u00e0 a mostrare la tua perfetta prova sociale sul tuo sito web e ad attirare nuove vendite. <\/p><div class=\"faq\" data-component=\"FAQ\"> <div class=\"faq-item\">\r\n\t\t\t\t\t<div class=\"faq-item-question\">\r\n\t\t\t\t\t\t<h3 class=\"faq-item-question-text\">Dove posso visualizzare il widget Recensioni sul mio sito web<\/h3>\r\n\r\n\t\t\t\t\t\t<div class=\"faq-item-question-icon\"><\/div>\r\n\t\t\t\t\t<\/div>\r\n\r\n\t\t\t\t\t<div class=\"faq-item-answer\">\r\n\t\t\t\t\t\t<div class=\"faq-item-answer-text\"> <p>Puoi incorporare il widget in qualsiasi pagina del tuo sito o incollarlo nel modello, in questo caso verr\u00e0 mostrare su tutte le pagine. Le recensioni possono funzionare bene sulle pagine dei prodotti o sulla pagina Chi siamo, i luoghi in cui devi dimostrare la tua valutazione elevata. <\/p><\/div>\r\n\t\t\t\t\t<\/div>\r\n\t\t\t\t<\/div> <div class=\"faq-item\">\r\n\t\t\t\t\t<div class=\"faq-item-question\">\r\n\t\t\t\t\t\t<h3 class=\"faq-item-question-text\">Come ne trarr\u00f2 beneficio? <\/h3>\r\n\r\n\t\t\t\t\t\t<div class=\"faq-item-question-icon\"><\/div>\r\n\t\t\t\t\t<\/div>\r\n\r\n\t\t\t\t\t<div class=\"faq-item-answer\">\r\n\t\t\t\t\t\t<div class=\"faq-item-answer-text\"> <p>Le recensioni aggiunte da persone reali sembrano estremamente credibili per gli utenti del tuo sito e significano per loro che ci si pu\u00f2 fidare della tua azienda. Una valutazione elevata e impressioni eccellenti possono aiutare ad aumentare le vendite sul tuo sito web. Inoltre, il pulsante di reindirizzamento contribuir\u00e0 ad avere pi\u00f9 recensioni dei clienti sulla tua attivit\u00e0 su Tripadvisor. <\/p> <\/div>\r\n\t\t\t\t\t<\/div>\r\n\t\t\t\t<\/div> <div class=\"faq-item\">\r\n\t\t\t\t\t<div class=\"faq-item-question\">\r\n\t\t\t\t\t\t<h3 class=\"faq-item-question-text\">Come faccio a incorporare le recensioni dal widget Tripadvisor nel mio sito WordPress? <\/h3>\r\n\r\n\t\t\t\t\t\t<div class=\"faq-item-question-icon\"><\/div>\r\n\t\t\t\t\t<\/div>\r\n\r\n\t\t\t\t\t<div class=\"faq-item-answer\">\r\n\t\t\t\t\t\t<div class=\"faq-item-answer-text\"> <p>Ci vuole solo un minuto per iniziare a utilizzare il widget. Questo processo \u00e8 super veloce, gratuito e non richiede codifica. <\/p> <p>Il widget Elfsight Reviews pu\u00f2 essere impostato tramite il nostro servizio o tramite il marketplace. Puoi confrontare i vantaggi di entrambe le varianti e selezionare quella pi\u00f9 adatta. <\/p><\/div>\r\n\t\t\t\t\t<\/div>\r\n\t\t\t\t<\/div> <\/div> <\/div> <div class=\"application-platform-content-item-features application-platform-content-item\" id=\"features\" data-nav-section=\"features\"> <h2>Caratteristiche principali del widget Recensioni di Tripadvisor<\/h2> <p>Scopri l&#8217;elenco delle funzioni principali del widget per capirlo meglio. Queste funzionalit\u00e0 rendono il widget incredibilmente efficiente per te: <\/p> <ul> <li>Tre tipi di filtri: per tipo, escludi per e quantit\u00e0 di recensioni da visualizzare; <\/li> <li>4 tipi di layout: Elenco, Griglia, Massoneria e Slider; <\/li> <li> Intestazione commutabile del widget; <\/li> <li>Il pulsante attivo per pubblicare una recensione indirizza gli utenti alla pagina di Tripadvisor; <\/li> <li>Sei elementi personalizzabili dell&#8217;interfaccia: nome dell&#8217;autore e foto, testo del consiglio, data di condivisione, icona di Tripadvisor e valutazione in stelle; <\/li> <li>Due varianti di scenari dopo il rifiuto della richiesta di revisione: rivelare un messaggio di testo o nascondere il pulsante. <\/li> <\/ul><p><a href=\"#demo\">La demo dal vivo ti aprir\u00e0 pi\u00f9 funzionalit\u00e0<\/a><\/p> <\/div> <div class=\"application-platform-content-item-installation application-platform-content-item\" id=\"installation\" data-nav-section=\"installation\"> <h2>Scopri come incorporare le recensioni di Tripadvisor nel tuo sito WordPress<\/h2> <div class=\"video-container\"><iframe width=\"560\" height=\"315\" src=\"https:\/\/www.youtube.com\/embed\/6m8TM3f-pkg?si=dCH2qZpmr1I0JsYk\" frameborder=\"0\" allow=\"accelerometer; autoplay; clipboard-write; encrypted-media; gyroscope; picture-in-picture; web-share\" allowfullscreen><\/iframe><\/div><p>Basta seguire le linee guida riportate di seguito per attivare il plugin su WordPress.<\/p> <ol><li><b>Utilizza la nostra demo gratuita e inizia a dare forma al tuo plugin personalizzato. <\/b><br> Trova la forma preferita e i tratti funzionali dello strumento e applica le modifiche. <\/li> <li><b>Copia il codice individuale che appare nella finestra su Elfsight Apps. <\/b><br> Una volta completata la personalizzazione del widget di Tripadvisor, copia il codice personale nella casella visualizzata e salvalo per un utilizzo successivo. <\/li> <li><b>Inizia a utilizzare lo strumento sul tuo sito WordPress. <\/b><br> Aggiungi il codice copiato in precedenza nel tuo sito web e applica i miglioramenti. <\/li> <li><b>Fatto! L&#8217;incorporamento \u00e8 completamente terminato. <\/b><br> Vai al tuo sito web per controllare il funzionamento del plugin. <\/li><\/ol> <p>Hai ancora qualcosa che ti rende insicuro? Oppure hai problemi? Basta scrivere una richiesta al nostro servizio clienti e risolveremo ogni problema. <\/p> <\/div>\n","protected":false},"excerpt":{"rendered":"","protected":false},"author":9,"featured_media":0,"parent":1634,"menu_order":0,"comment_status":"closed","ping_status":"closed","template":"templates\/template-application-platform.php","meta":{"publish_to_discourse":"","publish_post_category":"","wpdc_auto_publish_overridden":"","wpdc_topic_tags":"","wpdc_pin_topic":"","wpdc_pin_until":"","discourse_post_id":"","discourse_permalink":"","wpdc_publishing_response":"","wpdc_publishing_error":"","footnotes":""},"class_list":["post-6300","page","type-page","status-publish","hentry"],"yoast_head":"<!-- This site is optimized with the Yoast SEO plugin v25.3.1 - https:\/\/yoast.com\/wordpress\/plugins\/seo\/ -->\n<title>Incorpora il plug-in Recensioni di Tripadvisor nel tuo sito Web WordPress (2025)<\/title>\n<meta name=\"description\" content=\"Crea il plug-in per le recensioni di Tripadvisor e aggiungilo al tuo sito Web WordPress. Ottieni supporto clienti gratuito e altri bonus da Elfsight.\" \/>\n<meta name=\"robots\" content=\"index, follow, max-snippet:-1, max-image-preview:large, max-video-preview:-1\" \/>\n<link rel=\"canonical\" href=\"https:\/\/elfsight.com\/it\/tripadvisor-reviews-widget\/wordpress\/\" \/>\n<meta property=\"og:locale\" content=\"it_IT\" \/>\n<meta property=\"og:type\" content=\"article\" \/>\n<meta property=\"og:title\" content=\"Incorpora il plug-in Recensioni di Tripadvisor nel tuo sito Web WordPress (2025)\" \/>\n<meta property=\"og:description\" content=\"Crea il plug-in per le recensioni di Tripadvisor e aggiungilo al tuo sito Web WordPress. Ottieni supporto clienti gratuito e altri bonus da Elfsight.\" \/>\n<meta property=\"og:url\" content=\"https:\/\/elfsight.com\/it\/tripadvisor-reviews-widget\/wordpress\/\" \/>\n<meta property=\"og:site_name\" content=\"Elfsight IT\" \/>\n<meta property=\"article:modified_time\" content=\"2025-03-20T06:50:08+00:00\" \/>\n<meta name=\"twitter:card\" content=\"summary_large_image\" \/>\n<meta name=\"twitter:label1\" content=\"Tempo di lettura stimato\" \/>\n\t<meta name=\"twitter:data1\" content=\"3 minuti\" \/>\n<!-- \/ Yoast SEO plugin. -->","yoast_head_json":{"title":"Incorpora il plug-in Recensioni di Tripadvisor nel tuo sito Web WordPress (2025)","description":"Crea il plug-in per le recensioni di Tripadvisor e aggiungilo al tuo sito Web WordPress. Ottieni supporto clienti gratuito e altri bonus da Elfsight.","robots":{"index":"index","follow":"follow","max-snippet":"max-snippet:-1","max-image-preview":"max-image-preview:large","max-video-preview":"max-video-preview:-1"},"canonical":"https:\/\/elfsight.com\/it\/tripadvisor-reviews-widget\/wordpress\/","og_locale":"it_IT","og_type":"article","og_title":"Incorpora il plug-in Recensioni di Tripadvisor nel tuo sito Web WordPress (2025)","og_description":"Crea il plug-in per le recensioni di Tripadvisor e aggiungilo al tuo sito Web WordPress. Ottieni supporto clienti gratuito e altri bonus da Elfsight.","og_url":"https:\/\/elfsight.com\/it\/tripadvisor-reviews-widget\/wordpress\/","og_site_name":"Elfsight IT","article_modified_time":"2025-03-20T06:50:08+00:00","twitter_card":"summary_large_image","twitter_misc":{"Tempo di lettura stimato":"3 minuti"},"schema":{"@context":"https:\/\/schema.org","@graph":[{"@type":"WebPage","@id":"https:\/\/elfsight.com\/it\/tripadvisor-reviews-widget\/wordpress\/","url":"https:\/\/elfsight.com\/it\/tripadvisor-reviews-widget\/wordpress\/","name":"Incorpora il plug-in Recensioni di Tripadvisor nel tuo sito Web WordPress (2025)","isPartOf":{"@id":"https:\/\/elfsight.com\/it\/#website"},"datePublished":"1970-01-01T00:00:00+00:00","dateModified":"2025-03-20T06:50:08+00:00","description":"Crea il plug-in per le recensioni di Tripadvisor e aggiungilo al tuo sito Web WordPress. Ottieni supporto clienti gratuito e altri bonus da Elfsight.","breadcrumb":{"@id":"https:\/\/elfsight.com\/it\/tripadvisor-reviews-widget\/wordpress\/#breadcrumb"},"inLanguage":"it-IT","potentialAction":[{"@type":"ReadAction","target":["https:\/\/elfsight.com\/it\/tripadvisor-reviews-widget\/wordpress\/"]}]},{"@type":"BreadcrumbList","@id":"https:\/\/elfsight.com\/it\/tripadvisor-reviews-widget\/wordpress\/#breadcrumb","itemListElement":[{"@type":"ListItem","position":1,"name":"Home","item":"https:\/\/elfsight.com\/it\/"},{"@type":"ListItem","position":2,"name":"Tripadvisor Reviews","item":"https:\/\/elfsight.com\/it\/tripadvisor-reviews-widget\/"},{"@type":"ListItem","position":3,"name":"Tripadvisor Reviews &#8211; WordPress"}]},{"@type":"WebSite","@id":"https:\/\/elfsight.com\/it\/#website","url":"https:\/\/elfsight.com\/it\/","name":"Elfsight IT","description":"Just another Elfsight Sites site","potentialAction":[{"@type":"SearchAction","target":{"@type":"EntryPoint","urlTemplate":"https:\/\/elfsight.com\/it\/?s={search_term_string}"},"query-input":{"@type":"PropertyValueSpecification","valueRequired":true,"valueName":"search_term_string"}}],"inLanguage":"it-IT"}]}},"meta_box":{"industry":"","seo_heading":"","heading":"","description":"","cta_heading":"","cta_description":"","application":"1633","h1":"Plug-in per recensioni di Tripadvisor per WordPress","h1_caption":"Mostra le recensioni perfette dei tuoi clienti da Tripadvisor sul tuo sito","application_category":[],"applications_title":"","applications_request_title":"","applications_request_button_text":"","hero_text":"","hero_video":"","hero_video_schema_markup":"","selling_points_title":"","selling_points_caption":"","selling_points":[],"selling_points_cta_text":"","features_title":"","features":"","ed_cta_examples_text":"","ed_cta_examples_hidden":"","ed_cta_demo_text":"","ed_cta_demo_hidden":"","why_caption":"","why_editor_title":"","why_editor_text":"","why_team_title":"","why_team_text":"","why_service_title":"","why_service_text":"","template_catalog_visible":"0","template_catalog_title":"","template_catalog_text":"","template_catalog_categories_visible":"","demo_title":"Crea il tuo plugin per le recensioni di Tripadvisor","demo_caption":"Configura le tue recensioni su Tripadvisor e aggiungile gratuitamente al tuo sito WordPress!","default_faq_hidden":"","app_template_category":[],"platform":"28","template_public_id":"","codecanyon_url":"","codecanyon_item_id":"","codecanyon_price":"","pricing_caption":"","pricing_elfsight_apps_hide_column":"","pricing_elfsight_apps_url":"","pricing_codecanyon_price_caption":"","integration_category":[],"integration_request_title":"","integration_request_cta":"","integration_platform":"","integrations":[],"platform_category":[],"video_schema_markup":"","price":"da $ 0 al mese","trial":"","benefits":[{"text":"Servizio di installazione gratuito"},{"text":"Supporto eccezionale"},{"text":"Garanzia di rimborso di 14 giorni"},{"text":"Sviluppo continuo"}],"button_url":"#demo","button_target_blank":"0","button_nofollow":"0","attributes":[{"name":"Installazioni"},{"name":"Reattivo","content":"S\u00cc"},{"name":"Browser compatibili","content":"Firefox, Safari, Opera, Chrome, Edge"}],"tags":[],"tags_disable_links":"0","hide_more_platforms":"0","video_object":"","demo_hide_cta":"0","demo_hide_cloud_options":"0","pricing_title":"","pricing":[{"pricing_icon":"platform","pricing_title":"Elfsight Apps","pricing_title_caption":"Soluzione digitale indipendente dalla piattaforma","pricing_price":"da $ 0 \/ mese","pricing_price_caption":"inizia con il piano gratuito","pricing_benefits":[{"text":"Siti web illimitati"},{"text":"Supporto aziendale premium"},{"text":"Supporto gratuito per l'installazione"},{"text":"Prezzo da prendere per pi\u00f9 app"}],"pricing_button_text":"Aggiungi al sito web","pricing_button_url":"#demo"}],"related_apps_title":"","related_apps_hidden":"0","author":"","image":[],"title":"","job":"","social_networks":[]},"_links":{"self":[{"href":"https:\/\/elfsight.com\/it\/wp-json\/wp\/v2\/pages\/6300","targetHints":{"allow":["GET"]}}],"collection":[{"href":"https:\/\/elfsight.com\/it\/wp-json\/wp\/v2\/pages"}],"about":[{"href":"https:\/\/elfsight.com\/it\/wp-json\/wp\/v2\/types\/page"}],"author":[{"embeddable":true,"href":"https:\/\/elfsight.com\/it\/wp-json\/wp\/v2\/users\/9"}],"replies":[{"embeddable":true,"href":"https:\/\/elfsight.com\/it\/wp-json\/wp\/v2\/comments?post=6300"}],"version-history":[{"count":3,"href":"https:\/\/elfsight.com\/it\/wp-json\/wp\/v2\/pages\/6300\/revisions"}],"predecessor-version":[{"id":9369,"href":"https:\/\/elfsight.com\/it\/wp-json\/wp\/v2\/pages\/6300\/revisions\/9369"}],"up":[{"embeddable":true,"href":"https:\/\/elfsight.com\/it\/wp-json\/wp\/v2\/pages\/1634"}],"wp:attachment":[{"href":"https:\/\/elfsight.com\/it\/wp-json\/wp\/v2\/media?parent=6300"}],"curies":[{"name":"wp","href":"https:\/\/api.w.org\/{rel}","templated":true}]}}