{"id":6299,"date":"1970-01-01T00:00:00","date_gmt":"1970-01-01T00:00:00","guid":{"rendered":"https:\/\/elfsight.com\/it\/?page_id=6299"},"modified":"2025-03-20T06:11:31","modified_gmt":"2025-03-20T06:11:31","slug":"elementor","status":"publish","type":"page","link":"https:\/\/elfsight.com\/it\/tripadvisor-reviews-widget\/elementor\/","title":{"rendered":"Tripadvisor Reviews &#8211; Elementor"},"content":{"rendered":"\n<div class=\"application-platform-content-item-description application-platform-content-item\" id=\"description\" data-nav-section=\"description\"> <h2>Incorpora le recensioni di Tripadvisor su Elementor con il widget Elfsight<\/h2> <p>Se hai bisogno di mostrare la tua valutazione elevata e convincere i visitatori del sito che vale la pena spendere soldi per le tue offerte, Elfsight Tripadvisor Reviews \u00e8 esattamente ci\u00f2 di cui hai bisogno. Avendo il nostro strumento, sei libero di mostrare le recensioni degli utenti di Tripadvisor sul tuo sito web con dettagli sui loro autori; ordinarli per mostrare solo il positivo; aggiungi valutazioni e un pulsante attivo che porter\u00e0 gli utenti al tuo account Tripadvisor, dove potranno scrivere la loro recensione.<\/p><\/div> <div class=\"application-platform-content-item-features application-platform-content-item\" id=\"features\" data-nav-section=\"features\"> <h2>Caratteristiche principali del widget Recensioni di Tripadvisor<\/h2> <p>Qui puoi vedere tutte le funzioni del plugin. Puoi impostarli direttamente nell&#8217;editor e ti aiuteranno a creare il widget esattamente per il tuo caso d&#8217;uso. <\/p> <ul> <li>Tre filtri predefiniti: per tipo, esclusione per e quantit\u00e0 di recensioni da visualizzare; <\/li> <li>4 tipi di layout: Elenco, Griglia, Massoneria e Slider; <\/li> <li> Intestazione commutabile del widget; <\/li> <li>Il pulsante di richiesta di revisione indirizza i visitatori alla pagina di Tripadvisor; <\/li> <li>6 elementi flessibili del widget: nome dell&#8217;autore e foto, consiglio, data di condivisione, icona di Tripadvisor e valutazione in stelle; <\/li> <li>Due possibili scenari dopo il rifiuto della richiesta di revisione: rivelare un messaggio personalizzato o nascondere il pulsante. <\/li> <\/ul><p><a href=\"#demo\">Prova tutte le altre funzioni nella demo<\/a><\/p> <\/div> <div class=\"application-platform-content-item-installation application-platform-content-item\" id=\"installation\" data-nav-section=\"installation\"> <h2> Come incorporo le recensioni di Tripadvisor sul mio sito Web Elementor? <\/h2> <div class=\"video-container\"><iframe width=\"560\" height=\"315\" src=\"https:\/\/www.youtube.com\/embed\/A-LSqGE2aOM?si=bA3-YSM8JYMADpET\" frameborder=\"0\" allow=\"accelerometer; autoplay; clipboard-write; encrypted-media; gyroscope; picture-in-picture; web-share\" allowfullscreen><\/iframe><\/div><p>Per incorporare le recensioni, segui un paio di passaggi rapidi.<\/p> <ol><li><b>Genera il tuo plug-in Tripadvisor personalizzato<\/b><br> Tramite la nostra demo gratuita, ottieni un plugin con una composizione e caratteristiche funzionali selezionate. <\/li><li><b>Acquisisci il codice personale per aggiungere il plugin<\/b><br> Dopo aver configurato il tuo widget, riceverai il codice di installazione dalla finestra che appare su Elfsight Apps. Copia il codice. <\/li> <li><b> Inserisci il plugin nel tuo sito web Elementor<\/b><br> Scegli il punto della pagina in cui desideri incorporare il plugin e aggiungi l\u00ec il codice copiato. Pubblica le modifiche. <\/li> <li><b>L&#8217;incorporamento \u00e8 riuscito! <\/b><br> Vai alla tua pagina web per controllare il tuo plugin. <\/li> <\/ol><p>Sentiti libero di comunicare con il nostro servizio clienti se hai bisogno di consigli o hai domande. Daremo una mano con ogni richiesta.<\/p> <div class=\"faq\" data-component=\"FAQ\"> <div class=\"faq-item\">\r\n\t\t\t\t\t<div class=\"faq-item-question\">\r\n\t\t\t\t\t\t<h3 class=\"faq-item-question-text\">Come posso aggiungere recensioni per Tripadvisor al mio sito web Elementor senza competenze di programmazione?<\/h3>\r\n\r\n\t\t\t\t\t\t<div class=\"faq-item-question-icon\"><\/div>\r\n\t\t\t\t\t<\/div>\r\n\r\n\t\t\t\t\t<div class=\"faq-item-answer\">\r\n\t\t\t\t\t\t<div class=\"faq-item-answer-text\"> <p>Elfsight fornisce una soluzione SaaS che ti consente crea tu stesso un widget Recensioni per Tripadvisor, scopri quanto \u00e8 semplice il processo: lavora direttamente nell&#8217;editor online per creare un widget Recensioni per Tripadvisor che vorresti vedere sul tuo sito web Elementor. Scegli uno dei modelli predefiniti e modifica le impostazioni di Recensioni per Tripadvisor, aggiungi i tuoi contenuti, modifica il layout e i colori senza alcuna competenza di codifica. Salva le recensioni per Tripadvisor e copia il codice di installazione, che potrai includere facilmente nel tuo sito Web Elementor senza la necessit\u00e0 di acquistare una versione a pagamento. Con il nostro editor intuitivo, qualsiasi utente di Internet pu\u00f2 creare widget Recensioni per Tripadvisor online e incorporarlo facilmente nel proprio sito Web Elementor. Non \u00e8 necessario pagare o inserire le credenziali della carta per accedere al servizio. In caso di problemi in qualsiasi momento, non esitate a contattare il nostro team di supporto tecnico.<\/p> <\/div>\r\n\t\t\t\t\t<\/div>\r\n\t\t\t\t<\/div> <\/div> <\/div>\n","protected":false},"excerpt":{"rendered":"","protected":false},"author":9,"featured_media":0,"parent":1634,"menu_order":0,"comment_status":"closed","ping_status":"closed","template":"templates\/template-application-platform.php","meta":{"publish_to_discourse":"","publish_post_category":"","wpdc_auto_publish_overridden":"","wpdc_topic_tags":"","wpdc_pin_topic":"","wpdc_pin_until":"","discourse_post_id":"","discourse_permalink":"","wpdc_publishing_response":"","wpdc_publishing_error":"","footnotes":""},"class_list":["post-6299","page","type-page","status-publish","hentry"],"yoast_head":"<!-- This site is optimized with the Yoast SEO plugin v25.3.1 - https:\/\/yoast.com\/wordpress\/plugins\/seo\/ -->\n<title>Incorpora il widget Recensioni di Tripadvisor sul tuo sito web Elementor (2025)<\/title>\n<meta name=\"description\" content=\"Con Elfsight, crea il tuo widget Recensioni Tripadvisor e inseriscilo sul sito Elementor. Offriamo servizio clienti gratuito e altri bonus.\" \/>\n<meta name=\"robots\" content=\"index, follow, max-snippet:-1, max-image-preview:large, max-video-preview:-1\" \/>\n<link rel=\"canonical\" href=\"https:\/\/elfsight.com\/it\/tripadvisor-reviews-widget\/elementor\/\" \/>\n<meta property=\"og:locale\" content=\"it_IT\" \/>\n<meta property=\"og:type\" content=\"article\" \/>\n<meta property=\"og:title\" content=\"Incorpora il widget Recensioni di Tripadvisor sul tuo sito web Elementor (2025)\" \/>\n<meta property=\"og:description\" content=\"Con Elfsight, crea il tuo widget Recensioni Tripadvisor e inseriscilo sul sito Elementor. Offriamo servizio clienti gratuito e altri bonus.\" \/>\n<meta property=\"og:url\" content=\"https:\/\/elfsight.com\/it\/tripadvisor-reviews-widget\/elementor\/\" \/>\n<meta property=\"og:site_name\" content=\"Elfsight IT\" \/>\n<meta property=\"article:modified_time\" content=\"2025-03-20T06:11:31+00:00\" \/>\n<meta name=\"twitter:card\" content=\"summary_large_image\" \/>\n<meta name=\"twitter:label1\" content=\"Tempo di lettura stimato\" \/>\n\t<meta name=\"twitter:data1\" content=\"3 minuti\" \/>\n<!-- \/ Yoast SEO plugin. -->","yoast_head_json":{"title":"Incorpora il widget Recensioni di Tripadvisor sul tuo sito web Elementor (2025)","description":"Con Elfsight, crea il tuo widget Recensioni Tripadvisor e inseriscilo sul sito Elementor. Offriamo servizio clienti gratuito e altri bonus.","robots":{"index":"index","follow":"follow","max-snippet":"max-snippet:-1","max-image-preview":"max-image-preview:large","max-video-preview":"max-video-preview:-1"},"canonical":"https:\/\/elfsight.com\/it\/tripadvisor-reviews-widget\/elementor\/","og_locale":"it_IT","og_type":"article","og_title":"Incorpora il widget Recensioni di Tripadvisor sul tuo sito web Elementor (2025)","og_description":"Con Elfsight, crea il tuo widget Recensioni Tripadvisor e inseriscilo sul sito Elementor. Offriamo servizio clienti gratuito e altri bonus.","og_url":"https:\/\/elfsight.com\/it\/tripadvisor-reviews-widget\/elementor\/","og_site_name":"Elfsight IT","article_modified_time":"2025-03-20T06:11:31+00:00","twitter_card":"summary_large_image","twitter_misc":{"Tempo di lettura stimato":"3 minuti"},"schema":{"@context":"https:\/\/schema.org","@graph":[{"@type":"WebPage","@id":"https:\/\/elfsight.com\/it\/tripadvisor-reviews-widget\/elementor\/","url":"https:\/\/elfsight.com\/it\/tripadvisor-reviews-widget\/elementor\/","name":"Incorpora il widget Recensioni di Tripadvisor sul tuo sito web Elementor (2025)","isPartOf":{"@id":"https:\/\/elfsight.com\/it\/#website"},"datePublished":"1970-01-01T00:00:00+00:00","dateModified":"2025-03-20T06:11:31+00:00","description":"Con Elfsight, crea il tuo widget Recensioni Tripadvisor e inseriscilo sul sito Elementor. Offriamo servizio clienti gratuito e altri bonus.","breadcrumb":{"@id":"https:\/\/elfsight.com\/it\/tripadvisor-reviews-widget\/elementor\/#breadcrumb"},"inLanguage":"it-IT","potentialAction":[{"@type":"ReadAction","target":["https:\/\/elfsight.com\/it\/tripadvisor-reviews-widget\/elementor\/"]}]},{"@type":"BreadcrumbList","@id":"https:\/\/elfsight.com\/it\/tripadvisor-reviews-widget\/elementor\/#breadcrumb","itemListElement":[{"@type":"ListItem","position":1,"name":"Home","item":"https:\/\/elfsight.com\/it\/"},{"@type":"ListItem","position":2,"name":"Tripadvisor Reviews","item":"https:\/\/elfsight.com\/it\/tripadvisor-reviews-widget\/"},{"@type":"ListItem","position":3,"name":"Tripadvisor Reviews &#8211; Elementor"}]},{"@type":"WebSite","@id":"https:\/\/elfsight.com\/it\/#website","url":"https:\/\/elfsight.com\/it\/","name":"Elfsight IT","description":"Just another Elfsight Sites site","potentialAction":[{"@type":"SearchAction","target":{"@type":"EntryPoint","urlTemplate":"https:\/\/elfsight.com\/it\/?s={search_term_string}"},"query-input":{"@type":"PropertyValueSpecification","valueRequired":true,"valueName":"search_term_string"}}],"inLanguage":"it-IT"}]}},"meta_box":{"industry":"","seo_heading":"","heading":"","description":"","cta_heading":"","cta_description":"","application":"1633","h1":"Recensioni di Elementor TridAdvisor","h1_caption":"Aggiungi le recensioni perfette degli utenti di Tripadvisor sul tuo sito web","application_category":[],"applications_title":"","applications_request_title":"","applications_request_button_text":"","hero_text":"","hero_video":"","hero_video_schema_markup":"","selling_points_title":"","selling_points_caption":"","selling_points":[],"selling_points_cta_text":"","features_title":"","features":"","ed_cta_examples_text":"","ed_cta_examples_hidden":"","ed_cta_demo_text":"","ed_cta_demo_hidden":"","why_caption":"","why_editor_title":"","why_editor_text":"","why_team_title":"","why_team_text":"","why_service_title":"","why_service_text":"","template_catalog_visible":"0","template_catalog_title":"","template_catalog_text":"","template_catalog_categories_visible":"","demo_title":"Crea il tuo widget Recensioni Tripadvisor","demo_caption":"Configura le tue recensioni su Tripadvisor e aggiungile gratuitamente al tuo sito web Elementor!","default_faq_hidden":"","app_template_category":[],"platform":"68","template_public_id":"","codecanyon_url":"","codecanyon_item_id":"","codecanyon_price":"","pricing_caption":"","pricing_elfsight_apps_hide_column":"","pricing_elfsight_apps_url":"","pricing_codecanyon_price_caption":"","integration_category":[],"integration_request_title":"","integration_request_cta":"","integration_platform":"","integrations":[],"platform_category":[],"video_schema_markup":"","price":"da $ 0 al mese","trial":"","benefits":[{"text":"Assistenza gratuita per l'installazione"},{"text":"Servizio clienti efficace"},{"text":"Garanzia di rimborso di 14 giorni"},{"text":"Aggiornamenti gratuiti continui"}],"button_url":"#demo","button_target_blank":"0","button_nofollow":"0","attributes":[{"name":"Installazioni"},{"name":"Reattivo","content":"S\u00cc"},{"name":"Browser compatibili","content":"IE11, Firefox, Safari, Opera, Chrome, Edge"}],"tags":[],"tags_disable_links":"0","hide_more_platforms":"0","video_object":"","demo_hide_cta":"0","demo_hide_cloud_options":"0","pricing_title":"","pricing":[{"pricing_icon":"platform","pricing_title":"Elfsight Apps","pricing_title_caption":"Versione indipendente dalla piattaforma adatta a qualsiasi sito web","pricing_price":"da $ 0 \/ mese","pricing_price_caption":"inizia con il piano gratuito","pricing_benefits":[{"text":"Domini illimitati"},{"text":"Assistenza clienti professionale"},{"text":"Supporto per l'installazione senza costi"},{"text":"Prezzo da prendere per pi\u00f9 app"}],"pricing_button_text":"Aggiungi al sito web","pricing_button_url":"#demo"}],"related_apps_title":"","related_apps_hidden":"0","author":"","image":[],"title":"","job":"","social_networks":[]},"_links":{"self":[{"href":"https:\/\/elfsight.com\/it\/wp-json\/wp\/v2\/pages\/6299","targetHints":{"allow":["GET"]}}],"collection":[{"href":"https:\/\/elfsight.com\/it\/wp-json\/wp\/v2\/pages"}],"about":[{"href":"https:\/\/elfsight.com\/it\/wp-json\/wp\/v2\/types\/page"}],"author":[{"embeddable":true,"href":"https:\/\/elfsight.com\/it\/wp-json\/wp\/v2\/users\/9"}],"replies":[{"embeddable":true,"href":"https:\/\/elfsight.com\/it\/wp-json\/wp\/v2\/comments?post=6299"}],"version-history":[{"count":3,"href":"https:\/\/elfsight.com\/it\/wp-json\/wp\/v2\/pages\/6299\/revisions"}],"predecessor-version":[{"id":9357,"href":"https:\/\/elfsight.com\/it\/wp-json\/wp\/v2\/pages\/6299\/revisions\/9357"}],"up":[{"embeddable":true,"href":"https:\/\/elfsight.com\/it\/wp-json\/wp\/v2\/pages\/1634"}],"wp:attachment":[{"href":"https:\/\/elfsight.com\/it\/wp-json\/wp\/v2\/media?parent=6299"}],"curies":[{"name":"wp","href":"https:\/\/api.w.org\/{rel}","templated":true}]}}