{"id":6285,"date":"1970-01-01T00:00:00","date_gmt":"1970-01-01T00:00:00","guid":{"rendered":"https:\/\/elfsight.com\/it\/?page_id=6285"},"modified":"2024-11-11T11:26:28","modified_gmt":"2024-11-11T11:26:28","slug":"godaddy","status":"publish","type":"page","link":"https:\/\/elfsight.com\/it\/tripadvisor-reviews-widget\/godaddy\/","title":{"rendered":"TripAdvisor Reviews  &#8211; GoDaddy"},"content":{"rendered":"<div class=\"application-platform-content-item-description application-platform-content-item\" id=\"description\" data-nav-section=\"description\"> <h2>Incorpora le recensioni di TripAdvisor su GoDaddy con il widget Elfsight<\/h2> <p>Il plugin Elfsight Reviews from TripAdvisor \u00e8 uno strumento semplice per integrare recensioni su la tua attivit\u00e0 da TripAdvisor nel tuo sito web GoDaddy. Aiuter\u00e0 ad aumentare la fiducia nel tuo marchio tra i visitatori del sito web. Puoi ordinare le recensioni utilizzando filtri, mostrare la valutazione in stelle, informazioni su ciascun autore e un pulsante per lasciare una recensione. Il nostro plugin per le recensioni di TripAdvisor presenta diversi layout e modelli di recensioni, elementi di interfaccia commutabili e intestazioni flessibili. Visualizzando le tue recensioni su TripAdvisor, dimostrerai la tua valutazione elevata, aumenterai la fiducia e attirerai ancora pi\u00f9 recensioni.<\/p> <p><b>Attira pi\u00f9 recensioni utilizzando il pulsante di invito all&#8217;azione e i link alla tua pagina TripAdvisor<\/b><\/p> <\/div> <div class=\"application-platform-content-item-features application-platform-content-item\" id=\"features\" data-nav-section=\"features\"> <h2>Queste sono solo alcune delle ricche funzionalit\u00e0 del plugin: <\/h2> <ul><li>Frecce e trascina i controlli di navigazione nel layout Slider<\/li><li>Un&#8217;opzione per impostare la velocit\u00e0 della diapositiva e la velocit\u00e0 di riproduzione automatica<\/li><li>Un&#8217;opzione per attivare\/disattivare gli elementi dell&#8217;intestazione: valutazione e immagini dei revisori<\/li><li>Titolo del plugin modificabile con dimensione e peso del carattere regolabili<\/li><li>Due scenari dopo l&#8217;invito all&#8217;azione negato: visualizzare un messaggio o nascondere il modulo<\/li><\/ul><p><a href=\"#demo\">Tu puoi capire se il plug-in fa al caso tuo provando la demo<\/a><\/p> <\/div> <div class=\"application-platform-content-item-installation application-platform-content-item\" id=\"installation\" data-nav-section=\"installation\"> <h2>Come faccio a incorporare le recensioni di TripAdvisor nel mio sito web GoDaddy? <\/h2> <p>Segui semplicemente i passaggi descritti di seguito per iniziare a utilizzare lo strumento. <\/p> <ol><li><b>Esegui il nostro configuratore gratuito e inizia a creare il tuo plugin personalizzato. <\/b><br> Scegli l&#8217;aspetto e le opzioni desiderabili del plugin e applica le correzioni. <\/li> <li><b>Acquisisci il codice univoco che viene mostrato nella finestra su Elfsight Apps. <\/b><br> Non appena la configurazione del tuo plugin \u00e8 terminata, copia il codice personale dalla finestra visualizzata e conservalo per un utilizzo successivo. <\/li> <li><b>Accedi all&#8217;utilizzo dello strumento sul sito GoDaddy. <\/b><br> Inserisci il codice copiato in precedenza nel tuo sito web e applica le modifiche. <\/li> <li><b>La configurazione \u00e8 completamente completata. <\/b><br> Visita la tua pagina web per osservare il funzionamento del plugin. <\/li><\/ol> <p>A condizione di affrontare domande o incontrare ostacoli, non esitare a fare appello al nostro personale di supporto. Il nostro personale \u00e8 desideroso di aiutarti con tutti i problemi che potresti riscontrare con il plugin. <\/p> <div class=\"faq\" data-component=\"FAQ\"> <div class=\"faq-item\">\r\n\t\t\t\t\t<div class=\"faq-item-question\">\r\n\t\t\t\t\t\t<h3 class=\"faq-item-question-text\">Come aggiungere recensioni per Tripadvisor al mio sito web GoDaddy senza competenze di programmazione?<\/h3>\r\n\r\n\t\t\t\t\t\t<div class=\"faq-item-question-icon\"><\/div>\r\n\t\t\t\t\t<\/div>\r\n\r\n\t\t\t\t\t<div class=\"faq-item-answer\">\r\n\t\t\t\t\t\t<div class=\"faq-item-answer-text\"> <p>Elfsight fornisce una soluzione SaaS che ti consente di creare tu stesso un widget Recensioni per Tripadvisor, scopri come \u00e8 facile il processo \u00e8 il seguente: lavora direttamente nell&#8217;editor online per creare un widget Recensioni per Tripadvisor che vorresti vedere sul tuo sito web GoDaddy. Scegli uno dei modelli predefiniti e modifica le impostazioni di Recensioni per Tripadvisor, aggiungi i tuoi contenuti, modifica il layout e la combinazione di colori senza competenze di codifica. Salva le recensioni per Tripadvisor e copia il codice di installazione, che potrai aggiungere semplicemente nel tuo sito GoDaddy senza dover acquistare un piano a pagamento. Con il nostro editor intuitivo, qualsiasi utente di Internet pu\u00f2 creare widget Recensioni per Tripadvisor online e incorporarlo facilmente nel proprio sito Web GoDaddy. Non \u00e8 necessario pagare o inserire le credenziali della carta per accedere al servizio. In caso di problemi in qualsiasi momento, non esitate a contattare il nostro team di supporto tecnico.<\/p> <\/div>\r\n\t\t\t\t\t<\/div>\r\n\t\t\t\t<\/div> <\/div> <\/div>","protected":false},"excerpt":{"rendered":"","protected":false},"author":9,"featured_media":0,"parent":1634,"menu_order":0,"comment_status":"closed","ping_status":"closed","template":"templates\/template-application-platform.php","meta":{"publish_to_discourse":"","publish_post_category":"","wpdc_auto_publish_overridden":"","wpdc_topic_tags":"","wpdc_pin_topic":"","wpdc_pin_until":"","discourse_post_id":"","discourse_permalink":"","wpdc_publishing_response":"","wpdc_publishing_error":"","footnotes":""},"class_list":["post-6285","page","type-page","status-publish","hentry"],"yoast_head":"<!-- This site is optimized with the Yoast SEO plugin v25.3.1 - https:\/\/yoast.com\/wordpress\/plugins\/seo\/ -->\n<title>Recensioni da Tripadvisor: aggiungi il plug-in Recensioni al sito Web GoDaddy!<\/title>\n<meta name=\"description\" content=\"Indica al tuo sito web GoDaddy che la tua attivit\u00e0 pu\u00f2 essere considerata affidabile utilizzando il plug-in Recensioni di Tripadvisor integrato nel tuo sito web!\" \/>\n<meta name=\"robots\" content=\"index, follow, max-snippet:-1, max-image-preview:large, max-video-preview:-1\" \/>\n<link rel=\"canonical\" href=\"https:\/\/elfsight.com\/it\/tripadvisor-reviews-widget\/godaddy\/\" \/>\n<meta property=\"og:locale\" content=\"it_IT\" \/>\n<meta property=\"og:type\" content=\"article\" \/>\n<meta property=\"og:title\" content=\"Recensioni da Tripadvisor: aggiungi il plug-in Recensioni al sito Web GoDaddy!\" \/>\n<meta property=\"og:description\" content=\"Indica al tuo sito web GoDaddy che la tua attivit\u00e0 pu\u00f2 essere considerata affidabile utilizzando il plug-in Recensioni di Tripadvisor integrato nel tuo sito web!\" \/>\n<meta property=\"og:url\" content=\"https:\/\/elfsight.com\/it\/tripadvisor-reviews-widget\/godaddy\/\" \/>\n<meta property=\"og:site_name\" content=\"Elfsight IT\" \/>\n<meta property=\"article:modified_time\" content=\"2024-11-11T11:26:28+00:00\" \/>\n<meta name=\"twitter:card\" content=\"summary_large_image\" \/>\n<meta name=\"twitter:label1\" content=\"Tempo di lettura stimato\" \/>\n\t<meta name=\"twitter:data1\" content=\"3 minuti\" \/>\n<!-- \/ Yoast SEO plugin. -->","yoast_head_json":{"title":"Recensioni da Tripadvisor: aggiungi il plug-in Recensioni al sito Web GoDaddy!","description":"Indica al tuo sito web GoDaddy che la tua attivit\u00e0 pu\u00f2 essere considerata affidabile utilizzando il plug-in Recensioni di Tripadvisor integrato nel tuo sito web!","robots":{"index":"index","follow":"follow","max-snippet":"max-snippet:-1","max-image-preview":"max-image-preview:large","max-video-preview":"max-video-preview:-1"},"canonical":"https:\/\/elfsight.com\/it\/tripadvisor-reviews-widget\/godaddy\/","og_locale":"it_IT","og_type":"article","og_title":"Recensioni da Tripadvisor: aggiungi il plug-in Recensioni al sito Web GoDaddy!","og_description":"Indica al tuo sito web GoDaddy che la tua attivit\u00e0 pu\u00f2 essere considerata affidabile utilizzando il plug-in Recensioni di Tripadvisor integrato nel tuo sito web!","og_url":"https:\/\/elfsight.com\/it\/tripadvisor-reviews-widget\/godaddy\/","og_site_name":"Elfsight IT","article_modified_time":"2024-11-11T11:26:28+00:00","twitter_card":"summary_large_image","twitter_misc":{"Tempo di lettura stimato":"3 minuti"},"schema":{"@context":"https:\/\/schema.org","@graph":[{"@type":"WebPage","@id":"https:\/\/elfsight.com\/it\/tripadvisor-reviews-widget\/godaddy\/","url":"https:\/\/elfsight.com\/it\/tripadvisor-reviews-widget\/godaddy\/","name":"Recensioni da Tripadvisor: aggiungi il plug-in Recensioni al sito Web GoDaddy!","isPartOf":{"@id":"https:\/\/elfsight.com\/it\/#website"},"datePublished":"1970-01-01T00:00:00+00:00","dateModified":"2024-11-11T11:26:28+00:00","description":"Indica al tuo sito web GoDaddy che la tua attivit\u00e0 pu\u00f2 essere considerata affidabile utilizzando il plug-in Recensioni di Tripadvisor integrato nel tuo sito web!","breadcrumb":{"@id":"https:\/\/elfsight.com\/it\/tripadvisor-reviews-widget\/godaddy\/#breadcrumb"},"inLanguage":"it-IT","potentialAction":[{"@type":"ReadAction","target":["https:\/\/elfsight.com\/it\/tripadvisor-reviews-widget\/godaddy\/"]}]},{"@type":"BreadcrumbList","@id":"https:\/\/elfsight.com\/it\/tripadvisor-reviews-widget\/godaddy\/#breadcrumb","itemListElement":[{"@type":"ListItem","position":1,"name":"Home","item":"https:\/\/elfsight.com\/it\/"},{"@type":"ListItem","position":2,"name":"Tripadvisor Reviews","item":"https:\/\/elfsight.com\/it\/tripadvisor-reviews-widget\/"},{"@type":"ListItem","position":3,"name":"TripAdvisor Reviews &#8211; GoDaddy"}]},{"@type":"WebSite","@id":"https:\/\/elfsight.com\/it\/#website","url":"https:\/\/elfsight.com\/it\/","name":"Elfsight IT","description":"Just another Elfsight Sites site","potentialAction":[{"@type":"SearchAction","target":{"@type":"EntryPoint","urlTemplate":"https:\/\/elfsight.com\/it\/?s={search_term_string}"},"query-input":{"@type":"PropertyValueSpecification","valueRequired":true,"valueName":"search_term_string"}}],"inLanguage":"it-IT"}]}},"meta_box":{"industry":"","seo_heading":"","heading":"","description":"","cta_heading":"","cta_description":"","application":"1633","h1":"Plug-in per le recensioni di Tripadvisor di GoDaddy","h1_caption":"Il metodo pi\u00f9 semplice per aggiungere feedback dei clienti da Tripadvisor sul tuo sito","application_category":[],"applications_title":"","applications_request_title":"","applications_request_button_text":"","hero_text":"","hero_video":"","hero_video_schema_markup":"","selling_points_title":"","selling_points_caption":"","selling_points":[],"selling_points_cta_text":"","features_title":"","features":"","ed_cta_examples_text":"","ed_cta_examples_hidden":"","ed_cta_demo_text":"","ed_cta_demo_hidden":"","why_caption":"","why_editor_title":"","why_editor_text":"","why_team_title":"","why_team_text":"","why_service_title":"","why_service_text":"","template_catalog_visible":"","template_catalog_title":"","template_catalog_text":"","template_catalog_categories_visible":"","demo_title":"Crea il tuo plugin per le recensioni di TripAdvisor","demo_caption":"Configura le tue recensioni TripAdvisor e aggiungile gratuitamente al tuo sito web GoDaddy!","default_faq_hidden":"","app_template_category":[],"platform":"53","template_public_id":"","codecanyon_url":"","codecanyon_item_id":"","codecanyon_price":"","pricing_caption":"","pricing_elfsight_apps_hide_column":"","pricing_elfsight_apps_url":"","pricing_codecanyon_price_caption":"","integration_category":[],"integration_request_title":"","integration_request_cta":"","integration_platform":"","integrations":[],"platform_category":[],"video_schema_markup":"","price":"da $ 0 al mese","trial":"","benefits":[{"text":"Assistenza per l'installazione gratuita"},{"text":"Assistenza clienti con esperienza"},{"text":"Garanzia di rimborso di 14 giorni"},{"text":"Aggiornamenti gratuiti continui"}],"button_url":"#demo","button_target_blank":"","button_nofollow":"","attributes":[{"name":"Installazioni"},{"name":"Reattivo","content":"S\u00cc"},{"name":"Browser compatibili","content":"Firefox, Safari, Opera, Chrome, Edge"}],"tags":[],"tags_disable_links":"","hide_more_platforms":"","video_object":"","demo_hide_cta":"","demo_hide_cloud_options":"","pricing_title":"","pricing":[{"pricing_icon":"platform","pricing_title":"Elfsight Apps","pricing_title_caption":"Soluzione multipiattaforma","pricing_price":"da $ 0 \/ mese","pricing_price_caption":"inizia con il piano gratuito","pricing_benefits":[{"text":"Domini illimitati"},{"text":"Supporto aziendale professionale e ben documentato"},{"text":"Supporto gratuito per l'installazione"},{"text":"Progettazione flessibile"}],"pricing_button_text":"Aggiungi al sito web","pricing_button_url":"#demo"}],"related_apps_title":"","related_apps_hidden":"","author":"","image":[],"title":"","job":"","social_networks":[]},"_links":{"self":[{"href":"https:\/\/elfsight.com\/it\/wp-json\/wp\/v2\/pages\/6285","targetHints":{"allow":["GET"]}}],"collection":[{"href":"https:\/\/elfsight.com\/it\/wp-json\/wp\/v2\/pages"}],"about":[{"href":"https:\/\/elfsight.com\/it\/wp-json\/wp\/v2\/types\/page"}],"author":[{"embeddable":true,"href":"https:\/\/elfsight.com\/it\/wp-json\/wp\/v2\/users\/9"}],"replies":[{"embeddable":true,"href":"https:\/\/elfsight.com\/it\/wp-json\/wp\/v2\/comments?post=6285"}],"version-history":[{"count":1,"href":"https:\/\/elfsight.com\/it\/wp-json\/wp\/v2\/pages\/6285\/revisions"}],"predecessor-version":[{"id":6289,"href":"https:\/\/elfsight.com\/it\/wp-json\/wp\/v2\/pages\/6285\/revisions\/6289"}],"up":[{"embeddable":true,"href":"https:\/\/elfsight.com\/it\/wp-json\/wp\/v2\/pages\/1634"}],"wp:attachment":[{"href":"https:\/\/elfsight.com\/it\/wp-json\/wp\/v2\/media?parent=6285"}],"curies":[{"name":"wp","href":"https:\/\/api.w.org\/{rel}","templated":true}]}}