{"id":6228,"date":"1970-01-01T00:00:00","date_gmt":"1970-01-01T00:00:00","guid":{"rendered":"https:\/\/elfsight.com\/it\/?page_id=6228"},"modified":"2025-03-20T08:44:31","modified_gmt":"2025-03-20T08:44:31","slug":"wordpress","status":"publish","type":"page","link":"https:\/\/elfsight.com\/it\/testimonials-slider-widget\/wordpress\/","title":{"rendered":"Testimonials Slider &#8211; WordPress"},"content":{"rendered":"\n<div class=\"application-platform-content-item-description application-platform-content-item\" id=\"description\" data-nav-section=\"description\"><h2>Incorpora lo slider delle testimonianze su WordPress con il widget Elfsight<\/h2><p>Lo slider delle testimonianze \u00e8 un semplice plugin per dimostrare il feedback dei tuoi clienti su il tuo sito. Sei libero di utilizzare diversi tipi di prove sociali per rendere affidabili le recensioni: nome dell&#8217;autore, foto, logo dell&#8217;azienda e persino un collegamento al sito web.<\/p><p><b>Aumenta la fiducia nei tuoi prodotti dimostrando i tuoi clienti soddisfatti.<\/b><\/p><ul><li><b>Aumenta la tua conversione fino al 200%<\/b>.<br>Mostra feedback reali e rendilo il punto principale del tuo messaggio ai clienti. Rivelare le recensioni proprio nel momento in cui i clienti prendono la decisione di acquistare dal tuo servizio o di registrarsi sul tuo sito web.<\/li><li><b>Fedelt\u00e0 dei tuoi visitatori<\/b>.<br>Uno dei tuoi utenti ha lasciato un messaggio davvero convincente feedback sulla tua attivit\u00e0? Ottieni il massimo utilizzo e rivela la tua gratitudine, mostrandola sul sito web.<\/li><li><b>Prova sociale aggiuntiva<\/b>.<br>Un collegamento dal feedback a Facebook, Google o al sito dell&#8217;autore \u00e8 un dettaglio che contribuir\u00e0 ad aumentare la credibilit\u00e0 e confermer\u00e0 che la tua azienda gode della fiducia di persone reali.<\/li><\/ul><\/div><div class=\"faq\" data-component=\"FAQ\"><div class=\"faq-item\">\r\n\t\t\t\t\t<div class=\"faq-item-question\">\r\n\t\t\t\t\t\t<h3 class=\"faq-item-question-text\"> Come posso incorporare uno slider di testimonianze nel sito Web WordPress? <\/h3>\r\n\r\n\t\t\t\t\t\t<div class=\"faq-item-question-icon\"><\/div>\r\n\t\t\t\t\t<\/div>\r\n\r\n\t\t\t\t\t<div class=\"faq-item-answer\">\r\n\t\t\t\t\t\t<div class=\"faq-item-answer-text\"><p>La costruzione dello strumento avviene all&#8217;interno del sito Elfsight e non \u00e8 necessario imparare a programmare. Utilizza la demo online per personalizzare il tuo strumento, ottenere il codice e integrarlo nel tuo sito. <\/p><\/div>\r\n\t\t\t\t\t<\/div>\r\n\t\t\t\t<\/div><div class=\"faq-item\">\r\n\t\t\t\t\t<div class=\"faq-item-question\">\r\n\t\t\t\t\t\t<h3 class=\"faq-item-question-text\">I modi migliori per utilizzare l'integrazione dei widget di feedback<\/h3>\r\n\r\n\t\t\t\t\t\t<div class=\"faq-item-question-icon\"><\/div>\r\n\t\t\t\t\t<\/div>\r\n\r\n\t\t\t\t\t<div class=\"faq-item-answer\">\r\n\t\t\t\t\t\t<div class=\"faq-item-answer-text\"><p>Offriamo numerose opzioni di personalizzazione: widget su vasta scala da incorporare nella zona dei contenuti, widget mobili con opzioni di scorrimento, layout per il pi\u00e8 di pagina del tuo sito web, sezione principale e tutte le varianti delle opportunit\u00e0 verticali per barre laterali e menu. <\/p><\/div>\r\n\t\t\t\t\t<\/div>\r\n\t\t\t\t<\/div><div class=\"faq-item\">\r\n\t\t\t\t\t<div class=\"faq-item-question\">\r\n\t\t\t\t\t\t<h3 class=\"faq-item-question-text\">Esiste un'opzione per creare un widget Rotator o Carousel Feedback tramite il tuo editor? <\/h3>\r\n\r\n\t\t\t\t\t\t<div class=\"faq-item-question-icon\"><\/div>\r\n\t\t\t\t\t<\/div>\r\n\r\n\t\t\t\t\t<div class=\"faq-item-answer\">\r\n\t\t\t\t\t\t<div class=\"faq-item-answer-text\"><p>Puoi creare qualsiasi modifica del widget. Ci sono tantissimi layout a tua disposizione nell&#8217;editor e tutti possono essere facilmente personalizzati proprio come preferisci. <\/p><\/div>\r\n\t\t\t\t\t<\/div>\r\n\t\t\t\t<\/div><\/div><div class=\"application-platform-content-item-features application-platform-content-item\" id=\"features\" data-nav-section=\"features\"><h2>Incorpora lo Slider delle testimonianze su WordPress con il widget Elfsight<\/h2><p>Le funzionalit\u00e0 pi\u00f9 preziose che rendono lo Slider delle testimonianze dei nostri clienti il miglior plug-in per qualsiasi sito Web WordPress.<\/p><ul><li>Scegli uno dei sei modelli di testimonianze gi\u00e0 pronti;<\/li><li>Utilizza la didascalia per il nome dell&#8217;azienda, la posizione e altri dati;<\/li><li>Inserisci un collegamento al sito web dell&#8217;autore per maggiore fiducia;<\/li><li>Scegli il layout Slider o Grid in base alle tue esigenze.<\/li><\/ul><p><a href=\"#demo\">Prova questa funzionalit\u00e0 nella demo live<\/a><\/p><\/div><div class=\"application-platform-content-item-installation application-platform-content-item\" id=\"installation\" data-nav-section=\"installation\"><h2>Come aggiungere il plug-in Testimonianze al sito Web WordPress<\/h2><div class=\"video-container\"><iframe width=\"560\" height=\"315\" src=\"https:\/\/www.youtube.com\/embed\/52QPDORGBZ4?si=zBYvvtl8gsjnEiNd\" frameborder=\"0\" allow=\"accelerometer; autoplay; clipboard-write; encrypted-media; gyroscope; picture-in-picture; web-share\" allowfullscreen><\/iframe><\/div><p> Basta eseguire diversi passaggi indicati di seguito per aggiungere il widget su WordPress.<\/p> <ol><li><b>Esegui il nostro configuratore gratuito e inizia a modellare il tuo strumento personalizzato. <\/b><br> Determina l&#8217;aspetto e le caratteristiche preferite del widget e salva le correzioni. <\/li> <li><b>Ricevi il codice univoco che appare nella casella delle app Elfsight. <\/b><br> Una volta terminata la configurazione del tuo plugin Testimonials personale, copia il codice esclusivo dal popup visualizzato e conservalo per un ulteriore utilizzo. <\/li> <li><b>Accedi a utilizzare lo strumento sul tuo sito WordPress. <\/b><br> Inserisci il codice copiato recentemente nel tuo sito web e salva le correzioni. <\/li> <li><b>Il gioco \u00e8 fatto! La configurazione \u00e8 completamente completata. <\/b><br> Visita il tuo sito per dare un&#8217;occhiata a come funziona lo strumento. <\/li><\/ol> <p>Hai riscontrato difficolt\u00e0 durante l&#8217;aggiunta o la modifica delle testimonianze dei clienti? Controlla un tutorial dettagliato su <a href=\"https:\/\/elfsight.com\/tutorials\/how-to-add-testimonials-slider-widget-to-wordpress\/\" target=\"_blank\" rel=\"noopener noreferrer\">Come per aggiungere il plugin Testimonials Slider a WordPress<\/a> o rivolgiti al nostro Centro assistenza.<\/p><\/div>\n","protected":false},"excerpt":{"rendered":"","protected":false},"author":9,"featured_media":0,"parent":1251,"menu_order":0,"comment_status":"closed","ping_status":"closed","template":"templates\/template-application-platform.php","meta":{"publish_to_discourse":"","publish_post_category":"","wpdc_auto_publish_overridden":"","wpdc_topic_tags":"","wpdc_pin_topic":"","wpdc_pin_until":"","discourse_post_id":"","discourse_permalink":"","wpdc_publishing_response":"","wpdc_publishing_error":"","footnotes":""},"class_list":["post-6228","page","type-page","status-publish","hentry"],"yoast_head":"<!-- This site is optimized with the Yoast SEO plugin v25.3.1 - https:\/\/yoast.com\/wordpress\/plugins\/seo\/ -->\n<title>Il miglior plugin WordPress Testimonial Slider per il tuo sito web (gratuito)<\/title>\n<meta name=\"description\" content=\"Esamina il miglior plugin Testimonials Slider per WordPress in modo totalmente gratuito. Configurazione rapida senza alcuna conoscenza dello sviluppo e richiedendo solo 3 minuti.\" \/>\n<meta name=\"robots\" content=\"index, follow, max-snippet:-1, max-image-preview:large, max-video-preview:-1\" \/>\n<link rel=\"canonical\" href=\"https:\/\/elfsight.com\/it\/testimonials-slider-widget\/wordpress\/\" \/>\n<meta property=\"og:locale\" content=\"it_IT\" \/>\n<meta property=\"og:type\" content=\"article\" \/>\n<meta property=\"og:title\" content=\"Il miglior plugin WordPress Testimonial Slider per il tuo sito web (gratuito)\" \/>\n<meta property=\"og:description\" content=\"Esamina il miglior plugin Testimonials Slider per WordPress in modo totalmente gratuito. Configurazione rapida senza alcuna conoscenza dello sviluppo e richiedendo solo 3 minuti.\" \/>\n<meta property=\"og:url\" content=\"https:\/\/elfsight.com\/it\/testimonials-slider-widget\/wordpress\/\" \/>\n<meta property=\"og:site_name\" content=\"Elfsight IT\" \/>\n<meta property=\"article:modified_time\" content=\"2025-03-20T08:44:31+00:00\" \/>\n<meta name=\"twitter:card\" content=\"summary_large_image\" \/>\n<meta name=\"twitter:label1\" content=\"Tempo di lettura stimato\" \/>\n\t<meta name=\"twitter:data1\" content=\"4 minuti\" \/>\n<!-- \/ Yoast SEO plugin. -->","yoast_head_json":{"title":"Il miglior plugin WordPress Testimonial Slider per il tuo sito web (gratuito)","description":"Esamina il miglior plugin Testimonials Slider per WordPress in modo totalmente gratuito. Configurazione rapida senza alcuna conoscenza dello sviluppo e richiedendo solo 3 minuti.","robots":{"index":"index","follow":"follow","max-snippet":"max-snippet:-1","max-image-preview":"max-image-preview:large","max-video-preview":"max-video-preview:-1"},"canonical":"https:\/\/elfsight.com\/it\/testimonials-slider-widget\/wordpress\/","og_locale":"it_IT","og_type":"article","og_title":"Il miglior plugin WordPress Testimonial Slider per il tuo sito web (gratuito)","og_description":"Esamina il miglior plugin Testimonials Slider per WordPress in modo totalmente gratuito. Configurazione rapida senza alcuna conoscenza dello sviluppo e richiedendo solo 3 minuti.","og_url":"https:\/\/elfsight.com\/it\/testimonials-slider-widget\/wordpress\/","og_site_name":"Elfsight IT","article_modified_time":"2025-03-20T08:44:31+00:00","twitter_card":"summary_large_image","twitter_misc":{"Tempo di lettura stimato":"4 minuti"},"schema":{"@context":"https:\/\/schema.org","@graph":[{"@type":"WebPage","@id":"https:\/\/elfsight.com\/it\/testimonials-slider-widget\/wordpress\/","url":"https:\/\/elfsight.com\/it\/testimonials-slider-widget\/wordpress\/","name":"Il miglior plugin WordPress Testimonial Slider per il tuo sito web (gratuito)","isPartOf":{"@id":"https:\/\/elfsight.com\/it\/#website"},"datePublished":"1970-01-01T00:00:00+00:00","dateModified":"2025-03-20T08:44:31+00:00","description":"Esamina il miglior plugin Testimonials Slider per WordPress in modo totalmente gratuito. Configurazione rapida senza alcuna conoscenza dello sviluppo e richiedendo solo 3 minuti.","breadcrumb":{"@id":"https:\/\/elfsight.com\/it\/testimonials-slider-widget\/wordpress\/#breadcrumb"},"inLanguage":"it-IT","potentialAction":[{"@type":"ReadAction","target":["https:\/\/elfsight.com\/it\/testimonials-slider-widget\/wordpress\/"]}]},{"@type":"BreadcrumbList","@id":"https:\/\/elfsight.com\/it\/testimonials-slider-widget\/wordpress\/#breadcrumb","itemListElement":[{"@type":"ListItem","position":1,"name":"Home","item":"https:\/\/elfsight.com\/it\/"},{"@type":"ListItem","position":2,"name":"Testimonials Slider","item":"https:\/\/elfsight.com\/it\/testimonials-slider-widget\/"},{"@type":"ListItem","position":3,"name":"Testimonials Slider &#8211; WordPress"}]},{"@type":"WebSite","@id":"https:\/\/elfsight.com\/it\/#website","url":"https:\/\/elfsight.com\/it\/","name":"Elfsight IT","description":"Just another Elfsight Sites site","potentialAction":[{"@type":"SearchAction","target":{"@type":"EntryPoint","urlTemplate":"https:\/\/elfsight.com\/it\/?s={search_term_string}"},"query-input":{"@type":"PropertyValueSpecification","valueRequired":true,"valueName":"search_term_string"}}],"inLanguage":"it-IT"}]}},"meta_box":{"industry":"","seo_heading":"","heading":"","description":"","cta_heading":"","cta_description":"","application":"1655","h1":"Plug-in Slider testimonianze di WordPress","h1_caption":"Visualizza le testimonianze dei clienti in un dispositivo di scorrimento rotante per creare credibilit\u00e0 e mostrare feedback positivi nel tuo sito Web WordPress senza sforzo.","application_category":[],"applications_title":"","applications_request_title":"","applications_request_button_text":"","hero_text":"","hero_video":"","hero_video_schema_markup":"","selling_points_title":"","selling_points_caption":"","selling_points":[],"selling_points_cta_text":"","features_title":"","features":"","ed_cta_examples_text":"","ed_cta_examples_hidden":"","ed_cta_demo_text":"","ed_cta_demo_hidden":"","why_caption":"","why_editor_title":"","why_editor_text":"","why_team_title":"","why_team_text":"","why_service_title":"","why_service_text":"","template_catalog_visible":"0","template_catalog_title":"","template_catalog_text":"","template_catalog_categories_visible":"","demo_title":"Crea il tuo plug-in Slider testimonianze","demo_caption":"Configura il tuo Slider Testimonianze e aggiungilo gratuitamente al tuo sito WordPress!","default_faq_hidden":"","app_template_category":[],"platform":"28","template_public_id":"","codecanyon_url":"","codecanyon_item_id":"","codecanyon_price":"","pricing_caption":"","pricing_elfsight_apps_hide_column":"","pricing_elfsight_apps_url":"","pricing_codecanyon_price_caption":"","integration_category":[],"integration_request_title":"","integration_request_cta":"","integration_platform":"","integrations":[],"platform_category":[],"video_schema_markup":"","price":"da $ 0 \/ mese","trial":"","benefits":[{"text":"Servizio di installazione gratuito"},{"text":"Supporto premium"},{"text":"Garanzia di rimborso di 14 giorni"},{"text":"Miglioramenti gratuiti continui"}],"button_url":"#demo","button_target_blank":"0","button_nofollow":"0","attributes":[{"name":"Installazioni"},{"name":"Reattivo","content":"S\u00cc"},{"name":"Browser compatibili","content":"Firefox, Safari, Opera, Chrome, Edge"}],"tags":[],"tags_disable_links":"0","hide_more_platforms":"0","video_object":"","demo_hide_cta":"0","demo_hide_cloud_options":"0","pricing_title":"","pricing":[{"pricing_icon":"cloud","pricing_title":"Elfsight Apps","pricing_title_caption":"Software indipendente dalla piattaforma che funziona su qualsiasi sito web","pricing_price":"da $ 0 \/ mese","pricing_price_caption":"inizia con un piano gratuito","pricing_benefits":[{"text":"Domini illimitati"},{"text":"Supporto rapido e ben documentato"},{"text":"Servizio di installazione gratuito"},{"text":"Offerta speciale per pi\u00f9 app"}],"pricing_button_text":"Aggiungi al sito web","pricing_button_url":"#demo"}],"related_apps_title":"","related_apps_hidden":"0","author":"","image":[],"title":"","job":"","social_networks":[]},"_links":{"self":[{"href":"https:\/\/elfsight.com\/it\/wp-json\/wp\/v2\/pages\/6228","targetHints":{"allow":["GET"]}}],"collection":[{"href":"https:\/\/elfsight.com\/it\/wp-json\/wp\/v2\/pages"}],"about":[{"href":"https:\/\/elfsight.com\/it\/wp-json\/wp\/v2\/types\/page"}],"author":[{"embeddable":true,"href":"https:\/\/elfsight.com\/it\/wp-json\/wp\/v2\/users\/9"}],"replies":[{"embeddable":true,"href":"https:\/\/elfsight.com\/it\/wp-json\/wp\/v2\/comments?post=6228"}],"version-history":[{"count":4,"href":"https:\/\/elfsight.com\/it\/wp-json\/wp\/v2\/pages\/6228\/revisions"}],"predecessor-version":[{"id":9388,"href":"https:\/\/elfsight.com\/it\/wp-json\/wp\/v2\/pages\/6228\/revisions\/9388"}],"up":[{"embeddable":true,"href":"https:\/\/elfsight.com\/it\/wp-json\/wp\/v2\/pages\/1251"}],"wp:attachment":[{"href":"https:\/\/elfsight.com\/it\/wp-json\/wp\/v2\/media?parent=6228"}],"curies":[{"name":"wp","href":"https:\/\/api.w.org\/{rel}","templated":true}]}}