{"id":6213,"date":"1970-01-01T00:00:00","date_gmt":"1970-01-01T00:00:00","guid":{"rendered":"https:\/\/elfsight.com\/it\/?page_id=6213"},"modified":"2024-11-12T13:24:02","modified_gmt":"2024-11-12T13:24:02","slug":"magento","status":"publish","type":"page","link":"https:\/\/elfsight.com\/it\/testimonials-slider-widget\/magento\/","title":{"rendered":"Testimonials Slider &#8211; Magento"},"content":{"rendered":"<div class=\"application-platform-content-item-description application-platform-content-item\" id=\"description\" data-nav-section=\"description\"><h2>Descrizione<\/h2><p>Slider testimonianze: un&#8217;estensione reattiva per mostrare le testimonianze dei tuoi utenti sul tuo sito web. Puoi aggiungere alle recensioni diversi tipi di prove sociali: nome dell&#8217;autore, foto, logo dell&#8217;organizzazione e persino un URL al sito web.<\/p><p><b>Aumenta la fiducia nei tuoi prodotti mostrando la tua felicit\u00e0 clienti.<\/b><\/p><ul><li><b>Rendi le testimonianze dei tuoi clienti massimamente affidabili<\/b>.<br>Mostra tutte le informazioni sull&#8217;autore di ciascuna testimonianza insieme a nome, azienda, e posizione. Pertanto, dimostra ai tuoi utenti che stanno leggendo testimonianze di persone reali.<\/li><li><b>Utilizza un giudizio professionale<\/b>.<br>Hai clienti la cui recensione influenzer\u00e0 gli altri visitatori? Genera testimonianze complete con dati completi sull&#8217;autore e aumenta cos\u00ec il tuo livello di vendita.<\/li><li><b>Moltiplica la fiducia nel tuo sito<\/b>.<br>Inserisci feedback dei tuoi clienti sul sito e dimostra esempi di una buona esperienza cliente per aumentare la fiducia nella tua azienda.<\/li><\/ul><\/div><div class=\"faq\" data-component=\"FAQ\"><div class=\"faq-item\">\r\n\t\t\t\t\t<div class=\"faq-item-question\">\r\n\t\t\t\t\t\t<h3 class=\"faq-item-question-text\">Come posso incorporare uno slider delle testimonianze nel Sito web Magento? <\/h3>\r\n\r\n\t\t\t\t\t\t<div class=\"faq-item-question-icon\"><\/div>\r\n\t\t\t\t\t<\/div>\r\n\r\n\t\t\t\t\t<div class=\"faq-item-answer\">\r\n\t\t\t\t\t\t<div class=\"faq-item-answer-text\"><p>La costruzione dello strumento avviene sulle pagine di Elfsight e non \u00e8 necessaria la codifica. Utilizza la nostra demo online per personalizzare il tuo strumento, ottenere il codice e inserirlo nel tuo sito web. <\/p><\/div>\r\n\t\t\t\t\t<\/div>\r\n\t\t\t\t<\/div><div class=\"faq-item\">\r\n\t\t\t\t\t<div class=\"faq-item-question\">\r\n\t\t\t\t\t\t<h3 class=\"faq-item-question-text\">I modi migliori per utilizzare l'integrazione dei widget Testimonianze<\/h3>\r\n\r\n\t\t\t\t\t\t<div class=\"faq-item-question-icon\"><\/div>\r\n\t\t\t\t\t<\/div>\r\n\r\n\t\t\t\t\t<div class=\"faq-item-answer\">\r\n\t\t\t\t\t\t<div class=\"faq-item-answer-text\"><p>Abbiamo una serie di opportunit\u00e0 di personalizzazione: widget a grandezza naturale da inserire nella zona dei contenuti, widget mobili con funzionalit\u00e0 di scorrimento, miniature per pi\u00e8 di pagina, intestazione e tutti i tipi di opzioni verticali per barre laterali e menu del sito web. <\/p><\/div>\r\n\t\t\t\t\t<\/div>\r\n\t\t\t\t<\/div><div class=\"faq-item\">\r\n\t\t\t\t\t<div class=\"faq-item-question\">\r\n\t\t\t\t\t\t<h3 class=\"faq-item-question-text\">Come posso creare un widget Carte o Feedback griglia tramite l'editor? <\/h3>\r\n\r\n\t\t\t\t\t\t<div class=\"faq-item-question-icon\"><\/div>\r\n\t\t\t\t\t<\/div>\r\n\r\n\t\t\t\t\t<div class=\"faq-item-answer\">\r\n\t\t\t\t\t\t<div class=\"faq-item-answer-text\"><p>Sei libero di modificare qualsiasi widget. Ci sono molti layout disponibili nell&#8217;editor e tutti possono essere rapidamente modificati proprio come preferisci. <\/p><\/div>\r\n\t\t\t\t\t<\/div>\r\n\t\t\t\t<\/div><\/div><div class=\"application-platform-content-item-features application-platform-content-item\" id=\"features\" data-nav-section=\"features\"><h2>Caratteristiche<\/h2><p>Le caratteristiche chiave che trasformano il nostro Slider delle testimonianze in una preziosa estensione per qualsiasi sito Magento.<\/p><ul><li>Utilizza l&#8217;URL del profilo Facebook o Twitter per dimostrare che l&#8217;autore \u00e8 nella vita reale;<\/li><li>Layout a larghezza intera;<\/li><li>Modifica la didascalia per visualizzare l&#8217;azienda , posizione e altro;<\/li><li>Per aggiungere fiducia, mostra il logo dell&#8217;azienda dell&#8217;autore.<\/li><\/ul><p><a href=\"#demo\">Prova queste funzionalit\u00e0 nella Demo live <\/a><\/p><\/div><div class=\"application-platform-content-item-installation application-platform-content-item\" id=\"installation\" data-nav-section=\"installation\"><h2>Come aggiungere testimonianze al sito web Magento<\/h2><p>Segui semplicemente le linee guida seguenti per attivare il widget su Magento.<\/p> <ol><li><b>Utilizza il nostro configuratore gratuito e inizia a modellare il tuo strumento su misura. <\/b><br> Trova l&#8217;aspetto selezionato e i tratti funzionali dell&#8217;estensione Testimonials Slider e applica le correzioni. <\/li> <li><b>Ricevi il codice univoco che appare nel riquadro sulle App Elfsight. <\/b><br> Non appena la generazione della tua estensione \u00e8 terminata, copia il codice personale nella finestra che appare e salvalo per un ulteriore utilizzo. <\/li> <li><b>Accedi utilizzando il widget sulla home page di Magento. <\/b><br> Incorpora il codice che hai salvato in precedenza nella tua pagina web e applica le correzioni. <\/li> <li><b>Il gioco \u00e8 fatto! L&#8217;integrazione \u00e8 completamente compiuta. <\/b><br> Vai al tuo sito per visualizzare il funzionamento del widget. <\/li><\/ol><p>Hai domande durante l&#8217;utilizzo o la modifica dell&#8217;estensione? Leggi la guida dettagliata sulla <a href=\"https:\/\/elfsight.com\/tutorials\/how-to-add-testimonials-slider-extension-to-magento\/\" target=\"_blank\" rel=\"noopener noreferrer\">configurazione dello Slider delle testimonianze su Magento<\/a> o contatta il nostro Centro assistenza.<\/p><\/div>","protected":false},"excerpt":{"rendered":"","protected":false},"author":9,"featured_media":0,"parent":1251,"menu_order":0,"comment_status":"closed","ping_status":"closed","template":"templates\/template-application-platform.php","meta":{"publish_to_discourse":"","publish_post_category":"","wpdc_auto_publish_overridden":"","wpdc_topic_tags":"","wpdc_pin_topic":"","wpdc_pin_until":"","discourse_post_id":"","discourse_permalink":"","wpdc_publishing_response":"","wpdc_publishing_error":"","footnotes":""},"class_list":["post-6213","page","type-page","status-publish","hentry"],"yoast_head":"<!-- This site is optimized with the Yoast SEO plugin v25.3.1 - https:\/\/yoast.com\/wordpress\/plugins\/seo\/ -->\n<title>Dispositivo di scorrimento Testimonianze: aggiungi l&#039;estensione Testimonianze al sito Web Magento<\/title>\n<meta name=\"description\" content=\"Prova gratuitamente la migliore estensione Testimonials Slider per Magento. La configurazione \u00e8 semplice e veloce, senza che sia necessaria alcuna conoscenza di sviluppo web. Ci vorranno solo 2 minuti.\" \/>\n<meta name=\"robots\" content=\"index, follow, max-snippet:-1, max-image-preview:large, max-video-preview:-1\" \/>\n<link rel=\"canonical\" href=\"https:\/\/elfsight.com\/it\/testimonials-slider-widget\/magento\/\" \/>\n<meta property=\"og:locale\" content=\"it_IT\" \/>\n<meta property=\"og:type\" content=\"article\" \/>\n<meta property=\"og:title\" content=\"Dispositivo di scorrimento Testimonianze: aggiungi l&#039;estensione Testimonianze al sito Web Magento\" \/>\n<meta property=\"og:description\" content=\"Prova gratuitamente la migliore estensione Testimonials Slider per Magento. La configurazione \u00e8 semplice e veloce, senza che sia necessaria alcuna conoscenza di sviluppo web. Ci vorranno solo 2 minuti.\" \/>\n<meta property=\"og:url\" content=\"https:\/\/elfsight.com\/it\/testimonials-slider-widget\/magento\/\" \/>\n<meta property=\"og:site_name\" content=\"Elfsight IT\" \/>\n<meta property=\"article:modified_time\" content=\"2024-11-12T13:24:02+00:00\" \/>\n<meta name=\"twitter:card\" content=\"summary_large_image\" \/>\n<meta name=\"twitter:label1\" content=\"Tempo di lettura stimato\" \/>\n\t<meta name=\"twitter:data1\" content=\"3 minuti\" \/>\n<!-- \/ Yoast SEO plugin. -->","yoast_head_json":{"title":"Dispositivo di scorrimento Testimonianze: aggiungi l'estensione Testimonianze al sito Web Magento","description":"Prova gratuitamente la migliore estensione Testimonials Slider per Magento. La configurazione \u00e8 semplice e veloce, senza che sia necessaria alcuna conoscenza di sviluppo web. Ci vorranno solo 2 minuti.","robots":{"index":"index","follow":"follow","max-snippet":"max-snippet:-1","max-image-preview":"max-image-preview:large","max-video-preview":"max-video-preview:-1"},"canonical":"https:\/\/elfsight.com\/it\/testimonials-slider-widget\/magento\/","og_locale":"it_IT","og_type":"article","og_title":"Dispositivo di scorrimento Testimonianze: aggiungi l'estensione Testimonianze al sito Web Magento","og_description":"Prova gratuitamente la migliore estensione Testimonials Slider per Magento. La configurazione \u00e8 semplice e veloce, senza che sia necessaria alcuna conoscenza di sviluppo web. Ci vorranno solo 2 minuti.","og_url":"https:\/\/elfsight.com\/it\/testimonials-slider-widget\/magento\/","og_site_name":"Elfsight IT","article_modified_time":"2024-11-12T13:24:02+00:00","twitter_card":"summary_large_image","twitter_misc":{"Tempo di lettura stimato":"3 minuti"},"schema":{"@context":"https:\/\/schema.org","@graph":[{"@type":"WebPage","@id":"https:\/\/elfsight.com\/it\/testimonials-slider-widget\/magento\/","url":"https:\/\/elfsight.com\/it\/testimonials-slider-widget\/magento\/","name":"Dispositivo di scorrimento Testimonianze: aggiungi l'estensione Testimonianze al sito Web Magento","isPartOf":{"@id":"https:\/\/elfsight.com\/it\/#website"},"datePublished":"1970-01-01T00:00:00+00:00","dateModified":"2024-11-12T13:24:02+00:00","description":"Prova gratuitamente la migliore estensione Testimonials Slider per Magento. La configurazione \u00e8 semplice e veloce, senza che sia necessaria alcuna conoscenza di sviluppo web. Ci vorranno solo 2 minuti.","breadcrumb":{"@id":"https:\/\/elfsight.com\/it\/testimonials-slider-widget\/magento\/#breadcrumb"},"inLanguage":"it-IT","potentialAction":[{"@type":"ReadAction","target":["https:\/\/elfsight.com\/it\/testimonials-slider-widget\/magento\/"]}]},{"@type":"BreadcrumbList","@id":"https:\/\/elfsight.com\/it\/testimonials-slider-widget\/magento\/#breadcrumb","itemListElement":[{"@type":"ListItem","position":1,"name":"Home","item":"https:\/\/elfsight.com\/it\/"},{"@type":"ListItem","position":2,"name":"Testimonials Slider","item":"https:\/\/elfsight.com\/it\/testimonials-slider-widget\/"},{"@type":"ListItem","position":3,"name":"Testimonials Slider &#8211; Magento"}]},{"@type":"WebSite","@id":"https:\/\/elfsight.com\/it\/#website","url":"https:\/\/elfsight.com\/it\/","name":"Elfsight IT","description":"Just another Elfsight Sites site","potentialAction":[{"@type":"SearchAction","target":{"@type":"EntryPoint","urlTemplate":"https:\/\/elfsight.com\/it\/?s={search_term_string}"},"query-input":{"@type":"PropertyValueSpecification","valueRequired":true,"valueName":"search_term_string"}}],"inLanguage":"it-IT"}]}},"meta_box":{"industry":"","seo_heading":"","heading":"","description":"","cta_heading":"","cta_description":"","application":"1655","h1":"Testimonianze Estensione Slider per Magento","h1_caption":"Visualizza le testimonianze dei clienti in un dispositivo di scorrimento rotante per creare credibilit\u00e0 e mostrare feedback positivi nel tuo sito Web Magento senza sforzo.","application_category":[],"applications_title":"","applications_request_title":"","applications_request_button_text":"","hero_text":"","hero_video":"","hero_video_schema_markup":"","selling_points_title":"","selling_points_caption":"","selling_points":[],"selling_points_cta_text":"","features_title":"","features":"","ed_cta_examples_text":"","ed_cta_examples_hidden":"","ed_cta_demo_text":"","ed_cta_demo_hidden":"","why_caption":"","why_editor_title":"","why_editor_text":"","why_team_title":"","why_team_text":"","why_service_title":"","why_service_text":"","template_catalog_visible":"","template_catalog_title":"","template_catalog_text":"","template_catalog_categories_visible":"","demo_title":"Crea la tua estensione Testimonianze Slider","demo_caption":"Configura il tuo Slider Testimonianze e aggiungilo gratuitamente al tuo sito Magento!","default_faq_hidden":"","app_template_category":[],"platform":"39","template_public_id":"","codecanyon_url":"","codecanyon_item_id":"","codecanyon_price":"","pricing_caption":"","pricing_elfsight_apps_hide_column":"","pricing_elfsight_apps_url":"","pricing_codecanyon_price_caption":"","integration_category":[],"integration_request_title":"","integration_request_cta":"","integration_platform":"","integrations":[],"platform_category":[],"video_schema_markup":"","price":"da $ 0 al mese","trial":"","benefits":[{"text":"Assistenza per l'installazione gratuita"},{"text":"Assistenza clienti con esperienza"},{"text":"Garanzia di rimborso di 14 giorni"},{"text":"Aggiornamenti gratuiti continui"}],"button_url":"#demo","button_target_blank":"","button_nofollow":"","attributes":[{"name":"Installazioni"},{"name":"Reattivo","content":"S\u00cc"},{"name":"Browser compatibili","content":"Edge, Opera, Firefox, Chrome, Safari"}],"tags":[],"tags_disable_links":"","hide_more_platforms":"","video_object":"","demo_hide_cta":"","demo_hide_cloud_options":"","pricing_title":"","pricing":[{"pricing_icon":"platform","pricing_title":"Elfsight Apps","pricing_title_caption":"Software multipiattaforma che funziona su qualsiasi sito","pricing_price":"da $ 0 \/ mese","pricing_price_caption":"inizia con un piano gratuito","pricing_benefits":[{"text":"Siti web illimitati"},{"text":"Supporto aziendale 24 ore su 24, 7 giorni su 7"},{"text":"Aiuto gratuito per l'installazione"},{"text":"Completamente personalizzabile"}],"pricing_button_text":"Aggiungi al sito web","pricing_button_url":"#demo"}],"related_apps_title":"","related_apps_hidden":"","author":"","image":[],"title":"","job":"","social_networks":[]},"_links":{"self":[{"href":"https:\/\/elfsight.com\/it\/wp-json\/wp\/v2\/pages\/6213","targetHints":{"allow":["GET"]}}],"collection":[{"href":"https:\/\/elfsight.com\/it\/wp-json\/wp\/v2\/pages"}],"about":[{"href":"https:\/\/elfsight.com\/it\/wp-json\/wp\/v2\/types\/page"}],"author":[{"embeddable":true,"href":"https:\/\/elfsight.com\/it\/wp-json\/wp\/v2\/users\/9"}],"replies":[{"embeddable":true,"href":"https:\/\/elfsight.com\/it\/wp-json\/wp\/v2\/comments?post=6213"}],"version-history":[{"count":1,"href":"https:\/\/elfsight.com\/it\/wp-json\/wp\/v2\/pages\/6213\/revisions"}],"predecessor-version":[{"id":6217,"href":"https:\/\/elfsight.com\/it\/wp-json\/wp\/v2\/pages\/6213\/revisions\/6217"}],"up":[{"embeddable":true,"href":"https:\/\/elfsight.com\/it\/wp-json\/wp\/v2\/pages\/1251"}],"wp:attachment":[{"href":"https:\/\/elfsight.com\/it\/wp-json\/wp\/v2\/media?parent=6213"}],"curies":[{"name":"wp","href":"https:\/\/api.w.org\/{rel}","templated":true}]}}