{"id":6211,"date":"1970-01-01T00:00:00","date_gmt":"1970-01-01T00:00:00","guid":{"rendered":"https:\/\/elfsight.com\/it\/?page_id=6211"},"modified":"2024-11-12T13:24:02","modified_gmt":"2024-11-12T13:24:02","slug":"opencart","status":"publish","type":"page","link":"https:\/\/elfsight.com\/it\/testimonials-slider-widget\/opencart\/","title":{"rendered":"Testimonials Slider &#8211; OpenCart"},"content":{"rendered":"<div class=\"application-platform-content-item-description application-platform-content-item\" id=\"description\" data-nav-section=\"description\"><h2>Descrizione<\/h2><p>Testimonianze Slider \u00e8 un modulo responsivo per mostrare le recensioni dei tuoi utenti sul tuo sito web personale. Sei libero di aggiungere qualsiasi prova sociale per rendere affidabile il feedback: nome dell&#8217;autore, foto, logo della sua azienda e persino un URL al sito.<\/p><p><b>Aumenta la fiducia nei tuoi prodotti dimostrando ai lettori il tuo acquirenti soddisfatti delle persone.<\/b><\/p><ul><li><b>Migliora le tue testimonianze per renderle perfettamente affidabili<\/b>.<br>Aggiungi tutte le informazioni possibili sull&#8217;autore di ciascuna delle testimonianze , inclusi nome, azienda e posizione. Mostra ai clienti che hanno a che fare con testimonianze di clienti realmente esistenti.<\/li><li><b>Convinci gli utenti ad agire<\/b>.<br>L&#8217;aggiunta di testimonianze di utenti autentiche con buoni esempi di interazione convince i lettori a condividerle impressioni e li motiva all&#8217;acquisto e ad aumentare il livello di conversione.<\/li><li><b>Forte prova sociale<\/b>.<br>Un collegamento dal feedback a Facebook, Google o al sito web dell&#8217;autore \u00e8 un messaggio solido per i lettori, il che raddoppier\u00e0 la credibilit\u00e0 e dimostrer\u00e0 che la tua attivit\u00e0 \u00e8 reale.<\/li><\/ul><\/div><div class=\"application-platform-content-item-features application-platform-content-item\" id=\"features\" data-nav-section=\"features\"><h2>Caratteristiche<\/h2><p>Le caratteristiche cruciali che trasforma lo slider delle testimonianze di Elfsight in un modulo essenziale per qualsiasi sito OpenCart.<\/p><ul><li>Utilizza l&#8217;URL del profilo Facebook o Twitter per dimostrare che l&#8217;autore \u00e8 nella vita reale;<\/li><li>Aggiungi il collegamento all&#8217;autore Profilo Facebook o Twitter per maggiore credibilit\u00e0;<\/li><li>Prova 6 modelli di testimonianze adattivi e trova quello che ti serve;<\/li><li>Scegli uno dei sei modelli di testimonianze gi\u00e0 pronti.<\/li><\/ul><p><a href=\"#demo\">Prova queste funzionalit\u00e0 nella demo live<\/a><\/p><\/div><div class=\"application-platform-content-item-installation application-platform-content-item\" id=\"installation\" data-nav-section=\"installation\"><h2>Come aggiungere l&#8217;estensione Testimonial al sito Web OpenCart <\/h2><p>Applica semplicemente le istruzioni seguenti per incorporare l&#8217;estensione su OpenCart.<\/p> <ol><li><b>Utilizza la nostra demo gratuita e inizia a dare forma al tuo strumento personalizzato. <\/b><br> Trova l&#8217;interfaccia personalizzata e i parametri dello strumento e applica le modifiche. <\/li> <li><b>Ricevi il codice individuale rivelato nell&#8217;apposito modulo su Elfsight Apps. <\/b><br> Dopo aver completato la creazione dell&#8217;estensione Testimonials Slider, copia il codice personale nel popup emerso e conservalo per un utilizzo futuro. <\/li> <li><b>Accedi all&#8217;utilizzo dell&#8217;estensione sul sito Web OpenCart. <\/b><br> Incolla il codice copiato in precedenza nel tuo sito web e salva le modifiche. <\/li> <li><b>L&#8217;installazione \u00e8 stata eseguita con successo. <\/b><br> Visita il tuo sito web per vedere come funziona lo strumento. <\/li><\/ol> <p>Hai riscontrato difficolt\u00e0 durante la configurazione o la regolazione del modulo? Leggi il manuale completo sulla <a href=\"https:\/\/elfsight.com\/tutorials\/how-to-add-testimonials-slider-widget-to-opencart\/\" target=\"_blank\" rel=\"noopener noreferrer\">creare di Testimonials Slider su OpenCart<\/a> o rivolgiti al nostro Centro assistenza.<\/p><div class=\"faq\" data-component=\"FAQ\"> <div class=\"faq-item\">\r\n\t\t\t\t\t<div class=\"faq-item-question\">\r\n\t\t\t\t\t\t<h3 class=\"faq-item-question-text\">Come aggiungere Testimonials Slider al mio sito Web OpenCart senza competenze di codifica?<\/h3>\r\n\r\n\t\t\t\t\t\t<div class=\"faq-item-question-icon\"><\/div>\r\n\t\t\t\t\t<\/div>\r\n\r\n\t\t\t\t\t<div class=\"faq-item-answer\">\r\n\t\t\t\t\t\t<div class=\"faq-item-answer-text\"> <p>Elfsight fornisce una soluzione SaaS che ti consente di creare tu stesso un widget Slider testimonianze, scopri quanto \u00e8 semplice il processo: lavora direttamente nell&#8217;editor online per creare un widget Slider testimonianze che vorresti vedere sul tuo sito web OpenCart. Scegli uno dei modelli predefiniti e regola le impostazioni del cursore Testimonianze, aggiungi i tuoi contenuti, modifica il layout e i colori senza competenze di codifica. Salva lo slider delle testimonianze e copia il codice di installazione, che potrai semplicemente includere nel tuo sito OpenCart senza acquistare una versione a pagamento. Con il nostro editor intuitivo qualsiasi utente di Internet pu\u00f2 creare widget Slider testimonianze online e incorporarlo facilmente nel proprio sito Web OpenCart. Non \u00e8 necessario pagare o inserire le credenziali della carta per accedere al servizio. In caso di problemi in qualsiasi momento, non esitate a contattare il nostro team di supporto tecnico.<\/p> <\/div>\r\n\t\t\t\t\t<\/div>\r\n\t\t\t\t<\/div> <\/div> <\/div>","protected":false},"excerpt":{"rendered":"","protected":false},"author":9,"featured_media":0,"parent":1251,"menu_order":0,"comment_status":"closed","ping_status":"closed","template":"templates\/template-application-platform.php","meta":{"publish_to_discourse":"","publish_post_category":"","wpdc_auto_publish_overridden":"","wpdc_topic_tags":"","wpdc_pin_topic":"","wpdc_pin_until":"","discourse_post_id":"","discourse_permalink":"","wpdc_publishing_response":"","wpdc_publishing_error":"","footnotes":""},"class_list":["post-6211","page","type-page","status-publish","hentry"],"yoast_head":"<!-- This site is optimized with the Yoast SEO plugin v25.3.1 - https:\/\/yoast.com\/wordpress\/plugins\/seo\/ -->\n<title>Dispositivo di scorrimento testimonianze: aggiungi l&#039;estensione Testimonianza al sito Web OpenCart<\/title>\n<meta name=\"description\" content=\"Prova gratuitamente la migliore estensione Testimonials Slider per WordPress. Una configurazione semplice e veloce in pochi minuti. Non \u00e8 necessaria alcuna esperienza nello sviluppo web.\" \/>\n<meta name=\"robots\" content=\"index, follow, max-snippet:-1, max-image-preview:large, max-video-preview:-1\" \/>\n<link rel=\"canonical\" href=\"https:\/\/elfsight.com\/it\/testimonials-slider-widget\/opencart\/\" \/>\n<meta property=\"og:locale\" content=\"it_IT\" \/>\n<meta property=\"og:type\" content=\"article\" \/>\n<meta property=\"og:title\" content=\"Dispositivo di scorrimento testimonianze: aggiungi l&#039;estensione Testimonianza al sito Web OpenCart\" \/>\n<meta property=\"og:description\" content=\"Prova gratuitamente la migliore estensione Testimonials Slider per WordPress. Una configurazione semplice e veloce in pochi minuti. Non \u00e8 necessaria alcuna esperienza nello sviluppo web.\" \/>\n<meta property=\"og:url\" content=\"https:\/\/elfsight.com\/it\/testimonials-slider-widget\/opencart\/\" \/>\n<meta property=\"og:site_name\" content=\"Elfsight IT\" \/>\n<meta property=\"article:modified_time\" content=\"2024-11-12T13:24:02+00:00\" \/>\n<meta name=\"twitter:card\" content=\"summary_large_image\" \/>\n<meta name=\"twitter:label1\" content=\"Tempo di lettura stimato\" \/>\n\t<meta name=\"twitter:data1\" content=\"3 minuti\" \/>\n<!-- \/ Yoast SEO plugin. -->","yoast_head_json":{"title":"Dispositivo di scorrimento testimonianze: aggiungi l'estensione Testimonianza al sito Web OpenCart","description":"Prova gratuitamente la migliore estensione Testimonials Slider per WordPress. Una configurazione semplice e veloce in pochi minuti. Non \u00e8 necessaria alcuna esperienza nello sviluppo web.","robots":{"index":"index","follow":"follow","max-snippet":"max-snippet:-1","max-image-preview":"max-image-preview:large","max-video-preview":"max-video-preview:-1"},"canonical":"https:\/\/elfsight.com\/it\/testimonials-slider-widget\/opencart\/","og_locale":"it_IT","og_type":"article","og_title":"Dispositivo di scorrimento testimonianze: aggiungi l'estensione Testimonianza al sito Web OpenCart","og_description":"Prova gratuitamente la migliore estensione Testimonials Slider per WordPress. Una configurazione semplice e veloce in pochi minuti. Non \u00e8 necessaria alcuna esperienza nello sviluppo web.","og_url":"https:\/\/elfsight.com\/it\/testimonials-slider-widget\/opencart\/","og_site_name":"Elfsight IT","article_modified_time":"2024-11-12T13:24:02+00:00","twitter_card":"summary_large_image","twitter_misc":{"Tempo di lettura stimato":"3 minuti"},"schema":{"@context":"https:\/\/schema.org","@graph":[{"@type":"WebPage","@id":"https:\/\/elfsight.com\/it\/testimonials-slider-widget\/opencart\/","url":"https:\/\/elfsight.com\/it\/testimonials-slider-widget\/opencart\/","name":"Dispositivo di scorrimento testimonianze: aggiungi l'estensione Testimonianza al sito Web OpenCart","isPartOf":{"@id":"https:\/\/elfsight.com\/it\/#website"},"datePublished":"1970-01-01T00:00:00+00:00","dateModified":"2024-11-12T13:24:02+00:00","description":"Prova gratuitamente la migliore estensione Testimonials Slider per WordPress. Una configurazione semplice e veloce in pochi minuti. Non \u00e8 necessaria alcuna esperienza nello sviluppo web.","breadcrumb":{"@id":"https:\/\/elfsight.com\/it\/testimonials-slider-widget\/opencart\/#breadcrumb"},"inLanguage":"it-IT","potentialAction":[{"@type":"ReadAction","target":["https:\/\/elfsight.com\/it\/testimonials-slider-widget\/opencart\/"]}]},{"@type":"BreadcrumbList","@id":"https:\/\/elfsight.com\/it\/testimonials-slider-widget\/opencart\/#breadcrumb","itemListElement":[{"@type":"ListItem","position":1,"name":"Home","item":"https:\/\/elfsight.com\/it\/"},{"@type":"ListItem","position":2,"name":"Testimonials Slider","item":"https:\/\/elfsight.com\/it\/testimonials-slider-widget\/"},{"@type":"ListItem","position":3,"name":"Testimonials Slider &#8211; OpenCart"}]},{"@type":"WebSite","@id":"https:\/\/elfsight.com\/it\/#website","url":"https:\/\/elfsight.com\/it\/","name":"Elfsight IT","description":"Just another Elfsight Sites site","potentialAction":[{"@type":"SearchAction","target":{"@type":"EntryPoint","urlTemplate":"https:\/\/elfsight.com\/it\/?s={search_term_string}"},"query-input":{"@type":"PropertyValueSpecification","valueRequired":true,"valueName":"search_term_string"}}],"inLanguage":"it-IT"}]}},"meta_box":{"industry":"","seo_heading":"","heading":"","description":"","cta_heading":"","cta_description":"","application":"1655","h1":"Testimonianze Estensione Slider per OpenCart","h1_caption":"Visualizza le testimonianze dei clienti in un dispositivo di scorrimento rotante per creare credibilit\u00e0 e mostrare feedback positivi nel tuo sito Web Opencart senza sforzo.","application_category":[],"applications_title":"","applications_request_title":"","applications_request_button_text":"","hero_text":"","hero_video":"","hero_video_schema_markup":"","selling_points_title":"","selling_points_caption":"","selling_points":[],"selling_points_cta_text":"","features_title":"","features":"","ed_cta_examples_text":"","ed_cta_examples_hidden":"","ed_cta_demo_text":"","ed_cta_demo_hidden":"","why_caption":"","why_editor_title":"","why_editor_text":"","why_team_title":"","why_team_text":"","why_service_title":"","why_service_text":"","template_catalog_visible":"","template_catalog_title":"","template_catalog_text":"","template_catalog_categories_visible":"","demo_title":"Crea la tua estensione Testimonianze Slider","demo_caption":"Configura il tuo Slider Testimonianze e aggiungilo gratuitamente al tuo sito Web OpenCart!","default_faq_hidden":"","app_template_category":[],"platform":"41","template_public_id":"","codecanyon_url":"","codecanyon_item_id":"","codecanyon_price":"","pricing_caption":"","pricing_elfsight_apps_hide_column":"","pricing_elfsight_apps_url":"","pricing_codecanyon_price_caption":"","integration_category":[],"integration_request_title":"","integration_request_cta":"","integration_platform":"","integrations":[],"platform_category":[],"video_schema_markup":"","price":"da $ 0 al mese","trial":"","benefits":[{"text":"Assistenza per l'installazione gratuita"},{"text":"Supporto eccezionale"},{"text":"Garanzia di rimborso di 14 giorni"},{"text":"Miglioramenti a vita"}],"button_url":"#demo","button_target_blank":"","button_nofollow":"","attributes":[{"name":"Installazioni"},{"name":"Reattivo","content":"S\u00cc"},{"name":"Browser compatibili","content":"Firefox, Safari, Opera, Chrome, Edge"}],"tags":[],"tags_disable_links":"","hide_more_platforms":"","video_object":"","demo_hide_cta":"","demo_hide_cloud_options":"","pricing_title":"","pricing":[{"pricing_icon":"platform","pricing_title":"Elfsight Apps","pricing_title_caption":"Versione multipiattaforma adatta a qualsiasi sito web","pricing_price":"da $ 0 \/ mese","pricing_price_caption":"inizia con il piano gratuito","pricing_benefits":[{"text":"Siti web illimitati"},{"text":"Supporto dedicato"},{"text":"Servizio di installazione gratuito"},{"text":"100% personalizzabile"}],"pricing_button_text":"Aggiungi al sito web","pricing_button_url":"#demo"}],"related_apps_title":"","related_apps_hidden":"","author":"","image":[],"title":"","job":"","social_networks":[]},"_links":{"self":[{"href":"https:\/\/elfsight.com\/it\/wp-json\/wp\/v2\/pages\/6211","targetHints":{"allow":["GET"]}}],"collection":[{"href":"https:\/\/elfsight.com\/it\/wp-json\/wp\/v2\/pages"}],"about":[{"href":"https:\/\/elfsight.com\/it\/wp-json\/wp\/v2\/types\/page"}],"author":[{"embeddable":true,"href":"https:\/\/elfsight.com\/it\/wp-json\/wp\/v2\/users\/9"}],"replies":[{"embeddable":true,"href":"https:\/\/elfsight.com\/it\/wp-json\/wp\/v2\/comments?post=6211"}],"version-history":[{"count":1,"href":"https:\/\/elfsight.com\/it\/wp-json\/wp\/v2\/pages\/6211\/revisions"}],"predecessor-version":[{"id":6215,"href":"https:\/\/elfsight.com\/it\/wp-json\/wp\/v2\/pages\/6211\/revisions\/6215"}],"up":[{"embeddable":true,"href":"https:\/\/elfsight.com\/it\/wp-json\/wp\/v2\/pages\/1251"}],"wp:attachment":[{"href":"https:\/\/elfsight.com\/it\/wp-json\/wp\/v2\/media?parent=6211"}],"curies":[{"name":"wp","href":"https:\/\/api.w.org\/{rel}","templated":true}]}}