{"id":6205,"date":"1970-01-01T00:00:00","date_gmt":"1970-01-01T00:00:00","guid":{"rendered":"https:\/\/elfsight.com\/it\/?page_id=6205"},"modified":"2025-12-01T09:25:46","modified_gmt":"2025-12-01T09:25:46","slug":"webflow","status":"publish","type":"page","link":"https:\/\/elfsight.com\/it\/testimonials-slider-widget\/webflow\/","title":{"rendered":"Testimonials Slider &#8211; Webflow"},"content":{"rendered":"\n<div class=\"application-platform-content-item-description application-platform-content-item\" id=\"description\" data-nav-section=\"description\"><h2>Incorpora lo Slider delle testimonianze su Webflow con il widget Elfsight<\/h2><p>Lo Slider delle testimonianze \u00e8 un widget semplice per rivelare il feedback dei tuoi clienti su il tuo sito web personale. Sei libero di utilizzare tutti i tipi di prove sociali per rendere affidabili le testimonianze: nome dell&#8217;autore, foto, logo dell&#8217;organizzazione e persino un collegamento al sito web.<\/p><p><b>Aumenta la fiducia nel tuo servizio mostrando a i tuoi lettori feedback onesti e franchi al riguardo.<\/b><\/p><ul><li><b>Motivare gli utenti ad agire<\/b>.<br>Dimostrare recensioni autentiche degli utenti con una storia felice motiva i visitatori a condividerla esperienza e li stimola ad agire e ad aumentare il tuo livello di conversione.<\/li><li><b>Moltiplica la fiducia nel tuo sito<\/b>.<br>Mostra testimonianze dei tuoi clienti sul sito web e dimostra esempi di buona esperienza cliente per far crescere la fiducia nella tua azienda.<\/li><li><b>Mostra un&#8217;opinione autorevole<\/b>.<br>Hai clienti la cui opinione avr\u00e0 un forte effetto sul resto dei lettori? Costruisci testimonianze complete con informazioni sull&#8217;autore e aumenta il livello delle vendite.<\/li><\/ul><\/div><div class=\"application-platform-content-item-features application-platform-content-item\" id=\"features\" data-nav-section=\"features\"><h2>Caratteristiche principali del widget Testimonials Slider<\/h2><p> I tratti salienti, che trasformano il nostro Slider Testimonianze in un widget insostituibile per qualsiasi sito Webflow.<\/p><ul><li>Aumenta la credibilit\u00e0 con un collegamento al sito web dell&#8217;autore;<\/li><li>Inserisci un collegamento al sito web dell&#8217;autore per creare un&#8217;immagine solida;<\/li><li>Aggiungi il logo dell&#8217;azienda dell&#8217;autore per rendere le informazioni affidabili;<\/li><li>Per aggiungere fiducia, mostra il logo dell&#8217;azienda dell&#8217;autore.<\/li> <\/ul><p><a href=\"#demo\">Prova queste funzionalit\u00e0 nella demo live<\/a><\/p><\/div><div class=\"application-platform-content-item-installation application-platform-content-item\" id=\"installation\" data-nav-section=\"installation\"><h2>Come aggiungere testimonianze a Sito web Webflow<\/h2><div class=\"video-container\"><iframe width=\"720\" height=\"405\" src=\"\/\/www.youtube.com\/embed\/knpbylAiW60?si=aTRDeqbJS-HO9750\" frameborder=\"0\" allowfullscreen=\"\"><\/iframe><\/div><p>Il nostro widget \u00e8 estremamente semplice in termini di installazione e non richiede alcuna abilit\u00e0 nello sviluppo web. Il completamento delle istruzioni richieder\u00e0 solo non pi\u00f9 di 3 minuti.<\/p><ol><li><b>Progetta il tuo slider Testimonianze personalizzato.<\/b><br>Con l&#8217;aiuto del nostro editor gratuito, assembla un widget con aspetto e funzioni preferibili.<\/li><li><b>Ottieni il codice per l&#8217;integrazione del widget.<\/b><br>Dopo la creazione del widget, ricevi il codice per il widget Testimonianze dalla notifica visualizzata sulle app Elfsight .<\/li><li><b>Posiziona il widget sul sito Webflow.<\/b><br>Incorpora il widget nel punto desiderato della pagina e applica le modifiche.<\/li><li><b> Fatto!<\/b><br>Visita il tuo sito Webflow per vedere il tuo widget.<\/li><\/ol><p>Hai riscontrato problemi durante l&#8217;installazione o la configurazione del widget? Consulta le istruzioni dettagliate su <a href=\"https:\/\/elfsight.com\/tutorials\/how-to-add-testimonials-slider-widget-to-webflow\/\" target=\"_blank\" rel=\"noopener noreferrer\"> incorporamento dello Slider delle testimonianze in Webflow<\/a> o contatta il nostro Centro assistenza.<\/p><div class=\"faq\" data-component=\"FAQ\"> <div class=\"faq-item\">\r\n\t\t\t\t\t<div class=\"faq-item-question\">\r\n\t\t\t\t\t\t<h3 class=\"faq-item-question-text\">Come aggiungere lo Slider delle testimonianze al mio sito web Webflow senza competenze di codifica?<\/h3>\r\n\r\n\t\t\t\t\t\t<div class=\"faq-item-question-icon\"><\/div>\r\n\t\t\t\t\t<\/div>\r\n\r\n\t\t\t\t\t<div class=\"faq-item-answer\">\r\n\t\t\t\t\t\t<div class=\"faq-item-answer-text\"> <p>Elfsight fornisce un SaaS soluzione che ti consente di creare tu stesso un widget Testimonials Slider, scopri quanto \u00e8 semplice il processo: lavora direttamente nell&#8217;editor online per creare un widget Testimonials Slider che vorresti vedere sul tuo sito web Webflow. Scegli uno dei modelli predefiniti e regola le impostazioni del cursore Testimonianze, aggiungi i tuoi contenuti, modifica il layout e la combinazione di colori senza competenze di codifica. Salva lo slider delle testimonianze e copia il codice di installazione, che potrai incorporare facilmente nel tuo sito Webflow senza acquistare un abbonamento a pagamento. Con il nostro editor intuitivo qualsiasi utente di Internet pu\u00f2 creare il widget Testimonials Slider online e incorporarlo facilmente nel proprio sito Web Webflow. Non \u00e8 necessario pagare o inserire le credenziali della carta per accedere al servizio. In caso di problemi in qualsiasi momento, non esitate a contattare il nostro team di supporto tecnico.<\/p> <\/div>\r\n\t\t\t\t\t<\/div>\r\n\t\t\t\t<\/div> <\/div> <\/div>\n","protected":false},"excerpt":{"rendered":"","protected":false},"author":9,"featured_media":0,"parent":1251,"menu_order":0,"comment_status":"closed","ping_status":"closed","template":"templates\/template-application-platform.php","meta":{"publish_to_discourse":"","publish_post_category":"","wpdc_auto_publish_overridden":"","wpdc_topic_tags":"","wpdc_pin_topic":"","wpdc_pin_until":"","discourse_post_id":"","discourse_permalink":"","wpdc_publishing_response":"","wpdc_publishing_error":"","footnotes":""},"class_list":["post-6205","page","type-page","status-publish","hentry"],"yoast_head":"<!-- This site is optimized with the Yoast SEO plugin v25.3.1 - https:\/\/yoast.com\/wordpress\/plugins\/seo\/ -->\n<title>Dispositivo di scorrimento Testimonianze: aggiungi il widget Testimonianze al sito Web Webflow<\/title>\n<meta name=\"description\" content=\"Controlla il miglior widget Testimonianze Slider per Webflow totalmente gratuito. Un&#039;installazione facile e veloce senza esperienza nella programmazione in solo 1 minuto.\" \/>\n<meta name=\"robots\" content=\"index, follow, max-snippet:-1, max-image-preview:large, max-video-preview:-1\" \/>\n<link rel=\"canonical\" href=\"https:\/\/elfsight.com\/it\/testimonials-slider-widget\/webflow\/\" \/>\n<meta property=\"og:locale\" content=\"it_IT\" \/>\n<meta property=\"og:type\" content=\"article\" \/>\n<meta property=\"og:title\" content=\"Dispositivo di scorrimento Testimonianze: aggiungi il widget Testimonianze al sito Web Webflow\" \/>\n<meta property=\"og:description\" content=\"Controlla il miglior widget Testimonianze Slider per Webflow totalmente gratuito. Un&#039;installazione facile e veloce senza esperienza nella programmazione in solo 1 minuto.\" \/>\n<meta property=\"og:url\" content=\"https:\/\/elfsight.com\/it\/testimonials-slider-widget\/webflow\/\" \/>\n<meta property=\"og:site_name\" content=\"Elfsight IT\" \/>\n<meta property=\"article:modified_time\" content=\"2025-12-01T09:25:46+00:00\" \/>\n<meta name=\"twitter:card\" content=\"summary_large_image\" \/>\n<meta name=\"twitter:label1\" content=\"Tempo di lettura stimato\" \/>\n\t<meta name=\"twitter:data1\" content=\"3 minuti\" \/>\n<!-- \/ Yoast SEO plugin. -->","yoast_head_json":{"title":"Dispositivo di scorrimento Testimonianze: aggiungi il widget Testimonianze al sito Web Webflow","description":"Controlla il miglior widget Testimonianze Slider per Webflow totalmente gratuito. Un'installazione facile e veloce senza esperienza nella programmazione in solo 1 minuto.","robots":{"index":"index","follow":"follow","max-snippet":"max-snippet:-1","max-image-preview":"max-image-preview:large","max-video-preview":"max-video-preview:-1"},"canonical":"https:\/\/elfsight.com\/it\/testimonials-slider-widget\/webflow\/","og_locale":"it_IT","og_type":"article","og_title":"Dispositivo di scorrimento Testimonianze: aggiungi il widget Testimonianze al sito Web Webflow","og_description":"Controlla il miglior widget Testimonianze Slider per Webflow totalmente gratuito. Un'installazione facile e veloce senza esperienza nella programmazione in solo 1 minuto.","og_url":"https:\/\/elfsight.com\/it\/testimonials-slider-widget\/webflow\/","og_site_name":"Elfsight IT","article_modified_time":"2025-12-01T09:25:46+00:00","twitter_card":"summary_large_image","twitter_misc":{"Tempo di lettura stimato":"3 minuti"},"schema":{"@context":"https:\/\/schema.org","@graph":[{"@type":"WebPage","@id":"https:\/\/elfsight.com\/it\/testimonials-slider-widget\/webflow\/","url":"https:\/\/elfsight.com\/it\/testimonials-slider-widget\/webflow\/","name":"Dispositivo di scorrimento Testimonianze: aggiungi il widget Testimonianze al sito Web Webflow","isPartOf":{"@id":"https:\/\/elfsight.com\/it\/#website"},"datePublished":"1970-01-01T00:00:00+00:00","dateModified":"2025-12-01T09:25:46+00:00","description":"Controlla il miglior widget Testimonianze Slider per Webflow totalmente gratuito. Un'installazione facile e veloce senza esperienza nella programmazione in solo 1 minuto.","breadcrumb":{"@id":"https:\/\/elfsight.com\/it\/testimonials-slider-widget\/webflow\/#breadcrumb"},"inLanguage":"it-IT","potentialAction":[{"@type":"ReadAction","target":["https:\/\/elfsight.com\/it\/testimonials-slider-widget\/webflow\/"]}]},{"@type":"BreadcrumbList","@id":"https:\/\/elfsight.com\/it\/testimonials-slider-widget\/webflow\/#breadcrumb","itemListElement":[{"@type":"ListItem","position":1,"name":"Home","item":"https:\/\/elfsight.com\/it\/"},{"@type":"ListItem","position":2,"name":"Testimonials Slider","item":"https:\/\/elfsight.com\/it\/testimonials-slider-widget\/"},{"@type":"ListItem","position":3,"name":"Testimonials Slider &#8211; Webflow"}]},{"@type":"WebSite","@id":"https:\/\/elfsight.com\/it\/#website","url":"https:\/\/elfsight.com\/it\/","name":"Elfsight IT","description":"Just another Elfsight Sites site","potentialAction":[{"@type":"SearchAction","target":{"@type":"EntryPoint","urlTemplate":"https:\/\/elfsight.com\/it\/?s={search_term_string}"},"query-input":{"@type":"PropertyValueSpecification","valueRequired":true,"valueName":"search_term_string"}}],"inLanguage":"it-IT"}]}},"meta_box":{"industry":"","seo_heading":"","heading":"","description":"","cta_heading":"","cta_description":"","application":"1655","h1":"Widget Slider testimonianze per Webflow","h1_caption":"Visualizza le testimonianze dei clienti in un cursore rotante per creare credibilit\u00e0 e mostrare feedback positivi nel tuo sito Web Webflow senza sforzo.","application_category":[],"applications_title":"","applications_request_title":"","applications_request_button_text":"","hero_text":"","hero_video":"","hero_video_schema_markup":"","selling_points_title":"","selling_points_caption":"","selling_points":[],"selling_points_cta_text":"","features_title":"","features":"","ed_cta_examples_text":"","ed_cta_examples_hidden":"","ed_cta_demo_text":"","ed_cta_demo_hidden":"","why_caption":"","why_editor_title":"","why_editor_text":"","why_team_title":"","why_team_text":"","why_service_title":"","why_service_text":"","template_catalog_visible":"0","template_catalog_title":"","template_catalog_text":"","template_catalog_categories_visible":"","demo_title":"Crea il tuo widget Slider testimonianze","demo_caption":"Configura il tuo Slider Testimonianze e aggiungilo gratuitamente al tuo sito Webflow!","default_faq_hidden":"","app_template_category":[],"platform":"44","template_public_id":"","codecanyon_url":"","codecanyon_item_id":"","codecanyon_price":"","pricing_caption":"","pricing_elfsight_apps_hide_column":"","pricing_elfsight_apps_url":"","pricing_codecanyon_price_caption":"","integration_category":[],"integration_request_title":"","integration_request_cta":"","integration_platform":"","integrations":[],"platform_category":[],"video_schema_markup":"","price":"da $ 0 al mese","trial":"","benefits":[{"text":"Assistenza gratuita per l'installazione"},{"text":"Team di supporto competente"},{"text":"Garanzia di rimborso di 14 giorni"},{"text":"Miglioramenti a vita"}],"button_url":"#demo","button_target_blank":"0","button_nofollow":"0","attributes":[{"name":"Installazioni"},{"name":"Reattivo","content":"S\u00cc"},{"name":"Browser compatibili","content":"Firefox, Safari, Opera, Chrome, Edge"}],"tags":[],"tags_disable_links":"0","hide_more_platforms":"0","video_object":"","demo_hide_cta":"0","demo_hide_cloud_options":"0","pricing_title":"","pricing":[{"pricing_icon":"platform","pricing_title":"Elfsight Apps","pricing_title_caption":"Software multipiattaforma adatto a qualsiasi sito web","pricing_price":"da $ 0 \/ mese","pricing_price_caption":"inizia con il piano gratuito","pricing_benefits":[{"text":"Siti web illimitati"},{"text":"Assistenza gratuita e puntuale"},{"text":"Servizio di installazione gratuito"},{"text":"Prezzo speciale per pi\u00f9 app"}],"pricing_button_text":"Aggiungi al sito web","pricing_button_url":"#demo"}],"related_apps_title":"","related_apps_hidden":"0","author":"","image":[],"title":"","job":"","social_networks":[]},"_links":{"self":[{"href":"https:\/\/elfsight.com\/it\/wp-json\/wp\/v2\/pages\/6205","targetHints":{"allow":["GET"]}}],"collection":[{"href":"https:\/\/elfsight.com\/it\/wp-json\/wp\/v2\/pages"}],"about":[{"href":"https:\/\/elfsight.com\/it\/wp-json\/wp\/v2\/types\/page"}],"author":[{"embeddable":true,"href":"https:\/\/elfsight.com\/it\/wp-json\/wp\/v2\/users\/9"}],"replies":[{"embeddable":true,"href":"https:\/\/elfsight.com\/it\/wp-json\/wp\/v2\/comments?post=6205"}],"version-history":[{"count":4,"href":"https:\/\/elfsight.com\/it\/wp-json\/wp\/v2\/pages\/6205\/revisions"}],"predecessor-version":[{"id":10552,"href":"https:\/\/elfsight.com\/it\/wp-json\/wp\/v2\/pages\/6205\/revisions\/10552"}],"up":[{"embeddable":true,"href":"https:\/\/elfsight.com\/it\/wp-json\/wp\/v2\/pages\/1251"}],"wp:attachment":[{"href":"https:\/\/elfsight.com\/it\/wp-json\/wp\/v2\/media?parent=6205"}],"curies":[{"name":"wp","href":"https:\/\/api.w.org\/{rel}","templated":true}]}}