{"id":6202,"date":"1970-01-01T00:00:00","date_gmt":"1970-01-01T00:00:00","guid":{"rendered":"https:\/\/elfsight.com\/it\/?page_id=6202"},"modified":"2025-12-01T10:08:36","modified_gmt":"2025-12-01T10:08:36","slug":"wix","status":"publish","type":"page","link":"https:\/\/elfsight.com\/it\/testimonials-slider-widget\/wix\/","title":{"rendered":"Testimonials Slider &#8211; Wix"},"content":{"rendered":"\n<div class=\"application-platform-content-item-description application-platform-content-item\" id=\"description\" data-nav-section=\"description\"><h2>Descrizione<\/h2><p>Testimonials Slider \u00e8 un&#8217;app eccezionale per aggiungere testimonianze dei tuoi clienti sul tuo sito web. Sei libero di utilizzare qualsiasi tipo di prova sociale per rendere attendibili le testimonianze: nome dell&#8217;autore, foto, logo commerciale dell&#8217;azienda e persino un collegamento al sito.<\/p><p><b>Aumenta la fiducia nella tua persona azienda mostrando ai lettori le tue recensioni oneste e positive.<\/b><\/p><ul><li><b>Forte prova sociale<\/b>. Un collegamento dal feedback a Facebook, LinkedIn o al blog dell&#8217;autore \u00e8 un punto di forza per i lettori, che aumenter\u00e0 la credibilit\u00e0 e dimostrer\u00e0 che ci si pu\u00f2 fidare della tua attivit\u00e0.<\/li><li><b>Conversione del livello fino al 200%<\/b>. Trasforma il tuo feedback in un punto decisionale, rivelandolo proprio nel momento in cui gli spettatori prendono la loro decisione in merito all&#8217;ordine o all&#8217;abbonamento.<\/li><li><b>Mostra la valutazione degli esperti<\/b>. Hai clienti, la cui visione influenzer\u00e0 gli altri visitatori? Usalo per configurare testimonianze dettagliate con dati completi sull&#8217;autore e aumentare il livello di vendita.<\/li><\/ul><\/div><div class=\"application-platform-content-item-features application-platform-content-item\" id=\"features\" data-nav-section=\"features\"><h2>Caratteristiche<\/h2><p>Le principali aspetti, che trasformano il nostro slider Testimonianze in un&#8217;app essenziale per qualsiasi sito Wix.<\/p><ul><li>Utilizza l&#8217;URL del profilo Facebook o Twitter per dimostrare che l&#8217;autore \u00e8 nella vita reale;<\/li><li>Completo layout in larghezza per conferirgli un aspetto apparente;<\/li><li>Utilizzare didascalie per il nome dell&#8217;azienda, la posizione e altri dati;<\/li><li>Aumentare la credibilit\u00e0 con un collegamento al sito Web dell&#8217;autore.<\/li><\/ul><p><a href=\"#demo\">Prova queste funzionalit\u00e0 nella demo live<\/a><\/p><\/div><div class=\"application-platform-content-item-installation application-platform-content-item\" id=\"installation\" data-nav-section=\"installation\"><h2>Come aggiungere testimonianze al sito web Wix<\/h2><div class=\"video-container\"><iframe width=\"560\" height=\"315\" src=\"https:\/\/www.youtube.com\/embed\/wPy3rhKiWCI?si=jykCohJOey4o-HoA\" frameborder=\"0\" allow=\"accelerometer; autoplay; clipboard-write; encrypted-media; gyroscope; picture-in-picture; web-share\" allowfullscreen><\/iframe><\/div><p>Il nostro widget \u00e8 semplice in termini di installazione e non richiede alcuna conoscenza di sviluppo. Il completamento della guida richieder\u00e0 solo non pi\u00f9 di 2 minuti.<\/p><ol><li><b>Costruisci il tuo dispositivo di scorrimento delle testimonianze personalizzato<\/b>.<br>Utilizzando il nostro <a href=\"#demo\">configuratore gratuito<\/a>, crea un widget con il design e le funzioni desiderate.<\/li><li><b>Acquisisci un codice per configurare l&#8217;app<\/b>.<br>Dopo l&#8217;impostazione del widget, ottieni un codice per il widget Testimonianze dalla finestra popup sulle app Elfsight.<\/li><li><b>Posiziona l&#8217;app sul sito Wix<\/b>.<br>Posiziona il widget nella posizione necessaria del sito Web e pubblica i risultati. <\/li><li><b>La configurazione \u00e8 completata!<\/b><br>Entra nel tuo sito web per controllare il tuo lavoro.<\/li><\/ol><p>Ho riscontrato difficolt\u00e0 durante l&#8217;incorporamento o la configurazione del app? Leggi il tutorial completo sulla <a href=\"https:\/\/elfsight.com\/tutorials\/how-to-add-testimonials-slider-widget-to-wix\/\" target=\"_blank\" rel=\"noopener noreferrer\">visualizzazione Slider testimonianze su Wix<\/a> o contatta il nostro Centro supporto.<\/p><div class=\"faq\" data-component=\"FAQ\"> <div class=\"faq-item\">\r\n\t\t\t\t\t<div class=\"faq-item-question\">\r\n\t\t\t\t\t\t<h3 class=\"faq-item-question-text\">Come aggiungere Slider testimonianze al mio sito Web Wix senza competenze di codifica?<\/h3>\r\n\r\n\t\t\t\t\t\t<div class=\"faq-item-question-icon\"><\/div>\r\n\t\t\t\t\t<\/div>\r\n\r\n\t\t\t\t\t<div class=\"faq-item-answer\">\r\n\t\t\t\t\t\t<div class=\"faq-item-answer-text\"> <p>Elfsight fornisce una soluzione SaaS che ti consente di creare tu stesso un widget Slider testimonianze, scopri quanto \u00e8 semplice il processo: lavora direttamente nell&#8217;editor online per creare un widget Slider testimonianze che vorresti vedere sul tuo sito web Wix. Scegli uno dei modelli predefiniti e regola le impostazioni del cursore Testimonianze, aggiungi i tuoi contenuti, modifica il layout e i colori senza competenze di codifica. Salva lo slider delle testimonianze e copia il codice di installazione, che potrai incollare facilmente nel tuo sito Wix senza acquistare un abbonamento a pagamento. Con il nostro editor intuitivo qualsiasi utente di Internet pu\u00f2 creare widget Slider testimonianze online e incorporarlo facilmente nel proprio sito Web Wix. Non \u00e8 necessario pagare o inserire le credenziali della carta per accedere al servizio. In caso di problemi in qualsiasi momento, non esitate a contattare il nostro team di supporto tecnico.<\/p> <\/div>\r\n\t\t\t\t\t<\/div>\r\n\t\t\t\t<\/div> <\/div> <\/div>\n","protected":false},"excerpt":{"rendered":"","protected":false},"author":9,"featured_media":0,"parent":1251,"menu_order":0,"comment_status":"closed","ping_status":"closed","template":"templates\/template-application-platform.php","meta":{"publish_to_discourse":"","publish_post_category":"","wpdc_auto_publish_overridden":"","wpdc_topic_tags":"","wpdc_pin_topic":"","wpdc_pin_until":"","discourse_post_id":"","discourse_permalink":"","wpdc_publishing_response":"","wpdc_publishing_error":"","footnotes":""},"class_list":["post-6202","page","type-page","status-publish","hentry"],"yoast_head":"<!-- This site is optimized with the Yoast SEO plugin v25.3.1 - https:\/\/yoast.com\/wordpress\/plugins\/seo\/ -->\n<title>Dispositivo di scorrimento Testimonianze: aggiungi l&#039;app Testimonianze al sito Web WIX<\/title>\n<meta name=\"description\" content=\"Prova gratuitamente la migliore app Slider testimonianze per Wix. Una configurazione semplice e veloce senza che sia richiesta alcuna conoscenza nello sviluppo web - in solo 1 minuto.\" \/>\n<meta name=\"robots\" content=\"index, follow, max-snippet:-1, max-image-preview:large, max-video-preview:-1\" \/>\n<link rel=\"canonical\" href=\"https:\/\/elfsight.com\/it\/testimonials-slider-widget\/wix\/\" \/>\n<meta property=\"og:locale\" content=\"it_IT\" \/>\n<meta property=\"og:type\" content=\"article\" \/>\n<meta property=\"og:title\" content=\"Dispositivo di scorrimento Testimonianze: aggiungi l&#039;app Testimonianze al sito Web WIX\" \/>\n<meta property=\"og:description\" content=\"Prova gratuitamente la migliore app Slider testimonianze per Wix. Una configurazione semplice e veloce senza che sia richiesta alcuna conoscenza nello sviluppo web - in solo 1 minuto.\" \/>\n<meta property=\"og:url\" content=\"https:\/\/elfsight.com\/it\/testimonials-slider-widget\/wix\/\" \/>\n<meta property=\"og:site_name\" content=\"Elfsight IT\" \/>\n<meta property=\"article:modified_time\" content=\"2025-12-01T10:08:36+00:00\" \/>\n<meta name=\"twitter:card\" content=\"summary_large_image\" \/>\n<meta name=\"twitter:label1\" content=\"Tempo di lettura stimato\" \/>\n\t<meta name=\"twitter:data1\" content=\"3 minuti\" \/>\n<!-- \/ Yoast SEO plugin. -->","yoast_head_json":{"title":"Dispositivo di scorrimento Testimonianze: aggiungi l'app Testimonianze al sito Web WIX","description":"Prova gratuitamente la migliore app Slider testimonianze per Wix. Una configurazione semplice e veloce senza che sia richiesta alcuna conoscenza nello sviluppo web - in solo 1 minuto.","robots":{"index":"index","follow":"follow","max-snippet":"max-snippet:-1","max-image-preview":"max-image-preview:large","max-video-preview":"max-video-preview:-1"},"canonical":"https:\/\/elfsight.com\/it\/testimonials-slider-widget\/wix\/","og_locale":"it_IT","og_type":"article","og_title":"Dispositivo di scorrimento Testimonianze: aggiungi l'app Testimonianze al sito Web WIX","og_description":"Prova gratuitamente la migliore app Slider testimonianze per Wix. Una configurazione semplice e veloce senza che sia richiesta alcuna conoscenza nello sviluppo web - in solo 1 minuto.","og_url":"https:\/\/elfsight.com\/it\/testimonials-slider-widget\/wix\/","og_site_name":"Elfsight IT","article_modified_time":"2025-12-01T10:08:36+00:00","twitter_card":"summary_large_image","twitter_misc":{"Tempo di lettura stimato":"3 minuti"},"schema":{"@context":"https:\/\/schema.org","@graph":[{"@type":"WebPage","@id":"https:\/\/elfsight.com\/it\/testimonials-slider-widget\/wix\/","url":"https:\/\/elfsight.com\/it\/testimonials-slider-widget\/wix\/","name":"Dispositivo di scorrimento Testimonianze: aggiungi l'app Testimonianze al sito Web WIX","isPartOf":{"@id":"https:\/\/elfsight.com\/it\/#website"},"datePublished":"1970-01-01T00:00:00+00:00","dateModified":"2025-12-01T10:08:36+00:00","description":"Prova gratuitamente la migliore app Slider testimonianze per Wix. Una configurazione semplice e veloce senza che sia richiesta alcuna conoscenza nello sviluppo web - in solo 1 minuto.","breadcrumb":{"@id":"https:\/\/elfsight.com\/it\/testimonials-slider-widget\/wix\/#breadcrumb"},"inLanguage":"it-IT","potentialAction":[{"@type":"ReadAction","target":["https:\/\/elfsight.com\/it\/testimonials-slider-widget\/wix\/"]}]},{"@type":"BreadcrumbList","@id":"https:\/\/elfsight.com\/it\/testimonials-slider-widget\/wix\/#breadcrumb","itemListElement":[{"@type":"ListItem","position":1,"name":"Home","item":"https:\/\/elfsight.com\/it\/"},{"@type":"ListItem","position":2,"name":"Testimonials Slider","item":"https:\/\/elfsight.com\/it\/testimonials-slider-widget\/"},{"@type":"ListItem","position":3,"name":"Testimonials Slider &#8211; Wix"}]},{"@type":"WebSite","@id":"https:\/\/elfsight.com\/it\/#website","url":"https:\/\/elfsight.com\/it\/","name":"Elfsight IT","description":"Just another Elfsight Sites site","potentialAction":[{"@type":"SearchAction","target":{"@type":"EntryPoint","urlTemplate":"https:\/\/elfsight.com\/it\/?s={search_term_string}"},"query-input":{"@type":"PropertyValueSpecification","valueRequired":true,"valueName":"search_term_string"}}],"inLanguage":"it-IT"}]}},"meta_box":{"industry":"","seo_heading":"","heading":"","description":"","cta_heading":"","cta_description":"","application":"1655","h1":"App Slider per testimonianze per Wix","h1_caption":"Visualizza le testimonianze dei clienti in un dispositivo di scorrimento rotante per creare credibilit\u00e0 e mostrare feedback positivi nel tuo sito Web Wix senza sforzo.","application_category":[],"applications_title":"","applications_request_title":"","applications_request_button_text":"","hero_text":"","hero_video":"","hero_video_schema_markup":"","selling_points_title":"","selling_points_caption":"","selling_points":[],"selling_points_cta_text":"","features_title":"","features":"","ed_cta_examples_text":"","ed_cta_examples_hidden":"","ed_cta_demo_text":"","ed_cta_demo_hidden":"","why_caption":"","why_editor_title":"","why_editor_text":"","why_team_title":"","why_team_text":"","why_service_title":"","why_service_text":"","template_catalog_visible":"0","template_catalog_title":"","template_catalog_text":"","template_catalog_categories_visible":"","demo_title":"Crea la tua app Slider testimonianze","demo_caption":"Configura il tuo Slider Testimonianze e aggiungilo gratuitamente al tuo sito Wix!","default_faq_hidden":"","app_template_category":[],"platform":"29","template_public_id":"","codecanyon_url":"","codecanyon_item_id":"","codecanyon_price":"","pricing_caption":"","pricing_elfsight_apps_hide_column":"","pricing_elfsight_apps_url":"","pricing_codecanyon_price_caption":"","integration_category":[],"integration_request_title":"","integration_request_cta":"","integration_platform":"","integrations":[],"platform_category":[],"video_schema_markup":"","price":"da $ 0 al mese","trial":"","benefits":[{"text":"Servizio di installazione gratuito"},{"text":"Assistenza clienti con esperienza"},{"text":"Garanzia di rimborso di 14 giorni"},{"text":"Aggiornamenti regolari"}],"button_url":"#demo","button_target_blank":"0","button_nofollow":"0","attributes":[{"name":"Installazioni"},{"name":"Reattivo","content":"S\u00cc"},{"name":"Browser compatibili","content":"Opera, Firefox, Edge, Safari, Chrome"}],"tags":[],"tags_disable_links":"0","hide_more_platforms":"0","video_object":"","demo_hide_cta":"0","demo_hide_cloud_options":"0","pricing_title":"","pricing":[{"pricing_icon":"platform","pricing_title":"Elfsight Apps","pricing_title_caption":"Versione multipiattaforma","pricing_price":"da $ 0 \/ mese","pricing_price_caption":"inizia con il piano gratuito","pricing_benefits":[{"text":"Domini illimitati"},{"text":"Supporto veloce"},{"text":"Aiuto per l'installazione gratuito"},{"text":"Offerta speciale per pi\u00f9 app"}],"pricing_button_text":"Aggiungi al sito web","pricing_button_url":"#demo"}],"related_apps_title":"","related_apps_hidden":"0","author":"","image":[],"title":"","job":"","social_networks":[]},"_links":{"self":[{"href":"https:\/\/elfsight.com\/it\/wp-json\/wp\/v2\/pages\/6202","targetHints":{"allow":["GET"]}}],"collection":[{"href":"https:\/\/elfsight.com\/it\/wp-json\/wp\/v2\/pages"}],"about":[{"href":"https:\/\/elfsight.com\/it\/wp-json\/wp\/v2\/types\/page"}],"author":[{"embeddable":true,"href":"https:\/\/elfsight.com\/it\/wp-json\/wp\/v2\/users\/9"}],"replies":[{"embeddable":true,"href":"https:\/\/elfsight.com\/it\/wp-json\/wp\/v2\/comments?post=6202"}],"version-history":[{"count":4,"href":"https:\/\/elfsight.com\/it\/wp-json\/wp\/v2\/pages\/6202\/revisions"}],"predecessor-version":[{"id":10555,"href":"https:\/\/elfsight.com\/it\/wp-json\/wp\/v2\/pages\/6202\/revisions\/10555"}],"up":[{"embeddable":true,"href":"https:\/\/elfsight.com\/it\/wp-json\/wp\/v2\/pages\/1251"}],"wp:attachment":[{"href":"https:\/\/elfsight.com\/it\/wp-json\/wp\/v2\/media?parent=6202"}],"curies":[{"name":"wp","href":"https:\/\/api.w.org\/{rel}","templated":true}]}}