{"id":6196,"date":"1970-01-01T00:00:00","date_gmt":"1970-01-01T00:00:00","guid":{"rendered":"https:\/\/elfsight.com\/it\/?page_id=6196"},"modified":"2025-03-20T08:06:19","modified_gmt":"2025-03-20T08:06:19","slug":"jquery","status":"publish","type":"page","link":"https:\/\/elfsight.com\/it\/testimonials-slider-widget\/jquery\/","title":{"rendered":"Testimonials Slider &#8211; jQuery"},"content":{"rendered":"\n<div class=\"application-platform-content-item-description application-platform-content-item\" id=\"description\" data-nav-section=\"description\"><h2>Descrizione<\/h2><p>Slider testimonianze \u2013 un plugin eccezionale per mostrare le recensioni dei tuoi clienti sul tuo sito web personale. Puoi allegare qualsiasi prova sociale per rendere attendibili le testimonianze: nome dell&#8217;autore, immagine, logo commerciale dell&#8217;organizzazione e persino un collegamento al sito.<\/p><p><b>Aumenta la fiducia nel tuo servizio dimostrando ai visitatori il tuo recensioni reali e brillanti.<\/b><\/p><ul><li><b>Crea testimonianze perfettamente affidabili<\/b>.<br>Rivela tutte le informazioni sull&#8217;autore di tutte le recensioni, tra cui: nome, azienda, dimostrare ai visitatori che hanno a che fare con testimonianze di clienti reali.<\/li><li><b>Stimolare gli utenti all&#8217;acquisto<\/b>.<br>Mostrare recensioni di utenti autentici con un&#8217;esperienza felice ispira i clienti a condividere queste impressioni e li motiva ad acquistare e ad aumentare la tua conversione.<\/li><li><b>Un&#8217;altra prova sociale<\/b>.<br>Un collegamento dalla recensione a Facebook, LinkedIn o al sito web dell&#8217;autore \u00e8 un segno di affidabilit\u00e0 per gli utenti, il che aumenter\u00e0 la credibilit\u00e0 e dimostrer\u00e0 che la tua attivit\u00e0 \u00e8 vera.<\/li><li><b>Aumenta la conversione fino al 200%<\/b>.<br>Trasforma le tue testimonianze nell&#8217;argomento cruciale, mostrandole correttamente dove gli spettatori prendono la loro decisione sull&#8217;acquisto o sulla registrazione.<\/li><\/ul><\/div><div class=\"faq\" data-component=\"FAQ\"><div class=\"faq-item\">\r\n\t\t\t\t\t<div class=\"faq-item-question\">\r\n\t\t\t\t\t\t<h3 class=\"faq-item-question-text\">In che modo incorporo uno slider delle testimonianze nel sito jQuery? <\/h3>\r\n\r\n\t\t\t\t\t\t<div class=\"faq-item-question-icon\"><\/div>\r\n\t\t\t\t\t<\/div>\r\n\r\n\t\t\t\t\t<div class=\"faq-item-answer\">\r\n\t\t\t\t\t\t<div class=\"faq-item-answer-text\"><p>La creazione dello strumento avviene all&#8217;interno del sito web Elfsight e non \u00e8 necessario imparare a programmare. Apri la demo online per personalizzare il tuo strumento, ottieni il codice e incollalo nel tuo sito. <\/p><\/div>\r\n\t\t\t\t\t<\/div>\r\n\t\t\t\t<\/div><div class=\"faq-item\">\r\n\t\t\t\t\t<div class=\"faq-item-question\">\r\n\t\t\t\t\t\t<h3 class=\"faq-item-question-text\">I modi migliori per utilizzare l'integrazione dei widget di feedback<\/h3>\r\n\r\n\t\t\t\t\t\t<div class=\"faq-item-question-icon\"><\/div>\r\n\t\t\t\t\t<\/div>\r\n\r\n\t\t\t\t\t<div class=\"faq-item-answer\">\r\n\t\t\t\t\t\t<div class=\"faq-item-answer-text\"><p>Abbiamo molte opportunit\u00e0 di personalizzazione: widget a grandezza naturale da implementare nell&#8217;area dei contenuti, widget mobili per opportunit\u00e0 di scorrimento, layout per il pi\u00e8 di pagina, la sezione principale e tutti i tipi di opzioni verticali per le barre laterali e i menu del sito web <\/p><\/div>\r\n\t\t\t\t\t<\/div>\r\n\t\t\t\t<\/div><div class=\"faq-item\">\r\n\t\t\t\t\t<div class=\"faq-item-question\">\r\n\t\t\t\t\t\t<h3 class=\"faq-item-question-text\">Posso creare uno slider per le carte o le testimonianze del carosello tramite l'agenzia dell'editore? <\/h3>\r\n\r\n\t\t\t\t\t\t<div class=\"faq-item-question-icon\"><\/div>\r\n\t\t\t\t\t<\/div>\r\n\r\n\t\t\t\t\t<div class=\"faq-item-answer\">\r\n\t\t\t\t\t\t<div class=\"faq-item-answer-text\"><p>Sei libero di creare qualsiasi variante del widget. Ci sono molti layout disponibili nell&#8217;editor e tutti possono essere rapidamente regolati nel modo desiderato. <\/p><\/div>\r\n\t\t\t\t\t<\/div>\r\n\t\t\t\t<\/div><\/div><div class=\"application-platform-content-item-features application-platform-content-item\" id=\"features\" data-nav-section=\"features\"><h2>Caratteristiche<\/h2><p>I tratti salienti, che trasformano Elfsight Testimonials Slider in un plugin insostituibile per qualsiasi sito jQuery.<\/p><ul><li>Reattivo e adatto a qualsiasi design;<\/li><li>Visualizzare il nome e la foto dell&#8217;autore per una maggiore fiducia;<\/li><li>Aumentare la credibilit\u00e0 con un collegamento al sito Web dell&#8217;autore;<\/li><li>Layout Slider, Grid, Carousel e Rotator per un&#8217;ampia gamma di casi d&#8217;uso;<\/li><li>Utilizza l&#8217;URL del profilo Facebook o Twitter per dimostrare che l&#8217;autore \u00e8 nella vita reale.<\/li><\/ul><p><a href=\"#demo\"> Altre funzionalit\u00e0 in un editor gratuito<\/a><\/p><\/div><div class=\"application-platform-content-item-installation application-platform-content-item\" id=\"installation\" data-nav-section=\"installation\"><h2>Come aggiungere il plugin Testimonials Slider al sito web jQuery<\/h2><p>Il plugin Elfsight \u00e8 intuitivo termini di installazione e non richiede alcuna conoscenza di programmazione. La realizzazione del tutorial durer\u00e0 solo pochi minuti.<\/p><ol><li><b>Costruisci il tuo slider di testimonianze personalizzato<\/b>.<br>Con l&#8217;aiuto della nostra demo gratuita, un plugin con modello necessario (Carosello, Rotatore, Griglia o ecc.) e opzioni.<\/li><li><b>Ricevi un codice per visualizzare il plug-in<\/b>.<br>Dopo l&#8217;ottimizzazione del widget, ricevi un codice per Testimonianze dal finestra apparsa su Elfsight Apps.<\/li><li><b>Mostra il plugin sul sito web jQuery<\/b>.<br>Visualizza il plugin nella posizione desiderata della pagina e applica le modifiche.<\/li><li><b>L&#8217;integrazione ha avuto successo!<\/b>.<br>Entra nel tuo sito web jQuery per controllare il tuo lavoro.<\/li><\/ol><p>Hai riscontrato domande durante l&#8217;aggiunta o la modifica del plug-in delle testimonianze? Contatta il nostro Centro assistenza.<\/p><\/div>\n","protected":false},"excerpt":{"rendered":"","protected":false},"author":9,"featured_media":0,"parent":1251,"menu_order":0,"comment_status":"closed","ping_status":"closed","template":"templates\/template-application-platform.php","meta":{"publish_to_discourse":"","publish_post_category":"","wpdc_auto_publish_overridden":"","wpdc_topic_tags":"","wpdc_pin_topic":"","wpdc_pin_until":"","discourse_post_id":"","discourse_permalink":"","wpdc_publishing_response":"","wpdc_publishing_error":"","footnotes":""},"class_list":["post-6196","page","type-page","status-publish","hentry"],"yoast_head":"<!-- This site is optimized with the Yoast SEO plugin v25.3.1 - https:\/\/yoast.com\/wordpress\/plugins\/seo\/ -->\n<title>Slider testimonianze - Plug-in reattivo per lo slider delle testimonianze jQuery<\/title>\n<meta name=\"description\" content=\"Prova gratuitamente il plugin reattivo Testimonials Slider per jQuery. Una configurazione facile e veloce, +7 modelli (rotatore, carosello ecc.) e altri bonus.\" \/>\n<meta name=\"robots\" content=\"index, follow, max-snippet:-1, max-image-preview:large, max-video-preview:-1\" \/>\n<link rel=\"canonical\" href=\"https:\/\/elfsight.com\/it\/testimonials-slider-widget\/jquery\/\" \/>\n<meta property=\"og:locale\" content=\"it_IT\" \/>\n<meta property=\"og:type\" content=\"article\" \/>\n<meta property=\"og:title\" content=\"Slider testimonianze - Plug-in reattivo per lo slider delle testimonianze jQuery\" \/>\n<meta property=\"og:description\" content=\"Prova gratuitamente il plugin reattivo Testimonials Slider per jQuery. Una configurazione facile e veloce, +7 modelli (rotatore, carosello ecc.) e altri bonus.\" \/>\n<meta property=\"og:url\" content=\"https:\/\/elfsight.com\/it\/testimonials-slider-widget\/jquery\/\" \/>\n<meta property=\"og:site_name\" content=\"Elfsight IT\" \/>\n<meta property=\"article:modified_time\" content=\"2025-03-20T08:06:19+00:00\" \/>\n<meta name=\"twitter:card\" content=\"summary_large_image\" \/>\n<meta name=\"twitter:label1\" content=\"Tempo di lettura stimato\" \/>\n\t<meta name=\"twitter:data1\" content=\"3 minuti\" \/>\n<!-- \/ Yoast SEO plugin. -->","yoast_head_json":{"title":"Slider testimonianze - Plug-in reattivo per lo slider delle testimonianze jQuery","description":"Prova gratuitamente il plugin reattivo Testimonials Slider per jQuery. Una configurazione facile e veloce, +7 modelli (rotatore, carosello ecc.) e altri bonus.","robots":{"index":"index","follow":"follow","max-snippet":"max-snippet:-1","max-image-preview":"max-image-preview:large","max-video-preview":"max-video-preview:-1"},"canonical":"https:\/\/elfsight.com\/it\/testimonials-slider-widget\/jquery\/","og_locale":"it_IT","og_type":"article","og_title":"Slider testimonianze - Plug-in reattivo per lo slider delle testimonianze jQuery","og_description":"Prova gratuitamente il plugin reattivo Testimonials Slider per jQuery. Una configurazione facile e veloce, +7 modelli (rotatore, carosello ecc.) e altri bonus.","og_url":"https:\/\/elfsight.com\/it\/testimonials-slider-widget\/jquery\/","og_site_name":"Elfsight IT","article_modified_time":"2025-03-20T08:06:19+00:00","twitter_card":"summary_large_image","twitter_misc":{"Tempo di lettura stimato":"3 minuti"},"schema":{"@context":"https:\/\/schema.org","@graph":[{"@type":"WebPage","@id":"https:\/\/elfsight.com\/it\/testimonials-slider-widget\/jquery\/","url":"https:\/\/elfsight.com\/it\/testimonials-slider-widget\/jquery\/","name":"Slider testimonianze - Plug-in reattivo per lo slider delle testimonianze jQuery","isPartOf":{"@id":"https:\/\/elfsight.com\/it\/#website"},"datePublished":"1970-01-01T00:00:00+00:00","dateModified":"2025-03-20T08:06:19+00:00","description":"Prova gratuitamente il plugin reattivo Testimonials Slider per jQuery. Una configurazione facile e veloce, +7 modelli (rotatore, carosello ecc.) e altri bonus.","breadcrumb":{"@id":"https:\/\/elfsight.com\/it\/testimonials-slider-widget\/jquery\/#breadcrumb"},"inLanguage":"it-IT","potentialAction":[{"@type":"ReadAction","target":["https:\/\/elfsight.com\/it\/testimonials-slider-widget\/jquery\/"]}]},{"@type":"BreadcrumbList","@id":"https:\/\/elfsight.com\/it\/testimonials-slider-widget\/jquery\/#breadcrumb","itemListElement":[{"@type":"ListItem","position":1,"name":"Home","item":"https:\/\/elfsight.com\/it\/"},{"@type":"ListItem","position":2,"name":"Testimonials Slider","item":"https:\/\/elfsight.com\/it\/testimonials-slider-widget\/"},{"@type":"ListItem","position":3,"name":"Testimonials Slider &#8211; jQuery"}]},{"@type":"WebSite","@id":"https:\/\/elfsight.com\/it\/#website","url":"https:\/\/elfsight.com\/it\/","name":"Elfsight IT","description":"Just another Elfsight Sites site","potentialAction":[{"@type":"SearchAction","target":{"@type":"EntryPoint","urlTemplate":"https:\/\/elfsight.com\/it\/?s={search_term_string}"},"query-input":{"@type":"PropertyValueSpecification","valueRequired":true,"valueName":"search_term_string"}}],"inLanguage":"it-IT"}]}},"meta_box":{"industry":"","seo_heading":"","heading":"","description":"","cta_heading":"","cta_description":"","application":"1655","h1":"Plug-in reattivo per lo slider delle testimonianze di jQuery","h1_caption":"Visualizza le testimonianze dei clienti in un dispositivo di scorrimento rotante per creare credibilit\u00e0 e mostrare feedback positivi nel tuo sito Web jQuery senza sforzo.","application_category":[],"applications_title":"","applications_request_title":"","applications_request_button_text":"","hero_text":"","hero_video":"","hero_video_schema_markup":"","selling_points_title":"","selling_points_caption":"","selling_points":[],"selling_points_cta_text":"","features_title":"","features":"","ed_cta_examples_text":"","ed_cta_examples_hidden":"","ed_cta_demo_text":"","ed_cta_demo_hidden":"","why_caption":"","why_editor_title":"","why_editor_text":"","why_team_title":"","why_team_text":"","why_service_title":"","why_service_text":"","template_catalog_visible":"0","template_catalog_title":"","template_catalog_text":"","template_catalog_categories_visible":"","demo_title":"Crea il tuo plug-in Slider testimonianze","demo_caption":"Configura il tuo Slider Testimonianze e aggiungilo gratuitamente al tuo sito web jQuery!","default_faq_hidden":"","app_template_category":[],"platform":"37","template_public_id":"","codecanyon_url":"","codecanyon_item_id":"","codecanyon_price":"","pricing_caption":"","pricing_elfsight_apps_hide_column":"","pricing_elfsight_apps_url":"","pricing_codecanyon_price_caption":"","integration_category":[],"integration_request_title":"","integration_request_cta":"","integration_platform":"","integrations":[],"platform_category":[],"video_schema_markup":"","price":"da $ 0 al mese","trial":"","benefits":[{"text":"Assistenza per l'installazione gratuita"},{"text":"Assistenza clienti con esperienza"},{"text":"Garanzia di rimborso di 14 giorni"},{"text":"Sviluppo continuo"}],"button_url":"#demo","button_target_blank":"0","button_nofollow":"0","attributes":[{"name":"Installazioni"},{"name":"Reattivo","content":"S\u00cc"},{"name":"Browser compatibili","content":"Firefox, Safari, Opera, Chrome, Edge"}],"tags":[],"tags_disable_links":"0","hide_more_platforms":"0","video_object":"","demo_hide_cta":"0","demo_hide_cloud_options":"0","pricing_title":"","pricing":[{"pricing_icon":"platform","pricing_title":"Elfsight Apps","pricing_title_caption":"Versione multipiattaforma adatta a qualsiasi sito web","pricing_price":"da $ 0 \/ mese","pricing_price_caption":"inizia con un piano gratuito","pricing_benefits":[{"text":"Domini illimitati"},{"text":"Assistenza clienti professionale e ben documentata"},{"text":"Assistenza per l'installazione gratuita"},{"text":"100% personalizzabile"}],"pricing_button_text":"Aggiungi al sito web","pricing_button_url":"#demo"}],"related_apps_title":"","related_apps_hidden":"0","author":"","image":[],"title":"","job":"","social_networks":[]},"_links":{"self":[{"href":"https:\/\/elfsight.com\/it\/wp-json\/wp\/v2\/pages\/6196","targetHints":{"allow":["GET"]}}],"collection":[{"href":"https:\/\/elfsight.com\/it\/wp-json\/wp\/v2\/pages"}],"about":[{"href":"https:\/\/elfsight.com\/it\/wp-json\/wp\/v2\/types\/page"}],"author":[{"embeddable":true,"href":"https:\/\/elfsight.com\/it\/wp-json\/wp\/v2\/users\/9"}],"replies":[{"embeddable":true,"href":"https:\/\/elfsight.com\/it\/wp-json\/wp\/v2\/comments?post=6196"}],"version-history":[{"count":2,"href":"https:\/\/elfsight.com\/it\/wp-json\/wp\/v2\/pages\/6196\/revisions"}],"predecessor-version":[{"id":9378,"href":"https:\/\/elfsight.com\/it\/wp-json\/wp\/v2\/pages\/6196\/revisions\/9378"}],"up":[{"embeddable":true,"href":"https:\/\/elfsight.com\/it\/wp-json\/wp\/v2\/pages\/1251"}],"wp:attachment":[{"href":"https:\/\/elfsight.com\/it\/wp-json\/wp\/v2\/media?parent=6196"}],"curies":[{"name":"wp","href":"https:\/\/api.w.org\/{rel}","templated":true}]}}