{"id":6195,"date":"1970-01-01T00:00:00","date_gmt":"1970-01-01T00:00:00","guid":{"rendered":"https:\/\/elfsight.com\/it\/?page_id=6195"},"modified":"2025-03-20T08:04:46","modified_gmt":"2025-03-20T08:04:46","slug":"elementor","status":"publish","type":"page","link":"https:\/\/elfsight.com\/it\/testimonials-slider-widget\/elementor\/","title":{"rendered":"Testimonials Slider &#8211; Elementor"},"content":{"rendered":"\n<div class=\"application-platform-content-item-description application-platform-content-item\" id=\"description\" data-nav-section=\"description\"> <h2>Incorpora lo Slider delle testimonianze su Elementor con il widget Elfsight<\/h2><p>Lo Slider delle testimonianze \u00e8 un plugin reattivo per mostrare i feedback dei tuoi utenti su il tuo sito. Sei libero di utilizzare qualsiasi tipo di prova sociale per rendere affidabili le recensioni: nome dell&#8217;autore, foto, simbolo dell&#8217;organizzazione e persino un collegamento al sito web.<\/p><p><b>Aumenta la fiducia nella tua azienda mostrando a visitatori le tue recensioni vere e naturali.<\/b><\/p><p><b>Migliora le tue recensioni per renderle perfettamente affidabili<\/b><br> Rivela tutti i dati sull&#8217;autore di ciascuna testimonianza, tra cui: nome, azienda, posizione. Dimostra ai lettori che vedono testimonianze di persone esistenti.<\/p> <p><b>Stimola gli utenti ad acquistare<\/b><br> Dimostrare testimonianze di utenti reali con una storia felice attira i clienti a condividere questa esperienza e li stimola fare acquisti, aumentando cos\u00ec la tua conversione.<\/p> <p><b>Prova sociale convincente<\/b><br> Un collegamento dal feedback a Twitter, LinkedIn o al sito web dell&#8217;autore raddoppier\u00e0 la credibilit\u00e0 e confermer\u00e0 la tua il business \u00e8 reale.<\/p> <p><b>Aumenta la conversione fino al 200%<\/b><br> Trasforma il tuo feedback in una prova sociale, mostrandolo proprio quando gli spettatori prendono la decisione di acquistare o accedere.<\/p> <\/div><div class=\"application-platform-content-item-features application-platform-content-item\" id=\"features\" data-nav-section=\"features\"> <h2>Caratteristiche principali del widget Testimonials Slider<\/h2><p>Ecco le funzionalit\u00e0 widget pi\u00f9 eccezionali che rendono il nostro Testimonials Slider un plugin prezioso per qualsiasi Elementor sito.<\/p><ul><li>Scegli uno dei sei modelli di testimonianze gi\u00e0 pronti;<\/li><li>Modifica la didascalia per visualizzare l&#8217;azienda, la posizione e altro;<\/li><li>Layout Slider e Griglia per un&#8217;ampia gamma di casi d&#8217;uso;<\/li><li>Crea il titolo del tuo widget.<\/li><\/ul><p><a href=\"#demo\">Prova queste funzionalit\u00e0 nella demo live<\/a><\/p><\/div><div class=\"application-platform-content-item-installation application-platform-content-item\" id=\"installation\" data-nav-section=\"installation\"> <h2>Come aggiungere lo slider delle testimonianze al sito web di Elementor<\/h2><div class=\"video-container\"><iframe width=\"560\" height=\"315\" src=\"https:\/\/www.youtube.com\/embed\/jgC-OSlXIT4?si=53bYnKK-Cb73LT1M\" frameborder=\"0\" allow=\"accelerometer; autoplay; clipboard-write; encrypted-media; gyroscope; picture-in-picture; web-share\" allowfullscreen><\/iframe><\/div><p>Il plugin Elfsight \u00e8 uno dei il pi\u00f9 semplice in termini di configurazione e non richiede alcuna conoscenza nello sviluppo web. La realizzazione del tutorial richieder\u00e0 solo circa 1 minuto.<\/p><ol><li><b>Crea il tuo plugin Testimonianze personalizzato<\/b><br> Tramite la nostra demo gratuita, configura un plugin con layout e funzioni personalizzate. <\/li><li><b>Acquisisci il codice individuale per visualizzare il plugin<\/b><br> Dopo aver creato il tuo widget, otterrai il tuo codice personale dalla finestra popup su Elfsight Apps. Copia questo codice per un ulteriore utilizzo. <\/li> <li><b> Il plugin sul tuo sito Elementor<\/b><br> Scegli l&#8217;area in cui desideri visualizzare il plugin e incolla l\u00ec il codice salvato. Salva le modifiche. <\/li> <li><b>L&#8217;installazione \u00e8 completata<\/b><br> Visita il tuo sito, per vedere il tuo lavoro. <\/li> <\/ol><p>Hai riscontrato problemi durante la visualizzazione o la configurazione del plugin? Consulta una guida dettagliata sulla creazione dello Slider delle testimonianze per il sito Web Elementor o lascia una richiesta presso il nostro Centro assistenza.<\/p><div class=\"faq\" data-component=\"FAQ\"> <div class=\"faq-item\">\r\n\t\t\t\t\t<div class=\"faq-item-question\">\r\n\t\t\t\t\t\t<h3 class=\"faq-item-question-text\">Come aggiungere lo Slider delle testimonianze al mio sito Web Elementor senza competenze di codifica?<\/h3>\r\n\r\n\t\t\t\t\t\t<div class=\"faq-item-question-icon\"><\/div>\r\n\t\t\t\t\t<\/div>\r\n\r\n\t\t\t\t\t<div class=\"faq-item-answer\">\r\n\t\t\t\t\t\t<div class=\"faq-item-answer-text\"> <p> Elfsight fornisce una soluzione SaaS che ti consente di creare tu stesso un widget Slider testimonianze, scopri quanto \u00e8 semplice il processo: lavora direttamente nell&#8217;editor online per creare un widget Slider testimonianze che vorresti vedere sul tuo sito web Elementor. Scegli uno dei modelli predefiniti e regola le impostazioni del cursore Testimonianze, aggiungi i tuoi contenuti, modifica il layout e la combinazione di colori senza alcuna competenza di codifica. Salva lo slider delle testimonianze e copia il codice di installazione, che puoi semplicemente incollare nel tuo sito Web Elementor senza la necessit\u00e0 di acquistare una versione a pagamento. Con il nostro editor intuitivo qualsiasi utente di Internet pu\u00f2 creare widget Slider testimonianze online e incorporarlo facilmente nel proprio sito Web Elementor. Non \u00e8 necessario pagare o inserire le credenziali della carta per accedere al servizio. In caso di problemi in qualsiasi momento, non esitate a contattare il nostro team di supporto tecnico.<\/p> <\/div>\r\n\t\t\t\t\t<\/div>\r\n\t\t\t\t<\/div> <\/div> <\/div>\n","protected":false},"excerpt":{"rendered":"","protected":false},"author":9,"featured_media":0,"parent":1251,"menu_order":0,"comment_status":"closed","ping_status":"closed","template":"templates\/template-application-platform.php","meta":{"publish_to_discourse":"","publish_post_category":"","wpdc_auto_publish_overridden":"","wpdc_topic_tags":"","wpdc_pin_topic":"","wpdc_pin_until":"","discourse_post_id":"","discourse_permalink":"","wpdc_publishing_response":"","wpdc_publishing_error":"","footnotes":""},"class_list":["post-6195","page","type-page","status-publish","hentry"],"yoast_head":"<!-- This site is optimized with the Yoast SEO plugin v25.3.1 - https:\/\/yoast.com\/wordpress\/plugins\/seo\/ -->\n<title>Dispositivo di scorrimento Testimonianze di Elementor: aggiungi il widget Testimonianze a Elementor<\/title>\n<meta name=\"description\" content=\"Esamina gratuitamente il miglior widget Slider testimonianze per Elementor. Una configurazione semplice e immediata senza competenze nella codifica in soli 3 minuti.\" \/>\n<meta name=\"robots\" content=\"index, follow, max-snippet:-1, max-image-preview:large, max-video-preview:-1\" \/>\n<link rel=\"canonical\" href=\"https:\/\/elfsight.com\/it\/testimonials-slider-widget\/elementor\/\" \/>\n<meta property=\"og:locale\" content=\"it_IT\" \/>\n<meta property=\"og:type\" content=\"article\" \/>\n<meta property=\"og:title\" content=\"Dispositivo di scorrimento Testimonianze di Elementor: aggiungi il widget Testimonianze a Elementor\" \/>\n<meta property=\"og:description\" content=\"Esamina gratuitamente il miglior widget Slider testimonianze per Elementor. Una configurazione semplice e immediata senza competenze nella codifica in soli 3 minuti.\" \/>\n<meta property=\"og:url\" content=\"https:\/\/elfsight.com\/it\/testimonials-slider-widget\/elementor\/\" \/>\n<meta property=\"og:site_name\" content=\"Elfsight IT\" \/>\n<meta property=\"article:modified_time\" content=\"2025-03-20T08:04:46+00:00\" \/>\n<meta name=\"twitter:card\" content=\"summary_large_image\" \/>\n<meta name=\"twitter:label1\" content=\"Tempo di lettura stimato\" \/>\n\t<meta name=\"twitter:data1\" content=\"4 minuti\" \/>\n<!-- \/ Yoast SEO plugin. -->","yoast_head_json":{"title":"Dispositivo di scorrimento Testimonianze di Elementor: aggiungi il widget Testimonianze a Elementor","description":"Esamina gratuitamente il miglior widget Slider testimonianze per Elementor. Una configurazione semplice e immediata senza competenze nella codifica in soli 3 minuti.","robots":{"index":"index","follow":"follow","max-snippet":"max-snippet:-1","max-image-preview":"max-image-preview:large","max-video-preview":"max-video-preview:-1"},"canonical":"https:\/\/elfsight.com\/it\/testimonials-slider-widget\/elementor\/","og_locale":"it_IT","og_type":"article","og_title":"Dispositivo di scorrimento Testimonianze di Elementor: aggiungi il widget Testimonianze a Elementor","og_description":"Esamina gratuitamente il miglior widget Slider testimonianze per Elementor. Una configurazione semplice e immediata senza competenze nella codifica in soli 3 minuti.","og_url":"https:\/\/elfsight.com\/it\/testimonials-slider-widget\/elementor\/","og_site_name":"Elfsight IT","article_modified_time":"2025-03-20T08:04:46+00:00","twitter_card":"summary_large_image","twitter_misc":{"Tempo di lettura stimato":"4 minuti"},"schema":{"@context":"https:\/\/schema.org","@graph":[{"@type":"WebPage","@id":"https:\/\/elfsight.com\/it\/testimonials-slider-widget\/elementor\/","url":"https:\/\/elfsight.com\/it\/testimonials-slider-widget\/elementor\/","name":"Dispositivo di scorrimento Testimonianze di Elementor: aggiungi il widget Testimonianze a Elementor","isPartOf":{"@id":"https:\/\/elfsight.com\/it\/#website"},"datePublished":"1970-01-01T00:00:00+00:00","dateModified":"2025-03-20T08:04:46+00:00","description":"Esamina gratuitamente il miglior widget Slider testimonianze per Elementor. Una configurazione semplice e immediata senza competenze nella codifica in soli 3 minuti.","breadcrumb":{"@id":"https:\/\/elfsight.com\/it\/testimonials-slider-widget\/elementor\/#breadcrumb"},"inLanguage":"it-IT","potentialAction":[{"@type":"ReadAction","target":["https:\/\/elfsight.com\/it\/testimonials-slider-widget\/elementor\/"]}]},{"@type":"BreadcrumbList","@id":"https:\/\/elfsight.com\/it\/testimonials-slider-widget\/elementor\/#breadcrumb","itemListElement":[{"@type":"ListItem","position":1,"name":"Home","item":"https:\/\/elfsight.com\/it\/"},{"@type":"ListItem","position":2,"name":"Testimonials Slider","item":"https:\/\/elfsight.com\/it\/testimonials-slider-widget\/"},{"@type":"ListItem","position":3,"name":"Testimonials Slider &#8211; Elementor"}]},{"@type":"WebSite","@id":"https:\/\/elfsight.com\/it\/#website","url":"https:\/\/elfsight.com\/it\/","name":"Elfsight IT","description":"Just another Elfsight Sites site","potentialAction":[{"@type":"SearchAction","target":{"@type":"EntryPoint","urlTemplate":"https:\/\/elfsight.com\/it\/?s={search_term_string}"},"query-input":{"@type":"PropertyValueSpecification","valueRequired":true,"valueName":"search_term_string"}}],"inLanguage":"it-IT"}]}},"meta_box":{"industry":"","seo_heading":"","heading":"","description":"","cta_heading":"","cta_description":"","application":"1655","h1":"Dispositivo di scorrimento delle testimonianze di Elementor","h1_caption":"Visualizza le testimonianze dei clienti in un dispositivo di scorrimento rotante per creare credibilit\u00e0 e mostrare feedback positivi nel tuo sito Web Elementor senza sforzo.","application_category":[],"applications_title":"","applications_request_title":"","applications_request_button_text":"","hero_text":"","hero_video":"","hero_video_schema_markup":"","selling_points_title":"","selling_points_caption":"","selling_points":[],"selling_points_cta_text":"","features_title":"","features":"","ed_cta_examples_text":"","ed_cta_examples_hidden":"","ed_cta_demo_text":"","ed_cta_demo_hidden":"","why_caption":"","why_editor_title":"","why_editor_text":"","why_team_title":"","why_team_text":"","why_service_title":"","why_service_text":"","template_catalog_visible":"0","template_catalog_title":"","template_catalog_text":"","template_catalog_categories_visible":"","demo_title":"Crea il tuo widget Slider testimonianze","demo_caption":"Configura il tuo dispositivo di scorrimento delle testimonianze e aggiungilo gratuitamente al tuo sito Web Elementor!","default_faq_hidden":"","app_template_category":[],"platform":"68","template_public_id":"","codecanyon_url":"","codecanyon_item_id":"","codecanyon_price":"","pricing_caption":"","pricing_elfsight_apps_hide_column":"","pricing_elfsight_apps_url":"","pricing_codecanyon_price_caption":"","integration_category":[],"integration_request_title":"","integration_request_cta":"","integration_platform":"","integrations":[],"platform_category":[],"video_schema_markup":"","price":"da $ 0 al mese","trial":"","benefits":[{"text":"Assistenza gratuita per l'installazione"},{"text":"Servizio clienti competente"},{"text":"Garanzia di rimborso di 14 giorni"},{"text":"Miglioramenti a vita"}],"button_url":"#demo","button_target_blank":"0","button_nofollow":"0","attributes":[{"name":"Installazioni"},{"name":"Reattivo","content":"S\u00cc"},{"name":"Browser compatibili","content":"IE11, Firefox, Safari, Opera, Chrome, Edge"}],"tags":[],"tags_disable_links":"0","hide_more_platforms":"0","video_object":"","demo_hide_cta":"0","demo_hide_cloud_options":"0","pricing_title":"","pricing":[{"pricing_icon":"platform","pricing_title":"Elfsight Apps","pricing_title_caption":"Soluzione indipendente dalla piattaforma adatta a qualsiasi sito","pricing_price":"da $ 0 \/ mese","pricing_price_caption":"inizia con il piano gratuito","pricing_benefits":[{"text":"Siti web illimitati"},{"text":"Supporto professionale e puntuale"},{"text":"Aiuto per l'installazione gratuito"},{"text":"Offerta speciale per pi\u00f9 app"}],"pricing_button_text":"Aggiungi al sito web","pricing_button_url":"#demo"}],"related_apps_title":"","related_apps_hidden":"0","author":"","image":[],"title":"","job":"","social_networks":[]},"_links":{"self":[{"href":"https:\/\/elfsight.com\/it\/wp-json\/wp\/v2\/pages\/6195","targetHints":{"allow":["GET"]}}],"collection":[{"href":"https:\/\/elfsight.com\/it\/wp-json\/wp\/v2\/pages"}],"about":[{"href":"https:\/\/elfsight.com\/it\/wp-json\/wp\/v2\/types\/page"}],"author":[{"embeddable":true,"href":"https:\/\/elfsight.com\/it\/wp-json\/wp\/v2\/users\/9"}],"replies":[{"embeddable":true,"href":"https:\/\/elfsight.com\/it\/wp-json\/wp\/v2\/comments?post=6195"}],"version-history":[{"count":3,"href":"https:\/\/elfsight.com\/it\/wp-json\/wp\/v2\/pages\/6195\/revisions"}],"predecessor-version":[{"id":9377,"href":"https:\/\/elfsight.com\/it\/wp-json\/wp\/v2\/pages\/6195\/revisions\/9377"}],"up":[{"embeddable":true,"href":"https:\/\/elfsight.com\/it\/wp-json\/wp\/v2\/pages\/1251"}],"wp:attachment":[{"href":"https:\/\/elfsight.com\/it\/wp-json\/wp\/v2\/media?parent=6195"}],"curies":[{"name":"wp","href":"https:\/\/api.w.org\/{rel}","templated":true}]}}