{"id":6194,"date":"2024-05-03T06:50:50","date_gmt":"2024-05-03T06:50:50","guid":{"rendered":"https:\/\/elfsight.com\/it\/?page_id=6194"},"modified":"2024-11-12T08:36:53","modified_gmt":"2024-11-12T08:36:53","slug":"iframe","status":"publish","type":"page","link":"https:\/\/elfsight.com\/it\/testimonials-slider-widget\/iframe\/","title":{"rendered":"Testimonials Slider &#8211; iFrame"},"content":{"rendered":"<div class=\"application-platform-content-item-description application-platform-content-item\" id=\"description\" data-nav-section=\"description\"><h2>Incorpora Testimonials Slider su iFrame con il widget Elfsight<\/h2><p>Testimonials Slider \u00e8 un plugin reattivo per rivelare le testimonianze dei tuoi clienti su il tuo sito. Puoi incorporare tutti i tipi di informazioni aggiuntive per rendere affidabili le testimonianze: nome dell&#8217;autore, immagine, simbolo dell&#8217;azienda e persino un URL del sito.<\/p> <p><b>Raddoppia il livello di fiducia nei tuoi prodotti dimostrando agli utenti sulle migliori testimonianze.<\/b><\/p> <p><b>Mostra le tue testimonianze in modo affidabile<\/b><br> Inserisci tutti i dati sull&#8217;autore di ciascuna delle testimonianze, ad esempio , nome, azienda, posizione dimostrano agli utenti che vedono testimonianze di clienti reali esistenti.<\/p><p><b>Aumenta la conversione fino al 200%<\/b><br> Trasforma le tue testimonianze in un argomento indubbio, visualizzandoli proprio l\u00ec dove gli spettatori prendono la loro decisione sull&#8217;ordine o sulla registrazione.<\/p><p><b>Un&#8217;altra prova sociale<\/b><br> Un collegamento dal testimonial a Twitter, Pinterest o al sito dell&#8217;autore \u00e8 un dettagli importanti per i clienti, che aggiungeranno credibilit\u00e0 e dimostreranno che la tua attivit\u00e0 \u00e8 vera.<\/p><\/div><div class=\"application-platform-content-item-features application-platform-content-item\" id=\"features\" data-nav-section=\"features\"><h2>Caratteristiche principali del widget Testimonials Slider<\/h2><p>Vedi le funzionalit\u00e0 pi\u00f9 potenti del nostro plugin. Rendono il nostro Slider testimonianze un plug-in utile per qualsiasi sito iFrame.<\/p><ul><li>Visualizza il nome e la foto dell&#8217;autore per una maggiore fiducia;<\/li><li>Utilizza la didascalia per il nome dell&#8217;azienda, la posizione e altri dati; <\/li><li>Fornire un collegamento al sito web dell&#8217;autore per una presentazione pi\u00f9 affidabile;<\/li><li>Per aggiungere fiducia, mostrare il logo dell&#8217;azienda dell&#8217;autore.<\/li><p><a href=\"#demo\">Prova tutte le funzionalit\u00e0 nella demo dal vivo<\/a><\/p><\/div><div class=\"application-platform-content-item-installation application-platform-content-item\" id=\"installation\" data-nav-section=\"installation\"><h2>Come aggiungere lo slider delle testimonianze al sito web iFrame<\/h2><p>Il plugin Elfsight \u00e8 il pi\u00f9 semplice in assoluto in termini di configurazione e non richiede alcuna abilit\u00e0 nello sviluppo web. La realizzazione del tutorial durer\u00e0 solo un minuto circa.<\/p><ol><li><b>Costruisci il tuo plugin Testimonianze unico<\/b><br> Con l&#8217;aiuto del nostro configuratore gratuito, ottieni un plugin con un layout e una funzionalit\u00e0 selezionati. <\/li><li><b>Ricevi il codice individuale per installare il plugin<\/b><br> Dopo aver creato il tuo plugin, otterrai il codice di configurazione dalla notifica che appare sulle app Elfsight. Copialo. <\/li> <li><b>Visualizza il plugin sul tuo sito web iFrame<\/b><br> Seleziona l&#8217;area in cui intendi visualizzare il plugin e inserisci l\u00ec il codice salvato. Applicare le modifiche. <\/li> <li><b>Hai finito! <\/b><br> Entra nello store per vedere il tuo plugin. <\/li> <\/ol><p>Hai riscontrato problemi durante l&#8217;impostazione o la configurazione del plugin? Esplora le istruzioni dettagliate sull&#8217;aggiunta dello Slider delle testimonianze a iFrame o rivolgiti al nostro Centro assistenza.<\/p><div class=\"faq\" data-component=\"FAQ\"> <div class=\"faq-item\">\r\n\t\t\t\t\t<div class=\"faq-item-question\">\r\n\t\t\t\t\t\t<h3 class=\"faq-item-question-text\">Come aggiungere lo Slider delle testimonianze al mio sito web iFrame senza competenze di codifica?<\/h3>\r\n\r\n\t\t\t\t\t\t<div class=\"faq-item-question-icon\"><\/div>\r\n\t\t\t\t\t<\/div>\r\n\r\n\t\t\t\t\t<div class=\"faq-item-answer\">\r\n\t\t\t\t\t\t<div class=\"faq-item-answer-text\"> <p>Elfsight fornisce un Soluzione SaaS che ti consente di creare tu stesso un widget Slider testimonianze, scopri quanto \u00e8 semplice il processo: lavora direttamente nell&#8217;editor online per creare un widget Slider testimonianze che vorresti vedere sul tuo sito web iFrame. Scegli uno dei modelli predefiniti e regola le impostazioni del cursore Testimonianze, aggiungi i tuoi contenuti, modifica il layout e i colori senza alcuna abilit\u00e0 di codifica. Salva lo Slider Testimonianze e copia il suo codice di installazione, che potrai includere facilmente nel tuo sito iFrame senza dover acquistare un abbonamento a pagamento. Con il nostro editor intuitivo qualsiasi utente di Internet pu\u00f2 creare widget Slider testimonianze online e incorporarlo facilmente nel proprio sito Web iFrame. Non \u00e8 necessario pagare o inserire le credenziali della carta per accedere al servizio. In caso di problemi in qualsiasi momento, non esitate a contattare il nostro team di supporto tecnico.<\/p> <\/div>\r\n\t\t\t\t\t<\/div>\r\n\t\t\t\t<\/div> <\/div> <\/div><\/ul>","protected":false},"excerpt":{"rendered":"","protected":false},"author":9,"featured_media":0,"parent":1251,"menu_order":0,"comment_status":"closed","ping_status":"closed","template":"templates\/template-application-platform.php","meta":{"publish_to_discourse":"","publish_post_category":"","wpdc_auto_publish_overridden":"","wpdc_topic_tags":"","wpdc_pin_topic":"","wpdc_pin_until":"","discourse_post_id":"","discourse_permalink":"","wpdc_publishing_response":"","wpdc_publishing_error":"","footnotes":""},"class_list":["post-6194","page","type-page","status-publish","hentry"],"yoast_head":"<!-- This site is optimized with the Yoast SEO plugin v25.3.1 - https:\/\/yoast.com\/wordpress\/plugins\/seo\/ -->\n<title>Plug-in iFrame Testimonials Slider per il tuo sito web (gratuito e veloce)<\/title>\n<meta name=\"description\" content=\"Esamina gratuitamente il miglior plugin Testimonials Slider per iFrame. Una configurazione semplice e veloce senza conoscenze di programmazione in solo 1 minuto.\" \/>\n<meta name=\"robots\" content=\"index, follow, max-snippet:-1, max-image-preview:large, max-video-preview:-1\" \/>\n<link rel=\"canonical\" href=\"https:\/\/elfsight.com\/it\/testimonials-slider-widget\/iframe\/\" \/>\n<meta property=\"og:locale\" content=\"it_IT\" \/>\n<meta property=\"og:type\" content=\"article\" \/>\n<meta property=\"og:title\" content=\"Plug-in iFrame Testimonials Slider per il tuo sito web (gratuito e veloce)\" \/>\n<meta property=\"og:description\" content=\"Esamina gratuitamente il miglior plugin Testimonials Slider per iFrame. Una configurazione semplice e veloce senza conoscenze di programmazione in solo 1 minuto.\" \/>\n<meta property=\"og:url\" content=\"https:\/\/elfsight.com\/it\/testimonials-slider-widget\/iframe\/\" \/>\n<meta property=\"og:site_name\" content=\"Elfsight IT\" \/>\n<meta property=\"article:modified_time\" content=\"2024-11-12T08:36:53+00:00\" \/>\n<meta name=\"twitter:card\" content=\"summary_large_image\" \/>\n<meta name=\"twitter:label1\" content=\"Tempo di lettura stimato\" \/>\n\t<meta name=\"twitter:data1\" content=\"3 minuti\" \/>\n<!-- \/ Yoast SEO plugin. -->","yoast_head_json":{"title":"Plug-in iFrame Testimonials Slider per il tuo sito web (gratuito e veloce)","description":"Esamina gratuitamente il miglior plugin Testimonials Slider per iFrame. Una configurazione semplice e veloce senza conoscenze di programmazione in solo 1 minuto.","robots":{"index":"index","follow":"follow","max-snippet":"max-snippet:-1","max-image-preview":"max-image-preview:large","max-video-preview":"max-video-preview:-1"},"canonical":"https:\/\/elfsight.com\/it\/testimonials-slider-widget\/iframe\/","og_locale":"it_IT","og_type":"article","og_title":"Plug-in iFrame Testimonials Slider per il tuo sito web (gratuito e veloce)","og_description":"Esamina gratuitamente il miglior plugin Testimonials Slider per iFrame. Una configurazione semplice e veloce senza conoscenze di programmazione in solo 1 minuto.","og_url":"https:\/\/elfsight.com\/it\/testimonials-slider-widget\/iframe\/","og_site_name":"Elfsight IT","article_modified_time":"2024-11-12T08:36:53+00:00","twitter_card":"summary_large_image","twitter_misc":{"Tempo di lettura stimato":"3 minuti"},"schema":{"@context":"https:\/\/schema.org","@graph":[{"@type":"WebPage","@id":"https:\/\/elfsight.com\/it\/testimonials-slider-widget\/iframe\/","url":"https:\/\/elfsight.com\/it\/testimonials-slider-widget\/iframe\/","name":"Plug-in iFrame Testimonials Slider per il tuo sito web (gratuito e veloce)","isPartOf":{"@id":"https:\/\/elfsight.com\/it\/#website"},"datePublished":"2024-05-03T06:50:50+00:00","dateModified":"2024-11-12T08:36:53+00:00","description":"Esamina gratuitamente il miglior plugin Testimonials Slider per iFrame. Una configurazione semplice e veloce senza conoscenze di programmazione in solo 1 minuto.","breadcrumb":{"@id":"https:\/\/elfsight.com\/it\/testimonials-slider-widget\/iframe\/#breadcrumb"},"inLanguage":"it-IT","potentialAction":[{"@type":"ReadAction","target":["https:\/\/elfsight.com\/it\/testimonials-slider-widget\/iframe\/"]}]},{"@type":"BreadcrumbList","@id":"https:\/\/elfsight.com\/it\/testimonials-slider-widget\/iframe\/#breadcrumb","itemListElement":[{"@type":"ListItem","position":1,"name":"Home","item":"https:\/\/elfsight.com\/it\/"},{"@type":"ListItem","position":2,"name":"Testimonials Slider","item":"https:\/\/elfsight.com\/it\/testimonials-slider-widget\/"},{"@type":"ListItem","position":3,"name":"Testimonials Slider &#8211; iFrame"}]},{"@type":"WebSite","@id":"https:\/\/elfsight.com\/it\/#website","url":"https:\/\/elfsight.com\/it\/","name":"Elfsight IT","description":"Just another Elfsight Sites site","potentialAction":[{"@type":"SearchAction","target":{"@type":"EntryPoint","urlTemplate":"https:\/\/elfsight.com\/it\/?s={search_term_string}"},"query-input":{"@type":"PropertyValueSpecification","valueRequired":true,"valueName":"search_term_string"}}],"inLanguage":"it-IT"}]}},"meta_box":{"industry":"","seo_heading":"","heading":"","description":"","cta_heading":"","cta_description":"","application":"1655","h1":"Plug-in Slider testimonianze iFrame","h1_caption":"Visualizza le testimonianze dei clienti in un dispositivo di scorrimento rotante per creare credibilit\u00e0 e mostrare feedback positivi nel tuo sito Web iFrame senza sforzo.","application_category":[],"applications_title":"","applications_request_title":"","applications_request_button_text":"","hero_text":"","hero_video":"","hero_video_schema_markup":"","selling_points_title":"","selling_points_caption":"","selling_points":[],"selling_points_cta_text":"","features_title":"","features":"","ed_cta_examples_text":"","ed_cta_examples_hidden":"","ed_cta_demo_text":"","ed_cta_demo_hidden":"","why_caption":"","why_editor_title":"","why_editor_text":"","why_team_title":"","why_team_text":"","why_service_title":"","why_service_text":"","template_catalog_visible":"","template_catalog_title":"","template_catalog_text":"","template_catalog_categories_visible":"","demo_title":"Crea il tuo widget Slider testimonianze","demo_caption":"Configura il tuo Slider Testimonianze e aggiungilo gratuitamente al tuo sito iFrame!","default_faq_hidden":"","app_template_category":[],"platform":"54","template_public_id":"","codecanyon_url":"","codecanyon_item_id":"","codecanyon_price":"","pricing_caption":"","pricing_elfsight_apps_hide_column":"","pricing_elfsight_apps_url":"","pricing_codecanyon_price_caption":"","integration_category":[],"integration_request_title":"","integration_request_cta":"","integration_platform":"","integrations":[],"platform_category":[],"video_schema_markup":"","price":"da $ 0 al mese","trial":"","benefits":[{"text":"Servizio di installazione gratuito"},{"text":"Servizio clienti professionale"},{"text":"Garanzia di rimborso di 14 giorni"},{"text":"Aggiornamento costante"}],"button_url":"#demo","button_target_blank":"","button_nofollow":"","attributes":[{"name":"Installazioni"},{"name":"Reattivo","content":"S\u00cc"},{"name":"Browser compatibili","content":"Firefox, Safari, Opera, Chrome, Edge"}],"tags":[],"tags_disable_links":"","hide_more_platforms":"","video_object":"","demo_hide_cta":"","demo_hide_cloud_options":"","pricing_title":"","pricing":[{"pricing_icon":"platform","pricing_title":"Elfsight Apps","pricing_title_caption":"Versione indipendente dalla piattaforma adatta a qualsiasi sito web","pricing_price":"da $ 0 \/ mese","pricing_price_caption":"inizia con il piano gratuito","pricing_benefits":[{"text":"Numero illimitato di siti web"},{"text":"Supporto premium"},{"text":"Assistenza gratuita per l'installazione"},{"text":"Offerta speciale per pi\u00f9 app"}],"pricing_button_text":"Aggiungi al sito web","pricing_button_url":"#demo"}],"related_apps_title":"","related_apps_hidden":"","author":"","image":[],"title":"","job":"","social_networks":[]},"_links":{"self":[{"href":"https:\/\/elfsight.com\/it\/wp-json\/wp\/v2\/pages\/6194","targetHints":{"allow":["GET"]}}],"collection":[{"href":"https:\/\/elfsight.com\/it\/wp-json\/wp\/v2\/pages"}],"about":[{"href":"https:\/\/elfsight.com\/it\/wp-json\/wp\/v2\/types\/page"}],"author":[{"embeddable":true,"href":"https:\/\/elfsight.com\/it\/wp-json\/wp\/v2\/users\/9"}],"replies":[{"embeddable":true,"href":"https:\/\/elfsight.com\/it\/wp-json\/wp\/v2\/comments?post=6194"}],"version-history":[{"count":1,"href":"https:\/\/elfsight.com\/it\/wp-json\/wp\/v2\/pages\/6194\/revisions"}],"predecessor-version":[{"id":6198,"href":"https:\/\/elfsight.com\/it\/wp-json\/wp\/v2\/pages\/6194\/revisions\/6198"}],"up":[{"embeddable":true,"href":"https:\/\/elfsight.com\/it\/wp-json\/wp\/v2\/pages\/1251"}],"wp:attachment":[{"href":"https:\/\/elfsight.com\/it\/wp-json\/wp\/v2\/media?parent=6194"}],"curies":[{"name":"wp","href":"https:\/\/api.w.org\/{rel}","templated":true}]}}