{"id":6181,"date":"1970-01-01T00:00:00","date_gmt":"1970-01-01T00:00:00","guid":{"rendered":"https:\/\/elfsight.com\/it\/?page_id=6181"},"modified":"2024-09-16T12:49:55","modified_gmt":"2024-09-16T12:49:55","slug":"godaddy","status":"publish","type":"page","link":"https:\/\/elfsight.com\/it\/testimonials-slider-widget\/godaddy\/","title":{"rendered":"Testimonials Slider  &#8211; GoDaddy"},"content":{"rendered":"<div class=\"application-platform-content-item-description application-platform-content-item\" id=\"description\" data-nav-section=\"description\"> <h2>Incorpora lo Slider delle testimonianze su GoDaddy con il widget Elfsight<\/h2> <p>Il plugin Slider delle testimonianze per GoDaddy \u00e8 uno strumento semplice per visualizzare le informazioni dei clienti testimonianze sul tuo sito web nel modo pi\u00f9 vivido e attraente. Puoi utilizzare qualsiasi tipo di feedback per creare una testimonianza affidabile con il nome dell&#8217;autore, la foto, il logo dell&#8217;azienda e persino un URL al sito web del cliente. Aumenta la credibilit\u00e0 del tuo prodotto mostrando l&#8217;esperienza utente dei tuoi clienti e rafforza la tua reputazione con testimonianze reali e sincere.<\/p> <p><b>Rendi le tue testimonianze perfettamente affidabili visualizzando dati di autori reali e collegamenti al profilo Facebook!<\/b><\/p> <\/div> <div class=\"application-platform-content-item-features application-platform-content-item\" id=\"features\" data-nav-section=\"features\"> <h2>Studia l&#8217;elenco delle funzionalit\u00e0 pi\u00f9 preziose: <\/h2> <ul><li>Prova 6 modelli di testimonianze adattivi e trova quello che fa per te bisogno.<\/li><li>Fornisci un collegamento al sito web dell&#8217;autore per una presentazione pi\u00f9 affidabile.<\/li><li>Per aggiungere fiducia, mostra il logo dell&#8217;azienda dell&#8217;autore.<\/li><li> Layout a scorrimento e a griglia per un&#8217;ampia gamma di casi d&#8217;uso.<\/li><li>Frecce a scorrimento e opzioni di impaginazione.<\/li><\/ul><p><a href=\"#demo\">Prova semplicemente questa demo per fatti un&#8217;idea completa<\/a><\/p> <\/div> <div class=\"application-platform-content-item-installation application-platform-content-item\" id=\"installation\" data-nav-section=\"installation\"> <h2>Come incorporare lo Slider delle testimonianze nella mia pagina web GoDaddy? <\/h2> <p>Segui semplicemente i passaggi presentati di seguito per incorporare lo strumento. <\/p> <ol><li><b>Utilizza la nostra demo gratuita e inizia a costruire il tuo strumento unico. <\/b><br> Trova la forma preferibile e le caratteristiche funzionali dello strumento e salva le correzioni. <\/li> <li><b>Copia il codice individuale esposto nel box su Elfsight Apps. <\/b><br> Subito dopo aver terminato la generazione del plug-in, copia il codice esclusivo nella casella visualizzata e conservalo per necessit\u00e0 successive. <\/li> <li><b>Inizia a utilizzare il plug-in sul sito GoDaddy. <\/b><br> Inserisci il codice che hai salvato in precedenza nella tua home page e salva le modifiche. <\/li> <li><b>Il gioco \u00e8 fatto! La configurazione \u00e8 completamente terminata. <\/b><br> Vai al tuo sito web per dare un&#8217;occhiata al funzionamento dello strumento. <\/li><\/ol> <p>In caso di complicazioni, non esitare a contattare il nostro servizio clienti. Il nostro personale non vede l&#8217;ora di aiutarti con tutte le domande che potresti avere sul plugin. <\/p><div class=\"faq\" data-component=\"FAQ\"> <div class=\"faq-item\">\r\n\t\t\t\t\t<div class=\"faq-item-question\">\r\n\t\t\t\t\t\t<h3 class=\"faq-item-question-text\">Come aggiungere lo Slider delle testimonianze al mio sito web GoDaddy senza competenze di programmazione?<\/h3>\r\n\r\n\t\t\t\t\t\t<div class=\"faq-item-question-icon\"><\/div>\r\n\t\t\t\t\t<\/div>\r\n\r\n\t\t\t\t\t<div class=\"faq-item-answer\">\r\n\t\t\t\t\t\t<div class=\"faq-item-answer-text\"> <p>Elfsight fornisce una soluzione SaaS che ti consente di creare tu stesso un widget dello Slider delle testimonianze, scopri quanto \u00e8 facile il processo \u00e8: lavora direttamente nell&#8217;editor online per creare un widget Slider testimonianze che vorresti vedere sul tuo sito web GoDaddy. Scegli uno dei modelli predefiniti e regola le impostazioni del cursore Testimonianze, aggiungi i tuoi contenuti, modifica il layout e i colori senza competenze di codifica. Salva lo slider delle testimonianze e copia il codice di installazione, che potrai facilmente incorporare nel tuo sito web GoDaddy senza acquistare una versione a pagamento. Con il nostro editor intuitivo qualsiasi utente di Internet pu\u00f2 creare widget Slider testimonianze online e incorporarlo facilmente nel proprio sito Web GoDaddy. Non \u00e8 necessario pagare o inserire le credenziali della carta per accedere al servizio. In caso di problemi in qualsiasi momento, non esitate a contattare il nostro team di supporto tecnico.<\/p> <\/div>\r\n\t\t\t\t\t<\/div>\r\n\t\t\t\t<\/div> <\/div> <\/div>","protected":false},"excerpt":{"rendered":"","protected":false},"author":9,"featured_media":0,"parent":1251,"menu_order":0,"comment_status":"closed","ping_status":"closed","template":"templates\/template-application-platform.php","meta":{"publish_to_discourse":"","publish_post_category":"","wpdc_auto_publish_overridden":"","wpdc_topic_tags":"","wpdc_pin_topic":"","wpdc_pin_until":"","discourse_post_id":"","discourse_permalink":"","wpdc_publishing_response":"","wpdc_publishing_error":"","footnotes":""},"class_list":["post-6181","page","type-page","status-publish","hentry"],"yoast_head":"<!-- This site is optimized with the Yoast SEO plugin v25.3.1 - https:\/\/yoast.com\/wordpress\/plugins\/seo\/ -->\n<title>Dispositivo di scorrimento delle testimonianze: aggiungi il plug-in Dispositivo di scorrimento delle testimonianze al sito Web di GoDaddy!<\/title>\n<meta name=\"description\" content=\"Incorpora il plug-in Testimonials Slider nel tuo sito web GoDaddy e avrai la possibilit\u00e0 di potenziare la tua attivit\u00e0 e ottenere pi\u00f9 recensioni con un clic!\" \/>\n<meta name=\"robots\" content=\"index, follow, max-snippet:-1, max-image-preview:large, max-video-preview:-1\" \/>\n<link rel=\"canonical\" href=\"https:\/\/elfsight.com\/it\/testimonials-slider-widget\/godaddy\/\" \/>\n<meta property=\"og:locale\" content=\"it_IT\" \/>\n<meta property=\"og:type\" content=\"article\" \/>\n<meta property=\"og:title\" content=\"Dispositivo di scorrimento delle testimonianze: aggiungi il plug-in Dispositivo di scorrimento delle testimonianze al sito Web di GoDaddy!\" \/>\n<meta property=\"og:description\" content=\"Incorpora il plug-in Testimonials Slider nel tuo sito web GoDaddy e avrai la possibilit\u00e0 di potenziare la tua attivit\u00e0 e ottenere pi\u00f9 recensioni con un clic!\" \/>\n<meta property=\"og:url\" content=\"https:\/\/elfsight.com\/it\/testimonials-slider-widget\/godaddy\/\" \/>\n<meta property=\"og:site_name\" content=\"Elfsight IT\" \/>\n<meta property=\"article:modified_time\" content=\"2024-09-16T12:49:55+00:00\" \/>\n<meta name=\"twitter:card\" content=\"summary_large_image\" \/>\n<meta name=\"twitter:label1\" content=\"Tempo di lettura stimato\" \/>\n\t<meta name=\"twitter:data1\" content=\"3 minuti\" \/>\n<!-- \/ Yoast SEO plugin. -->","yoast_head_json":{"title":"Dispositivo di scorrimento delle testimonianze: aggiungi il plug-in Dispositivo di scorrimento delle testimonianze al sito Web di GoDaddy!","description":"Incorpora il plug-in Testimonials Slider nel tuo sito web GoDaddy e avrai la possibilit\u00e0 di potenziare la tua attivit\u00e0 e ottenere pi\u00f9 recensioni con un clic!","robots":{"index":"index","follow":"follow","max-snippet":"max-snippet:-1","max-image-preview":"max-image-preview:large","max-video-preview":"max-video-preview:-1"},"canonical":"https:\/\/elfsight.com\/it\/testimonials-slider-widget\/godaddy\/","og_locale":"it_IT","og_type":"article","og_title":"Dispositivo di scorrimento delle testimonianze: aggiungi il plug-in Dispositivo di scorrimento delle testimonianze al sito Web di GoDaddy!","og_description":"Incorpora il plug-in Testimonials Slider nel tuo sito web GoDaddy e avrai la possibilit\u00e0 di potenziare la tua attivit\u00e0 e ottenere pi\u00f9 recensioni con un clic!","og_url":"https:\/\/elfsight.com\/it\/testimonials-slider-widget\/godaddy\/","og_site_name":"Elfsight IT","article_modified_time":"2024-09-16T12:49:55+00:00","twitter_card":"summary_large_image","twitter_misc":{"Tempo di lettura stimato":"3 minuti"},"schema":{"@context":"https:\/\/schema.org","@graph":[{"@type":"WebPage","@id":"https:\/\/elfsight.com\/it\/testimonials-slider-widget\/godaddy\/","url":"https:\/\/elfsight.com\/it\/testimonials-slider-widget\/godaddy\/","name":"Dispositivo di scorrimento delle testimonianze: aggiungi il plug-in Dispositivo di scorrimento delle testimonianze al sito Web di GoDaddy!","isPartOf":{"@id":"https:\/\/elfsight.com\/it\/#website"},"datePublished":"1970-01-01T00:00:00+00:00","dateModified":"2024-09-16T12:49:55+00:00","description":"Incorpora il plug-in Testimonials Slider nel tuo sito web GoDaddy e avrai la possibilit\u00e0 di potenziare la tua attivit\u00e0 e ottenere pi\u00f9 recensioni con un clic!","breadcrumb":{"@id":"https:\/\/elfsight.com\/it\/testimonials-slider-widget\/godaddy\/#breadcrumb"},"inLanguage":"it-IT","potentialAction":[{"@type":"ReadAction","target":["https:\/\/elfsight.com\/it\/testimonials-slider-widget\/godaddy\/"]}]},{"@type":"BreadcrumbList","@id":"https:\/\/elfsight.com\/it\/testimonials-slider-widget\/godaddy\/#breadcrumb","itemListElement":[{"@type":"ListItem","position":1,"name":"Home","item":"https:\/\/elfsight.com\/it\/"},{"@type":"ListItem","position":2,"name":"Testimonials Slider","item":"https:\/\/elfsight.com\/it\/testimonials-slider-widget\/"},{"@type":"ListItem","position":3,"name":"Testimonials Slider &#8211; GoDaddy"}]},{"@type":"WebSite","@id":"https:\/\/elfsight.com\/it\/#website","url":"https:\/\/elfsight.com\/it\/","name":"Elfsight IT","description":"Just another Elfsight Sites site","potentialAction":[{"@type":"SearchAction","target":{"@type":"EntryPoint","urlTemplate":"https:\/\/elfsight.com\/it\/?s={search_term_string}"},"query-input":{"@type":"PropertyValueSpecification","valueRequired":true,"valueName":"search_term_string"}}],"inLanguage":"it-IT"}]}},"meta_box":{"industry":"","seo_heading":"","heading":"","description":"","cta_heading":"","cta_description":"","application":"1655","h1":"Plug-in Slider testimonianze di GoDaddy","h1_caption":"Migliora il tuo sito web con feedback straordinari da parte dei tuoi clienti!","application_category":[],"applications_title":"","applications_request_title":"","applications_request_button_text":"","hero_text":"","hero_video":"","hero_video_schema_markup":"","selling_points_title":"","selling_points_caption":"","selling_points":[],"selling_points_cta_text":"","features_title":"","features":"","ed_cta_examples_text":"","ed_cta_examples_hidden":"","ed_cta_demo_text":"","ed_cta_demo_hidden":"","why_caption":"","why_editor_title":"","why_editor_text":"","why_team_title":"","why_team_text":"","why_service_title":"","why_service_text":"","template_catalog_visible":"","template_catalog_title":"","template_catalog_text":"","template_catalog_categories_visible":"","demo_title":"Sentiti libero di creare lo slider delle testimonianze GoDaddy su misura","demo_caption":"Personalizzalo e implementalo sulla tua home page attraverso una demo attiva.","default_faq_hidden":"","app_template_category":[],"platform":"53","template_public_id":"","codecanyon_url":"","codecanyon_item_id":"","codecanyon_price":"","pricing_caption":"","pricing_elfsight_apps_hide_column":"","pricing_elfsight_apps_url":"","pricing_codecanyon_price_caption":"","integration_category":[],"integration_request_title":"","integration_request_cta":"","integration_platform":"","integrations":[],"platform_category":[],"video_schema_markup":"","price":"da $ 0 al mese","trial":"","benefits":[{"text":"Servizio di installazione gratuito"},{"text":"Supporto premium"},{"text":"Garanzia di rimborso di 14 giorni"},{"text":"Aggiornamenti continui"}],"button_url":"#demo","button_target_blank":"","button_nofollow":"","attributes":[{"name":"Installazioni"},{"name":"Reattivo","content":"S\u00cc"},{"name":"Browser compatibili","content":"IE11, Firefox, Safari, Opera, Chrome, Edge"}],"tags":[],"tags_disable_links":"","hide_more_platforms":"","video_object":"","demo_hide_cta":"","demo_hide_cloud_options":"","pricing_title":"","pricing":[{"pricing_icon":"platform","pricing_title":"Elfsight Apps","pricing_title_caption":"Software indipendente dalla piattaforma adatto a qualsiasi sito","pricing_price":"da $ 0 \/ mese","pricing_price_caption":"inizia con il piano gratuito","pricing_benefits":[{"text":"Domini illimitati"},{"text":"Supporto aziendale premium"},{"text":"Aiuto per l'installazione gratuito"},{"text":"100% personalizzabile"}],"pricing_button_text":"Aggiungi al sito web","pricing_button_url":"#demo"}],"related_apps_title":"","related_apps_hidden":"","author":"","image":[],"title":"","job":"","social_networks":[]},"_links":{"self":[{"href":"https:\/\/elfsight.com\/it\/wp-json\/wp\/v2\/pages\/6181","targetHints":{"allow":["GET"]}}],"collection":[{"href":"https:\/\/elfsight.com\/it\/wp-json\/wp\/v2\/pages"}],"about":[{"href":"https:\/\/elfsight.com\/it\/wp-json\/wp\/v2\/types\/page"}],"author":[{"embeddable":true,"href":"https:\/\/elfsight.com\/it\/wp-json\/wp\/v2\/users\/9"}],"replies":[{"embeddable":true,"href":"https:\/\/elfsight.com\/it\/wp-json\/wp\/v2\/comments?post=6181"}],"version-history":[{"count":1,"href":"https:\/\/elfsight.com\/it\/wp-json\/wp\/v2\/pages\/6181\/revisions"}],"predecessor-version":[{"id":6185,"href":"https:\/\/elfsight.com\/it\/wp-json\/wp\/v2\/pages\/6181\/revisions\/6185"}],"up":[{"embeddable":true,"href":"https:\/\/elfsight.com\/it\/wp-json\/wp\/v2\/pages\/1251"}],"wp:attachment":[{"href":"https:\/\/elfsight.com\/it\/wp-json\/wp\/v2\/media?parent=6181"}],"curies":[{"name":"wp","href":"https:\/\/api.w.org\/{rel}","templated":true}]}}