{"id":6179,"date":"1970-01-01T00:00:00","date_gmt":"1970-01-01T00:00:00","guid":{"rendered":"https:\/\/elfsight.com\/it\/?page_id=6179"},"modified":"2024-11-11T11:20:40","modified_gmt":"2024-11-11T11:20:40","slug":"jimdo","status":"publish","type":"page","link":"https:\/\/elfsight.com\/it\/testimonials-slider-widget\/jimdo\/","title":{"rendered":"Testimonials Slider &#8211; Jimdo"},"content":{"rendered":"<div class=\"application-platform-content-item-description application-platform-content-item\" id=\"description\" data-nav-section=\"description\"><h2>Descrizione<\/h2> <p>Slider testimonianze \u2013 un semplice plugin per mostrare le testimonianze dei tuoi utenti sul tuo sito personale. Sei libero di incorporare diversi tipi di prove sociali per rendere affidabili le recensioni: nome dell&#8217;autore, immagine, simbolo dell&#8217;organizzazione e persino un collegamento al sito. Aumenta la fiducia nei tuoi prodotti dimostrando ai visitatori le tue testimonianze reali e sincere.<\/p><p><b>Con Testimonials Slider, osserva una solida crescita del business e aumenta le vendite <\/b><\/p> <\/div> <div class=\"application-platform-content-item-features application-platform-content-item\" id=\"features\" data-nav-section=\"features\"> <h2>Esplora l&#8217;elenco delle migliori funzionalit\u00e0: <\/h2> <ul><li><b>Migliora le tue testimonianze rendendole perfettamente affidabili<\/b><br>Rivela il massimo delle informazioni sull&#8217;autore di tutte le recensioni, tra cui: nome, azienda, posizione dimostrano ai lettori di vedere testimonianze di persone reali. <\/li><li><b>Motivare i lettori all&#8217;acquisto<\/b><br>Dimostrare recensioni di utenti reali con una storia felice convince i lettori a condividere queste impressioni e li motiva all&#8217;acquisto e ad aumentare il livello di conversione. <\/li><li><b>Potente prova sociale<\/b><br>Un collegamento dalla recensione a Facebook, Instagram o al sito dell&#8217;autore \u00e8 un punto molto convincente per gli utenti, che aumenter\u00e0 la credibilit\u00e0 e dimostrer\u00e0 che la tua attivit\u00e0 \u00e8 reale. <\/li><li><b>Aumenta la conversione fino al 200%<\/b><br>Rendi le tue recensioni l&#8217;argomento finale, aggiungendole proprio l\u00ec dove gli utenti prendono la decisione se ordinare o scaricare. <\/li><li><b>Aumenta la fiducia nel tuo sito web<\/b><br>Aggiungi le testimonianze dei tuoi clienti sul sito web e aggiungi casi di esperienza cliente perfetta per rafforzare la fiducia nella tua attivit\u00e0. <\/li><\/ul><p><a href=\"#demo\">Prova tutte le funzionalit\u00e0 di personalizzazione nella demo completa<\/a><\/p> <\/div> <div class=\"application-platform-content-item-installation application-platform-content-item\" id=\"installation\" data-nav-section=\"installation\"> <h2>Come aggiungere lo slider delle testimonianze a un sito Jimdo? <\/h2> <p>Segui semplicemente le linee guida riportate di seguito per iniziare a utilizzare lo strumento. <\/p> <ol><li><b>Gestisci la nostra demo gratuita e inizia a creare il tuo widget personalizzato. <\/b><br> Specifica l&#8217;aspetto e le opzioni preferite dello strumento e applica le correzioni. <\/li> <li><b>Ottieni il tuo codice individuale esposto nella finestra delle app Elfsight. <\/b><br> Non appena la personalizzazione del tuo widget sar\u00e0 terminata, copia il codice esclusivo nella finestra e conservalo per un uso successivo. <\/li> <li><b>Accedi all&#8217;utilizzo dello strumento sul sito Jimdo. <\/b><br> Incorpora il codice che hai copiato di recente nella tua pagina web e applica le modifiche. <\/li> <li><b>Fatto! L&#8217;incorporamento \u00e8 stato eseguito con successo. <\/b><br> Visita la tua pagina web per esaminare il funzionamento del widget. <\/li><\/ol> <p>In caso di difficolt\u00e0, non esitare a contattare il nostro personale di supporto. Il nostro personale sar\u00e0 entusiasta di aiutarti con tutte le difficolt\u00e0 che potresti avere con il widget. <\/p> <div class=\"faq\" data-component=\"FAQ\"> <div class=\"faq-item\">\r\n\t\t\t\t\t<div class=\"faq-item-question\">\r\n\t\t\t\t\t\t<h3 class=\"faq-item-question-text\">Come posso aggiungere lo Slider Testimonianze al mio sito web Jimdo senza competenze di programmazione?<\/h3>\r\n\r\n\t\t\t\t\t\t<div class=\"faq-item-question-icon\"><\/div>\r\n\t\t\t\t\t<\/div>\r\n\r\n\t\t\t\t\t<div class=\"faq-item-answer\">\r\n\t\t\t\t\t\t<div class=\"faq-item-answer-text\"> <p>Elfsight fornisce una soluzione SaaS che ti consente di creare tu stesso un widget Slider Testimonianze, scopri quanto \u00e8 facile Il processo \u00e8: lavora direttamente nell&#8217;editor online per creare un widget Slider testimonianze che vorresti vedere sul tuo sito Jimdo. Scegli uno dei modelli predefiniti e regola le impostazioni del cursore Testimonianze, aggiungi i tuoi contenuti, modifica il layout e la combinazione di colori senza alcuna competenza di codifica. Salva lo slider delle testimonianze e copia il codice di installazione, che potrai incollare facilmente nel tuo sito Jimdo senza dover acquistare un abbonamento a pagamento. Con il nostro editor intuitivo qualsiasi utente di Internet pu\u00f2 creare widget Slider testimonianze online e incorporarlo facilmente nel proprio sito Web Jimdo. Non \u00e8 necessario pagare o inserire le credenziali della carta per accedere al servizio. In caso di problemi in qualsiasi momento, non esitate a contattare il nostro team di supporto tecnico.<\/p> <\/div>\r\n\t\t\t\t\t<\/div>\r\n\t\t\t\t<\/div> <\/div> <\/div><p><\/p>","protected":false},"excerpt":{"rendered":"","protected":false},"author":9,"featured_media":0,"parent":1251,"menu_order":0,"comment_status":"closed","ping_status":"closed","template":"templates\/template-application-platform.php","meta":{"publish_to_discourse":"","publish_post_category":"","wpdc_auto_publish_overridden":"","wpdc_topic_tags":"","wpdc_pin_topic":"","wpdc_pin_until":"","discourse_post_id":"","discourse_permalink":"","wpdc_publishing_response":"","wpdc_publishing_error":"","footnotes":""},"class_list":["post-6179","page","type-page","status-publish","hentry"],"yoast_head":"<!-- This site is optimized with the Yoast SEO plugin v25.3.1 - https:\/\/yoast.com\/wordpress\/plugins\/seo\/ -->\n<title>Dispositivo di scorrimento Testimonianze: aggiungi il widget Testimonianze al sito Web Jimdo<\/title>\n<meta name=\"description\" content=\"Controlla gratuitamente il miglior widget Testimonial Slider per Jimdo. Un&#039;integrazione senza competenze nello sviluppo web in appena un paio di minuti.\" \/>\n<meta name=\"robots\" content=\"index, follow, max-snippet:-1, max-image-preview:large, max-video-preview:-1\" \/>\n<link rel=\"canonical\" href=\"https:\/\/elfsight.com\/it\/testimonials-slider-widget\/jimdo\/\" \/>\n<meta property=\"og:locale\" content=\"it_IT\" \/>\n<meta property=\"og:type\" content=\"article\" \/>\n<meta property=\"og:title\" content=\"Dispositivo di scorrimento Testimonianze: aggiungi il widget Testimonianze al sito Web Jimdo\" \/>\n<meta property=\"og:description\" content=\"Controlla gratuitamente il miglior widget Testimonial Slider per Jimdo. Un&#039;integrazione senza competenze nello sviluppo web in appena un paio di minuti.\" \/>\n<meta property=\"og:url\" content=\"https:\/\/elfsight.com\/it\/testimonials-slider-widget\/jimdo\/\" \/>\n<meta property=\"og:site_name\" content=\"Elfsight IT\" \/>\n<meta property=\"article:modified_time\" content=\"2024-11-11T11:20:40+00:00\" \/>\n<meta name=\"twitter:card\" content=\"summary_large_image\" \/>\n<meta name=\"twitter:label1\" content=\"Tempo di lettura stimato\" \/>\n\t<meta name=\"twitter:data1\" content=\"3 minuti\" \/>\n<!-- \/ Yoast SEO plugin. -->","yoast_head_json":{"title":"Dispositivo di scorrimento Testimonianze: aggiungi il widget Testimonianze al sito Web Jimdo","description":"Controlla gratuitamente il miglior widget Testimonial Slider per Jimdo. Un'integrazione senza competenze nello sviluppo web in appena un paio di minuti.","robots":{"index":"index","follow":"follow","max-snippet":"max-snippet:-1","max-image-preview":"max-image-preview:large","max-video-preview":"max-video-preview:-1"},"canonical":"https:\/\/elfsight.com\/it\/testimonials-slider-widget\/jimdo\/","og_locale":"it_IT","og_type":"article","og_title":"Dispositivo di scorrimento Testimonianze: aggiungi il widget Testimonianze al sito Web Jimdo","og_description":"Controlla gratuitamente il miglior widget Testimonial Slider per Jimdo. Un'integrazione senza competenze nello sviluppo web in appena un paio di minuti.","og_url":"https:\/\/elfsight.com\/it\/testimonials-slider-widget\/jimdo\/","og_site_name":"Elfsight IT","article_modified_time":"2024-11-11T11:20:40+00:00","twitter_card":"summary_large_image","twitter_misc":{"Tempo di lettura stimato":"3 minuti"},"schema":{"@context":"https:\/\/schema.org","@graph":[{"@type":"WebPage","@id":"https:\/\/elfsight.com\/it\/testimonials-slider-widget\/jimdo\/","url":"https:\/\/elfsight.com\/it\/testimonials-slider-widget\/jimdo\/","name":"Dispositivo di scorrimento Testimonianze: aggiungi il widget Testimonianze al sito Web Jimdo","isPartOf":{"@id":"https:\/\/elfsight.com\/it\/#website"},"datePublished":"1970-01-01T00:00:00+00:00","dateModified":"2024-11-11T11:20:40+00:00","description":"Controlla gratuitamente il miglior widget Testimonial Slider per Jimdo. Un'integrazione senza competenze nello sviluppo web in appena un paio di minuti.","breadcrumb":{"@id":"https:\/\/elfsight.com\/it\/testimonials-slider-widget\/jimdo\/#breadcrumb"},"inLanguage":"it-IT","potentialAction":[{"@type":"ReadAction","target":["https:\/\/elfsight.com\/it\/testimonials-slider-widget\/jimdo\/"]}]},{"@type":"BreadcrumbList","@id":"https:\/\/elfsight.com\/it\/testimonials-slider-widget\/jimdo\/#breadcrumb","itemListElement":[{"@type":"ListItem","position":1,"name":"Home","item":"https:\/\/elfsight.com\/it\/"},{"@type":"ListItem","position":2,"name":"Testimonials Slider","item":"https:\/\/elfsight.com\/it\/testimonials-slider-widget\/"},{"@type":"ListItem","position":3,"name":"Testimonials Slider &#8211; Jimdo"}]},{"@type":"WebSite","@id":"https:\/\/elfsight.com\/it\/#website","url":"https:\/\/elfsight.com\/it\/","name":"Elfsight IT","description":"Just another Elfsight Sites site","potentialAction":[{"@type":"SearchAction","target":{"@type":"EntryPoint","urlTemplate":"https:\/\/elfsight.com\/it\/?s={search_term_string}"},"query-input":{"@type":"PropertyValueSpecification","valueRequired":true,"valueName":"search_term_string"}}],"inLanguage":"it-IT"}]}},"meta_box":{"industry":"","seo_heading":"","heading":"","description":"","cta_heading":"","cta_description":"","application":"1655","h1":"Widget Slider per testimonianze per Jimdo","h1_caption":"Mostra le testimonianze dei clienti in un dispositivo di scorrimento rotante per creare credibilit\u00e0 e mostrare facilmente feedback positivi nel tuo sito Jimdo.","application_category":[],"applications_title":"","applications_request_title":"","applications_request_button_text":"","hero_text":"","hero_video":"","hero_video_schema_markup":"","selling_points_title":"","selling_points_caption":"","selling_points":[],"selling_points_cta_text":"","features_title":"","features":"","ed_cta_examples_text":"","ed_cta_examples_hidden":"","ed_cta_demo_text":"","ed_cta_demo_hidden":"","why_caption":"","why_editor_title":"","why_editor_text":"","why_team_title":"","why_team_text":"","why_service_title":"","why_service_text":"","template_catalog_visible":"","template_catalog_title":"","template_catalog_text":"","template_catalog_categories_visible":"","demo_title":"Crea il tuo widget Slider testimonianze","demo_caption":"Configura il tuo Slider Testimonianze e aggiungilo gratuitamente al tuo sito Jimdo!","default_faq_hidden":"","app_template_category":[],"platform":"55","template_public_id":"","codecanyon_url":"","codecanyon_item_id":"","codecanyon_price":"","pricing_caption":"","pricing_elfsight_apps_hide_column":"","pricing_elfsight_apps_url":"","pricing_codecanyon_price_caption":"","integration_category":[],"integration_request_title":"","integration_request_cta":"","integration_platform":"","integrations":[],"platform_category":[],"video_schema_markup":"","price":"da $ 0 al mese","trial":"","benefits":[{"text":"Assistenza gratuita per l'installazione"},{"text":"Assistenza clienti con esperienza"},{"text":"Garanzia di rimborso di 14 giorni"},{"text":"Miglioramenti gratuiti continui"}],"button_url":"#demo","button_target_blank":"","button_nofollow":"","attributes":[{"name":"Installazioni"},{"name":"Reattivo","content":"S\u00cc"},{"name":"Browser compatibili","content":"Firefox, Safari, Opera, Edge"}],"tags":[],"tags_disable_links":"","hide_more_platforms":"","video_object":"","demo_hide_cta":"","demo_hide_cloud_options":"","pricing_title":"","pricing":[{"pricing_icon":"platform","pricing_title":"Elfsight Apps","pricing_title_caption":"Soluzione indipendente dalla piattaforma che funziona su qualsiasi sito","pricing_price":"da $ 0 \/ mese","pricing_price_caption":"inizia con un piano gratuito","pricing_benefits":[{"text":"Domini illimitati"},{"text":"Supporto aziendale professionale"},{"text":"Aiuto gratuito per l'installazione"},{"text":"100% personalizzabile"}],"pricing_button_text":"Aggiungi al sito web","pricing_button_url":"#demo"}],"related_apps_title":"","related_apps_hidden":"","author":"","image":[],"title":"","job":"","social_networks":[]},"_links":{"self":[{"href":"https:\/\/elfsight.com\/it\/wp-json\/wp\/v2\/pages\/6179","targetHints":{"allow":["GET"]}}],"collection":[{"href":"https:\/\/elfsight.com\/it\/wp-json\/wp\/v2\/pages"}],"about":[{"href":"https:\/\/elfsight.com\/it\/wp-json\/wp\/v2\/types\/page"}],"author":[{"embeddable":true,"href":"https:\/\/elfsight.com\/it\/wp-json\/wp\/v2\/users\/9"}],"replies":[{"embeddable":true,"href":"https:\/\/elfsight.com\/it\/wp-json\/wp\/v2\/comments?post=6179"}],"version-history":[{"count":1,"href":"https:\/\/elfsight.com\/it\/wp-json\/wp\/v2\/pages\/6179\/revisions"}],"predecessor-version":[{"id":6183,"href":"https:\/\/elfsight.com\/it\/wp-json\/wp\/v2\/pages\/6179\/revisions\/6183"}],"up":[{"embeddable":true,"href":"https:\/\/elfsight.com\/it\/wp-json\/wp\/v2\/pages\/1251"}],"wp:attachment":[{"href":"https:\/\/elfsight.com\/it\/wp-json\/wp\/v2\/media?parent=6179"}],"curies":[{"name":"wp","href":"https:\/\/api.w.org\/{rel}","templated":true}]}}