{"id":6131,"date":"1970-01-01T00:00:00","date_gmt":"1970-01-01T00:00:00","guid":{"rendered":"https:\/\/elfsight.com\/it\/?page_id=6131"},"modified":"2024-11-11T11:26:21","modified_gmt":"2024-11-11T11:26:21","slug":"godaddy","status":"publish","type":"page","link":"https:\/\/elfsight.com\/it\/telegram-chat-widget\/godaddy\/","title":{"rendered":"Telegram Chat &#8211; GoDaddy"},"content":{"rendered":"<div class=\"application-platform-content-item-description application-platform-content-item\" id=\"description\" data-nav-section=\"description\"><h2>Incorpora la chat di Telegram su GoDaddy con il widget Elfsight<\/h2><p>La chat di Telegram creata da Elfsight \u00e8 la pi\u00f9 veloce per i clienti del tuo sito raggiungerti e ricevere risposta alle loro domande. Puoi rimanere disponibile dal vivo per i clienti nel loro popolare messenger 24 ore su 24, 7 giorni su 7. Aggiungi la chat di Telegram alla pagina web e falla apparire su pagine specifiche o per categorie di persone specifiche, scegli i trigger di avvio della chat, invia il tuo messaggio di benvenuto personale, scegli le icone e molto altro ancora. Con l&#8217;aiuto della chat di Telegram funzionante sul sito, rimarrai in contatto con la tua clientela in qualsiasi momento e indipendentemente da dove ti trovi.<\/p><p><b>La nostra chat di Telegram ti aiuter\u00e0 a essere disponibile per i visitatori del tuo sito in qualsiasi momento tempo e da qualsiasi luogo. \u00c8 uno dei modi pi\u00f9 convenienti con cui le persone possono contattarti e risolvere i loro problemi!<\/b><\/p><\/div><div class=\"application-platform-content-item-features application-platform-content-item\" id=\"features\" data-nav-section=\"features\"><h2>Caratteristiche principali del widget Chat di Telegram <\/h2><p>Controlla tutte le funzioni della chat di Telegram. Puoi modificarli direttamente nell&#8217;editor e ti aiuteranno a configurare il plugin appositamente per le tue esigenze.<\/p><ul><li>Integra Telegram Messenger sul tuo sito per conversare con i visitatori<\/li><li>Tre tipi di posizione della chat: bolla mobile, bolla incorporata e finestra di chat incorporata;<\/li><li>Una libreria di icone di bolle tra cui scegliere;<\/li><li>Opzione per modificare il testo della bolla;<\/li><li>Intestazione FlexibleChat con logo, nome e didascalia della pagina.<\/li><\/ul><p><a href=\"#demo\">Puoi provare tutte le caratteristiche funzionali del plugin direttamente nella demo<\/a> <\/p><\/div><div class=\"application-platform-content-item-installation application-platform-content-item\" id=\"installation\" data-nav-section=\"installation\"><h2>Come posso integrare la chat di Telegram con il mio sito GoDaddy?<\/h2><p>Per iniziare a utilizzare il plugin, segui le linee guida di seguito.<\/p><ol><li><b>Genera il tuo plugin Telegram Chat personalizzato<\/b><br>Gestione del nostro editor gratuito, imposta un plugin con il layout e le caratteristiche funzionali preferite.<\/li><li><b> Copia il codice individuale per configurare il plugin<\/b><br>Dopo aver generato il tuo plugin, acquisirai il codice individuale dalla finestra visualizzata su Elfsight Apps. Copia questo codice.<\/li><li><b>Visualizza il plug-in sul tuo sito Muse<\/b><br>Definisci il luogo in cui desideri mostrare il plug-in e aggiungi l\u00ec il codice salvato. Salva le modifiche.<\/li><li><b>Congratulazioni! Hai appena integrato il plugin!<\/b><br>Visita il tuo negozio, per controllare il tuo plugin.<\/li><\/ol><div class=\"tip-yellow tip\"><b>A causa delle peculiarit\u00e0 della visualizzazione di inserti personalizzati con codice, modelli mobili potrebbe avere un aspetto diverso dalla demo online. Prenditi il \u200b\u200btuo tempo per testare i tuoi widget.<\/b><\/div><p>Non pensarci due volte per comunicare con l&#8217;assistenza clienti se hai bisogno di consigli o hai domande. Saremo felici di aiutarti con ogni richiesta.<\/p><div class=\"faq\" data-component=\"FAQ\"> <div class=\"faq-item\">\r\n\t\t\t\t\t<div class=\"faq-item-question\">\r\n\t\t\t\t\t\t<h3 class=\"faq-item-question-text\">Come posso aggiungere la chat di Telegram al mio sito web GoDaddy senza competenze di programmazione?<\/h3>\r\n\r\n\t\t\t\t\t\t<div class=\"faq-item-question-icon\"><\/div>\r\n\t\t\t\t\t<\/div>\r\n\r\n\t\t\t\t\t<div class=\"faq-item-answer\">\r\n\t\t\t\t\t\t<div class=\"faq-item-answer-text\"> <p>Elfsight fornisce una soluzione SaaS che ti consente di creare un widget Chat di Telegram, scopri quanto \u00e8 semplice il processo: lavora direttamente nell&#8217;editor online per creare un widget Chat di Telegram che vorresti vedere sul tuo sito web GoDaddy. Scegli uno dei modelli predefiniti e regola le impostazioni della chat di Telegram, aggiungi i tuoi contenuti, modifica il layout e i colori senza alcuna abilit\u00e0 di codifica. Salva la chat di Telegram e copia il codice di installazione, che potrai incollare facilmente sul tuo sito GoDaddy senza acquistare una versione a pagamento. Con il nostro editor intuitivo qualsiasi utente di Internet pu\u00f2 creare un widget di chat di Telegram online e incorporarlo facilmente nel proprio sito Web GoDaddy. Non \u00e8 necessario pagare o inserire le credenziali della carta per accedere al servizio. In caso di problemi in qualsiasi momento, non esitate a contattare il nostro team di supporto tecnico.<\/p> <\/div>\r\n\t\t\t\t\t<\/div>\r\n\t\t\t\t<\/div> <\/div> <\/div>","protected":false},"excerpt":{"rendered":"","protected":false},"author":9,"featured_media":0,"parent":2367,"menu_order":0,"comment_status":"closed","ping_status":"closed","template":"templates\/template-application-platform.php","meta":{"publish_to_discourse":"","publish_post_category":"","wpdc_auto_publish_overridden":"","wpdc_topic_tags":"","wpdc_pin_topic":"","wpdc_pin_until":"","discourse_post_id":"","discourse_permalink":"","wpdc_publishing_response":"","wpdc_publishing_error":"","footnotes":""},"class_list":["post-6131","page","type-page","status-publish","hentry"],"yoast_head":"<!-- This site is optimized with the Yoast SEO plugin v25.3.1 - https:\/\/yoast.com\/wordpress\/plugins\/seo\/ -->\n<title>Chat di Telegram: aggiungi il plug-in di chat di Telegram al sito Web di GoDaddy!<\/title>\n<meta name=\"description\" content=\"Consenti ai visitatori del tuo sito web di contattarti tramite il plug-in di chat di Telegram per GoDaddy! Aumenta le vendite in pochi clic insieme a Elfsight!\" \/>\n<meta name=\"robots\" content=\"index, follow, max-snippet:-1, max-image-preview:large, max-video-preview:-1\" \/>\n<link rel=\"canonical\" href=\"https:\/\/elfsight.com\/it\/telegram-chat-widget\/godaddy\/\" \/>\n<meta property=\"og:locale\" content=\"it_IT\" \/>\n<meta property=\"og:type\" content=\"article\" \/>\n<meta property=\"og:title\" content=\"Chat di Telegram: aggiungi il plug-in di chat di Telegram al sito Web di GoDaddy!\" \/>\n<meta property=\"og:description\" content=\"Consenti ai visitatori del tuo sito web di contattarti tramite il plug-in di chat di Telegram per GoDaddy! Aumenta le vendite in pochi clic insieme a Elfsight!\" \/>\n<meta property=\"og:url\" content=\"https:\/\/elfsight.com\/it\/telegram-chat-widget\/godaddy\/\" \/>\n<meta property=\"og:site_name\" content=\"Elfsight IT\" \/>\n<meta property=\"article:modified_time\" content=\"2024-11-11T11:26:21+00:00\" \/>\n<meta name=\"twitter:card\" content=\"summary_large_image\" \/>\n<meta name=\"twitter:label1\" content=\"Tempo di lettura stimato\" \/>\n\t<meta name=\"twitter:data1\" content=\"3 minuti\" \/>\n<!-- \/ Yoast SEO plugin. -->","yoast_head_json":{"title":"Chat di Telegram: aggiungi il plug-in di chat di Telegram al sito Web di GoDaddy!","description":"Consenti ai visitatori del tuo sito web di contattarti tramite il plug-in di chat di Telegram per GoDaddy! Aumenta le vendite in pochi clic insieme a Elfsight!","robots":{"index":"index","follow":"follow","max-snippet":"max-snippet:-1","max-image-preview":"max-image-preview:large","max-video-preview":"max-video-preview:-1"},"canonical":"https:\/\/elfsight.com\/it\/telegram-chat-widget\/godaddy\/","og_locale":"it_IT","og_type":"article","og_title":"Chat di Telegram: aggiungi il plug-in di chat di Telegram al sito Web di GoDaddy!","og_description":"Consenti ai visitatori del tuo sito web di contattarti tramite il plug-in di chat di Telegram per GoDaddy! Aumenta le vendite in pochi clic insieme a Elfsight!","og_url":"https:\/\/elfsight.com\/it\/telegram-chat-widget\/godaddy\/","og_site_name":"Elfsight IT","article_modified_time":"2024-11-11T11:26:21+00:00","twitter_card":"summary_large_image","twitter_misc":{"Tempo di lettura stimato":"3 minuti"},"schema":{"@context":"https:\/\/schema.org","@graph":[{"@type":"WebPage","@id":"https:\/\/elfsight.com\/it\/telegram-chat-widget\/godaddy\/","url":"https:\/\/elfsight.com\/it\/telegram-chat-widget\/godaddy\/","name":"Chat di Telegram: aggiungi il plug-in di chat di Telegram al sito Web di GoDaddy!","isPartOf":{"@id":"https:\/\/elfsight.com\/it\/#website"},"datePublished":"1970-01-01T00:00:00+00:00","dateModified":"2024-11-11T11:26:21+00:00","description":"Consenti ai visitatori del tuo sito web di contattarti tramite il plug-in di chat di Telegram per GoDaddy! Aumenta le vendite in pochi clic insieme a Elfsight!","breadcrumb":{"@id":"https:\/\/elfsight.com\/it\/telegram-chat-widget\/godaddy\/#breadcrumb"},"inLanguage":"it-IT","potentialAction":[{"@type":"ReadAction","target":["https:\/\/elfsight.com\/it\/telegram-chat-widget\/godaddy\/"]}]},{"@type":"BreadcrumbList","@id":"https:\/\/elfsight.com\/it\/telegram-chat-widget\/godaddy\/#breadcrumb","itemListElement":[{"@type":"ListItem","position":1,"name":"Home","item":"https:\/\/elfsight.com\/it\/"},{"@type":"ListItem","position":2,"name":"Telegram Chat","item":"https:\/\/elfsight.com\/it\/telegram-chat-widget\/"},{"@type":"ListItem","position":3,"name":"Telegram Chat &#8211; GoDaddy"}]},{"@type":"WebSite","@id":"https:\/\/elfsight.com\/it\/#website","url":"https:\/\/elfsight.com\/it\/","name":"Elfsight IT","description":"Just another Elfsight Sites site","potentialAction":[{"@type":"SearchAction","target":{"@type":"EntryPoint","urlTemplate":"https:\/\/elfsight.com\/it\/?s={search_term_string}"},"query-input":{"@type":"PropertyValueSpecification","valueRequired":true,"valueName":"search_term_string"}}],"inLanguage":"it-IT"}]}},"meta_box":{"industry":"","seo_heading":"","heading":"","description":"","cta_heading":"","cta_description":"","application":"2366","h1":"Plug-in per la chat di GoDaddy Telegram","h1_caption":"Consenti agli utenti di chattare con te tramite Telegram direttamente dal tuo sito web, offrendo un altro canale di supporto rapido e conveniente nel sito web della tua Pagina Facebook senza sforzo.","application_category":[],"applications_title":"","applications_request_title":"","applications_request_button_text":"","hero_text":"","hero_video":"","hero_video_schema_markup":"","selling_points_title":"","selling_points_caption":"","selling_points":[],"selling_points_cta_text":"","features_title":"","features":"","ed_cta_examples_text":"","ed_cta_examples_hidden":"","ed_cta_demo_text":"","ed_cta_demo_hidden":"","why_caption":"","why_editor_title":"","why_editor_text":"","why_team_title":"","why_team_text":"","why_service_title":"","why_service_text":"","template_catalog_visible":"","template_catalog_title":"","template_catalog_text":"","template_catalog_categories_visible":"","demo_title":"Crea il tuo plugin per la chat di Telegram","demo_caption":"Configura la tua chat di Telegram e aggiungila gratuitamente al tuo sito GoDaddy!","default_faq_hidden":"","app_template_category":[],"platform":"53","template_public_id":"","codecanyon_url":"","codecanyon_item_id":"","codecanyon_price":"","pricing_caption":"","pricing_elfsight_apps_hide_column":"","pricing_elfsight_apps_url":"","pricing_codecanyon_price_caption":"","integration_category":[],"integration_request_title":"","integration_request_cta":"","integration_platform":"","integrations":[],"platform_category":[],"video_schema_markup":"","price":"da $ 0 al mese","trial":"","benefits":[{"text":"Aiuto per l'installazione gratuito"},{"text":"Servizio clienti professionale"},{"text":"Garanzia di rimborso di 14 giorni"},{"text":"Aggiornamenti gratuiti a vita"}],"button_url":"#demo","button_target_blank":"","button_nofollow":"","attributes":[{"name":"Installazioni"},{"name":"Reattivo","content":"S\u00cc"},{"name":"Browser compatibili","content":"Firefox, Safari, Opera, Edge"}],"tags":[],"tags_disable_links":"","hide_more_platforms":"","video_object":"","demo_hide_cta":"","demo_hide_cloud_options":"","pricing_title":"","pricing":[{"pricing_icon":"platform","pricing_title":"Elfsight Apps","pricing_title_caption":"Soluzione digitale multipiattaforma adatta a qualsiasi sito","pricing_price":"da $ 0 \/ mese","pricing_price_caption":"inizia con il piano gratuito","pricing_benefits":[{"text":"Domini illimitati"},{"text":"Assistenza clienti premium e ben documentata"},{"text":"Aiuto gratuito per l'installazione"},{"text":"Completamente personalizzabile"}],"pricing_button_text":"Aggiungi al sito web","pricing_button_url":"#demo"}],"related_apps_title":"","related_apps_hidden":"","author":"","image":[],"title":"","job":"","social_networks":[]},"_links":{"self":[{"href":"https:\/\/elfsight.com\/it\/wp-json\/wp\/v2\/pages\/6131","targetHints":{"allow":["GET"]}}],"collection":[{"href":"https:\/\/elfsight.com\/it\/wp-json\/wp\/v2\/pages"}],"about":[{"href":"https:\/\/elfsight.com\/it\/wp-json\/wp\/v2\/types\/page"}],"author":[{"embeddable":true,"href":"https:\/\/elfsight.com\/it\/wp-json\/wp\/v2\/users\/9"}],"replies":[{"embeddable":true,"href":"https:\/\/elfsight.com\/it\/wp-json\/wp\/v2\/comments?post=6131"}],"version-history":[{"count":1,"href":"https:\/\/elfsight.com\/it\/wp-json\/wp\/v2\/pages\/6131\/revisions"}],"predecessor-version":[{"id":6135,"href":"https:\/\/elfsight.com\/it\/wp-json\/wp\/v2\/pages\/6131\/revisions\/6135"}],"up":[{"embeddable":true,"href":"https:\/\/elfsight.com\/it\/wp-json\/wp\/v2\/pages\/2367"}],"wp:attachment":[{"href":"https:\/\/elfsight.com\/it\/wp-json\/wp\/v2\/media?parent=6131"}],"curies":[{"name":"wp","href":"https:\/\/api.w.org\/{rel}","templated":true}]}}