{"id":6122,"date":"1970-01-01T00:00:00","date_gmt":"1970-01-01T00:00:00","guid":{"rendered":"https:\/\/elfsight.com\/it\/?page_id=6122"},"modified":"2025-03-24T07:51:16","modified_gmt":"2025-03-24T07:51:16","slug":"wordpress","status":"publish","type":"page","link":"https:\/\/elfsight.com\/it\/team-showcase-widget\/wordpress\/","title":{"rendered":"Team Showcase &#8211; WordPress"},"content":{"rendered":"\n<div class=\"application-platform-content-item-description application-platform-content-item\" id=\"description\" data-nav-section=\"description\"> <h2>Incorpora Team Showcase su WordPress con il widget Elfsight<\/h2> <p>Il widget sar\u00e0 il modo pi\u00f9 pratico per presentare il tuo team al tuo sito web. Questo widget aiuter\u00e0 a presentare i volti e le esperienze di qualsiasi tipo di squadra: colleghi di lavoro, societ\u00e0 sportive, personale docente, compagni di squadra aziendali e qualsiasi altro. Mostra una foto, aggiungi i dettagli di contatto e un messaggio unico su ogni membro del tuo team. Il tuo pubblico avr\u00e0 la possibilit\u00e0 di contattare immediatamente ognuno di loro nello stesso secondo, grazie a link o icone social. Puoi creare gruppi e mostrare la struttura della tua squadra, scegliere layout, colori e altro ancora. Incrementa la fiducia nella tua azienda, mostrandone il volto umano! <\/p><div class=\"faq\" data-component=\"FAQ\"><div class=\"faq-item\">\r\n\t\t\t\t\t<div class=\"faq-item-question\">\r\n\t\t\t\t\t\t<h3 class=\"faq-item-question-text\">Come posso incorporare una vetrina del team nel mio sito WordPress? <\/h3>\r\n\r\n\t\t\t\t\t\t<div class=\"faq-item-question-icon\"><\/div>\r\n\t\t\t\t\t<\/div>\r\n\r\n\t\t\t\t\t<div class=\"faq-item-answer\">\r\n\t\t\t\t\t\t<div class=\"faq-item-answer-text\"><p>La creazione dello strumento avviene nelle pagine di Elfsight e non \u00e8 necessario imparare a programmare. Apri la demo attiva per formare il tuo widget personale, acquisisci il codice e integralo al tuo sito. <\/p><\/div>\r\n\t\t\t\t\t<\/div>\r\n\t\t\t\t<\/div><div class=\"faq-item\">\r\n\t\t\t\t\t<div class=\"faq-item-question\">\r\n\t\t\t\t\t\t<h3 class=\"faq-item-question-text\">I modi migliori per utilizzare l'integrazione reattiva dei membri del team<\/h3>\r\n\r\n\t\t\t\t\t\t<div class=\"faq-item-question-icon\"><\/div>\r\n\t\t\t\t\t<\/div>\r\n\r\n\t\t\t\t\t<div class=\"faq-item-answer\">\r\n\t\t\t\t\t\t<div class=\"faq-item-answer-text\"><p>Ti garantiamo un&#8217;ampia gamma di possibilit\u00e0 di regolazione: widget a grandezza naturale da implementare nel zona contenuti, widget mobili per opportunit\u00e0 di scorrimento, layout per il pi\u00e8 di pagina del tuo sito web, intestazione e tutte le varianti delle possibilit\u00e0 verticali per le barre laterali e i menu del sito web. <\/p><\/div>\r\n\t\t\t\t\t<\/div>\r\n\t\t\t\t<\/div><div class=\"faq-item\">\r\n\t\t\t\t\t<div class=\"faq-item-question\">\r\n\t\t\t\t\t\t<h3 class=\"faq-item-question-text\">Come posso creare una vetrina dedicata o per piccoli team tramite l'editor? <\/h3>\r\n\r\n\t\t\t\t\t\t<div class=\"faq-item-question-icon\"><\/div>\r\n\t\t\t\t\t<\/div>\r\n\r\n\t\t\t\t\t<div class=\"faq-item-answer\">\r\n\t\t\t\t\t\t<div class=\"faq-item-answer-text\"><p>Puoi modellare qualsiasi modifica del widget. Ci sono molti layout a tua disposizione nell&#8217;editor e tutti possono essere facilmente modificati in base alle tue esigenze. <\/p><\/div>\r\n\t\t\t\t\t<\/div>\r\n\t\t\t\t<\/div><\/div><\/div> <div class=\"application-platform-content-item-features application-platform-content-item\" id=\"features\" data-nav-section=\"features\"> <h2>Caratteristiche principali del widget Team Showcase<\/h2> <p>Per formare una chiara conoscenza di Team Showcase, vedere l&#8217;elenco delle sue caratteristiche principali. Rendono questo widget davvero efficace per il tuo business: <\/p> <ul><li>Icone cliccabili degli account social e collegamenti al sito e all&#8217;indirizzo email; <\/li><li> L&#8217;indirizzo della posizione si apre su Google Maps con un clic; <\/li><li>Viene visualizzato un popup con tutte le informazioni su un membro del team; <\/li><li>2 varianti per visualizzare le categorie: come elenco generale o con menu; <\/li><li>Quattro varianti di layout tra cui scegliere: Griglia, Carte, Galleria, Elenco. <\/li><\/ul><p><a href=\"#demo\">Per vedere tutte le funzionalit\u00e0, guarda la nostra demo live<\/a><\/p> <\/div> <div class=\"application-platform-content-item-installation application-platform-content-item\" id=\"installation\" data-nav-section=\"installation\"> <h2>Come aggiungere il widget Team Showcase sul tuo sito web WordPress <\/h2> <div class=\"video-container\"><iframe width=\"560\" height=\"315\" src=\"https:\/\/www.youtube.com\/embed\/w2DRFZJiFlY?si=AVnHqVJi2-913MyC\" frameborder=\"0\" allow=\"accelerometer; autoplay; clipboard-write; encrypted-media; gyroscope; picture-in-picture; web-share\" allowfullscreen><\/iframe><\/div><p>Segui le istruzioni riportate di seguito per inserire il widget su WordPress.<\/p> <ol><li><b>Utilizza il nostro editor gratuito e inizia a creare il tuo widget personalizzato Vetrina della squadra. <\/b><br> Determina la forma desiderabile e i tratti funzionali del widget e applica le modifiche. <\/li> <li><b>Acquisisci il codice univoco mostrato nella finestra su Elfsight Apps. <\/b><br> Subito dopo che la generazione del tuo strumento personale \u00e8 terminata, copia il codice personale nella casella visualizzata e conservalo per occasioni successive. <\/li> <li><b>Inizia a utilizzare il plug-in sul tuo sito Web WordPress. <\/b><br> Aggiungi il codice che hai salvato in precedenza nel tuo sito web e applica le modifiche. <\/li> <li><b>Fatto! La configurazione \u00e8 completamente terminata. <\/b><br> Vai al tuo sito web per verificare come funziona il plug-in. <\/li><\/ol> <p>Non riesci ancora a decidere? O avere problemi? Invia semplicemente una richiesta al nostro servizio clienti: ti aiuteremo con qualsiasi tipo di domanda. <\/p> <\/div>\n","protected":false},"excerpt":{"rendered":"","protected":false},"author":9,"featured_media":0,"parent":1569,"menu_order":0,"comment_status":"closed","ping_status":"closed","template":"templates\/template-application-platform.php","meta":{"publish_to_discourse":"","publish_post_category":"","wpdc_auto_publish_overridden":"","wpdc_topic_tags":"","wpdc_pin_topic":"","wpdc_pin_until":"","discourse_post_id":"","discourse_permalink":"","wpdc_publishing_response":"","wpdc_publishing_error":"","footnotes":""},"class_list":["post-6122","page","type-page","status-publish","hentry"],"yoast_head":"<!-- This site is optimized with the Yoast SEO plugin v25.3.1 - https:\/\/yoast.com\/wordpress\/plugins\/seo\/ -->\n<title>Aggiungi il plug-in Team Showcase al sito Web WordPress (facile e gratuito)<\/title>\n<meta name=\"description\" content=\"Con Elfsight, crea il plugin Team Showcase e aggiungilo al tuo sito WordPress in pochissimo tempo. Abbiamo un servizio clienti gratuito e altri bonus.\" \/>\n<meta name=\"robots\" content=\"index, follow, max-snippet:-1, max-image-preview:large, max-video-preview:-1\" \/>\n<link rel=\"canonical\" href=\"https:\/\/elfsight.com\/it\/team-showcase-widget\/wordpress\/\" \/>\n<meta property=\"og:locale\" content=\"it_IT\" \/>\n<meta property=\"og:type\" content=\"article\" \/>\n<meta property=\"og:title\" content=\"Aggiungi il plug-in Team Showcase al sito Web WordPress (facile e gratuito)\" \/>\n<meta property=\"og:description\" content=\"Con Elfsight, crea il plugin Team Showcase e aggiungilo al tuo sito WordPress in pochissimo tempo. Abbiamo un servizio clienti gratuito e altri bonus.\" \/>\n<meta property=\"og:url\" content=\"https:\/\/elfsight.com\/it\/team-showcase-widget\/wordpress\/\" \/>\n<meta property=\"og:site_name\" content=\"Elfsight IT\" \/>\n<meta property=\"article:modified_time\" content=\"2025-03-24T07:51:16+00:00\" \/>\n<meta name=\"twitter:card\" content=\"summary_large_image\" \/>\n<meta name=\"twitter:label1\" content=\"Tempo di lettura stimato\" \/>\n\t<meta name=\"twitter:data1\" content=\"3 minuti\" \/>\n<!-- \/ Yoast SEO plugin. -->","yoast_head_json":{"title":"Aggiungi il plug-in Team Showcase al sito Web WordPress (facile e gratuito)","description":"Con Elfsight, crea il plugin Team Showcase e aggiungilo al tuo sito WordPress in pochissimo tempo. Abbiamo un servizio clienti gratuito e altri bonus.","robots":{"index":"index","follow":"follow","max-snippet":"max-snippet:-1","max-image-preview":"max-image-preview:large","max-video-preview":"max-video-preview:-1"},"canonical":"https:\/\/elfsight.com\/it\/team-showcase-widget\/wordpress\/","og_locale":"it_IT","og_type":"article","og_title":"Aggiungi il plug-in Team Showcase al sito Web WordPress (facile e gratuito)","og_description":"Con Elfsight, crea il plugin Team Showcase e aggiungilo al tuo sito WordPress in pochissimo tempo. Abbiamo un servizio clienti gratuito e altri bonus.","og_url":"https:\/\/elfsight.com\/it\/team-showcase-widget\/wordpress\/","og_site_name":"Elfsight IT","article_modified_time":"2025-03-24T07:51:16+00:00","twitter_card":"summary_large_image","twitter_misc":{"Tempo di lettura stimato":"3 minuti"},"schema":{"@context":"https:\/\/schema.org","@graph":[{"@type":"WebPage","@id":"https:\/\/elfsight.com\/it\/team-showcase-widget\/wordpress\/","url":"https:\/\/elfsight.com\/it\/team-showcase-widget\/wordpress\/","name":"Aggiungi il plug-in Team Showcase al sito Web WordPress (facile e gratuito)","isPartOf":{"@id":"https:\/\/elfsight.com\/it\/#website"},"datePublished":"1970-01-01T00:00:00+00:00","dateModified":"2025-03-24T07:51:16+00:00","description":"Con Elfsight, crea il plugin Team Showcase e aggiungilo al tuo sito WordPress in pochissimo tempo. Abbiamo un servizio clienti gratuito e altri bonus.","breadcrumb":{"@id":"https:\/\/elfsight.com\/it\/team-showcase-widget\/wordpress\/#breadcrumb"},"inLanguage":"it-IT","potentialAction":[{"@type":"ReadAction","target":["https:\/\/elfsight.com\/it\/team-showcase-widget\/wordpress\/"]}]},{"@type":"BreadcrumbList","@id":"https:\/\/elfsight.com\/it\/team-showcase-widget\/wordpress\/#breadcrumb","itemListElement":[{"@type":"ListItem","position":1,"name":"Home","item":"https:\/\/elfsight.com\/it\/"},{"@type":"ListItem","position":2,"name":"Team Showcase","item":"https:\/\/elfsight.com\/it\/team-showcase-widget\/"},{"@type":"ListItem","position":3,"name":"Team Showcase &#8211; WordPress"}]},{"@type":"WebSite","@id":"https:\/\/elfsight.com\/it\/#website","url":"https:\/\/elfsight.com\/it\/","name":"Elfsight IT","description":"Just another Elfsight Sites site","potentialAction":[{"@type":"SearchAction","target":{"@type":"EntryPoint","urlTemplate":"https:\/\/elfsight.com\/it\/?s={search_term_string}"},"query-input":{"@type":"PropertyValueSpecification","valueRequired":true,"valueName":"search_term_string"}}],"inLanguage":"it-IT"}]}},"meta_box":{"industry":"","seo_heading":"","heading":"","description":"","cta_heading":"","cta_description":"","application":"1568","h1":"Plug-in per la vetrina del team WordPress","h1_caption":"Mostra il meglio del tuo team in una galleria flessibile sul tuo sito web","application_category":[],"applications_title":"","applications_request_title":"","applications_request_button_text":"","hero_text":"","hero_video":"","hero_video_schema_markup":"","selling_points_title":"","selling_points_caption":"","selling_points":[],"selling_points_cta_text":"","features_title":"","features":"","ed_cta_examples_text":"","ed_cta_examples_hidden":"","ed_cta_demo_text":"","ed_cta_demo_hidden":"","why_caption":"","why_editor_title":"","why_editor_text":"","why_team_title":"","why_team_text":"","why_service_title":"","why_service_text":"","template_catalog_visible":"0","template_catalog_title":"","template_catalog_text":"","template_catalog_categories_visible":"","demo_title":"Crea il tuo plug-in Vetrina del team","demo_caption":"Configura la tua vetrina del team e aggiungila gratuitamente al tuo sito WordPress!","default_faq_hidden":"","app_template_category":[],"platform":"28","template_public_id":"","codecanyon_url":"","codecanyon_item_id":"","codecanyon_price":"","pricing_caption":"","pricing_elfsight_apps_hide_column":"","pricing_elfsight_apps_url":"","pricing_codecanyon_price_caption":"","integration_category":[],"integration_request_title":"","integration_request_cta":"","integration_platform":"","integrations":[],"platform_category":[],"video_schema_markup":"","price":"da $ 0 al mese","trial":"","benefits":[{"text":"Aiuto gratuito per l'installazione"},{"text":"Assistenza clienti con esperienza"},{"text":"Garanzia di rimborso di 14 giorni"},{"text":"Aggiornamenti continui"}],"button_url":"#demo","button_target_blank":"0","button_nofollow":"0","attributes":[{"name":"Installazioni"},{"name":"Reattivo","content":"S\u00cc"},{"name":"Browser compatibili","content":"Firefox, Safari, Opera, Chrome, Edge"}],"tags":[],"tags_disable_links":"0","hide_more_platforms":"0","video_object":"","demo_hide_cta":"0","demo_hide_cloud_options":"0","pricing_title":"","pricing":[{"pricing_icon":"platform","pricing_title":"Elfsight Apps","pricing_title_caption":"Software indipendente dalla piattaforma adatto a qualsiasi sito","pricing_price":"da $ 0 \/ mese","pricing_price_caption":"inizia con il piano gratuito","pricing_benefits":[{"text":"Siti web illimitati"},{"text":"Assistenza clienti gratuita e ben documentata"},{"text":"Supporto per l'installazione senza costi"},{"text":"Offerta a tempo limitato per pi\u00f9 app"}],"pricing_button_text":"Aggiungi al sito web","pricing_button_url":"#demo"}],"related_apps_title":"","related_apps_hidden":"0","author":"","image":[],"title":"","job":"","social_networks":[]},"_links":{"self":[{"href":"https:\/\/elfsight.com\/it\/wp-json\/wp\/v2\/pages\/6122","targetHints":{"allow":["GET"]}}],"collection":[{"href":"https:\/\/elfsight.com\/it\/wp-json\/wp\/v2\/pages"}],"about":[{"href":"https:\/\/elfsight.com\/it\/wp-json\/wp\/v2\/types\/page"}],"author":[{"embeddable":true,"href":"https:\/\/elfsight.com\/it\/wp-json\/wp\/v2\/users\/9"}],"replies":[{"embeddable":true,"href":"https:\/\/elfsight.com\/it\/wp-json\/wp\/v2\/comments?post=6122"}],"version-history":[{"count":3,"href":"https:\/\/elfsight.com\/it\/wp-json\/wp\/v2\/pages\/6122\/revisions"}],"predecessor-version":[{"id":9931,"href":"https:\/\/elfsight.com\/it\/wp-json\/wp\/v2\/pages\/6122\/revisions\/9931"}],"up":[{"embeddable":true,"href":"https:\/\/elfsight.com\/it\/wp-json\/wp\/v2\/pages\/1569"}],"wp:attachment":[{"href":"https:\/\/elfsight.com\/it\/wp-json\/wp\/v2\/media?parent=6122"}],"curies":[{"name":"wp","href":"https:\/\/api.w.org\/{rel}","templated":true}]}}