{"id":6117,"date":"1970-01-01T00:00:00","date_gmt":"1970-01-01T00:00:00","guid":{"rendered":"https:\/\/elfsight.com\/it\/?page_id=6117"},"modified":"2025-03-24T07:25:52","modified_gmt":"2025-03-24T07:25:52","slug":"blogger","status":"publish","type":"page","link":"https:\/\/elfsight.com\/it\/team-showcase-widget\/blogger\/","title":{"rendered":"Team Showcase &#8211; Blogger"},"content":{"rendered":"\n<div class=\"application-platform-content-item-description application-platform-content-item\" id=\"description\" data-nav-section=\"description\"> <h2>Descrizione<\/h2> <p>Elfsight Team Showcase sar\u00e0 lo strumento pi\u00f9 conveniente per visualizzare i membri del tuo team sul sito. Il nostro widget aiuta a fornire foto e sfondi di qualsiasi tipo di squadra: partner commerciali, membri di squadre sportive, personale accademico, dipendenti aziendali e altro. Dimostrare un&#8217;immagine; pubblicare i dati di contatto e un testo impressionante su ciascun membro del team. I visitatori del sito web avranno la possibilit\u00e0 di raggiungerli con un clic con l&#8217;aiuto di collegamenti attivi e icone dei social media. Sei libero di stabilire categorie e illustrare i reparti presenti nella tua azienda, scegliere un layout, colori e altre caratteristiche. Rafforza l&#8217;affidabilit\u00e0 della tua azienda, mostrando la sua immagine umana! <\/p><div class=\"faq\" data-component=\"FAQ\"> <div class=\"faq-item\">\r\n\t\t\t\t\t<div class=\"faq-item-question\">\r\n\t\t\t\t\t\t<h3 class=\"faq-item-question-text\">Dove posso incorporare il widget<\/h3>\r\n\r\n\t\t\t\t\t\t<div class=\"faq-item-question-icon\"><\/div>\r\n\t\t\t\t\t<\/div>\r\n\r\n\t\t\t\t\t<div class=\"faq-item-answer\">\r\n\t\t\t\t\t\t<div class=\"faq-item-answer-text\"> <p>Inserisci la vetrina del tuo team in una delle pagine del sito, dove ritieni che sia adatta. Pu\u00f2 trattarsi di una delle parti della zona del contenuto o di un&#8217;intera pagina. Ad esempio, puoi assemblare la tua pagina Chi siamo utilizzando un singolo widget. <\/p><\/div>\r\n\t\t\t\t\t<\/div>\r\n\t\t\t\t<\/div> <div class=\"faq-item\">\r\n\t\t\t\t\t<div class=\"faq-item-question\">\r\n\t\t\t\t\t\t<h3 class=\"faq-item-question-text\">Come posso trarre vantaggio da questo plugin? <\/h3>\r\n\r\n\t\t\t\t\t\t<div class=\"faq-item-question-icon\"><\/div>\r\n\t\t\t\t\t<\/div>\r\n\r\n\t\t\t\t\t<div class=\"faq-item-answer\">\r\n\t\t\t\t\t\t<div class=\"faq-item-answer-text\"> <p>Mostrare le persone reali che sostengono la tua azienda, aumenta il livello di trasparenza e aumenta l&#8217;affidabilit\u00e0 percepita del azienda. Ci\u00f2 garantisce alle persone che sei un partner solido e pu\u00f2 portare ad un aumento dei contatti e a nuovi clienti. Inoltre, i membri del tuo team saranno pi\u00f9 rapidi da contattare grazie ai dettagli di contatto che aggiungi per ogni persona. <\/p><\/div>\r\n\t\t\t\t\t<\/div>\r\n\t\t\t\t<\/div> <div class=\"faq-item\">\r\n\t\t\t\t\t<div class=\"faq-item-question\">\r\n\t\t\t\t\t\t<h3 class=\"faq-item-question-text\">Come faccio a incorporare Team Showcase nel mio sito Web Blogger? <\/h3>\r\n\r\n\t\t\t\t\t\t<div class=\"faq-item-question-icon\"><\/div>\r\n\t\t\t\t\t<\/div>\r\n\r\n\t\t\t\t\t<div class=\"faq-item-answer\">\r\n\t\t\t\t\t\t<div class=\"faq-item-answer-text\"> <p>Ci vorr\u00e0 solo un minuto di tempo per incorporare il widget. \u00c8 molto veloce, gratuito e privo di codifica. <\/p> <p>Puoi incollare il widget nel tuo sito tramite il nostro servizio. Basta eseguire una breve istruzione qui sotto in questa pagina. <\/p> <\/div>\r\n\t\t\t\t\t<\/div>\r\n\t\t\t\t<\/div> <\/div> <\/div> <div class=\"application-platform-content-item-features application-platform-content-item\" id=\"features\" data-nav-section=\"features\"> <h2>Caratteristiche<\/h2> <p>Per avere un&#8217;idea pi\u00f9 chiara di Team Showcase, controlla l&#8217;elenco delle funzionalit\u00e0 essenziali funzioni che svolge. Rendono il nostro widget massimamente efficace per te: <\/p> <ul><li>Icone attive dei social media e collegamenti al sito web e all&#8217;indirizzo e-mail; <\/li><li>Posizione della persona rivelata su Google Maps quando viene cliccato; <\/li><li>Il popup mostra pi\u00f9 biografia di una persona; <\/li><li>Due opzioni per visualizzare i gruppi: in un elenco complessivo o filtrati per menu; <\/li><li>4 opzioni di layout: Griglia, Schede, Galleria o Elenco. <\/li><\/ul><p><a href=\"#demo\">Scopri l&#8217;elenco completo delle funzionalit\u00e0 nella nostra demo live<\/a><\/p> <\/div> <div class=\"application-platform-content-item-installation  application-platform-content-item\" id=\"installation \" data-nav-section=\"installation \"> <h2>Scopri come posizionare il widget Team sul tuo sito Blogger. \u00c8 incredibilmente semplice. <\/h2> <div class=\"video-container\"><iframe width=\"560\" height=\"315\" src=\"https:\/\/www.youtube.com\/embed\/k1KEwnSc-DI?si=6VPTQ4E2IZVRJILx\" frameborder=\"0\" allow=\"accelerometer; autoplay; clipboard-write; encrypted-media; gyroscope; picture-in-picture; web-share\" allowfullscreen><\/iframe><\/div><p> Seguire un paio di semplici passaggi \u00e8 l&#8217;unica cosa che devi fare. <\/p> <ol><li><b>Progetta il tuo plug-in Team Showcase personalizzato<\/b><br> Gestendo le opzioni del nostro editor gratuito, imposta un plug-in. Scegli il design e le caratteristiche funzionali. <\/li><li><b>Ricevi il codice individuale per installare il plugin<\/b><br> Dopo aver impostato il tuo widget, otterrai il tuo codice personale dalla finestra visualizzata su Elfsight Apps. Copia il codice per un uso futuro. <\/li> <li><b>Pubblica il plug-in sul tuo sito web Blogger<\/b><br> Scegli il luogo in cui desideri integrare il plug-in e incolla l\u00ec il codice copiato. Salva i risultati. <\/li> <li><b>La configurazione \u00e8 terminata<\/b><br> Vai alla pagina web per visualizzare la tua squadra. <\/li> <\/ol><p>Hai ancora qualcosa che ti rende insicuro? O hai domande? Basta una singola richiesta al nostro servizio di assistenza clienti per risolvere qualsiasi tipo di problema. <\/p> <\/div>\n","protected":false},"excerpt":{"rendered":"","protected":false},"author":9,"featured_media":0,"parent":1569,"menu_order":0,"comment_status":"closed","ping_status":"closed","template":"templates\/template-application-platform.php","meta":{"publish_to_discourse":"","publish_post_category":"","wpdc_auto_publish_overridden":"","wpdc_topic_tags":"","wpdc_pin_topic":"","wpdc_pin_until":"","discourse_post_id":"","discourse_permalink":"","wpdc_publishing_response":"","wpdc_publishing_error":"","footnotes":""},"class_list":["post-6117","page","type-page","status-publish","hentry"],"yoast_head":"<!-- This site is optimized with the Yoast SEO plugin v25.3.1 - https:\/\/yoast.com\/wordpress\/plugins\/seo\/ -->\n<title>Aggiungi il widget Team Showcase al sito web di Blogger (veloce e gratuito)<\/title>\n<meta name=\"description\" content=\"\u00c8 semplicissimo creare il widget Vetrina del team e inserirlo nella pagina Web di Blogger. Il servizio clienti Elfsight \u00e8 veloce e gratuito.\" \/>\n<meta name=\"robots\" content=\"index, follow, max-snippet:-1, max-image-preview:large, max-video-preview:-1\" \/>\n<link rel=\"canonical\" href=\"https:\/\/elfsight.com\/it\/team-showcase-widget\/blogger\/\" \/>\n<meta property=\"og:locale\" content=\"it_IT\" \/>\n<meta property=\"og:type\" content=\"article\" \/>\n<meta property=\"og:title\" content=\"Aggiungi il widget Team Showcase al sito web di Blogger (veloce e gratuito)\" \/>\n<meta property=\"og:description\" content=\"\u00c8 semplicissimo creare il widget Vetrina del team e inserirlo nella pagina Web di Blogger. Il servizio clienti Elfsight \u00e8 veloce e gratuito.\" \/>\n<meta property=\"og:url\" content=\"https:\/\/elfsight.com\/it\/team-showcase-widget\/blogger\/\" \/>\n<meta property=\"og:site_name\" content=\"Elfsight IT\" \/>\n<meta property=\"article:modified_time\" content=\"2025-03-24T07:25:52+00:00\" \/>\n<meta name=\"twitter:card\" content=\"summary_large_image\" \/>\n<meta name=\"twitter:label1\" content=\"Tempo di lettura stimato\" \/>\n\t<meta name=\"twitter:data1\" content=\"3 minuti\" \/>\n<!-- \/ Yoast SEO plugin. -->","yoast_head_json":{"title":"Aggiungi il widget Team Showcase al sito web di Blogger (veloce e gratuito)","description":"\u00c8 semplicissimo creare il widget Vetrina del team e inserirlo nella pagina Web di Blogger. Il servizio clienti Elfsight \u00e8 veloce e gratuito.","robots":{"index":"index","follow":"follow","max-snippet":"max-snippet:-1","max-image-preview":"max-image-preview:large","max-video-preview":"max-video-preview:-1"},"canonical":"https:\/\/elfsight.com\/it\/team-showcase-widget\/blogger\/","og_locale":"it_IT","og_type":"article","og_title":"Aggiungi il widget Team Showcase al sito web di Blogger (veloce e gratuito)","og_description":"\u00c8 semplicissimo creare il widget Vetrina del team e inserirlo nella pagina Web di Blogger. Il servizio clienti Elfsight \u00e8 veloce e gratuito.","og_url":"https:\/\/elfsight.com\/it\/team-showcase-widget\/blogger\/","og_site_name":"Elfsight IT","article_modified_time":"2025-03-24T07:25:52+00:00","twitter_card":"summary_large_image","twitter_misc":{"Tempo di lettura stimato":"3 minuti"},"schema":{"@context":"https:\/\/schema.org","@graph":[{"@type":"WebPage","@id":"https:\/\/elfsight.com\/it\/team-showcase-widget\/blogger\/","url":"https:\/\/elfsight.com\/it\/team-showcase-widget\/blogger\/","name":"Aggiungi il widget Team Showcase al sito web di Blogger (veloce e gratuito)","isPartOf":{"@id":"https:\/\/elfsight.com\/it\/#website"},"datePublished":"1970-01-01T00:00:00+00:00","dateModified":"2025-03-24T07:25:52+00:00","description":"\u00c8 semplicissimo creare il widget Vetrina del team e inserirlo nella pagina Web di Blogger. Il servizio clienti Elfsight \u00e8 veloce e gratuito.","breadcrumb":{"@id":"https:\/\/elfsight.com\/it\/team-showcase-widget\/blogger\/#breadcrumb"},"inLanguage":"it-IT","potentialAction":[{"@type":"ReadAction","target":["https:\/\/elfsight.com\/it\/team-showcase-widget\/blogger\/"]}]},{"@type":"BreadcrumbList","@id":"https:\/\/elfsight.com\/it\/team-showcase-widget\/blogger\/#breadcrumb","itemListElement":[{"@type":"ListItem","position":1,"name":"Home","item":"https:\/\/elfsight.com\/it\/"},{"@type":"ListItem","position":2,"name":"Team Showcase","item":"https:\/\/elfsight.com\/it\/team-showcase-widget\/"},{"@type":"ListItem","position":3,"name":"Team Showcase &#8211; Blogger"}]},{"@type":"WebSite","@id":"https:\/\/elfsight.com\/it\/#website","url":"https:\/\/elfsight.com\/it\/","name":"Elfsight IT","description":"Just another Elfsight Sites site","potentialAction":[{"@type":"SearchAction","target":{"@type":"EntryPoint","urlTemplate":"https:\/\/elfsight.com\/it\/?s={search_term_string}"},"query-input":{"@type":"PropertyValueSpecification","valueRequired":true,"valueName":"search_term_string"}}],"inLanguage":"it-IT"}]}},"meta_box":{"industry":"","seo_heading":"","heading":"","description":"","cta_heading":"","cta_description":"","application":"1568","h1":"Widget Vetrina del team di Blogger","h1_caption":"Presenta i membri del tuo team in modo professionale e visivamente accattivante, creando facilmente fiducia e connessione con il tuo pubblico nel tuo sito web Blogger.","application_category":[],"applications_title":"","applications_request_title":"","applications_request_button_text":"","hero_text":"","hero_video":"","hero_video_schema_markup":"","selling_points_title":"","selling_points_caption":"","selling_points":[],"selling_points_cta_text":"","features_title":"","features":"","ed_cta_examples_text":"","ed_cta_examples_hidden":"","ed_cta_demo_text":"","ed_cta_demo_hidden":"","why_caption":"","why_editor_title":"","why_editor_text":"","why_team_title":"","why_team_text":"","why_service_title":"","why_service_text":"","template_catalog_visible":"0","template_catalog_title":"","template_catalog_text":"","template_catalog_categories_visible":"","demo_title":"Crea il tuo widget Vetrina del team","demo_caption":"Configura la vetrina del tuo team e aggiungila gratuitamente al tuo sito Blogger!","default_faq_hidden":"","app_template_category":[],"platform":"33","template_public_id":"","codecanyon_url":"","codecanyon_item_id":"","codecanyon_price":"","pricing_caption":"","pricing_elfsight_apps_hide_column":"","pricing_elfsight_apps_url":"","pricing_codecanyon_price_caption":"","integration_category":[],"integration_request_title":"","integration_request_cta":"","integration_platform":"","integrations":[],"platform_category":[],"video_schema_markup":"","price":"da $ 0 al mese","trial":"","benefits":[{"text":"Servizio di installazione gratuito"},{"text":"Servizio clienti competente"},{"text":"Garanzia di rimborso di 14 giorni"},{"text":"Aggiornamenti regolari"}],"button_url":"#demo","button_target_blank":"0","button_nofollow":"0","attributes":[{"name":"Installazioni"},{"name":"Reattivo","content":"S\u00cc"},{"name":"Browser compatibili","content":"Firefox, Safari, Opera, Chrome, Edge"}],"tags":[],"tags_disable_links":"0","hide_more_platforms":"0","video_object":"","demo_hide_cta":"0","demo_hide_cloud_options":"0","pricing_title":"","pricing":[{"pricing_icon":"platform","pricing_title":"Elfsight Apps","pricing_title_caption":"Software multipiattaforma che funziona su qualsiasi sito web","pricing_price":"da $ 0 \/ mese","pricing_price_caption":"inizia con un piano gratuito","pricing_benefits":[{"text":"Domini illimitati"},{"text":"Supporto premium, puntuale e ben documentato"},{"text":"Aiuto per l'installazione gratuito"},{"text":"100% personalizzabile"}],"pricing_button_text":"Aggiungi al sito web","pricing_button_url":"#demo"}],"related_apps_title":"","related_apps_hidden":"0","author":"","image":[],"title":"","job":"","social_networks":[]},"_links":{"self":[{"href":"https:\/\/elfsight.com\/it\/wp-json\/wp\/v2\/pages\/6117","targetHints":{"allow":["GET"]}}],"collection":[{"href":"https:\/\/elfsight.com\/it\/wp-json\/wp\/v2\/pages"}],"about":[{"href":"https:\/\/elfsight.com\/it\/wp-json\/wp\/v2\/types\/page"}],"author":[{"embeddable":true,"href":"https:\/\/elfsight.com\/it\/wp-json\/wp\/v2\/users\/9"}],"replies":[{"embeddable":true,"href":"https:\/\/elfsight.com\/it\/wp-json\/wp\/v2\/comments?post=6117"}],"version-history":[{"count":3,"href":"https:\/\/elfsight.com\/it\/wp-json\/wp\/v2\/pages\/6117\/revisions"}],"predecessor-version":[{"id":9909,"href":"https:\/\/elfsight.com\/it\/wp-json\/wp\/v2\/pages\/6117\/revisions\/9909"}],"up":[{"embeddable":true,"href":"https:\/\/elfsight.com\/it\/wp-json\/wp\/v2\/pages\/1569"}],"wp:attachment":[{"href":"https:\/\/elfsight.com\/it\/wp-json\/wp\/v2\/media?parent=6117"}],"curies":[{"name":"wp","href":"https:\/\/api.w.org\/{rel}","templated":true}]}}