{"id":6116,"date":"1970-01-01T00:00:00","date_gmt":"1970-01-01T00:00:00","guid":{"rendered":"https:\/\/elfsight.com\/it\/?page_id=6116"},"modified":"2025-03-24T07:27:28","modified_gmt":"2025-03-24T07:27:28","slug":"drupal","status":"publish","type":"page","link":"https:\/\/elfsight.com\/it\/team-showcase-widget\/drupal\/","title":{"rendered":"Team Showcase &#8211; Drupal"},"content":{"rendered":"\n<div class=\"application-platform-content-item-description application-platform-content-item\" id=\"description\" data-nav-section=\"description\"> <h2>Descrizione<\/h2> <p>Questo widget \u00e8 lo strumento pi\u00f9 semplice per mostrare il tuo team sul sito. Il widget aiuta a fornire le personalit\u00e0 e il background di qualsiasi tipo di squadra: soci in affari, membri di societ\u00e0 sportive, personale docente, struttura aziendale e qualsiasi altro. Aggiungi una foto, pubblica informazioni di contatto e un testo univoco su ciascun membro del team. Ai visitatori verr\u00e0 offerta la possibilit\u00e0 di rivolgersi a ciascuno di essi senza problemi grazie ai collegamenti attivi o alle icone dei social media. Puoi impostare categorie e dimostrare la struttura della tua squadra, scegliere layout, colori e altri tratti. Aumenta la fiducia nella tua attivit\u00e0, mostrando il suo volto umano! <\/p><div class=\"faq\" data-component=\"FAQ\"> <div class=\"faq-item\">\r\n\t\t\t\t\t<div class=\"faq-item-question\">\r\n\t\t\t\t\t\t<h3 class=\"faq-item-question-text\">Dove posso integrare questo plugin<\/h3>\r\n\r\n\t\t\t\t\t\t<div class=\"faq-item-question-icon\"><\/div>\r\n\t\t\t\t\t<\/div>\r\n\r\n\t\t\t\t\t<div class=\"faq-item-answer\">\r\n\t\t\t\t\t\t<div class=\"faq-item-answer-text\"> <p>Visualizza il widget in ogni pagina del sito, dove ritieni che sia pi\u00f9 adatto. Il widget pu\u00f2 agire come uno dei componenti della zona contenuto o riempire tutta la pagina. Quindi, puoi organizzare la tua pagina Chi siamo utilizzando un unico widget. <\/p><\/div>\r\n\t\t\t\t\t<\/div>\r\n\t\t\t\t<\/div> <div class=\"faq-item\">\r\n\t\t\t\t\t<div class=\"faq-item-question\">\r\n\t\t\t\t\t\t<h3 class=\"faq-item-question-text\">Come trarr\u00f2 vantaggio da Team Showcase? <\/h3>\r\n\r\n\t\t\t\t\t\t<div class=\"faq-item-question-icon\"><\/div>\r\n\t\t\t\t\t<\/div>\r\n\r\n\t\t\t\t\t<div class=\"faq-item-answer\">\r\n\t\t\t\t\t\t<div class=\"faq-item-answer-text\"> <p>Presentare persone reali coinvolte nella tua attivit\u00e0, aumenta la trasparenza e aumenta l&#8217;affidabilit\u00e0 percepita dell&#8217;azienda. Rende gli utenti sicuri che tu sia un partner credibile e possa portare a pi\u00f9 contatti e nuovi clienti. Inoltre, i tuoi colleghi saranno raggiungibili pi\u00f9 rapidamente utilizzando i dettagli di contatto visualizzati per ogni membro. <\/p><\/div>\r\n\t\t\t\t\t<\/div>\r\n\t\t\t\t<\/div> <div class=\"faq-item\">\r\n\t\t\t\t\t<div class=\"faq-item-question\">\r\n\t\t\t\t\t\t<h3 class=\"faq-item-question-text\">Come posso installare Team Showcase sul mio sito Drupal? <\/h3>\r\n\r\n\t\t\t\t\t\t<div class=\"faq-item-question-icon\"><\/div>\r\n\t\t\t\t\t<\/div>\r\n\r\n\t\t\t\t\t<div class=\"faq-item-answer\">\r\n\t\t\t\t\t\t<div class=\"faq-item-answer-text\"> <p>Ci vogliono solo due minuti di tempo per incorporare il widget. \u00c8 molto veloce, gratuito e senza codifica. <\/p> <ol> <li>C&#8217;\u00e8 un&#8217;opzione per posizionare il widget sul tuo sito direttamente tramite il nostro servizio. Segui semplicemente le istruzioni riportate di seguito in questa pagina. <\/li> <li>Il widget pu\u00f2 essere integrato tramite il nostro servizio o tramite il marketplace. Puoi saperne di pi\u00f9 sulle due opzioni e scegliere la tua. <\/li> <\/ol> <\/div>\r\n\t\t\t\t\t<\/div>\r\n\t\t\t\t<\/div> <\/div> <\/div> <div class=\"application-platform-content-item-features application-platform-content-item\" id=\"features\" data-nav-section=\"features\"> <h2>Caratteristiche<\/h2> <p>Per avere una migliore percezione del widget, esamina la elenco delle sue caratteristiche principali. Rendono il nostro widget davvero vantaggioso per te: <\/p> <ul><li>Icone cliccabili dei social media e collegamenti al sito e all&#8217;indirizzo email;<\/li><li>Indirizzo della posizione della persona rivelato su Google Maps al clic;<\/li><li>Appare un popup con ulteriori informazioni su una persona;<\/li><li>Due varianti per organizzare le categorie: in un elenco generale o con menu;<\/li><li>Quattro opzioni di layout: Griglia, Schede, Galleria o Elenco.<\/li><\/ul><p><a href=\"#demo\">Per conoscere l&#8217;elenco completo delle funzionalit\u00e0, guarda la nostra demo<\/a><\/p> <\/div> <div class=\"application-platform-content-item-installation application-platform-content-item\" id=\"installation\" data-nav-section=\"installation\"> <h2>Ecco come per inserire il widget Team Showcase nel tuo sito Drupal. \u00c8 estremamente veloce!<\/h2> <p>Segui i passaggi indicati di seguito per integrare il modulo Team Showcase su Drupal.<\/p> <ol><li><b>Gestisci il nostro configuratore gratuito e inizia a creare il tuo modulo personalizzato. <\/b><br> Specifica l&#8217;interfaccia e la funzionalit\u00e0 preferibili del modulo e applica le modifiche. <\/li> <li><b>Copia il codice univoco che appare nella finestra su Elfsight Apps. <\/b><br> Una volta terminata la generazione del modulo, copia il codice esclusivo nella casella visualizzata e salvalo per occasioni future. <\/li> <li><b>Avviare l&#8217;utilizzo del modulo sul sito Drupal. <\/b><br> Incorpora il codice salvato in precedenza nella tua pagina e applica le modifiche. <\/li> <li><b>Il gioco \u00e8 fatto! L&#8217;incorporamento \u00e8 terminato con successo. <\/b><br> Vai al tuo sito per verificare il funzionamento del widget. <\/li><\/ol><p>Dubbi ancora qualcosa? Oppure hai qualche domanda? Una richiesta al nostro servizio clienti risolver\u00e0 qualsiasi problema. <\/p> <\/div>\n","protected":false},"excerpt":{"rendered":"","protected":false},"author":9,"featured_media":0,"parent":1569,"menu_order":0,"comment_status":"closed","ping_status":"closed","template":"templates\/template-application-platform.php","meta":{"publish_to_discourse":"","publish_post_category":"","wpdc_auto_publish_overridden":"","wpdc_topic_tags":"","wpdc_pin_topic":"","wpdc_pin_until":"","discourse_post_id":"","discourse_permalink":"","wpdc_publishing_response":"","wpdc_publishing_error":"","footnotes":""},"class_list":["post-6116","page","type-page","status-publish","hentry"],"yoast_head":"<!-- This site is optimized with the Yoast SEO plugin v25.3.1 - https:\/\/yoast.com\/wordpress\/plugins\/seo\/ -->\n<title>Aggiungi il modulo Team Showcase al sito Web Drupal (2026)<\/title>\n<meta name=\"description\" content=\"Con Elfsight, progetta il tuo modulo Team Showcase e posizionalo facilmente sul sito Drupal. Offriamo supporto clienti gratuito e altri bonus.\" \/>\n<meta name=\"robots\" content=\"index, follow, max-snippet:-1, max-image-preview:large, max-video-preview:-1\" \/>\n<link rel=\"canonical\" href=\"https:\/\/elfsight.com\/it\/team-showcase-widget\/drupal\/\" \/>\n<meta property=\"og:locale\" content=\"it_IT\" \/>\n<meta property=\"og:type\" content=\"article\" \/>\n<meta property=\"og:title\" content=\"Aggiungi il modulo Team Showcase al sito Web Drupal (2026)\" \/>\n<meta property=\"og:description\" content=\"Con Elfsight, progetta il tuo modulo Team Showcase e posizionalo facilmente sul sito Drupal. Offriamo supporto clienti gratuito e altri bonus.\" \/>\n<meta property=\"og:url\" content=\"https:\/\/elfsight.com\/it\/team-showcase-widget\/drupal\/\" \/>\n<meta property=\"og:site_name\" content=\"Elfsight IT\" \/>\n<meta property=\"article:modified_time\" content=\"2025-03-24T07:27:28+00:00\" \/>\n<meta name=\"twitter:card\" content=\"summary_large_image\" \/>\n<meta name=\"twitter:label1\" content=\"Tempo di lettura stimato\" \/>\n\t<meta name=\"twitter:data1\" content=\"3 minuti\" \/>\n<!-- \/ Yoast SEO plugin. -->","yoast_head_json":{"title":"Aggiungi il modulo Team Showcase al sito Web Drupal (2026)","description":"Con Elfsight, progetta il tuo modulo Team Showcase e posizionalo facilmente sul sito Drupal. Offriamo supporto clienti gratuito e altri bonus.","robots":{"index":"index","follow":"follow","max-snippet":"max-snippet:-1","max-image-preview":"max-image-preview:large","max-video-preview":"max-video-preview:-1"},"canonical":"https:\/\/elfsight.com\/it\/team-showcase-widget\/drupal\/","og_locale":"it_IT","og_type":"article","og_title":"Aggiungi il modulo Team Showcase al sito Web Drupal (2026)","og_description":"Con Elfsight, progetta il tuo modulo Team Showcase e posizionalo facilmente sul sito Drupal. Offriamo supporto clienti gratuito e altri bonus.","og_url":"https:\/\/elfsight.com\/it\/team-showcase-widget\/drupal\/","og_site_name":"Elfsight IT","article_modified_time":"2025-03-24T07:27:28+00:00","twitter_card":"summary_large_image","twitter_misc":{"Tempo di lettura stimato":"3 minuti"},"schema":{"@context":"https:\/\/schema.org","@graph":[{"@type":"WebPage","@id":"https:\/\/elfsight.com\/it\/team-showcase-widget\/drupal\/","url":"https:\/\/elfsight.com\/it\/team-showcase-widget\/drupal\/","name":"Aggiungi il modulo Team Showcase al sito Web Drupal (2026)","isPartOf":{"@id":"https:\/\/elfsight.com\/it\/#website"},"datePublished":"1970-01-01T00:00:00+00:00","dateModified":"2025-03-24T07:27:28+00:00","description":"Con Elfsight, progetta il tuo modulo Team Showcase e posizionalo facilmente sul sito Drupal. Offriamo supporto clienti gratuito e altri bonus.","breadcrumb":{"@id":"https:\/\/elfsight.com\/it\/team-showcase-widget\/drupal\/#breadcrumb"},"inLanguage":"it-IT","potentialAction":[{"@type":"ReadAction","target":["https:\/\/elfsight.com\/it\/team-showcase-widget\/drupal\/"]}]},{"@type":"BreadcrumbList","@id":"https:\/\/elfsight.com\/it\/team-showcase-widget\/drupal\/#breadcrumb","itemListElement":[{"@type":"ListItem","position":1,"name":"Home","item":"https:\/\/elfsight.com\/it\/"},{"@type":"ListItem","position":2,"name":"Team Showcase","item":"https:\/\/elfsight.com\/it\/team-showcase-widget\/"},{"@type":"ListItem","position":3,"name":"Team Showcase &#8211; Drupal"}]},{"@type":"WebSite","@id":"https:\/\/elfsight.com\/it\/#website","url":"https:\/\/elfsight.com\/it\/","name":"Elfsight IT","description":"Just another Elfsight Sites site","potentialAction":[{"@type":"SearchAction","target":{"@type":"EntryPoint","urlTemplate":"https:\/\/elfsight.com\/it\/?s={search_term_string}"},"query-input":{"@type":"PropertyValueSpecification","valueRequired":true,"valueName":"search_term_string"}}],"inLanguage":"it-IT"}]}},"meta_box":{"industry":"","seo_heading":"","heading":"","description":"","cta_heading":"","cta_description":"","application":"1568","h1":"Modulo Drupal Team Vetrina","h1_caption":"Presenta i membri del tuo team in modo professionale e visivamente accattivante, creando facilmente fiducia e connessione con il tuo pubblico nel tuo sito Web Drupal.","application_category":[],"applications_title":"","applications_request_title":"","applications_request_button_text":"","hero_text":"","hero_video":"","hero_video_schema_markup":"","selling_points_title":"","selling_points_caption":"","selling_points":[],"selling_points_cta_text":"","features_title":"","features":"","ed_cta_examples_text":"","ed_cta_examples_hidden":"","ed_cta_demo_text":"","ed_cta_demo_hidden":"","why_caption":"","why_editor_title":"","why_editor_text":"","why_team_title":"","why_team_text":"","why_service_title":"","why_service_text":"","template_catalog_visible":"0","template_catalog_title":"","template_catalog_text":"","template_catalog_categories_visible":"","demo_title":"Crea il tuo modulo Vetrina del team","demo_caption":"Configura il tuo Team Showcase e aggiungilo gratuitamente al tuo sito Drupal!","default_faq_hidden":"","app_template_category":[],"platform":"34","template_public_id":"","codecanyon_url":"","codecanyon_item_id":"","codecanyon_price":"","pricing_caption":"","pricing_elfsight_apps_hide_column":"","pricing_elfsight_apps_url":"","pricing_codecanyon_price_caption":"","integration_category":[],"integration_request_title":"","integration_request_cta":"","integration_platform":"","integrations":[],"platform_category":[],"video_schema_markup":"","price":"da $ 0 al mese","trial":"","benefits":[{"text":"Assistenza gratuita per l'installazione"},{"text":"Servizio clienti competente"},{"text":"Garanzia di rimborso di 14 giorni"},{"text":"Aggiornamenti gratuiti continui"}],"button_url":"#demo","button_target_blank":"0","button_nofollow":"0","attributes":[{"name":"Installazioni"},{"name":"Reattivo","content":"S\u00cc"},{"name":"Browser compatibili","content":"Opera, Edge, Chrome, Safari, Firefox"}],"tags":[],"tags_disable_links":"0","hide_more_platforms":"0","video_object":"","demo_hide_cta":"0","demo_hide_cloud_options":"0","pricing_title":"","pricing":[{"pricing_icon":"platform","pricing_title":"Elfsight Apps","pricing_title_caption":"Software multipiattaforma che funziona su qualsiasi sito web","pricing_price":"da $ 0 \/ mese","pricing_price_caption":"inizia con il piano gratuito","pricing_benefits":[{"text":"Siti web illimitati"},{"text":"Assistenza clienti premium e ben documentata"},{"text":"Assistenza gratuita per l'installazione"},{"text":"Prezzo speciale per pi\u00f9 app"}],"pricing_button_text":"Aggiungi al sito web","pricing_button_url":"#demo"}],"related_apps_title":"","related_apps_hidden":"0","author":"","image":[],"title":"","job":"","social_networks":[]},"_links":{"self":[{"href":"https:\/\/elfsight.com\/it\/wp-json\/wp\/v2\/pages\/6116","targetHints":{"allow":["GET"]}}],"collection":[{"href":"https:\/\/elfsight.com\/it\/wp-json\/wp\/v2\/pages"}],"about":[{"href":"https:\/\/elfsight.com\/it\/wp-json\/wp\/v2\/types\/page"}],"author":[{"embeddable":true,"href":"https:\/\/elfsight.com\/it\/wp-json\/wp\/v2\/users\/9"}],"replies":[{"embeddable":true,"href":"https:\/\/elfsight.com\/it\/wp-json\/wp\/v2\/comments?post=6116"}],"version-history":[{"count":3,"href":"https:\/\/elfsight.com\/it\/wp-json\/wp\/v2\/pages\/6116\/revisions"}],"predecessor-version":[{"id":9912,"href":"https:\/\/elfsight.com\/it\/wp-json\/wp\/v2\/pages\/6116\/revisions\/9912"}],"up":[{"embeddable":true,"href":"https:\/\/elfsight.com\/it\/wp-json\/wp\/v2\/pages\/1569"}],"wp:attachment":[{"href":"https:\/\/elfsight.com\/it\/wp-json\/wp\/v2\/media?parent=6116"}],"curies":[{"name":"wp","href":"https:\/\/api.w.org\/{rel}","templated":true}]}}