{"id":6108,"date":"1970-01-01T00:00:00","date_gmt":"1970-01-01T00:00:00","guid":{"rendered":"https:\/\/elfsight.com\/it\/?page_id=6108"},"modified":"2025-03-24T07:35:24","modified_gmt":"2025-03-24T07:35:24","slug":"html","status":"publish","type":"page","link":"https:\/\/elfsight.com\/it\/team-showcase-widget\/html\/","title":{"rendered":"Team Showcase &#8211; HTML"},"content":{"rendered":"\n<div class=\"application-platform-content-item-description application-platform-content-item\" id=\"description\" data-nav-section=\"description\"> <h2>Descrizione<\/h2> <p>Elfsight Team Showcase diventer\u00e0 il tuo miglior strumento per presentare il tuo team sul tuo sito web. Il nostro widget ti aiuter\u00e0 a fornire le foto e gli sfondi di qualsiasi tipo di squadra: colleghi di lavoro, membri di club sportivi, personale docente, dipendenti dell&#8217;azienda e qualsiasi altro. Mostra una foto, aggiungi i dati di contatto e un testo personalizzato su ogni individuo. I visitatori del sito web avranno la possibilit\u00e0 di contattarli immediatamente in un attimo grazie ai collegamenti o alle icone dei social media. Puoi creare gruppi e mostrare il formato della tua azienda, selezionare un layout, colori e altre opzioni. Rafforza la credibilit\u00e0 della tua azienda, mostrando la sua immagine umana! <\/p><div class=\"faq\" data-component=\"FAQ\"> <div class=\"faq-item\">\r\n\t\t\t\t\t<div class=\"faq-item-question\">\r\n\t\t\t\t\t\t<h3 class=\"faq-item-question-text\">Dove posso visualizzare la Vetrina del Team?<\/h3>\r\n\r\n\t\t\t\t\t\t<div class=\"faq-item-question-icon\"><\/div>\r\n\t\t\t\t\t<\/div>\r\n\r\n\t\t\t\t\t<div class=\"faq-item-answer\">\r\n\t\t\t\t\t\t<div class=\"faq-item-answer-text\"> <p>Puoi aggiungere il widget a qualsiasi pagina del tuo sito, dove ne hai bisogno. Pu\u00f2 diventare uno degli elementi della zona contenuto o riempire un&#8217;intera pagina. In questo modo puoi organizzare la tua pagina Chi siamo utilizzando il widget. <\/p><\/div>\r\n\t\t\t\t\t<\/div>\r\n\t\t\t\t<\/div> <div class=\"faq-item\">\r\n\t\t\t\t\t<div class=\"faq-item-question\">\r\n\t\t\t\t\t\t<h3 class=\"faq-item-question-text\">Come posso trarre vantaggio da Team Showcase? <\/h3>\r\n\r\n\t\t\t\t\t\t<div class=\"faq-item-question-icon\"><\/div>\r\n\t\t\t\t\t<\/div>\r\n\r\n\t\t\t\t\t<div class=\"faq-item-answer\">\r\n\t\t\t\t\t\t<div class=\"faq-item-answer-text\"> <p>Presentare persone reali coinvolte nell&#8217;attivit\u00e0 aumenta la tua trasparenza e migliora l&#8217;affidabilit\u00e0 percepita della tua azienda. Convince i tuoi utenti che sei un partner solido e pu\u00f2 portare a un livello pi\u00f9 elevato di lead e nuovi clienti. Inoltre, il tuo team sar\u00e0 contattato pi\u00f9 rapidamente tramite i dettagli visualizzati per ogni membro. <\/p><\/div>\r\n\t\t\t\t\t<\/div>\r\n\t\t\t\t<\/div> <div class=\"faq-item\">\r\n\t\t\t\t\t<div class=\"faq-item-question\">\r\n\t\t\t\t\t\t<h3 class=\"faq-item-question-text\">Di cosa ho bisogno per avere Team Showcase sul mio sito web HTML? <\/h3>\r\n\r\n\t\t\t\t\t\t<div class=\"faq-item-question-icon\"><\/div>\r\n\t\t\t\t\t<\/div>\r\n\r\n\t\t\t\t\t<div class=\"faq-item-answer\">\r\n\t\t\t\t\t\t<div class=\"faq-item-answer-text\"> <p>Solo un paio di minuti del tuo tempo. Aggiungere il widget al tuo sito \u00e8 davvero rapido, gratuito e senza codifica.<\/p> <ol> <li>Puoi incorporare Team Showcase nel tuo sito direttamente tramite il nostro servizio. Usa semplicemente la guida qui sotto in questa pagina. <\/li> <li>Elfsight Team Showcase pu\u00f2 essere introdotto nel tuo sito tramite il nostro servizio o tramite il marketplace. Qui puoi confrontare queste opzioni e decidere quale \u00e8 pi\u00f9 adatta. <\/li> <\/ol> <\/div>\r\n\t\t\t\t\t<\/div>\r\n\t\t\t\t<\/div> <\/div> <\/div> <div class=\"application-platform-content-item-features application-platform-content-item\" id=\"features\" data-nav-section=\"features\"> <h2>Caratteristiche<\/h2> <p>Per comprendere appieno il widget, ecco l&#8217;elenco delle funzioni essenziali. Rendono questo widget estremamente efficace per te: <\/p> <ul><li>Icone cliccabili dei social media e collegamenti al sito e all&#8217;indirizzo e-mail; <\/li><li> Indirizzo della posizione rivelato su Google Maps quando viene cliccato; <\/li><li>Il popup mostra tutte le informazioni di un membro del team; <\/li><li>Due opzioni per organizzare le categorie: come elenco generale o filtrate per menu; <\/li><li>Quattro varianti di layout tra cui scegliere: Griglia, Carte, Galleria o Elenco. <\/li><\/ul><p>Esplora un elenco completo delle funzionalit\u00e0 nella demo <\/p> <\/div> <div class=\"application-platform-content-item-installation application-platform-content-item\" id=\"installation\" data-nav-section=\"installation\"> <h2>Scopri come incorporare il widget Team Showcase nel tuo HTML pagina. <\/h2> <div class=\"video-container\"><iframe width=\"560\" height=\"315\" src=\"https:\/\/www.youtube.com\/embed\/LXy-c7dsmkc?si=O91r2mQrTcPkSZdK\" frameborder=\"0\" allow=\"accelerometer; autoplay; clipboard-write; encrypted-media; gyroscope; picture-in-picture; web-share\" allowfullscreen><\/iframe><\/div><p>Segui i passaggi seguenti per ottenere il tuo widget. <\/p> <ol><li><b>Crea il tuo plug-in Team Showcase personalizzato<\/b><br> Con l&#8217;aiuto della nostra demo gratuita, crea un plug-in e scegli le opzioni di layout e funzionalit\u00e0. <\/li><li><b>Copia il codice individuale per integrare il plugin<\/b><br> Dopo aver configurato il tuo widget, riceverai il codice di installazione dalla finestra che appare su Elfsight Apps. Copia il codice per un uso futuro. <\/li> <li><b>Integra il plugin sul tuo sito HTML<\/b><br> Trova l&#8217;area in cui intendi inserire il plugin e aggiungi l\u00ec il codice salvato. Salva i risultati. <\/li> <li><b>L&#8217;incorporamento \u00e8 riuscito! <\/b><br> Entra nel tuo negozio, per dare un&#8217;occhiata al tuo plugin. <\/li> <\/ol><p>Non sei ancora sicuro? Oppure hai problemi? \u00c8 sufficiente indirizzare una richiesta al nostro team di supporto per risolvere qualsiasi problema. <\/p> <\/div>\n","protected":false},"excerpt":{"rendered":"","protected":false},"author":9,"featured_media":0,"parent":1569,"menu_order":0,"comment_status":"closed","ping_status":"closed","template":"templates\/template-application-platform.php","meta":{"publish_to_discourse":"","publish_post_category":"","wpdc_auto_publish_overridden":"","wpdc_topic_tags":"","wpdc_pin_topic":"","wpdc_pin_until":"","discourse_post_id":"","discourse_permalink":"","wpdc_publishing_response":"","wpdc_publishing_error":"","footnotes":""},"class_list":["post-6108","page","type-page","status-publish","hentry"],"yoast_head":"<!-- This site is optimized with the Yoast SEO plugin v25.3.1 - https:\/\/yoast.com\/wordpress\/plugins\/seo\/ -->\n<title>Aggiungi il widget Team Showcase al sito Web HTML (facile e gratuito)<\/title>\n<meta name=\"description\" content=\"Ecco un&#039;opportunit\u00e0 per produrre un widget Team Showcase efficiente e integrarlo nel tuo sito Web HTML. Ottieni un servizio clienti gratuito e altri bonus da Elfsight.\" \/>\n<meta name=\"robots\" content=\"index, follow, max-snippet:-1, max-image-preview:large, max-video-preview:-1\" \/>\n<link rel=\"canonical\" href=\"https:\/\/elfsight.com\/it\/team-showcase-widget\/html\/\" \/>\n<meta property=\"og:locale\" content=\"it_IT\" \/>\n<meta property=\"og:type\" content=\"article\" \/>\n<meta property=\"og:title\" content=\"Aggiungi il widget Team Showcase al sito Web HTML (facile e gratuito)\" \/>\n<meta property=\"og:description\" content=\"Ecco un&#039;opportunit\u00e0 per produrre un widget Team Showcase efficiente e integrarlo nel tuo sito Web HTML. Ottieni un servizio clienti gratuito e altri bonus da Elfsight.\" \/>\n<meta property=\"og:url\" content=\"https:\/\/elfsight.com\/it\/team-showcase-widget\/html\/\" \/>\n<meta property=\"og:site_name\" content=\"Elfsight IT\" \/>\n<meta property=\"article:modified_time\" content=\"2025-03-24T07:35:24+00:00\" \/>\n<meta name=\"twitter:card\" content=\"summary_large_image\" \/>\n<meta name=\"twitter:label1\" content=\"Tempo di lettura stimato\" \/>\n\t<meta name=\"twitter:data1\" content=\"3 minuti\" \/>\n<!-- \/ Yoast SEO plugin. -->","yoast_head_json":{"title":"Aggiungi il widget Team Showcase al sito Web HTML (facile e gratuito)","description":"Ecco un'opportunit\u00e0 per produrre un widget Team Showcase efficiente e integrarlo nel tuo sito Web HTML. Ottieni un servizio clienti gratuito e altri bonus da Elfsight.","robots":{"index":"index","follow":"follow","max-snippet":"max-snippet:-1","max-image-preview":"max-image-preview:large","max-video-preview":"max-video-preview:-1"},"canonical":"https:\/\/elfsight.com\/it\/team-showcase-widget\/html\/","og_locale":"it_IT","og_type":"article","og_title":"Aggiungi il widget Team Showcase al sito Web HTML (facile e gratuito)","og_description":"Ecco un'opportunit\u00e0 per produrre un widget Team Showcase efficiente e integrarlo nel tuo sito Web HTML. Ottieni un servizio clienti gratuito e altri bonus da Elfsight.","og_url":"https:\/\/elfsight.com\/it\/team-showcase-widget\/html\/","og_site_name":"Elfsight IT","article_modified_time":"2025-03-24T07:35:24+00:00","twitter_card":"summary_large_image","twitter_misc":{"Tempo di lettura stimato":"3 minuti"},"schema":{"@context":"https:\/\/schema.org","@graph":[{"@type":"WebPage","@id":"https:\/\/elfsight.com\/it\/team-showcase-widget\/html\/","url":"https:\/\/elfsight.com\/it\/team-showcase-widget\/html\/","name":"Aggiungi il widget Team Showcase al sito Web HTML (facile e gratuito)","isPartOf":{"@id":"https:\/\/elfsight.com\/it\/#website"},"datePublished":"1970-01-01T00:00:00+00:00","dateModified":"2025-03-24T07:35:24+00:00","description":"Ecco un'opportunit\u00e0 per produrre un widget Team Showcase efficiente e integrarlo nel tuo sito Web HTML. Ottieni un servizio clienti gratuito e altri bonus da Elfsight.","breadcrumb":{"@id":"https:\/\/elfsight.com\/it\/team-showcase-widget\/html\/#breadcrumb"},"inLanguage":"it-IT","potentialAction":[{"@type":"ReadAction","target":["https:\/\/elfsight.com\/it\/team-showcase-widget\/html\/"]}]},{"@type":"BreadcrumbList","@id":"https:\/\/elfsight.com\/it\/team-showcase-widget\/html\/#breadcrumb","itemListElement":[{"@type":"ListItem","position":1,"name":"Home","item":"https:\/\/elfsight.com\/it\/"},{"@type":"ListItem","position":2,"name":"Team Showcase","item":"https:\/\/elfsight.com\/it\/team-showcase-widget\/"},{"@type":"ListItem","position":3,"name":"Team Showcase &#8211; HTML"}]},{"@type":"WebSite","@id":"https:\/\/elfsight.com\/it\/#website","url":"https:\/\/elfsight.com\/it\/","name":"Elfsight IT","description":"Just another Elfsight Sites site","potentialAction":[{"@type":"SearchAction","target":{"@type":"EntryPoint","urlTemplate":"https:\/\/elfsight.com\/it\/?s={search_term_string}"},"query-input":{"@type":"PropertyValueSpecification","valueRequired":true,"valueName":"search_term_string"}}],"inLanguage":"it-IT"}]}},"meta_box":{"industry":"","seo_heading":"","heading":"","description":"","cta_heading":"","cta_description":"","application":"1568","h1":"Widget Vetrina del team HTML","h1_caption":"Presenta i membri del tuo team in modo professionale e visivamente accattivante, creando facilmente fiducia e connessione con il tuo pubblico nel tuo sito Web HTML.","application_category":[],"applications_title":"","applications_request_title":"","applications_request_button_text":"","hero_text":"","hero_video":"","hero_video_schema_markup":"","selling_points_title":"","selling_points_caption":"","selling_points":[],"selling_points_cta_text":"","features_title":"","features":"","ed_cta_examples_text":"","ed_cta_examples_hidden":"","ed_cta_demo_text":"","ed_cta_demo_hidden":"","why_caption":"","why_editor_title":"","why_editor_text":"","why_team_title":"","why_team_text":"","why_service_title":"","why_service_text":"","template_catalog_visible":"0","template_catalog_title":"","template_catalog_text":"","template_catalog_categories_visible":"","demo_title":"Crea il tuo widget Vetrina del team","demo_caption":"Configura la tua vetrina del team e aggiungila gratuitamente al tuo sito Web HTML!","default_faq_hidden":"","app_template_category":[],"platform":"35","template_public_id":"","codecanyon_url":"","codecanyon_item_id":"","codecanyon_price":"","pricing_caption":"","pricing_elfsight_apps_hide_column":"","pricing_elfsight_apps_url":"","pricing_codecanyon_price_caption":"","integration_category":[],"integration_request_title":"","integration_request_cta":"","integration_platform":"","integrations":[],"platform_category":[],"video_schema_markup":"","price":"da $ 0 al mese","trial":"","benefits":[{"text":"Assistenza gratuita per l'installazione"},{"text":"Servizio clienti efficace"},{"text":"Garanzia di rimborso di 14 giorni"},{"text":"Miglioramenti gratuiti continui"}],"button_url":"#demo","button_target_blank":"0","button_nofollow":"0","attributes":[{"name":"Installazioni"},{"name":"Reattivo","content":"S\u00cc"},{"name":"Browser compatibili","content":"Firefox, Safari, Opera, Chrome, Edge"}],"tags":[],"tags_disable_links":"0","hide_more_platforms":"0","video_object":"","demo_hide_cta":"0","demo_hide_cloud_options":"0","pricing_title":"","pricing":[{"pricing_icon":"platform","pricing_title":"Elfsight Apps","pricing_title_caption":"Software indipendente dalla piattaforma adatto a qualsiasi sito web","pricing_price":"da $ 0 \/ mese","pricing_price_caption":"inizia con il piano gratuito","pricing_benefits":[{"text":"Siti web illimitati"},{"text":"Assistenza clienti dedicata e ben documentata"},{"text":"Servizio di installazione gratuito"},{"text":"Prezzo speciale per pi\u00f9 app"}],"pricing_button_text":"Aggiungi al sito web","pricing_button_url":"#demo"}],"related_apps_title":"","related_apps_hidden":"0","author":"","image":[],"title":"","job":"","social_networks":[]},"_links":{"self":[{"href":"https:\/\/elfsight.com\/it\/wp-json\/wp\/v2\/pages\/6108","targetHints":{"allow":["GET"]}}],"collection":[{"href":"https:\/\/elfsight.com\/it\/wp-json\/wp\/v2\/pages"}],"about":[{"href":"https:\/\/elfsight.com\/it\/wp-json\/wp\/v2\/types\/page"}],"author":[{"embeddable":true,"href":"https:\/\/elfsight.com\/it\/wp-json\/wp\/v2\/users\/9"}],"replies":[{"embeddable":true,"href":"https:\/\/elfsight.com\/it\/wp-json\/wp\/v2\/comments?post=6108"}],"version-history":[{"count":3,"href":"https:\/\/elfsight.com\/it\/wp-json\/wp\/v2\/pages\/6108\/revisions"}],"predecessor-version":[{"id":9919,"href":"https:\/\/elfsight.com\/it\/wp-json\/wp\/v2\/pages\/6108\/revisions\/9919"}],"up":[{"embeddable":true,"href":"https:\/\/elfsight.com\/it\/wp-json\/wp\/v2\/pages\/1569"}],"wp:attachment":[{"href":"https:\/\/elfsight.com\/it\/wp-json\/wp\/v2\/media?parent=6108"}],"curies":[{"name":"wp","href":"https:\/\/api.w.org\/{rel}","templated":true}]}}