{"id":6101,"date":"1970-01-01T00:00:00","date_gmt":"1970-01-01T00:00:00","guid":{"rendered":"https:\/\/elfsight.com\/it\/?page_id=6101"},"modified":"2025-03-24T07:38:52","modified_gmt":"2025-03-24T07:38:52","slug":"shopify","status":"publish","type":"page","link":"https:\/\/elfsight.com\/it\/team-showcase-widget\/shopify\/","title":{"rendered":"Team Showcase &#8211; Shopify"},"content":{"rendered":"\n<div class=\"application-platform-content-item-description application-platform-content-item\" id=\"description\" data-nav-section=\"description\"> <h2>Incorpora Team Showcase su Shopify con il widget Elfsight<\/h2> <p>Elfsight Team Showcase \u00e8 lo strumento pi\u00f9 semplice per mostrare i membri del tuo team su il tuo sito web. Questo widget ti aiuter\u00e0 a pubblicare le foto e i ruoli di qualsiasi tipo di squadra: partner commerciali, squadra sportiva, personale accademico, struttura aziendale e altro ancora. Dimostrare un&#8217;immagine, pubblicare i dettagli di contatto e un messaggio unico su ogni individuo. Gli utenti avranno la possibilit\u00e0 di rivolgersi a ciascuno di essi utilizzando collegamenti attivi o icone social. Puoi creare categorie e mostrare la struttura della tua squadra, selezionare un layout, colori e altro. Incrementa la fiducia nella tua attivit\u00e0, mostrandone il volto umano! <\/p><div class=\"faq\" data-component=\"FAQ\"> <div class=\"faq-item\">\r\n\t\t\t\t\t<div class=\"faq-item-question\">\r\n\t\t\t\t\t\t<h3 class=\"faq-item-question-text\">Dove posso installare il widget<\/h3>\r\n\r\n\t\t\t\t\t\t<div class=\"faq-item-question-icon\"><\/div>\r\n\t\t\t\t\t<\/div>\r\n\r\n\t\t\t\t\t<div class=\"faq-item-answer\">\r\n\t\t\t\t\t\t<div class=\"faq-item-answer-text\"> <p>Presenta la vetrina del tuo team in ogni pagina del sito, dove lo ritieni opportuno. Il widget pu\u00f2 agire come uno degli elementi dell&#8217;area contenuto oppure occupare tutto lo spazio su una pagina. In questo modo, puoi creare la tua pagina Chi siamo con l&#8217;aiuto del widget. <\/p><\/div>\r\n\t\t\t\t\t<\/div>\r\n\t\t\t\t<\/div> <div class=\"faq-item\">\r\n\t\t\t\t\t<div class=\"faq-item-question\">\r\n\t\t\t\t\t\t<h3 class=\"faq-item-question-text\">Quali sono i vantaggi per me di avere questo plugin? <\/h3>\r\n\r\n\t\t\t\t\t\t<div class=\"faq-item-question-icon\"><\/div>\r\n\t\t\t\t\t<\/div>\r\n\r\n\t\t\t\t\t<div class=\"faq-item-answer\">\r\n\t\t\t\t\t\t<div class=\"faq-item-answer-text\"><p>Raccontare le persone che sono coinvolte nella tua azienda aumenta il livello di trasparenza e aumenta l&#8217;affidabilit\u00e0 percepita i tuoi affari. Ci\u00f2 garantisce ai visitatori che tu sia un partner onesto e potrebbe portare a un livello pi\u00f9 elevato di lead e nuove vendite. Inoltre, sar\u00e0 pi\u00f9 facile contattare il tuo team utilizzando i dati di contatto visualizzati per ciascun membro. <\/p><\/div>\r\n\t\t\t\t\t<\/div>\r\n\t\t\t\t<\/div> <div class=\"faq-item\">\r\n\t\t\t\t\t<div class=\"faq-item-question\">\r\n\t\t\t\t\t\t<h3 class=\"faq-item-question-text\">Come posso ottenere Team Showcase sul mio sito Web Shopify? <\/h3>\r\n\r\n\t\t\t\t\t\t<div class=\"faq-item-question-icon\"><\/div>\r\n\t\t\t\t\t<\/div>\r\n\r\n\t\t\t\t\t<div class=\"faq-item-answer\">\r\n\t\t\t\t\t\t<div class=\"faq-item-answer-text\"> <p>Ti servono solo tre minuti del tuo tempo per impostare il widget. \u00c8 estremamente veloce, gratuito e senza codifica. <\/p> <ol> <li>Puoi impostare Team Showcase sul tuo sito tramite il nostro servizio. Per questo dovrai applicare la guida di seguito in questa pagina. <\/li> <li>Elfsight Team Showcase pu\u00f2 essere integrato tramite il nostro servizio o sul marketplace. Qui puoi leggere ulteriori informazioni su queste opzioni e scegliere la tua. <\/li> <\/ol> <\/div>\r\n\t\t\t\t\t<\/div>\r\n\t\t\t\t<\/div> <div class=\"faq-item\">\r\n\t\t\t\t\t<div class=\"faq-item-question\">\r\n\t\t\t\t\t\t<h3 class=\"faq-item-question-text\">Come posso incorporare una vetrina del team nel mio negozio Shopify senza competenze di codifica?<\/h3>\r\n\r\n\t\t\t\t\t\t<div class=\"faq-item-question-icon\"><\/div>\r\n\t\t\t\t\t<\/div>\r\n\r\n\t\t\t\t\t<div class=\"faq-item-answer\">\r\n\t\t\t\t\t\t<div class=\"faq-item-answer-text\"><p>Elfsight fornisce una soluzione basata su cloud che consente agli utenti di creare un Il team si mette in mostra. Scopri quanto pu\u00f2 essere semplice il processo:<\/p><ul><li>Accedi all&#8217;editor online per generare una sezione Vetrina del team che desideri integrare nel tuo negozio Shopify.<\/li><li>Scegli una delle i nostri modelli predefiniti e personalizza le impostazioni della Vetrina del team, regolando il layout e la combinazione di colori e includendo i tuoi contenuti senza alcuna necessit\u00e0 di codifica.<\/li><li>Salva le impostazioni che hai configurato per la Vetrina del team e ottieni il codice per l&#8217;incorporamento, che pu\u00f2 essere facilmente aggiunto al tuo negozio Shopify senza alcun costo.<\/li><\/ul><p>Lavorando nell&#8217;editor intuitivo, qualsiasi utente di Internet pu\u00f2 creare una sezione Vetrina del team e incorporarla il loro negozio Shopify. Non \u00e8 richiesto alcun pagamento o la necessit\u00e0 di divulgare i dati della tua carta per accedere all&#8217;editor Elfsight. In caso di difficolt\u00e0 in qualsiasi momento, non esitare a contattare la nostra assistenza clienti.<\/p><\/div>\r\n\t\t\t\t\t<\/div>\r\n\t\t\t\t<\/div><\/div> <\/div> <div class=\"application-platform-content-item-features application-platform-content-item\" id=\"features\" data-nav-section=\"features\"> <h2>Funzionalit\u00e0<\/h2> <p>Per comprendere appieno Team Showcase, visualizza l&#8217;elenco delle sue caratteristiche principali. Rendono questo widget davvero efficace per te: <\/p> <ul><li>Icone attive degli account social e link al sito e all&#8217;indirizzo email; <\/li><li>La posizione della persona si apre su Google Maps con un clic; <\/li><li>Viene visualizzato un popup con ulteriori dettagli su un membro del team; <\/li><li>Due possibilit\u00e0 di visualizzare i gruppi: come elenco complessivo o con menu; <\/li><li>Quattro opzioni di layout: Griglia, Schede, Galleria o Elenco. <\/li><\/ul><p><a href=\"#demo\">Per esplorare tutte le funzionalit\u00e0, guarda la demo<\/a><\/p> <\/div> <div class=\"application-platform-content-item-installation application-platform-content-item\" id=\"installation\" data-nav-section=\"installation\"> <h2>Ecco come integrare il widget Team Showcase nel tuo negozio Shopify. \u00c8 incredibilmente facile.<\/h2> <div class=\"video-container\"><iframe width=\"560\" height=\"315\" src=\"https:\/\/www.youtube.com\/embed\/tuhRdQi-Qcc?si=2h-SEYn7SRA4_ofH\" frameborder=\"0\" allow=\"accelerometer; autoplay; clipboard-write; encrypted-media; gyroscope; picture-in-picture; web-share\" allowfullscreen><\/iframe><\/div><p> Un paio di rapidi passaggi sono l&#8217;unica cosa che devi fare per incorporare il widget. <\/p> <ol><li><b>Utilizza il nostro editor gratuito e inizia a creare la tua app personalizzata. <\/b><br> Scegli il design e le specifiche adatte dell&#8217;app e salva tutte le modifiche. <\/li> <li><b>Ricevi il tuo codice personale rivelato nella finestra delle app Elfsight. <\/b><br> Una volta completata la configurazione della tua app, copia il codice individuale nella casella visualizzata e salvalo per un ulteriore utilizzo. <\/li> <li><b>Accedi all&#8217;utilizzo dell&#8217;app sul tuo sito Shopify. <\/b><br> Implementa il codice salvato di recente nel tuo sito e salva le modifiche. <\/li> <li><b>Fatto! L&#8217;integrazione \u00e8 stata eseguita con successo. <\/b><br> Vai sul tuo sito per verificare le prestazioni dell&#8217;app. <\/li><\/ol><p>Non riesci ancora a prendere una decisione? Oppure hai problemi? Una richiesta al nostro servizio clienti risolver\u00e0 ogni questione. <\/p> <\/div>\n","protected":false},"excerpt":{"rendered":"","protected":false},"author":9,"featured_media":0,"parent":1569,"menu_order":0,"comment_status":"closed","ping_status":"closed","template":"templates\/template-application-platform.php","meta":{"publish_to_discourse":"","publish_post_category":"","wpdc_auto_publish_overridden":"","wpdc_topic_tags":"","wpdc_pin_topic":"","wpdc_pin_until":"","discourse_post_id":"","discourse_permalink":"","wpdc_publishing_response":"","wpdc_publishing_error":"","footnotes":""},"class_list":["post-6101","page","type-page","status-publish","hentry"],"yoast_head":"<!-- This site is optimized with the Yoast SEO plugin v25.3.1 - https:\/\/yoast.com\/wordpress\/plugins\/seo\/ -->\n<title>Aggiungi l&#039;app Team Showcase al sito web Shopify (facile e gratuito)<\/title>\n<meta name=\"description\" content=\"Ecco la possibilit\u00e0 di creare l&#039;app Team Showcase e visualizzarla nel tuo negozio Shopify. Potrai usufruire dell&#039;assistenza clienti gratuita e di altri bonus da Elfsight.\" \/>\n<meta name=\"robots\" content=\"index, follow, max-snippet:-1, max-image-preview:large, max-video-preview:-1\" \/>\n<link rel=\"canonical\" href=\"https:\/\/elfsight.com\/it\/team-showcase-widget\/shopify\/\" \/>\n<meta property=\"og:locale\" content=\"it_IT\" \/>\n<meta property=\"og:type\" content=\"article\" \/>\n<meta property=\"og:title\" content=\"Aggiungi l&#039;app Team Showcase al sito web Shopify (facile e gratuito)\" \/>\n<meta property=\"og:description\" content=\"Ecco la possibilit\u00e0 di creare l&#039;app Team Showcase e visualizzarla nel tuo negozio Shopify. Potrai usufruire dell&#039;assistenza clienti gratuita e di altri bonus da Elfsight.\" \/>\n<meta property=\"og:url\" content=\"https:\/\/elfsight.com\/it\/team-showcase-widget\/shopify\/\" \/>\n<meta property=\"og:site_name\" content=\"Elfsight IT\" \/>\n<meta property=\"article:modified_time\" content=\"2025-03-24T07:38:52+00:00\" \/>\n<meta name=\"twitter:card\" content=\"summary_large_image\" \/>\n<meta name=\"twitter:label1\" content=\"Tempo di lettura stimato\" \/>\n\t<meta name=\"twitter:data1\" content=\"4 minuti\" \/>\n<!-- \/ Yoast SEO plugin. -->","yoast_head_json":{"title":"Aggiungi l'app Team Showcase al sito web Shopify (facile e gratuito)","description":"Ecco la possibilit\u00e0 di creare l'app Team Showcase e visualizzarla nel tuo negozio Shopify. Potrai usufruire dell'assistenza clienti gratuita e di altri bonus da Elfsight.","robots":{"index":"index","follow":"follow","max-snippet":"max-snippet:-1","max-image-preview":"max-image-preview:large","max-video-preview":"max-video-preview:-1"},"canonical":"https:\/\/elfsight.com\/it\/team-showcase-widget\/shopify\/","og_locale":"it_IT","og_type":"article","og_title":"Aggiungi l'app Team Showcase al sito web Shopify (facile e gratuito)","og_description":"Ecco la possibilit\u00e0 di creare l'app Team Showcase e visualizzarla nel tuo negozio Shopify. Potrai usufruire dell'assistenza clienti gratuita e di altri bonus da Elfsight.","og_url":"https:\/\/elfsight.com\/it\/team-showcase-widget\/shopify\/","og_site_name":"Elfsight IT","article_modified_time":"2025-03-24T07:38:52+00:00","twitter_card":"summary_large_image","twitter_misc":{"Tempo di lettura stimato":"4 minuti"},"schema":{"@context":"https:\/\/schema.org","@graph":[{"@type":"WebPage","@id":"https:\/\/elfsight.com\/it\/team-showcase-widget\/shopify\/","url":"https:\/\/elfsight.com\/it\/team-showcase-widget\/shopify\/","name":"Aggiungi l'app Team Showcase al sito web Shopify (facile e gratuito)","isPartOf":{"@id":"https:\/\/elfsight.com\/it\/#website"},"datePublished":"1970-01-01T00:00:00+00:00","dateModified":"2025-03-24T07:38:52+00:00","description":"Ecco la possibilit\u00e0 di creare l'app Team Showcase e visualizzarla nel tuo negozio Shopify. Potrai usufruire dell'assistenza clienti gratuita e di altri bonus da Elfsight.","breadcrumb":{"@id":"https:\/\/elfsight.com\/it\/team-showcase-widget\/shopify\/#breadcrumb"},"inLanguage":"it-IT","potentialAction":[{"@type":"ReadAction","target":["https:\/\/elfsight.com\/it\/team-showcase-widget\/shopify\/"]}]},{"@type":"BreadcrumbList","@id":"https:\/\/elfsight.com\/it\/team-showcase-widget\/shopify\/#breadcrumb","itemListElement":[{"@type":"ListItem","position":1,"name":"Home","item":"https:\/\/elfsight.com\/it\/"},{"@type":"ListItem","position":2,"name":"Team Showcase","item":"https:\/\/elfsight.com\/it\/team-showcase-widget\/"},{"@type":"ListItem","position":3,"name":"Team Showcase &#8211; Shopify"}]},{"@type":"WebSite","@id":"https:\/\/elfsight.com\/it\/#website","url":"https:\/\/elfsight.com\/it\/","name":"Elfsight IT","description":"Just another Elfsight Sites site","potentialAction":[{"@type":"SearchAction","target":{"@type":"EntryPoint","urlTemplate":"https:\/\/elfsight.com\/it\/?s={search_term_string}"},"query-input":{"@type":"PropertyValueSpecification","valueRequired":true,"valueName":"search_term_string"}}],"inLanguage":"it-IT"}]}},"meta_box":{"industry":"","seo_heading":"","heading":"","description":"","cta_heading":"","cta_description":"","application":"1568","h1":"App Shopify Team Vetrina","h1_caption":"Presenta i membri del tuo team in modo professionale e visivamente accattivante, creando facilmente fiducia e connessione con il tuo pubblico nel tuo sito web Shopify.","application_category":[],"applications_title":"","applications_request_title":"","applications_request_button_text":"","hero_text":"","hero_video":"","hero_video_schema_markup":"","selling_points_title":"","selling_points_caption":"","selling_points":[],"selling_points_cta_text":"","features_title":"","features":"","ed_cta_examples_text":"","ed_cta_examples_hidden":"","ed_cta_demo_text":"","ed_cta_demo_hidden":"","why_caption":"","why_editor_title":"","why_editor_text":"","why_team_title":"","why_team_text":"","why_service_title":"","why_service_text":"","template_catalog_visible":"0","template_catalog_title":"","template_catalog_text":"","template_catalog_categories_visible":"","demo_title":"Crea la tua app Vetrina del team","demo_caption":"Configura la tua vetrina del team e aggiungila gratuitamente al tuo sito Shopify!","default_faq_hidden":"","app_template_category":[],"platform":"42","template_public_id":"","codecanyon_url":"","codecanyon_item_id":"","codecanyon_price":"","pricing_caption":"","pricing_elfsight_apps_hide_column":"","pricing_elfsight_apps_url":"","pricing_codecanyon_price_caption":"","integration_category":[],"integration_request_title":"","integration_request_cta":"","integration_platform":"","integrations":[],"platform_category":[],"video_schema_markup":"","price":"da $ 0 al mese","trial":"","benefits":[{"text":"Servizio di installazione gratuito"},{"text":"Supporto premium"},{"text":"Garanzia di rimborso di 14 giorni"},{"text":"Aggiornamenti gratuiti continui"}],"button_url":"#demo","button_target_blank":"0","button_nofollow":"0","attributes":[{"name":"Installazioni"},{"name":"Reattivo","content":"S\u00cc"},{"name":"Browser compatibili","content":"Firefox, Safari, Opera, Chrome, Edge"}],"tags":[],"tags_disable_links":"0","hide_more_platforms":"0","video_object":"","demo_hide_cta":"0","demo_hide_cloud_options":"0","pricing_title":"","pricing":[{"pricing_icon":"cloud","pricing_title":"Elfsight Apps","pricing_title_caption":"Versione multipiattaforma che funziona su qualsiasi sito web","pricing_price":"da $ 0 \/ mese","pricing_price_caption":"inizia con il piano gratuito","pricing_benefits":[{"text":"Siti web illimitati"},{"text":"Supporto premium"},{"text":"Servizio di installazione gratuito"},{"text":"Offerta speciale per pi\u00f9 app"}],"pricing_button_text":"Aggiungi al sito web","pricing_button_url":"#demo"}],"related_apps_title":"","related_apps_hidden":"0","author":"","image":[],"title":"","job":"","social_networks":[]},"_links":{"self":[{"href":"https:\/\/elfsight.com\/it\/wp-json\/wp\/v2\/pages\/6101","targetHints":{"allow":["GET"]}}],"collection":[{"href":"https:\/\/elfsight.com\/it\/wp-json\/wp\/v2\/pages"}],"about":[{"href":"https:\/\/elfsight.com\/it\/wp-json\/wp\/v2\/types\/page"}],"author":[{"embeddable":true,"href":"https:\/\/elfsight.com\/it\/wp-json\/wp\/v2\/users\/9"}],"replies":[{"embeddable":true,"href":"https:\/\/elfsight.com\/it\/wp-json\/wp\/v2\/comments?post=6101"}],"version-history":[{"count":4,"href":"https:\/\/elfsight.com\/it\/wp-json\/wp\/v2\/pages\/6101\/revisions"}],"predecessor-version":[{"id":9921,"href":"https:\/\/elfsight.com\/it\/wp-json\/wp\/v2\/pages\/6101\/revisions\/9921"}],"up":[{"embeddable":true,"href":"https:\/\/elfsight.com\/it\/wp-json\/wp\/v2\/pages\/1569"}],"wp:attachment":[{"href":"https:\/\/elfsight.com\/it\/wp-json\/wp\/v2\/media?parent=6101"}],"curies":[{"name":"wp","href":"https:\/\/api.w.org\/{rel}","templated":true}]}}