{"id":6100,"date":"1970-01-01T00:00:00","date_gmt":"1970-01-01T00:00:00","guid":{"rendered":"https:\/\/elfsight.com\/it\/?page_id=6100"},"modified":"2025-03-24T07:42:57","modified_gmt":"2025-03-24T07:42:57","slug":"squarespace","status":"publish","type":"page","link":"https:\/\/elfsight.com\/it\/team-showcase-widget\/squarespace\/","title":{"rendered":"Team Showcase &#8211; Squarespace"},"content":{"rendered":"\n<div class=\"application-platform-content-item-description application-platform-content-item\" id=\"description\" data-nav-section=\"description\"> <h2>Incorpora Team Showcase su Squarespace con il widget Elfsight<\/h2> <p>Il widget diventer\u00e0 il modo pi\u00f9 facile da usare per mostra i membri del tuo team sul tuo sito web. Il widget aiuta a fornire foto ed esperienze di qualsiasi tipo di squadra: partner commerciali, squadre di sportivi, personale accademico, personale aziendale e altro ancora. Aggiungi un&#8217;immagine, informazioni di contatto e un messaggio univoco su ciascun membro del tuo team. I visitatori del sito web avranno la possibilit\u00e0 di rivolgersi a ognuno di loro in un attimo utilizzando collegamenti e icone social. Puoi creare gruppi e mostrare il format della tua azienda, selezionare layout, colori e altre opzioni. Aumenta l&#8217;affidabilit\u00e0 della tua attivit\u00e0, mostrando il suo volto umano! <\/p><div class=\"faq\" data-component=\"FAQ\"> <div class=\"faq-item\">\r\n\t\t\t\t\t<div class=\"faq-item-question\">\r\n\t\t\t\t\t\t<h3 class=\"faq-item-question-text\">Dove posso installarlo<\/h3>\r\n\r\n\t\t\t\t\t\t<div class=\"faq-item-question-icon\"><\/div>\r\n\t\t\t\t\t<\/div>\r\n\r\n\t\t\t\t\t<div class=\"faq-item-answer\">\r\n\t\t\t\t\t\t<div class=\"faq-item-answer-text\"> <p>Aggiungi la vetrina del tuo team a qualsiasi pagina del tuo sito web, dove \u00e8 richiesto. Il widget pu\u00f2 funzionare come uno dei componenti della zona contenuto oppure pu\u00f2 occupare l&#8217;intera pagina. Ad esempio, puoi usarlo per configurare la pagina Chi siamo del tuo sito.. <\/p><\/div>\r\n\t\t\t\t\t<\/div>\r\n\t\t\t\t<\/div> <div class=\"faq-item\">\r\n\t\t\t\t\t<div class=\"faq-item-question\">\r\n\t\t\t\t\t\t<h3 class=\"faq-item-question-text\">Come ne trarr\u00f2 beneficio? <\/h3>\r\n\r\n\t\t\t\t\t\t<div class=\"faq-item-question-icon\"><\/div>\r\n\t\t\t\t\t<\/div>\r\n\r\n\t\t\t\t\t<div class=\"faq-item-answer\">\r\n\t\t\t\t\t\t<div class=\"faq-item-answer-text\"> <p>Presentare le persone reali che stanno dietro l&#8217;azienda aumenta la trasparenza e l&#8217;affidabilit\u00e0 percepita della tua attivit\u00e0. Convince il tuo pubblico che la tua azienda \u00e8 un partner affidabile e pu\u00f2 generare pi\u00f9 lead e nuove vendite. Inoltre, i membri del tuo team saranno rapidamente raggiungibili grazie alle informazioni di contatto nel widget. <\/p><\/div>\r\n\t\t\t\t\t<\/div>\r\n\t\t\t\t<\/div> <div class=\"faq-item\">\r\n\t\t\t\t\t<div class=\"faq-item-question\">\r\n\t\t\t\t\t\t<h3 class=\"faq-item-question-text\">Come posso aggiungere Team Showcase sul mio sito Squarespace? <\/h3>\r\n\r\n\t\t\t\t\t\t<div class=\"faq-item-question-icon\"><\/div>\r\n\t\t\t\t\t<\/div>\r\n\r\n\t\t\t\t\t<div class=\"faq-item-answer\">\r\n\t\t\t\t\t\t<div class=\"faq-item-answer-text\"> <p>Ci vorranno due minuti del tuo tempo per configurarlo. Il processo \u00e8 estremamente rapido, gratuito e senza codifica. <\/p> <ol> <li>Puoi impostare il widget sul sito web tramite il nostro servizio. Basta controllare la breve descrizione qui sotto in questa pagina. <\/li> <li>Il widget pu\u00f2 essere aggiunto tramite il nostro servizio o tramite il marketplace. Qui puoi visualizzare maggiori dettagli sulle due varianti e decidere quale \u00e8 pi\u00f9 adatta. <\/li> <\/ol> <\/div>\r\n\t\t\t\t\t<\/div>\r\n\t\t\t\t<\/div> <\/div> <\/div> <div class=\"application-platform-content-item-features application-platform-content-item\" id=\"features\" data-nav-section=\"features\"> <h2>Caratteristiche principali del widget Team Showcase<\/h2> <p>Per modellare un idea migliore di Team Showcase, guarda l&#8217;elenco delle funzionalit\u00e0 principali. Rendono questo widget estremamente vantaggioso per te: <\/p> <ul><li>Icone cliccabili dei social media e collegamenti a siti Web e indirizzi e-mail; <\/li><li> La posizione si apre su Google Maps quando si fa clic; <\/li><li>Il popup rivela tutti i dettagli su un membro del team; <\/li><li>2 varianti per organizzare i gruppi: come elenco generale o con men\u00f9; <\/li><li>Quattro varianti di layout: Griglia, Carte, Galleria, Elenco. <\/li><\/ul><p><a href=\"#demo\">Per scoprire tutte le funzionalit\u00e0, guarda la demo<\/a><\/p> <\/div> <div class=\"application-platform-content-item-installation application-platform-content-item\" id=\"installation\" data-nav-section=\"installation\"> <h2>Scopri come integrare il widget Team Showcase nel tuo Squarespace sito web. <\/h2> <div class=\"video-container\"><iframe width=\"560\" height=\"315\" src=\"https:\/\/www.youtube.com\/embed\/whP3dtEJt9Y?si=ozFKm8zlWbhWSSv4\" frameborder=\"0\" allow=\"accelerometer; autoplay; clipboard-write; encrypted-media; gyroscope; picture-in-picture; web-share\" allowfullscreen><\/iframe><\/div><p> L&#8217;unica cosa che devi eseguire \u00e8 un paio di semplici azioni. <\/p> <ol><li><b>Progetta il tuo plug-in Team Showcase personalizzato<\/b><br> Gestendo il nostro editor gratuito, crea un plug-in con le funzionalit\u00e0 dell&#8217;interfaccia di cui hai bisogno. <\/li><li><b>Ricevi il codice individuale per pubblicare il plugin<\/b><br> Dopo aver creato il tuo widget, riceverai il tuo codice personale dalla notifica popup su Elfsight Apps. Copia il codice per un ulteriore utilizzo. <\/li> <li><b>Visualizza il plug-in sul tuo sito web Squarespace<\/b><br> Vai al punto in cui desideri integrare il plug-in e aggiungi l\u00ec il codice salvato. Salva le modifiche. <\/li> <li><b>Congratulazioni! Hai appena aggiunto il widget! <\/b><br> Entra nel tuo sito web, per visualizzare il tuo lavoro. <\/li> <\/ol><p>Ancora indeciso? O ti sei imbattuto in qualcosa? Invia semplicemente una richiesta al nostro team di supporto per aiutarti con ogni domanda. <\/p> <\/div>\n","protected":false},"excerpt":{"rendered":"","protected":false},"author":9,"featured_media":0,"parent":1569,"menu_order":0,"comment_status":"closed","ping_status":"closed","template":"templates\/template-application-platform.php","meta":{"publish_to_discourse":"","publish_post_category":"","wpdc_auto_publish_overridden":"","wpdc_topic_tags":"","wpdc_pin_topic":"","wpdc_pin_until":"","discourse_post_id":"","discourse_permalink":"","wpdc_publishing_response":"","wpdc_publishing_error":"","footnotes":""},"class_list":["post-6100","page","type-page","status-publish","hentry"],"yoast_head":"<!-- This site is optimized with the Yoast SEO plugin v25.3.1 - https:\/\/yoast.com\/wordpress\/plugins\/seo\/ -->\n<title>Aggiungi il plugin Team Showcase al sito web di Squarespace (veloce e gratuito)<\/title>\n<meta name=\"description\" content=\"\u00c8 semplicissimo progettare il plug-in Team Showcase e inserirlo nel sito Web di Squarespace. Il servizio clienti Elfsight \u00e8 gratuito.\" \/>\n<meta name=\"robots\" content=\"index, follow, max-snippet:-1, max-image-preview:large, max-video-preview:-1\" \/>\n<link rel=\"canonical\" href=\"https:\/\/elfsight.com\/it\/team-showcase-widget\/squarespace\/\" \/>\n<meta property=\"og:locale\" content=\"it_IT\" \/>\n<meta property=\"og:type\" content=\"article\" \/>\n<meta property=\"og:title\" content=\"Aggiungi il plugin Team Showcase al sito web di Squarespace (veloce e gratuito)\" \/>\n<meta property=\"og:description\" content=\"\u00c8 semplicissimo progettare il plug-in Team Showcase e inserirlo nel sito Web di Squarespace. Il servizio clienti Elfsight \u00e8 gratuito.\" \/>\n<meta property=\"og:url\" content=\"https:\/\/elfsight.com\/it\/team-showcase-widget\/squarespace\/\" \/>\n<meta property=\"og:site_name\" content=\"Elfsight IT\" \/>\n<meta property=\"article:modified_time\" content=\"2025-03-24T07:42:57+00:00\" \/>\n<meta name=\"twitter:card\" content=\"summary_large_image\" \/>\n<meta name=\"twitter:label1\" content=\"Tempo di lettura stimato\" \/>\n\t<meta name=\"twitter:data1\" content=\"3 minuti\" \/>\n<!-- \/ Yoast SEO plugin. -->","yoast_head_json":{"title":"Aggiungi il plugin Team Showcase al sito web di Squarespace (veloce e gratuito)","description":"\u00c8 semplicissimo progettare il plug-in Team Showcase e inserirlo nel sito Web di Squarespace. Il servizio clienti Elfsight \u00e8 gratuito.","robots":{"index":"index","follow":"follow","max-snippet":"max-snippet:-1","max-image-preview":"max-image-preview:large","max-video-preview":"max-video-preview:-1"},"canonical":"https:\/\/elfsight.com\/it\/team-showcase-widget\/squarespace\/","og_locale":"it_IT","og_type":"article","og_title":"Aggiungi il plugin Team Showcase al sito web di Squarespace (veloce e gratuito)","og_description":"\u00c8 semplicissimo progettare il plug-in Team Showcase e inserirlo nel sito Web di Squarespace. Il servizio clienti Elfsight \u00e8 gratuito.","og_url":"https:\/\/elfsight.com\/it\/team-showcase-widget\/squarespace\/","og_site_name":"Elfsight IT","article_modified_time":"2025-03-24T07:42:57+00:00","twitter_card":"summary_large_image","twitter_misc":{"Tempo di lettura stimato":"3 minuti"},"schema":{"@context":"https:\/\/schema.org","@graph":[{"@type":"WebPage","@id":"https:\/\/elfsight.com\/it\/team-showcase-widget\/squarespace\/","url":"https:\/\/elfsight.com\/it\/team-showcase-widget\/squarespace\/","name":"Aggiungi il plugin Team Showcase al sito web di Squarespace (veloce e gratuito)","isPartOf":{"@id":"https:\/\/elfsight.com\/it\/#website"},"datePublished":"1970-01-01T00:00:00+00:00","dateModified":"2025-03-24T07:42:57+00:00","description":"\u00c8 semplicissimo progettare il plug-in Team Showcase e inserirlo nel sito Web di Squarespace. Il servizio clienti Elfsight \u00e8 gratuito.","breadcrumb":{"@id":"https:\/\/elfsight.com\/it\/team-showcase-widget\/squarespace\/#breadcrumb"},"inLanguage":"it-IT","potentialAction":[{"@type":"ReadAction","target":["https:\/\/elfsight.com\/it\/team-showcase-widget\/squarespace\/"]}]},{"@type":"BreadcrumbList","@id":"https:\/\/elfsight.com\/it\/team-showcase-widget\/squarespace\/#breadcrumb","itemListElement":[{"@type":"ListItem","position":1,"name":"Home","item":"https:\/\/elfsight.com\/it\/"},{"@type":"ListItem","position":2,"name":"Team Showcase","item":"https:\/\/elfsight.com\/it\/team-showcase-widget\/"},{"@type":"ListItem","position":3,"name":"Team Showcase &#8211; Squarespace"}]},{"@type":"WebSite","@id":"https:\/\/elfsight.com\/it\/#website","url":"https:\/\/elfsight.com\/it\/","name":"Elfsight IT","description":"Just another Elfsight Sites site","potentialAction":[{"@type":"SearchAction","target":{"@type":"EntryPoint","urlTemplate":"https:\/\/elfsight.com\/it\/?s={search_term_string}"},"query-input":{"@type":"PropertyValueSpecification","valueRequired":true,"valueName":"search_term_string"}}],"inLanguage":"it-IT"}]}},"meta_box":{"industry":"","seo_heading":"","heading":"","description":"","cta_heading":"","cta_description":"","application":"1568","h1":"Plug-in per la vetrina del team di Squarespace","h1_caption":"Presenta i membri del tuo team in modo professionale e visivamente accattivante, creando facilmente fiducia e connessione con il tuo pubblico nel tuo sito web Squarespace.","application_category":[],"applications_title":"","applications_request_title":"","applications_request_button_text":"","hero_text":"","hero_video":"","hero_video_schema_markup":"","selling_points_title":"","selling_points_caption":"","selling_points":[],"selling_points_cta_text":"","features_title":"","features":"","ed_cta_examples_text":"","ed_cta_examples_hidden":"","ed_cta_demo_text":"","ed_cta_demo_hidden":"","why_caption":"","why_editor_title":"","why_editor_text":"","why_team_title":"","why_team_text":"","why_service_title":"","why_service_text":"","template_catalog_visible":"0","template_catalog_title":"","template_catalog_text":"","template_catalog_categories_visible":"","demo_title":"Crea il tuo plug-in Vetrina del team","demo_caption":"Configura la tua vetrina del team e aggiungila gratuitamente al tuo sito web Squarespace!","default_faq_hidden":"","app_template_category":[],"platform":"43","template_public_id":"","codecanyon_url":"","codecanyon_item_id":"","codecanyon_price":"","pricing_caption":"","pricing_elfsight_apps_hide_column":"","pricing_elfsight_apps_url":"","pricing_codecanyon_price_caption":"","integration_category":[],"integration_request_title":"","integration_request_cta":"","integration_platform":"","integrations":[],"platform_category":[],"video_schema_markup":"","price":"da $ 0 al mese","trial":"","benefits":[{"text":"Assistenza gratuita per l'installazione"},{"text":"Servizio clienti professionale"},{"text":"Garanzia di rimborso di 14 giorni"},{"text":"Miglioramenti gratuiti continui"}],"button_url":"#demo","button_target_blank":"0","button_nofollow":"0","attributes":[{"name":"Installazioni"},{"name":"Reattivo","content":"S\u00cc"},{"name":"Browser compatibili","content":"Firefox, Safari, Opera, Chrome, Edge"}],"tags":[],"tags_disable_links":"0","hide_more_platforms":"0","video_object":"","demo_hide_cta":"0","demo_hide_cloud_options":"0","pricing_title":"","pricing":[{"pricing_icon":"platform","pricing_title":"Elfsight Apps","pricing_title_caption":"Software indipendente dalla piattaforma che funziona su qualsiasi sito","pricing_price":"da $ 0 \/ mese","pricing_price_caption":"inizia con un piano gratuito","pricing_benefits":[{"text":"Domini illimitati"},{"text":"Supporto aziendale veloce"},{"text":"Servizio di installazione gratuito"},{"text":"Completamente personalizzabile"}],"pricing_button_text":"Aggiungi al sito web","pricing_button_url":"#demo"}],"related_apps_title":"","related_apps_hidden":"0","author":"","image":[],"title":"","job":"","social_networks":[]},"_links":{"self":[{"href":"https:\/\/elfsight.com\/it\/wp-json\/wp\/v2\/pages\/6100","targetHints":{"allow":["GET"]}}],"collection":[{"href":"https:\/\/elfsight.com\/it\/wp-json\/wp\/v2\/pages"}],"about":[{"href":"https:\/\/elfsight.com\/it\/wp-json\/wp\/v2\/types\/page"}],"author":[{"embeddable":true,"href":"https:\/\/elfsight.com\/it\/wp-json\/wp\/v2\/users\/9"}],"replies":[{"embeddable":true,"href":"https:\/\/elfsight.com\/it\/wp-json\/wp\/v2\/comments?post=6100"}],"version-history":[{"count":3,"href":"https:\/\/elfsight.com\/it\/wp-json\/wp\/v2\/pages\/6100\/revisions"}],"predecessor-version":[{"id":9922,"href":"https:\/\/elfsight.com\/it\/wp-json\/wp\/v2\/pages\/6100\/revisions\/9922"}],"up":[{"embeddable":true,"href":"https:\/\/elfsight.com\/it\/wp-json\/wp\/v2\/pages\/1569"}],"wp:attachment":[{"href":"https:\/\/elfsight.com\/it\/wp-json\/wp\/v2\/media?parent=6100"}],"curies":[{"name":"wp","href":"https:\/\/api.w.org\/{rel}","templated":true}]}}