{"id":6093,"date":"1970-01-01T00:00:00","date_gmt":"1970-01-01T00:00:00","guid":{"rendered":"https:\/\/elfsight.com\/it\/?page_id=6093"},"modified":"2025-03-24T07:47:58","modified_gmt":"2025-03-24T07:47:58","slug":"weebly","status":"publish","type":"page","link":"https:\/\/elfsight.com\/it\/team-showcase-widget\/weebly\/","title":{"rendered":"Team Showcase &#8211; Weebly"},"content":{"rendered":"\n<div class=\"application-platform-content-item-description application-platform-content-item\" id=\"description\" data-nav-section=\"description\"> <h2>Descrizione<\/h2> <p>Elfsight Team Showcase sar\u00e0 il modo migliore per mostrare il tuo team sul tuo sito. Il widget aiuter\u00e0 a presentare qualsiasi tipo di squadra: colleghi di lavoro, club sportivi, personale docente, compagni di squadra aziendali e altro ancora. Aggiungi una foto, aggiungi i dettagli di contatto e un messaggio dettagliato su ogni individuo. Al tuo pubblico verr\u00e0 presentata la possibilit\u00e0 di contattarlo immediatamente utilizzando collegamenti e icone social. Sei libero di creare categorie e dimostrare la struttura della tua squadra, scegliere un layout, colori e altre opzioni. Aumenta la fiducia nella tua azienda, mostrando il suo volto umano! <\/p><div class=\"faq\" data-component=\"FAQ\"> <div class=\"faq-item\">\r\n\t\t\t\t\t<div class=\"faq-item-question\">\r\n\t\t\t\t\t\t<h3 class=\"faq-item-question-text\">Dove posso installare Team Showcase?<\/h3>\r\n\r\n\t\t\t\t\t\t<div class=\"faq-item-question-icon\"><\/div>\r\n\t\t\t\t\t<\/div>\r\n\r\n\t\t\t\t\t<div class=\"faq-item-answer\">\r\n\t\t\t\t\t\t<div class=\"faq-item-answer-text\"> <p>Visualizza la gallery del tuo team su qualsiasi pagina del sito web, dove \u00e8 richiesto. Il widget pu\u00f2 essere uno degli elementi dell&#8217;area contenuto oppure riempire l&#8217;intera pagina. Ad esempio, puoi creare una pagina Chi siamo con esso. <\/p><\/div>\r\n\t\t\t\t\t<\/div>\r\n\t\t\t\t<\/div> <div class=\"faq-item\">\r\n\t\t\t\t\t<div class=\"faq-item-question\">\r\n\t\t\t\t\t\t<h3 class=\"faq-item-question-text\">Come trarr\u00f2 vantaggio da Team Showcase? <\/h3>\r\n\r\n\t\t\t\t\t\t<div class=\"faq-item-question-icon\"><\/div>\r\n\t\t\t\t\t<\/div>\r\n\r\n\t\t\t\t\t<div class=\"faq-item-answer\">\r\n\t\t\t\t\t\t<div class=\"faq-item-answer-text\"> <p>Presentare le persone reali coinvolte nell&#8217;attivit\u00e0 aumenta la trasparenza e migliora l&#8217;affidabilit\u00e0 percepita della tua azienda. Ci\u00f2 garantisce agli utenti che la tua azienda sia un partner credibile e pu\u00f2 aiutare a ottenere pi\u00f9 contatti e nuove vendite. Inoltre, sar\u00e0 pi\u00f9 semplice per i tuoi utenti entrare in contatto con i tuoi colleghi. <\/p><\/div>\r\n\t\t\t\t\t<\/div>\r\n\t\t\t\t<\/div> <div class=\"faq-item\">\r\n\t\t\t\t\t<div class=\"faq-item-question\">\r\n\t\t\t\t\t\t<h3 class=\"faq-item-question-text\">Come faccio ad aggiungere Team Showcase al mio sito web Weebly? <\/h3>\r\n\r\n\t\t\t\t\t\t<div class=\"faq-item-question-icon\"><\/div>\r\n\t\t\t\t\t<\/div>\r\n\r\n\t\t\t\t\t<div class=\"faq-item-answer\">\r\n\t\t\t\t\t\t<div class=\"faq-item-answer-text\"> <p>Ci vuole solo un minuto del tuo tempo per iniziare a utilizzare il widget. L&#8217;incorporamento \u00e8 estremamente rapido, gratuito e privo di codifica. <\/p> <ol> <li>C&#8217;\u00e8 un&#8217;opzione per inserire il widget nel tuo sito web direttamente tramite il nostro servizio. Per questo, usa la guida qui sotto in questa pagina. <\/li> <li>Elfsight Team Showcase pu\u00f2 essere impostato tramite il nostro servizio o tramite il marketplace. Puoi confrontare entrambe le varianti e scegliere la tua. <\/li> <\/ol> <\/div>\r\n\t\t\t\t\t<\/div>\r\n\t\t\t\t<\/div> <\/div> <\/div> <div class=\"application-platform-content-item-features application-platform-content-item\" id=\"features\" data-nav-section=\"features\"> <h2>Caratteristiche<\/h2> <p>Per avere una conoscenza pi\u00f9 chiara di Team Showcase, esamina la elenco dei suoi tratti principali. Rendono questo widget incredibilmente efficace per te: <\/p> <ul><li>Icone attive di account social e collegamenti a siti web e indirizzi e-mail; <\/li><li>La posizione della persona si apre su Google Maps quando viene cliccata; <\/li><li>Il popup mostra tutte le informazioni di una persona; <\/li><li>2 possibilit\u00e0 di mostrare le categorie: come elenco generale o con menu; <\/li><li>4 opzioni di layout tra cui scegliere: Griglia, Schede, Galleria o Elenco. <\/li><\/ul><p><a href=\"#demo\">Per vedere tutte le funzionalit\u00e0, guarda la demo live<\/a><\/p> <\/div> <div class=\"application-platform-content-item-installation application-platform-content-item\" id=\"installation\" data-nav-section=\"installation\"> <h2>Controlliamo come integrare il widget Team Showcase con il tuo Weebly pagina. \u00c8 incredibilmente facile.<\/h2> <div class=\"video-container\"><iframe width=\"560\" height=\"315\" src=\"https:\/\/www.youtube.com\/embed\/3RG_ncysL1w?si=7_CHizY9fI04sE_Y\" frameborder=\"0\" allow=\"accelerometer; autoplay; clipboard-write; encrypted-media; gyroscope; picture-in-picture; web-share\" allowfullscreen><\/iframe><\/div><p>Questi diversi passaggi sono l&#8217;unica cosa che devi fare per ottenere il widget. <\/p> <ol><li><b>Gestisci il nostro editor gratuito e inizia a creare la tua app personalizzata. <\/b><br> Scegli la disposizione e le funzionalit\u00e0 selezionate dell&#8217;app e salva tutte le correzioni. <\/li> <li><b>Ottieni il tuo codice personale che viene mostrato nella finestra su Elfsight Apps. <\/b><br> Subito dopo aver terminato la configurazione della tua app personale, copia il codice nella finestra visualizzata e salvalo per un uso successivo. <\/li> <li><b>Avviare l&#8217;utilizzo dell&#8217;app sul sito Web Weebly. <\/b><br> Integra il codice salvato di recente nel tuo sito e salva i miglioramenti. <\/li> <li><b>Il gioco \u00e8 fatto! L&#8217;incorporamento \u00e8 stato completamente eseguito. <\/b><br> Apri la tua pagina web per vedere in azione il funzionamento dell&#8217;app. <\/li><\/ol><p>Non riesci ancora a decidere? Oppure hai domande da porre? Basta inviare una richiesta al nostro servizio clienti e ti aiuteremo con qualsiasi tipo di domanda. <\/p> <\/div>\n","protected":false},"excerpt":{"rendered":"","protected":false},"author":9,"featured_media":0,"parent":1569,"menu_order":0,"comment_status":"closed","ping_status":"closed","template":"templates\/template-application-platform.php","meta":{"publish_to_discourse":"","publish_post_category":"","wpdc_auto_publish_overridden":"","wpdc_topic_tags":"","wpdc_pin_topic":"","wpdc_pin_until":"","discourse_post_id":"","discourse_permalink":"","wpdc_publishing_response":"","wpdc_publishing_error":"","footnotes":""},"class_list":["post-6093","page","type-page","status-publish","hentry"],"yoast_head":"<!-- This site is optimized with the Yoast SEO plugin v25.3.1 - https:\/\/yoast.com\/wordpress\/plugins\/seo\/ -->\n<title>Aggiungi l&#039;app Team Showcase al sito Web Weebly (veloce e gratuito)<\/title>\n<meta name=\"description\" content=\"Con Elfsight dai forma alla tua app Team Showcase e inseriscila sul sito Weebly. Offriamo un servizio clienti gratuito e altri bonus.\" \/>\n<meta name=\"robots\" content=\"index, follow, max-snippet:-1, max-image-preview:large, max-video-preview:-1\" \/>\n<link rel=\"canonical\" href=\"https:\/\/elfsight.com\/it\/team-showcase-widget\/weebly\/\" \/>\n<meta property=\"og:locale\" content=\"it_IT\" \/>\n<meta property=\"og:type\" content=\"article\" \/>\n<meta property=\"og:title\" content=\"Aggiungi l&#039;app Team Showcase al sito Web Weebly (veloce e gratuito)\" \/>\n<meta property=\"og:description\" content=\"Con Elfsight dai forma alla tua app Team Showcase e inseriscila sul sito Weebly. Offriamo un servizio clienti gratuito e altri bonus.\" \/>\n<meta property=\"og:url\" content=\"https:\/\/elfsight.com\/it\/team-showcase-widget\/weebly\/\" \/>\n<meta property=\"og:site_name\" content=\"Elfsight IT\" \/>\n<meta property=\"article:modified_time\" content=\"2025-03-24T07:47:58+00:00\" \/>\n<meta name=\"twitter:card\" content=\"summary_large_image\" \/>\n<meta name=\"twitter:label1\" content=\"Tempo di lettura stimato\" \/>\n\t<meta name=\"twitter:data1\" content=\"3 minuti\" \/>\n<!-- \/ Yoast SEO plugin. -->","yoast_head_json":{"title":"Aggiungi l'app Team Showcase al sito Web Weebly (veloce e gratuito)","description":"Con Elfsight dai forma alla tua app Team Showcase e inseriscila sul sito Weebly. Offriamo un servizio clienti gratuito e altri bonus.","robots":{"index":"index","follow":"follow","max-snippet":"max-snippet:-1","max-image-preview":"max-image-preview:large","max-video-preview":"max-video-preview:-1"},"canonical":"https:\/\/elfsight.com\/it\/team-showcase-widget\/weebly\/","og_locale":"it_IT","og_type":"article","og_title":"Aggiungi l'app Team Showcase al sito Web Weebly (veloce e gratuito)","og_description":"Con Elfsight dai forma alla tua app Team Showcase e inseriscila sul sito Weebly. Offriamo un servizio clienti gratuito e altri bonus.","og_url":"https:\/\/elfsight.com\/it\/team-showcase-widget\/weebly\/","og_site_name":"Elfsight IT","article_modified_time":"2025-03-24T07:47:58+00:00","twitter_card":"summary_large_image","twitter_misc":{"Tempo di lettura stimato":"3 minuti"},"schema":{"@context":"https:\/\/schema.org","@graph":[{"@type":"WebPage","@id":"https:\/\/elfsight.com\/it\/team-showcase-widget\/weebly\/","url":"https:\/\/elfsight.com\/it\/team-showcase-widget\/weebly\/","name":"Aggiungi l'app Team Showcase al sito Web Weebly (veloce e gratuito)","isPartOf":{"@id":"https:\/\/elfsight.com\/it\/#website"},"datePublished":"1970-01-01T00:00:00+00:00","dateModified":"2025-03-24T07:47:58+00:00","description":"Con Elfsight dai forma alla tua app Team Showcase e inseriscila sul sito Weebly. Offriamo un servizio clienti gratuito e altri bonus.","breadcrumb":{"@id":"https:\/\/elfsight.com\/it\/team-showcase-widget\/weebly\/#breadcrumb"},"inLanguage":"it-IT","potentialAction":[{"@type":"ReadAction","target":["https:\/\/elfsight.com\/it\/team-showcase-widget\/weebly\/"]}]},{"@type":"BreadcrumbList","@id":"https:\/\/elfsight.com\/it\/team-showcase-widget\/weebly\/#breadcrumb","itemListElement":[{"@type":"ListItem","position":1,"name":"Home","item":"https:\/\/elfsight.com\/it\/"},{"@type":"ListItem","position":2,"name":"Team Showcase","item":"https:\/\/elfsight.com\/it\/team-showcase-widget\/"},{"@type":"ListItem","position":3,"name":"Team Showcase &#8211; Weebly"}]},{"@type":"WebSite","@id":"https:\/\/elfsight.com\/it\/#website","url":"https:\/\/elfsight.com\/it\/","name":"Elfsight IT","description":"Just another Elfsight Sites site","potentialAction":[{"@type":"SearchAction","target":{"@type":"EntryPoint","urlTemplate":"https:\/\/elfsight.com\/it\/?s={search_term_string}"},"query-input":{"@type":"PropertyValueSpecification","valueRequired":true,"valueName":"search_term_string"}}],"inLanguage":"it-IT"}]}},"meta_box":{"industry":"","seo_heading":"","heading":"","description":"","cta_heading":"","cta_description":"","application":"1568","h1":"Applicazione Weebly Team Showcase","h1_caption":"Presenta i membri del tuo team in modo professionale e visivamente accattivante, creando facilmente fiducia e connessione con il tuo pubblico nel tuo sito web Weebly.","application_category":[],"applications_title":"","applications_request_title":"","applications_request_button_text":"","hero_text":"","hero_video":"","hero_video_schema_markup":"","selling_points_title":"","selling_points_caption":"","selling_points":[],"selling_points_cta_text":"","features_title":"","features":"","ed_cta_examples_text":"","ed_cta_examples_hidden":"","ed_cta_demo_text":"","ed_cta_demo_hidden":"","why_caption":"","why_editor_title":"","why_editor_text":"","why_team_title":"","why_team_text":"","why_service_title":"","why_service_text":"","template_catalog_visible":"0","template_catalog_title":"","template_catalog_text":"","template_catalog_categories_visible":"","demo_title":"Crea la tua app Vetrina del team","demo_caption":"Configura il tuo Team Showcase e aggiungilo gratuitamente al tuo sito web Weebly!","default_faq_hidden":"","app_template_category":[],"platform":"45","template_public_id":"","codecanyon_url":"","codecanyon_item_id":"","codecanyon_price":"","pricing_caption":"","pricing_elfsight_apps_hide_column":"","pricing_elfsight_apps_url":"","pricing_codecanyon_price_caption":"","integration_category":[],"integration_request_title":"","integration_request_cta":"","integration_platform":"","integrations":[],"platform_category":[],"video_schema_markup":"","price":"da $ 0 al mese","trial":"","benefits":[{"text":"Aiuto gratuito per l'installazione"},{"text":"Assistenza clienti con esperienza"},{"text":"Garanzia di rimborso di 14 giorni"},{"text":"Aggiornamenti gratuiti continui"}],"button_url":"#demo","button_target_blank":"0","button_nofollow":"0","attributes":[{"name":"Installazioni"},{"name":"Reattivo","content":"S\u00cc"},{"name":"Browser compatibili","content":"Firefox, Safari, Opera, Chrome, Edge"}],"tags":[],"tags_disable_links":"0","hide_more_platforms":"0","video_object":"","demo_hide_cta":"0","demo_hide_cloud_options":"0","pricing_title":"","pricing":[{"pricing_icon":"platform","pricing_title":"Elfsight Apps","pricing_title_caption":"Software multipiattaforma adatto a qualsiasi sito web","pricing_price":"da $ 0 \/ mese","pricing_price_caption":"inizia con un piano gratuito","pricing_benefits":[{"text":"Siti web illimitati"},{"text":"Supporto dedicato, puntuale e ben documentato"},{"text":"Supporto per l'installazione senza costi"},{"text":"Completamente personalizzabile"}],"pricing_button_text":"Aggiungi al sito web","pricing_button_url":"#demo"}],"related_apps_title":"","related_apps_hidden":"0","author":"","image":[],"title":"","job":"","social_networks":[]},"_links":{"self":[{"href":"https:\/\/elfsight.com\/it\/wp-json\/wp\/v2\/pages\/6093","targetHints":{"allow":["GET"]}}],"collection":[{"href":"https:\/\/elfsight.com\/it\/wp-json\/wp\/v2\/pages"}],"about":[{"href":"https:\/\/elfsight.com\/it\/wp-json\/wp\/v2\/types\/page"}],"author":[{"embeddable":true,"href":"https:\/\/elfsight.com\/it\/wp-json\/wp\/v2\/users\/9"}],"replies":[{"embeddable":true,"href":"https:\/\/elfsight.com\/it\/wp-json\/wp\/v2\/comments?post=6093"}],"version-history":[{"count":4,"href":"https:\/\/elfsight.com\/it\/wp-json\/wp\/v2\/pages\/6093\/revisions"}],"predecessor-version":[{"id":9928,"href":"https:\/\/elfsight.com\/it\/wp-json\/wp\/v2\/pages\/6093\/revisions\/9928"}],"up":[{"embeddable":true,"href":"https:\/\/elfsight.com\/it\/wp-json\/wp\/v2\/pages\/1569"}],"wp:attachment":[{"href":"https:\/\/elfsight.com\/it\/wp-json\/wp\/v2\/media?parent=6093"}],"curies":[{"name":"wp","href":"https:\/\/api.w.org\/{rel}","templated":true}]}}