{"id":6082,"date":"1970-01-01T00:00:00","date_gmt":"1970-01-01T00:00:00","guid":{"rendered":"https:\/\/elfsight.com\/it\/?page_id=6082"},"modified":"2025-03-24T07:53:01","modified_gmt":"2025-03-24T07:53:01","slug":"google-sites","status":"publish","type":"page","link":"https:\/\/elfsight.com\/it\/team-showcase-widget\/google-sites\/","title":{"rendered":"Team Showcase &#8211; Google Sites"},"content":{"rendered":"\n<div class=\"application-platform-content-item-description application-platform-content-item\" id=\"description\" data-nav-section=\"description\"> <h2>Incorpora la vetrina del team su Google Sites con il widget Elfsight<\/h2> <p>La vetrina del team per Google Sites sar\u00e0 la soluzione pi\u00f9 semplice modo da utilizzare per visualizzare i membri del tuo team sul sito web. Il widget aiuta a raccontare qualsiasi tipo di squadra: colleghi di lavoro, squadra sportiva, personale accademico, dipendenti aziendali e altro. Mostra un&#8217;immagine, pubblica le informazioni di contatto e un testo personalizzato su ciascun individuo. I visitatori del sito web avranno l&#8217;opportunit\u00e0 di raggiungerli in un attimo utilizzando collegamenti attivi e icone dei social media. Puoi creare gruppi e mostrare la struttura della tua squadra, scegliere layout, colori e altro ancora. Aumenta l&#8217;affidabilit\u00e0 della tua azienda, mostrando il suo volto umano!<\/p> <p><b>Con Team Showcase, sperimenta una forte crescita del business e aumenta le vendite <\/b><\/p> <\/div> <div class=\"faq\" data-component=\"FAQ\"><div class=\"faq-item\">\r\n\t\t\t\t\t<div class=\"faq-item-question\">\r\n\t\t\t\t\t\t<h3 class=\"faq-item-question-text\">Come posso incorporare una vetrina del team nel sito di Google Sites? <\/h3>\r\n\r\n\t\t\t\t\t\t<div class=\"faq-item-question-icon\"><\/div>\r\n\t\t\t\t\t<\/div>\r\n\r\n\t\t\t\t\t<div class=\"faq-item-answer\">\r\n\t\t\t\t\t\t<div class=\"faq-item-answer-text\"><p>La base del widget viene eseguita nelle pagine di Elfsight e non \u00e8 necessario imparare come codificare. Vai alla nostra demo live per progettare il tuo widget, ottenere il codice e integrarlo nel tuo sito web. <\/p><\/div>\r\n\t\t\t\t\t<\/div>\r\n\t\t\t\t<\/div><div class=\"faq-item\">\r\n\t\t\t\t\t<div class=\"faq-item-question\">\r\n\t\t\t\t\t\t<h3 class=\"faq-item-question-text\">I migliori esempi di utilizzo dell'integrazione dei membri del team<\/h3>\r\n\r\n\t\t\t\t\t\t<div class=\"faq-item-question-icon\"><\/div>\r\n\t\t\t\t\t<\/div>\r\n\r\n\t\t\t\t\t<div class=\"faq-item-answer\">\r\n\t\t\t\t\t\t<div class=\"faq-item-answer-text\"><p>Abbiamo molte possibilit\u00e0 di regolazione: widget a grandezza naturale da incorporare nella sezione dei contenuti, mobili plugin con opportunit\u00e0 di scorrimento, miniature per il pi\u00e8 di pagina, la sezione principale e tutti i tipi di opzioni verticali per le barre laterali e i menu del sito web. <\/p><\/div>\r\n\t\t\t\t\t<\/div>\r\n\t\t\t\t<\/div><div class=\"faq-item\">\r\n\t\t\t\t\t<div class=\"faq-item-question\">\r\n\t\t\t\t\t\t<h3 class=\"faq-item-question-text\">Posso creare una vetrina per team di fitness o barbieri con l'aiuto del tuo editor? <\/h3>\r\n\r\n\t\t\t\t\t\t<div class=\"faq-item-question-icon\"><\/div>\r\n\t\t\t\t\t<\/div>\r\n\r\n\t\t\t\t\t<div class=\"faq-item-answer\">\r\n\t\t\t\t\t\t<div class=\"faq-item-answer-text\"><p>Sei libero di creare eventuali modifiche del widget. Ci sono molti layout applicabili nell&#8217;editor e tutti possono essere facilmente personalizzati proprio come ti manca. <\/p><\/div>\r\n\t\t\t\t\t<\/div>\r\n\t\t\t\t<\/div><\/div><div class=\"application-platform-content-item-features application-platform-content-item\" id=\"features\" data-nav-section=\"features\"> <h2>Le funzionalit\u00e0 dei widget pi\u00f9 richieste includono<\/h2> <ul><li>Icone attive degli account social e collegamenti a siti Web ed e-mail -indirizzo di posta; <\/li><li>Posizione della persona rivelata su Google Maps al clic; <\/li><li>Il popup apre tutti i dettagli di un membro del team; <\/li><li>Due possibilit\u00e0 di mostrare i gruppi: in un elenco complessivo o con menu; <\/li><li>4 varianti di layout tra cui scegliere: Griglia, Carte, Galleria, Elenco. <\/li><\/ul><p><a href=\"#demo\">Basta controllare questa demo per avere un&#8217;idea completa<\/a><\/p> <\/div> <div class=\"application-platform-content-item-installation application-platform-content-item\" id=\"installation\" data-nav-section=\"installation\"> <h2>Come posso aggiungere Team Showcase al mio sito Google Sites? <\/h2> <p>Segui semplicemente le istruzioni seguenti per aggiungere il widget. <\/p> <ol><li><b>Utilizza il nostro configuratore gratuito e inizia a creare il tuo plugin. <\/b><br> Determina la forma selezionata e le caratteristiche del plugin e salva le modifiche. <\/li> <li><b>Ricevi il tuo codice personale rivelato nell&#8217;apposito modulo su Elfsight Apps. <\/b><br> Appena terminata la configurazione del tuo strumento, copia il codice personale dal popup emerso e salvalo per ulteriori occasioni. <\/li> <li><b>Inizia l&#8217;utilizzo del widget sul sito Google Sites. <\/b><br> Aggiungi il codice salvato in precedenza nella tua pagina web e salva le correzioni. <\/li> <li><b>L&#8217;installazione \u00e8 stata completata con successo. <\/b><br> Visita il tuo sito per verificare come funziona il plug-in. <\/li><\/ol> <div class=\"tip-yellow tip\"><b>A causa delle peculiarit\u00e0 del funzionamento di Google Sites, il widget potrebbe avere un aspetto diverso dalla demo online. Ci scusiamo per gli eventuali disagi causati.<\/b><\/div><p>Se incontri difficolt\u00e0, non esitare a chiedere assistenza al nostro personale del servizio clienti. I nostri specialisti non vedono l&#8217;ora di risolvere tutte le difficolt\u00e0 che potresti avere con il widget. <\/p> <\/div>\n","protected":false},"excerpt":{"rendered":"","protected":false},"author":9,"featured_media":0,"parent":1569,"menu_order":0,"comment_status":"closed","ping_status":"closed","template":"templates\/template-application-platform.php","meta":{"publish_to_discourse":"","publish_post_category":"","wpdc_auto_publish_overridden":"","wpdc_topic_tags":"","wpdc_pin_topic":"","wpdc_pin_until":"","discourse_post_id":"","discourse_permalink":"","wpdc_publishing_response":"","wpdc_publishing_error":"","footnotes":""},"class_list":["post-6082","page","type-page","status-publish","hentry"],"yoast_head":"<!-- This site is optimized with the Yoast SEO plugin v25.3.1 - https:\/\/yoast.com\/wordpress\/plugins\/seo\/ -->\n<title>Vetrina del team: aggiungi il widget Vetrina del team a Google Sites (2025)<\/title>\n<meta name=\"description\" content=\"Aggiungi un&#039;estensione Team Showcase reattiva sul tuo sito web di Google Sites e guadagna la massima fiducia. Applica la pratica demo di Elfsight per creare la tua funzionalit\u00e0 personalizzata.\" \/>\n<meta name=\"robots\" content=\"index, follow, max-snippet:-1, max-image-preview:large, max-video-preview:-1\" \/>\n<link rel=\"canonical\" href=\"https:\/\/elfsight.com\/it\/team-showcase-widget\/google-sites\/\" \/>\n<meta property=\"og:locale\" content=\"it_IT\" \/>\n<meta property=\"og:type\" content=\"article\" \/>\n<meta property=\"og:title\" content=\"Vetrina del team: aggiungi il widget Vetrina del team a Google Sites (2025)\" \/>\n<meta property=\"og:description\" content=\"Aggiungi un&#039;estensione Team Showcase reattiva sul tuo sito web di Google Sites e guadagna la massima fiducia. Applica la pratica demo di Elfsight per creare la tua funzionalit\u00e0 personalizzata.\" \/>\n<meta property=\"og:url\" content=\"https:\/\/elfsight.com\/it\/team-showcase-widget\/google-sites\/\" \/>\n<meta property=\"og:site_name\" content=\"Elfsight IT\" \/>\n<meta property=\"article:modified_time\" content=\"2025-03-24T07:53:01+00:00\" \/>\n<meta name=\"twitter:card\" content=\"summary_large_image\" \/>\n<meta name=\"twitter:label1\" content=\"Tempo di lettura stimato\" \/>\n\t<meta name=\"twitter:data1\" content=\"3 minuti\" \/>\n<!-- \/ Yoast SEO plugin. -->","yoast_head_json":{"title":"Vetrina del team: aggiungi il widget Vetrina del team a Google Sites (2025)","description":"Aggiungi un'estensione Team Showcase reattiva sul tuo sito web di Google Sites e guadagna la massima fiducia. Applica la pratica demo di Elfsight per creare la tua funzionalit\u00e0 personalizzata.","robots":{"index":"index","follow":"follow","max-snippet":"max-snippet:-1","max-image-preview":"max-image-preview:large","max-video-preview":"max-video-preview:-1"},"canonical":"https:\/\/elfsight.com\/it\/team-showcase-widget\/google-sites\/","og_locale":"it_IT","og_type":"article","og_title":"Vetrina del team: aggiungi il widget Vetrina del team a Google Sites (2025)","og_description":"Aggiungi un'estensione Team Showcase reattiva sul tuo sito web di Google Sites e guadagna la massima fiducia. Applica la pratica demo di Elfsight per creare la tua funzionalit\u00e0 personalizzata.","og_url":"https:\/\/elfsight.com\/it\/team-showcase-widget\/google-sites\/","og_site_name":"Elfsight IT","article_modified_time":"2025-03-24T07:53:01+00:00","twitter_card":"summary_large_image","twitter_misc":{"Tempo di lettura stimato":"3 minuti"},"schema":{"@context":"https:\/\/schema.org","@graph":[{"@type":"WebPage","@id":"https:\/\/elfsight.com\/it\/team-showcase-widget\/google-sites\/","url":"https:\/\/elfsight.com\/it\/team-showcase-widget\/google-sites\/","name":"Vetrina del team: aggiungi il widget Vetrina del team a Google Sites (2025)","isPartOf":{"@id":"https:\/\/elfsight.com\/it\/#website"},"datePublished":"1970-01-01T00:00:00+00:00","dateModified":"2025-03-24T07:53:01+00:00","description":"Aggiungi un'estensione Team Showcase reattiva sul tuo sito web di Google Sites e guadagna la massima fiducia. Applica la pratica demo di Elfsight per creare la tua funzionalit\u00e0 personalizzata.","breadcrumb":{"@id":"https:\/\/elfsight.com\/it\/team-showcase-widget\/google-sites\/#breadcrumb"},"inLanguage":"it-IT","potentialAction":[{"@type":"ReadAction","target":["https:\/\/elfsight.com\/it\/team-showcase-widget\/google-sites\/"]}]},{"@type":"BreadcrumbList","@id":"https:\/\/elfsight.com\/it\/team-showcase-widget\/google-sites\/#breadcrumb","itemListElement":[{"@type":"ListItem","position":1,"name":"Home","item":"https:\/\/elfsight.com\/it\/"},{"@type":"ListItem","position":2,"name":"Team Showcase","item":"https:\/\/elfsight.com\/it\/team-showcase-widget\/"},{"@type":"ListItem","position":3,"name":"Team Showcase &#8211; Google Sites"}]},{"@type":"WebSite","@id":"https:\/\/elfsight.com\/it\/#website","url":"https:\/\/elfsight.com\/it\/","name":"Elfsight IT","description":"Just another Elfsight Sites site","potentialAction":[{"@type":"SearchAction","target":{"@type":"EntryPoint","urlTemplate":"https:\/\/elfsight.com\/it\/?s={search_term_string}"},"query-input":{"@type":"PropertyValueSpecification","valueRequired":true,"valueName":"search_term_string"}}],"inLanguage":"it-IT"}]}},"meta_box":{"industry":"","seo_heading":"","heading":"","description":"","cta_heading":"","cta_description":"","application":"1568","h1":"Widget Vetrina del team di Google Sites","h1_caption":"Presenta i membri del tuo team in modo professionale e visivamente accattivante, creando facilmente fiducia e connessione con il tuo pubblico nei tuoi siti Google.","application_category":[],"applications_title":"","applications_request_title":"","applications_request_button_text":"","hero_text":"","hero_video":"","hero_video_schema_markup":"","selling_points_title":"","selling_points_caption":"","selling_points":[],"selling_points_cta_text":"","features_title":"","features":"","ed_cta_examples_text":"","ed_cta_examples_hidden":"","ed_cta_demo_text":"","ed_cta_demo_hidden":"","why_caption":"","why_editor_title":"","why_editor_text":"","why_team_title":"","why_team_text":"","why_service_title":"","why_service_text":"","template_catalog_visible":"0","template_catalog_title":"","template_catalog_text":"","template_catalog_categories_visible":"","demo_title":"Crea il tuo widget Vetrina del team","demo_caption":"Configura la vetrina del tuo team e aggiungila gratuitamente al tuo sito web di Google Sites!","default_faq_hidden":"","app_template_category":[],"platform":"105","template_public_id":"","codecanyon_url":"","codecanyon_item_id":"","codecanyon_price":"","pricing_caption":"","pricing_elfsight_apps_hide_column":"","pricing_elfsight_apps_url":"","pricing_codecanyon_price_caption":"","integration_category":[],"integration_request_title":"","integration_request_cta":"","integration_platform":"","integrations":[],"platform_category":[],"video_schema_markup":"","price":"da $ 0 al mese","trial":"","benefits":[{"text":"Assistenza gratuita per l'installazione"},{"text":"Servizio clienti efficace"},{"text":"Garanzia di rimborso di 14 giorni"},{"text":"Futuri aggiornamenti gratuiti"}],"button_url":"#demo","button_target_blank":"0","button_nofollow":"0","attributes":[{"name":"Installazioni"},{"name":"Reattivo","content":"S\u00cc"},{"name":"Browser compatibili","content":"IE11, Firefox, Safari, Opera, Chrome, Edge"}],"tags":[],"tags_disable_links":"0","hide_more_platforms":"0","video_object":"","demo_hide_cta":"0","demo_hide_cloud_options":"0","pricing_title":"","pricing":[{"pricing_icon":"platform","pricing_title":"Elfsight Apps","pricing_title_caption":"Software multipiattaforma che funziona su qualsiasi sito web","pricing_price":"da $ 0 \/ mese","pricing_price_caption":"inizia con il piano gratuito","pricing_benefits":[{"text":"Domini illimitati"},{"text":"Supporto premium e puntuale"},{"text":"Aiuto per l'installazione gratuito"},{"text":"Prezzo speciale per pi\u00f9 app"}],"pricing_button_text":"Aggiungi al sito web","pricing_button_url":"#demo"}],"related_apps_title":"","related_apps_hidden":"0","author":"","image":[],"title":"","job":"","social_networks":[]},"_links":{"self":[{"href":"https:\/\/elfsight.com\/it\/wp-json\/wp\/v2\/pages\/6082","targetHints":{"allow":["GET"]}}],"collection":[{"href":"https:\/\/elfsight.com\/it\/wp-json\/wp\/v2\/pages"}],"about":[{"href":"https:\/\/elfsight.com\/it\/wp-json\/wp\/v2\/types\/page"}],"author":[{"embeddable":true,"href":"https:\/\/elfsight.com\/it\/wp-json\/wp\/v2\/users\/9"}],"replies":[{"embeddable":true,"href":"https:\/\/elfsight.com\/it\/wp-json\/wp\/v2\/comments?post=6082"}],"version-history":[{"count":2,"href":"https:\/\/elfsight.com\/it\/wp-json\/wp\/v2\/pages\/6082\/revisions"}],"predecessor-version":[{"id":9932,"href":"https:\/\/elfsight.com\/it\/wp-json\/wp\/v2\/pages\/6082\/revisions\/9932"}],"up":[{"embeddable":true,"href":"https:\/\/elfsight.com\/it\/wp-json\/wp\/v2\/pages\/1569"}],"wp:attachment":[{"href":"https:\/\/elfsight.com\/it\/wp-json\/wp\/v2\/media?parent=6082"}],"curies":[{"name":"wp","href":"https:\/\/api.w.org\/{rel}","templated":true}]}}