{"id":6076,"date":"1970-01-01T00:00:00","date_gmt":"1970-01-01T00:00:00","guid":{"rendered":"https:\/\/elfsight.com\/it\/?page_id=6076"},"modified":"2024-11-11T11:22:47","modified_gmt":"2024-11-11T11:22:47","slug":"prestashop","status":"publish","type":"page","link":"https:\/\/elfsight.com\/it\/team-showcase-widget\/prestashop\/","title":{"rendered":"Team Showcase &#8211; PrestaShop"},"content":{"rendered":"<div class=\"application-platform-content-item-description application-platform-content-item\" id=\"description\" data-nav-section=\"description\"> <h2>Descrizione<\/h2> <p>Team Showcase diventer\u00e0 lo strumento pi\u00f9 conveniente per visualizzare i membri del tuo team sul tuo sito web. Il nostro widget ti aiuter\u00e0 a pubblicare le foto e i ruoli di qualsiasi tipo di squadra: partner commerciali, membri di club sportivi, personale docente, struttura aziendale e altro ancora. Dimostra un&#8217;immagine, aggiungi i dettagli di contatto e un messaggio impressionante su ciascun membro del team. I visitatori avranno la possibilit\u00e0 di contattare immediatamente ognuno di loro senza problemi con l&#8217;aiuto di collegamenti attivi e icone social. Puoi creare categorie e mostrare il formato della tua azienda, selezionare layout, colori e altre caratteristiche. Aumenta la fiducia nella tua azienda, mostrando la sua immagine umana! <\/p><p><b>Aggiungi Team Showcase per raggiungere i tuoi obiettivi aziendali! <\/b><\/p> <\/div> <div class=\"application-platform-content-item-features application-platform-content-item\" id=\"features\" data-nav-section=\"features\"> <h2>Le funzionalit\u00e0 del widget pi\u00f9 preziose contengono<\/h2> <ul><li>Utilizza i pulsanti CTA per guidare il tuo pubblico verso la conversione. <\/li><li>Modifica la durata del cambio diapositiva. <\/li><li>Scegli tra tantissime varianti. <\/li><li>Posiziona il tuo testo dove preferisci nella pagina tramite la posizione avanzata. <\/li><li>Adatta 5 opzioni di contenuto. <\/li><\/ul><p><a href=\"#demo\">Puoi verificare se il widget fa per te provando la demo<\/a><\/p> <\/div> <div class=\"application-platform-content-item- installazione application-platform-content-item\" id=\" installazione\" data-nav-section=\" installazione\"> <h2>Come aggiungere Team Showcase al mio sito PrestaShop? <\/h2> <p>Segui semplicemente le istruzioni seguenti per incorporare lo strumento. <\/p> <ol><li><b>Lancia il nostro configuratore gratuito e inizia a creare il tuo widget personalizzato. <\/b><br> Scegli l&#8217;aspetto e i tratti funzionali adatti dello strumento e applica le correzioni. <\/li> <li><b>Acquisisci il tuo codice individuale che appare nella casella delle app Elfsight. <\/b><br> Una volta terminata la configurazione del tuo componente aggiuntivo, copia il codice individuale dalla casella emersa e salvalo per un ulteriore utilizzo. <\/li> <li><b>Inizia ad applicare lo strumento sulla pagina web PrestaShop. <\/b><br> Aggiungi il codice copiato di recente nella tua pagina e applica le modifiche. <\/li> <li><b>L&#8217;installazione \u00e8 stata eseguita con successo. <\/b><br> Vai al tuo sito web per controllare il funzionamento del componente aggiuntivo. <\/li><\/ol> <p>Se riscontri domande o affronti alcune complicazioni, non esitare a contattare il nostro team di supporto. I nostri consulenti saranno lieti di risolvere tutte le domande che potresti avere con l&#8217;add-on. <\/p> <div class=\"faq\" data-component=\"FAQ\"><div class=\"faq-item\">\r\n\t\t\t\t\t<div class=\"faq-item-question\">\r\n\t\t\t\t\t\t<h3 class=\"faq-item-question-text\">Esiste un modo per incorporare Team Showcase nella mia home page PrestaShop senza codifica?<\/h3>\r\n\r\n\t\t\t\t\t\t<div class=\"faq-item-question-icon\"><\/div>\r\n\t\t\t\t\t<\/div>\r\n\r\n\t\t\t\t\t<div class=\"faq-item-answer\">\r\n\t\t\t\t\t\t<div class=\"faq-item-answer-text\"> <p>Elfsight introduce una soluzione che consente agli utenti di creare da soli un plug-in Team Showcase, controlla il semplice guida: Vai alla Demo online per creare un plugin Team Showcase che vorresti vedere sul tuo sito PrestaShop. Seleziona uno dei nostri modelli predefiniti e modifica le impostazioni di Team Showcase, includi i tuoi contenuti, modifica il layout e i colori senza alcuna codifica. Salva il Team Showcase e ottieni il codice di installazione del widget, che potr\u00e0 essere facilmente incollato nel tuo sito PrestaShop all&#8217;interno di un piano gratuito. Utilizzando l&#8217;editor di facile utilizzo, qualsiasi utente Web pu\u00f2 creare Team Showcase online e incorporarlo facilmente in qualsiasi sito Web PrestaShop. Non devi pagare o inviare i dati della tua carta per accedere a Elfsight Editor. Se riscontri problemi in qualsiasi momento, vai avanti e contatta la nostra assistenza clienti.<\/p> <\/div>\r\n\t\t\t\t\t<\/div>\r\n\t\t\t\t<\/div> <\/div><\/div>","protected":false},"excerpt":{"rendered":"","protected":false},"author":9,"featured_media":0,"parent":1569,"menu_order":0,"comment_status":"closed","ping_status":"closed","template":"templates\/template-application-platform.php","meta":{"publish_to_discourse":"","publish_post_category":"","wpdc_auto_publish_overridden":"","wpdc_topic_tags":"","wpdc_pin_topic":"","wpdc_pin_until":"","discourse_post_id":"","discourse_permalink":"","wpdc_publishing_response":"","wpdc_publishing_error":"","footnotes":""},"class_list":["post-6076","page","type-page","status-publish","hentry"],"yoast_head":"<!-- This site is optimized with the Yoast SEO plugin v25.3.1 - https:\/\/yoast.com\/wordpress\/plugins\/seo\/ -->\n<title>Aggiungi il componente aggiuntivo Team Showcase al sito Web PrestaShop (veloce e gratuito)<\/title>\n<meta name=\"description\" content=\"\u00c8 semplicissimo progettare il componente aggiuntivo Team Showcase e posizionarlo sul sito Web PrestaShop. Il servizio clienti Elfsight \u00e8 gratuito.\" \/>\n<meta name=\"robots\" content=\"index, follow, max-snippet:-1, max-image-preview:large, max-video-preview:-1\" \/>\n<link rel=\"canonical\" href=\"https:\/\/elfsight.com\/it\/team-showcase-widget\/prestashop\/\" \/>\n<meta property=\"og:locale\" content=\"it_IT\" \/>\n<meta property=\"og:type\" content=\"article\" \/>\n<meta property=\"og:title\" content=\"Aggiungi il componente aggiuntivo Team Showcase al sito Web PrestaShop (veloce e gratuito)\" \/>\n<meta property=\"og:description\" content=\"\u00c8 semplicissimo progettare il componente aggiuntivo Team Showcase e posizionarlo sul sito Web PrestaShop. Il servizio clienti Elfsight \u00e8 gratuito.\" \/>\n<meta property=\"og:url\" content=\"https:\/\/elfsight.com\/it\/team-showcase-widget\/prestashop\/\" \/>\n<meta property=\"og:site_name\" content=\"Elfsight IT\" \/>\n<meta property=\"article:modified_time\" content=\"2024-11-11T11:22:47+00:00\" \/>\n<meta name=\"twitter:card\" content=\"summary_large_image\" \/>\n<meta name=\"twitter:label1\" content=\"Tempo di lettura stimato\" \/>\n\t<meta name=\"twitter:data1\" content=\"3 minuti\" \/>\n<!-- \/ Yoast SEO plugin. -->","yoast_head_json":{"title":"Aggiungi il componente aggiuntivo Team Showcase al sito Web PrestaShop (veloce e gratuito)","description":"\u00c8 semplicissimo progettare il componente aggiuntivo Team Showcase e posizionarlo sul sito Web PrestaShop. Il servizio clienti Elfsight \u00e8 gratuito.","robots":{"index":"index","follow":"follow","max-snippet":"max-snippet:-1","max-image-preview":"max-image-preview:large","max-video-preview":"max-video-preview:-1"},"canonical":"https:\/\/elfsight.com\/it\/team-showcase-widget\/prestashop\/","og_locale":"it_IT","og_type":"article","og_title":"Aggiungi il componente aggiuntivo Team Showcase al sito Web PrestaShop (veloce e gratuito)","og_description":"\u00c8 semplicissimo progettare il componente aggiuntivo Team Showcase e posizionarlo sul sito Web PrestaShop. Il servizio clienti Elfsight \u00e8 gratuito.","og_url":"https:\/\/elfsight.com\/it\/team-showcase-widget\/prestashop\/","og_site_name":"Elfsight IT","article_modified_time":"2024-11-11T11:22:47+00:00","twitter_card":"summary_large_image","twitter_misc":{"Tempo di lettura stimato":"3 minuti"},"schema":{"@context":"https:\/\/schema.org","@graph":[{"@type":"WebPage","@id":"https:\/\/elfsight.com\/it\/team-showcase-widget\/prestashop\/","url":"https:\/\/elfsight.com\/it\/team-showcase-widget\/prestashop\/","name":"Aggiungi il componente aggiuntivo Team Showcase al sito Web PrestaShop (veloce e gratuito)","isPartOf":{"@id":"https:\/\/elfsight.com\/it\/#website"},"datePublished":"1970-01-01T00:00:00+00:00","dateModified":"2024-11-11T11:22:47+00:00","description":"\u00c8 semplicissimo progettare il componente aggiuntivo Team Showcase e posizionarlo sul sito Web PrestaShop. Il servizio clienti Elfsight \u00e8 gratuito.","breadcrumb":{"@id":"https:\/\/elfsight.com\/it\/team-showcase-widget\/prestashop\/#breadcrumb"},"inLanguage":"it-IT","potentialAction":[{"@type":"ReadAction","target":["https:\/\/elfsight.com\/it\/team-showcase-widget\/prestashop\/"]}]},{"@type":"BreadcrumbList","@id":"https:\/\/elfsight.com\/it\/team-showcase-widget\/prestashop\/#breadcrumb","itemListElement":[{"@type":"ListItem","position":1,"name":"Home","item":"https:\/\/elfsight.com\/it\/"},{"@type":"ListItem","position":2,"name":"Team Showcase","item":"https:\/\/elfsight.com\/it\/team-showcase-widget\/"},{"@type":"ListItem","position":3,"name":"Team Showcase &#8211; PrestaShop"}]},{"@type":"WebSite","@id":"https:\/\/elfsight.com\/it\/#website","url":"https:\/\/elfsight.com\/it\/","name":"Elfsight IT","description":"Just another Elfsight Sites site","potentialAction":[{"@type":"SearchAction","target":{"@type":"EntryPoint","urlTemplate":"https:\/\/elfsight.com\/it\/?s={search_term_string}"},"query-input":{"@type":"PropertyValueSpecification","valueRequired":true,"valueName":"search_term_string"}}],"inLanguage":"it-IT"}]}},"meta_box":{"industry":"","seo_heading":"","heading":"","description":"","cta_heading":"","cta_description":"","application":"1568","h1":"Componente aggiuntivo Vetrina del team PrestaShop","h1_caption":"Presenta i membri del tuo team in modo professionale e visivamente accattivante, creando facilmente fiducia e connessione con il tuo pubblico nel tuo sito Web Prestashop.","application_category":[],"applications_title":"","applications_request_title":"","applications_request_button_text":"","hero_text":"","hero_video":"","hero_video_schema_markup":"","selling_points_title":"","selling_points_caption":"","selling_points":[],"selling_points_cta_text":"","features_title":"","features":"","ed_cta_examples_text":"","ed_cta_examples_hidden":"","ed_cta_demo_text":"","ed_cta_demo_hidden":"","why_caption":"","why_editor_title":"","why_editor_text":"","why_team_title":"","why_team_text":"","why_service_title":"","why_service_text":"","template_catalog_visible":"","template_catalog_title":"","template_catalog_text":"","template_catalog_categories_visible":"","demo_title":"Crea il tuo componente aggiuntivo Vetrina del team","demo_caption":"Configura la tua vetrina del team e aggiungila gratuitamente al tuo sito PrestaShop!","default_faq_hidden":"","app_template_category":[],"platform":"1023","template_public_id":"","codecanyon_url":"","codecanyon_item_id":"","codecanyon_price":"","pricing_caption":"","pricing_elfsight_apps_hide_column":"","pricing_elfsight_apps_url":"","pricing_codecanyon_price_caption":"","integration_category":[],"integration_request_title":"","integration_request_cta":"","integration_platform":"","integrations":[],"platform_category":[],"video_schema_markup":"","price":"da $ 0 al mese","trial":"","benefits":[{"text":"Servizio di installazione gratuito"},{"text":"Assistenza clienti con esperienza"},{"text":"Garanzia di rimborso di 14 giorni"},{"text":"Miglioramenti gratuiti continui"}],"button_url":"#demo","button_target_blank":"","button_nofollow":"","attributes":[{"name":"Installazioni"},{"name":"Reattivo","content":"S\u00cc"},{"name":"Browser compatibili","content":"Firefox, Safari, Opera, Chrome, Edge"}],"tags":[],"tags_disable_links":"","hide_more_platforms":"","video_object":"","demo_hide_cta":"","demo_hide_cloud_options":"","pricing_title":"","pricing":[{"pricing_icon":"platform","pricing_title":"Elfsight Apps","pricing_title_caption":"Soluzione multipiattaforma","pricing_price":"da $ 0 \/ mese","pricing_price_caption":"inizia con un piano gratuito","pricing_benefits":[{"text":"Domini illimitati"},{"text":"Assistenza clienti veloce"},{"text":"Servizio di installazione gratuito"},{"text":"Completamente personalizzabile"}],"pricing_button_text":"Aggiungi al sito web","pricing_button_url":"#demo"}],"related_apps_title":"","related_apps_hidden":"","author":"","image":[],"title":"","job":"","social_networks":[]},"_links":{"self":[{"href":"https:\/\/elfsight.com\/it\/wp-json\/wp\/v2\/pages\/6076","targetHints":{"allow":["GET"]}}],"collection":[{"href":"https:\/\/elfsight.com\/it\/wp-json\/wp\/v2\/pages"}],"about":[{"href":"https:\/\/elfsight.com\/it\/wp-json\/wp\/v2\/types\/page"}],"author":[{"embeddable":true,"href":"https:\/\/elfsight.com\/it\/wp-json\/wp\/v2\/users\/9"}],"replies":[{"embeddable":true,"href":"https:\/\/elfsight.com\/it\/wp-json\/wp\/v2\/comments?post=6076"}],"version-history":[{"count":1,"href":"https:\/\/elfsight.com\/it\/wp-json\/wp\/v2\/pages\/6076\/revisions"}],"predecessor-version":[{"id":6080,"href":"https:\/\/elfsight.com\/it\/wp-json\/wp\/v2\/pages\/6076\/revisions\/6080"}],"up":[{"embeddable":true,"href":"https:\/\/elfsight.com\/it\/wp-json\/wp\/v2\/pages\/1569"}],"wp:attachment":[{"href":"https:\/\/elfsight.com\/it\/wp-json\/wp\/v2\/media?parent=6076"}],"curies":[{"name":"wp","href":"https:\/\/api.w.org\/{rel}","templated":true}]}}