{"id":6075,"date":"1970-01-01T00:00:00","date_gmt":"1970-01-01T00:00:00","guid":{"rendered":"https:\/\/elfsight.com\/it\/?page_id=6075"},"modified":"2024-11-11T11:20:40","modified_gmt":"2024-11-11T11:20:40","slug":"jimdo","status":"publish","type":"page","link":"https:\/\/elfsight.com\/it\/team-showcase-widget\/jimdo\/","title":{"rendered":"Team Showcase &#8211; Jimdo"},"content":{"rendered":"<div class=\"application-platform-content-item-description application-platform-content-item\" id=\"description\" data-nav-section=\"description\"><h2>Descrizione<\/h2> <p>Questo widget diventer\u00e0 il modo pi\u00f9 semplice da usare per visualizzare il tuo team sul tuo sito web. Il nostro widget aiuter\u00e0 a presentare le foto e i ruoli di qualsiasi tipo di squadra: partner commerciali, membri di squadre sportive, personale docente, dipendenti aziendali e qualsiasi altro. Mostra una foto, aggiungi i dettagli di contatto e un testo impressionante su ogni persona. Gli utenti avranno l&#8217;opportunit\u00e0 di mettersi in contatto con loro in un attimo tramite collegamenti attivi o icone dei social media. Sei libero di stabilire categorie e mostrare la struttura della tua squadra, scegliere un layout, colori e altro ancora. Aumenta la credibilit\u00e0 della tua attivit\u00e0, mostrando il suo volto umano! <\/p> <p><b>Rendi il tuo sito pi\u00f9 efficace per i target di e-commerce con Team Showcase.<\/b><\/p> <\/div> <div class=\"application-platform-content-item-features application-platform-content-item\" id=\"features\" data-nav-section=\"features\"> <h2>Il widget chiave le funzionalit\u00e0 includono<\/h2> <ul><li>Mostra a ciascun membro del team informazioni di contatto, testo dettagliato, posizione e foto<\/li><li>Opzione per aggiungere un numero illimitato di membri del team<\/li><li>Icone cliccabili dei social media per accedere al profilo di una persona<\/li><li>Indirizzo email e collegamento al sito Web selezionabili<\/li><li>L&#8217;indirizzo della posizione si apre su Google Maps con un clic<\/li><li>Il popup si apre con un clic dettagli su una persona<\/li><li>Possibilit\u00e0 di aggiungere una citazione per ogni persona tramite un campo di testo con opzioni di formattazione<\/li><li>Caricamento di una foto in tutti i formati pi\u00f9 diffusi<\/li><\/ul><p><a href=\"#demo\">Basta controllare questa demo per comprendere la funzionalit\u00e0 del widget<\/a><\/p> <\/div> <div class=\"application-platform-content-item-installation application-platform-content-item\" id=\"installation\" data-nav-section=\"installation\"> <h2>Come posso incorporare Team Showcase sul mio sito Jimdo? <\/h2> <p>Basta seguire i passaggi indicati di seguito per attivare il widget. <\/p> <ol><li><b>Apri il nostro editor gratuito e inizia a dare forma al tuo widget personalizzato. <\/b><br> Specifica il design personalizzato e i parametri del widget e salva le modifiche. <\/li> <li><b>Copia il tuo codice univoco che viene mostrato nel riquadro su Elfsight Apps. <\/b><br> Subito dopo aver terminato la generazione del tuo widget personale, copia il codice esclusivo nella finestra e salvalo per ulteriori necessit\u00e0. <\/li> <li><b>Inizia a utilizzare lo strumento sul tuo sito web Jimdo. <\/b><br> Inserisci il codice che hai copiato di recente nella tua pagina web e salva i miglioramenti. <\/li> <li><b>La configurazione \u00e8 stata completata. <\/b><br> Visita il tuo sito per esaminare il funzionamento del widget. <\/li><\/ol> <p>A condizione che tu abbia domande o incontri ostacoli, non esitare a rivolgerti al nostro personale del servizio clienti. I nostri consulenti sono ansiosi di aiutarti con tutte le domande che potresti avere sul widget. <\/p> <div class=\"faq\" data-component=\"FAQ\"><div class=\"faq-item\">\r\n\t\t\t\t\t<div class=\"faq-item-question\">\r\n\t\t\t\t\t\t<h3 class=\"faq-item-question-text\">In che modo posso aggiungere Team Showcase alla mia pagina web Jimdo senza competenze di programmazione?<\/h3>\r\n\r\n\t\t\t\t\t\t<div class=\"faq-item-question-icon\"><\/div>\r\n\t\t\t\t\t<\/div>\r\n\r\n\t\t\t\t\t<div class=\"faq-item-answer\">\r\n\t\t\t\t\t\t<div class=\"faq-item-answer-text\"> <p>L&#8217;azienda Elfsight fornisce una soluzione SaaS che consente alle persone di creare da soli un&#8217;app Team Showcase, verifica quanto \u00e8 semplice il processo: lavora nell&#8217;editor online per creare una sezione Vetrina del team che desideri integrare nella home page di Jimdo. Fai clic su uno dei nostri modelli predefiniti e modifica le impostazioni di Team Showcase, includi i tuoi contenuti, trasforma il layout e i colori senza alcuna esperienza di codifica. Clicca per salvare il Team Showcase e ottenere il relativo codice per l&#8217;installazione, che potrai aggiungere facilmente a qualsiasi pagina web Jimdo senza dover acquistare un piano a pagamento. Con l&#8217;aiuto del configuratore intuitivo, qualsiasi utente web pu\u00f2 creare un&#8217;app Team Showcase online e aggiungerla facilmente al sito web Jimdo. Non \u00e8 necessario pagare o inviare le credenziali della tua carta per accedere al nostro Editor. Se riscontri problemi in qualsiasi momento, non esitare a contattare la nostra assistenza clienti.<\/p> <\/div>\r\n\t\t\t\t\t<\/div>\r\n\t\t\t\t<\/div> <\/div><\/div>","protected":false},"excerpt":{"rendered":"","protected":false},"author":9,"featured_media":0,"parent":1569,"menu_order":0,"comment_status":"closed","ping_status":"closed","template":"templates\/template-application-platform.php","meta":{"publish_to_discourse":"","publish_post_category":"","wpdc_auto_publish_overridden":"","wpdc_topic_tags":"","wpdc_pin_topic":"","wpdc_pin_until":"","discourse_post_id":"","discourse_permalink":"","wpdc_publishing_response":"","wpdc_publishing_error":"","footnotes":""},"class_list":["post-6075","page","type-page","status-publish","hentry"],"yoast_head":"<!-- This site is optimized with the Yoast SEO plugin v25.3.1 - https:\/\/yoast.com\/wordpress\/plugins\/seo\/ -->\n<title>Aggiungi il widget Team Showcase al sito Jimdo (veloce e gratuito)<\/title>\n<meta name=\"description\" content=\"\u00c8 semplicissimo progettare il widget della vetrina del tuo team e posizionarlo sul sito Jimdo. Il servizio clienti Elfsight \u00e8 gratuito.\" \/>\n<meta name=\"robots\" content=\"index, follow, max-snippet:-1, max-image-preview:large, max-video-preview:-1\" \/>\n<link rel=\"canonical\" href=\"https:\/\/elfsight.com\/it\/team-showcase-widget\/jimdo\/\" \/>\n<meta property=\"og:locale\" content=\"it_IT\" \/>\n<meta property=\"og:type\" content=\"article\" \/>\n<meta property=\"og:title\" content=\"Aggiungi il widget Team Showcase al sito Jimdo (veloce e gratuito)\" \/>\n<meta property=\"og:description\" content=\"\u00c8 semplicissimo progettare il widget della vetrina del tuo team e posizionarlo sul sito Jimdo. Il servizio clienti Elfsight \u00e8 gratuito.\" \/>\n<meta property=\"og:url\" content=\"https:\/\/elfsight.com\/it\/team-showcase-widget\/jimdo\/\" \/>\n<meta property=\"og:site_name\" content=\"Elfsight IT\" \/>\n<meta property=\"article:modified_time\" content=\"2024-11-11T11:20:40+00:00\" \/>\n<meta name=\"twitter:card\" content=\"summary_large_image\" \/>\n<meta name=\"twitter:label1\" content=\"Tempo di lettura stimato\" \/>\n\t<meta name=\"twitter:data1\" content=\"3 minuti\" \/>\n<!-- \/ Yoast SEO plugin. -->","yoast_head_json":{"title":"Aggiungi il widget Team Showcase al sito Jimdo (veloce e gratuito)","description":"\u00c8 semplicissimo progettare il widget della vetrina del tuo team e posizionarlo sul sito Jimdo. Il servizio clienti Elfsight \u00e8 gratuito.","robots":{"index":"index","follow":"follow","max-snippet":"max-snippet:-1","max-image-preview":"max-image-preview:large","max-video-preview":"max-video-preview:-1"},"canonical":"https:\/\/elfsight.com\/it\/team-showcase-widget\/jimdo\/","og_locale":"it_IT","og_type":"article","og_title":"Aggiungi il widget Team Showcase al sito Jimdo (veloce e gratuito)","og_description":"\u00c8 semplicissimo progettare il widget della vetrina del tuo team e posizionarlo sul sito Jimdo. Il servizio clienti Elfsight \u00e8 gratuito.","og_url":"https:\/\/elfsight.com\/it\/team-showcase-widget\/jimdo\/","og_site_name":"Elfsight IT","article_modified_time":"2024-11-11T11:20:40+00:00","twitter_card":"summary_large_image","twitter_misc":{"Tempo di lettura stimato":"3 minuti"},"schema":{"@context":"https:\/\/schema.org","@graph":[{"@type":"WebPage","@id":"https:\/\/elfsight.com\/it\/team-showcase-widget\/jimdo\/","url":"https:\/\/elfsight.com\/it\/team-showcase-widget\/jimdo\/","name":"Aggiungi il widget Team Showcase al sito Jimdo (veloce e gratuito)","isPartOf":{"@id":"https:\/\/elfsight.com\/it\/#website"},"datePublished":"1970-01-01T00:00:00+00:00","dateModified":"2024-11-11T11:20:40+00:00","description":"\u00c8 semplicissimo progettare il widget della vetrina del tuo team e posizionarlo sul sito Jimdo. Il servizio clienti Elfsight \u00e8 gratuito.","breadcrumb":{"@id":"https:\/\/elfsight.com\/it\/team-showcase-widget\/jimdo\/#breadcrumb"},"inLanguage":"it-IT","potentialAction":[{"@type":"ReadAction","target":["https:\/\/elfsight.com\/it\/team-showcase-widget\/jimdo\/"]}]},{"@type":"BreadcrumbList","@id":"https:\/\/elfsight.com\/it\/team-showcase-widget\/jimdo\/#breadcrumb","itemListElement":[{"@type":"ListItem","position":1,"name":"Home","item":"https:\/\/elfsight.com\/it\/"},{"@type":"ListItem","position":2,"name":"Team Showcase","item":"https:\/\/elfsight.com\/it\/team-showcase-widget\/"},{"@type":"ListItem","position":3,"name":"Team Showcase &#8211; Jimdo"}]},{"@type":"WebSite","@id":"https:\/\/elfsight.com\/it\/#website","url":"https:\/\/elfsight.com\/it\/","name":"Elfsight IT","description":"Just another Elfsight Sites site","potentialAction":[{"@type":"SearchAction","target":{"@type":"EntryPoint","urlTemplate":"https:\/\/elfsight.com\/it\/?s={search_term_string}"},"query-input":{"@type":"PropertyValueSpecification","valueRequired":true,"valueName":"search_term_string"}}],"inLanguage":"it-IT"}]}},"meta_box":{"industry":"","seo_heading":"","heading":"","description":"","cta_heading":"","cta_description":"","application":"1568","h1":"Widget vetrina Jimdo Team","h1_caption":"Presenta i membri del tuo team in modo professionale e visivamente accattivante, creando facilmente fiducia e connessione con il tuo pubblico nel tuo sito Jimdo.","application_category":[],"applications_title":"","applications_request_title":"","applications_request_button_text":"","hero_text":"","hero_video":"","hero_video_schema_markup":"","selling_points_title":"","selling_points_caption":"","selling_points":[],"selling_points_cta_text":"","features_title":"","features":"","ed_cta_examples_text":"","ed_cta_examples_hidden":"","ed_cta_demo_text":"","ed_cta_demo_hidden":"","why_caption":"","why_editor_title":"","why_editor_text":"","why_team_title":"","why_team_text":"","why_service_title":"","why_service_text":"","template_catalog_visible":"","template_catalog_title":"","template_catalog_text":"","template_catalog_categories_visible":"","demo_title":"Crea il tuo widget Vetrina del team","demo_caption":"Configura il tuo Team Showcase e aggiungilo gratuitamente al tuo sito Jimdo!","default_faq_hidden":"","app_template_category":[],"platform":"55","template_public_id":"","codecanyon_url":"","codecanyon_item_id":"","codecanyon_price":"","pricing_caption":"","pricing_elfsight_apps_hide_column":"","pricing_elfsight_apps_url":"","pricing_codecanyon_price_caption":"","integration_category":[],"integration_request_title":"","integration_request_cta":"","integration_platform":"","integrations":[],"platform_category":[],"video_schema_markup":"","price":"da $ 0 al mese","trial":"","benefits":[{"text":"Aiuto per l'installazione gratuito"},{"text":"Supporto eccezionale"},{"text":"Garanzia di rimborso di 14 giorni"},{"text":"Futuri miglioramenti gratuiti"}],"button_url":"#demo","button_target_blank":"","button_nofollow":"","attributes":[{"name":"Installazioni"},{"name":"Reattivo","content":"S\u00cc"},{"name":"Browser compatibili","content":"Firefox, Safari, Opera, Chrome, Edge"}],"tags":[],"tags_disable_links":"","hide_more_platforms":"","video_object":"","demo_hide_cta":"","demo_hide_cloud_options":"","pricing_title":"","pricing":[{"pricing_icon":"platform","pricing_title":"Elfsight Apps","pricing_title_caption":"Soluzione indipendente dalla piattaforma","pricing_price":"da $ 0 \/ mese","pricing_price_caption":"inizia con un piano gratuito","pricing_benefits":[{"text":"Siti web illimitati"},{"text":"Supporto gratuito"},{"text":"Servizio di installazione gratuito"},{"text":"Totalmente personalizzabile"}],"pricing_button_text":"Aggiungi al sito web","pricing_button_url":"#demo"}],"related_apps_title":"","related_apps_hidden":"","author":"","image":[],"title":"","job":"","social_networks":[]},"_links":{"self":[{"href":"https:\/\/elfsight.com\/it\/wp-json\/wp\/v2\/pages\/6075","targetHints":{"allow":["GET"]}}],"collection":[{"href":"https:\/\/elfsight.com\/it\/wp-json\/wp\/v2\/pages"}],"about":[{"href":"https:\/\/elfsight.com\/it\/wp-json\/wp\/v2\/types\/page"}],"author":[{"embeddable":true,"href":"https:\/\/elfsight.com\/it\/wp-json\/wp\/v2\/users\/9"}],"replies":[{"embeddable":true,"href":"https:\/\/elfsight.com\/it\/wp-json\/wp\/v2\/comments?post=6075"}],"version-history":[{"count":1,"href":"https:\/\/elfsight.com\/it\/wp-json\/wp\/v2\/pages\/6075\/revisions"}],"predecessor-version":[{"id":6079,"href":"https:\/\/elfsight.com\/it\/wp-json\/wp\/v2\/pages\/6075\/revisions\/6079"}],"up":[{"embeddable":true,"href":"https:\/\/elfsight.com\/it\/wp-json\/wp\/v2\/pages\/1569"}],"wp:attachment":[{"href":"https:\/\/elfsight.com\/it\/wp-json\/wp\/v2\/media?parent=6075"}],"curies":[{"name":"wp","href":"https:\/\/api.w.org\/{rel}","templated":true}]}}