{"id":6067,"date":"1970-01-01T00:00:00","date_gmt":"1970-01-01T00:00:00","guid":{"rendered":"https:\/\/elfsight.com\/it\/?page_id=6067"},"modified":"2025-03-21T05:41:29","modified_gmt":"2025-03-21T05:41:29","slug":"drupal","status":"publish","type":"page","link":"https:\/\/elfsight.com\/it\/subscription-form-widget\/drupal\/","title":{"rendered":"Subscription Form &#8211; Drupal"},"content":{"rendered":"\n<div class=\"application-platform-content-item-description application-platform-content-item\" id=\"description\" data-nav-section=\"description\"> <h2>Descrizione<\/h2> <p>Il modulo di iscrizione Elfsight per Drupal \u00e8 un modulo utile che ti d\u00e0 la possibilit\u00e0 di ricevere email. L&#8217;app ti offre un&#8217;opzione non solo per creare la tua lista e-mail, ma anche per farlo in modo efficiente: sei libero di aggiungere la sezione principale con didascalia al modulo, richiedere l&#8217;e-mail del nome o renderlo semplice e lasciare l\u00ec solo un campo e-mail e allegare un&#8217;etichetta esplicativa e un segnaposto. Ti viene inoltre fornita un&#8217;opzione per collegare il widget del modulo di iscrizione al servizio Mailchimp. E utilizzando uno dei 4 modelli di layout pronti all&#8217;uso sarai in grado di progettare lo strumento che funziona esattamente nel modo di cui hai bisogno. <\/p> <p><b>Mostra i moduli di iscrizione alla newsletter al pubblico di destinazione sulle pagine giuste del tuo sito web e impedisci loro di lasciare il tuo sito! <\/b><\/p> <\/div> <div class=\"application-platform-content-item-features application-platform-content-item\" id=\"features\" data-nav-section=\"features\"> <h2>Visualizza l&#8217;elenco delle funzionalit\u00e0 pi\u00f9 importanti: <\/h2> <ul><li>Allega un&#8217;intestazione con una didascalia informativa. <\/li><li>Integra il tuo modulo di iscrizione con il servizio Mailchimp<\/li><li>Ottieni il tuo database di posta elettronica in formato CSV. <\/li><li>Campi modulo personalizzabili. <\/li><li>4 layout tra cui scegliere: Popup, Riquadro, Incorporato, Side-in. <\/li><\/ul><p><a href=\"#demo\">Puoi esplorare tutte le funzionalit\u00e0 del modulo nella demo <\/a><\/p> <\/div> <div class=\"application-platform-content-item-installation  application-platform-content-item\" id=\"installation \" data-nav-section=\"installation \"> <h2>Come faccio ad aggiungere il modulo di iscrizione sul mio sito Drupal? <\/h2> <p>Segui semplicemente un paio di passaggi indicati di seguito per attivare il modulo. <\/p> <ol><li><b>Utilizza la nostra demo gratuita e inizia a dare forma al tuo modulo personalizzato. <\/b><br> Trova il design e la funzionalit\u00e0 preferibili dello strumento e salva le correzioni. <\/li> <li><b>Ottieni il tuo codice univoco che viene mostrato nella finestra sulle app Elfsight. <\/b><br> Una volta completata la personalizzazione del tuo modulo personale, copia il codice esclusivo nel popup visualizzato e conservalo per occasioni successive. <\/li> <li><b>Inizia a utilizzare il widget sul tuo sito Drupal. <\/b><br> Inserisci il codice salvato in precedenza nel tuo sito web e applica le correzioni. <\/li> <li><b>Il gioco \u00e8 fatto! L&#8217;integrazione \u00e8 completamente compiuta. <\/b><br> Vai alla tua pagina per visualizzare il funzionamento del modulo. <\/li><\/ol> <p>Se dovessi affrontare eventuali complicazioni, rivolgiti al nostro team di supporto. Il nostro personale \u00e8 desideroso di aiutarti con tutte le difficolt\u00e0 che potresti incontrare con il plugin. <\/p> <div class=\"faq\" data-component=\"FAQ\"> <div class=\"faq-item\">\r\n\t\t\t\t\t<div class=\"faq-item-question\">\r\n\t\t\t\t\t\t<h3 class=\"faq-item-question-text\">Come posso aggiungere Form Builder al mio sito Web Drupal senza competenze di programmazione?<\/h3>\r\n\r\n\t\t\t\t\t\t<div class=\"faq-item-question-icon\"><\/div>\r\n\t\t\t\t\t<\/div>\r\n\r\n\t\t\t\t\t<div class=\"faq-item-answer\">\r\n\t\t\t\t\t\t<div class=\"faq-item-answer-text\"> <p>Elfsight fornisce una soluzione SaaS che ti consente di creare tu stesso un widget Form Builder, scopri quanto \u00e8 facile Il processo \u00e8: lavora direttamente nell&#8217;editor online per creare un widget Form Builder che vorresti vedere sul tuo sito web Drupal. Scegli uno dei modelli predefiniti e regola le impostazioni del Generatore di moduli, aggiungi i tuoi contenuti, modifica il layout e la combinazione di colori senza alcuna competenza di codifica. Salva il Form Builder e copia il suo codice di installazione, che potrai includere nel tuo sito Drupal senza dover acquistare una versione a pagamento. Con il nostro editor intuitivo qualsiasi utente di Internet pu\u00f2 creare widget Form Builder online e incorporarlo facilmente nel proprio sito Web Drupal. Non \u00e8 necessario pagare o inserire le credenziali della carta per accedere al servizio. In caso di problemi in qualsiasi momento, non esitate a contattare il nostro team di supporto tecnico.<\/p> <\/div>\r\n\t\t\t\t\t<\/div>\r\n\t\t\t\t<\/div> <div class=\"faq-item\">\r\n\t\t\t\t\t<div class=\"faq-item-question\">\r\n\t\t\t\t\t\t<h3 class=\"faq-item-question-text\">Avete modelli di moduli di iscrizione predefiniti per il sito Web Drupal?<\/h3>\r\n\r\n\t\t\t\t\t\t<div class=\"faq-item-question-icon\"><\/div>\r\n\t\t\t\t\t<\/div>\r\n\r\n\t\t\t\t\t<div class=\"faq-item-answer\">\r\n\t\t\t\t\t\t<div class=\"faq-item-answer-text\"><p>S\u00ec, Elfsight offre un&#8217;enorme libreria di oltre 300 modelli per ogni caso. Scorri i <a href=\"https:\/\/elfsight.com\/online-form-builder\/templates\/subscription-forms\/\">modelli di moduli di iscrizione<\/a> e decidi quale funziona meglio per te.<\/p> <\/div>\r\n\t\t\t\t\t<\/div>\r\n\t\t\t\t<\/div><\/div> <\/div>\n","protected":false},"excerpt":{"rendered":"","protected":false},"author":9,"featured_media":0,"parent":2585,"menu_order":0,"comment_status":"closed","ping_status":"closed","template":"templates\/template-application-platform.php","meta":{"publish_to_discourse":"","publish_post_category":"","wpdc_auto_publish_overridden":"","wpdc_topic_tags":"","wpdc_pin_topic":"","wpdc_pin_until":"","discourse_post_id":"","discourse_permalink":"","wpdc_publishing_response":"","wpdc_publishing_error":"","footnotes":""},"class_list":["post-6067","page","type-page","status-publish","hentry"],"yoast_head":"<!-- This site is optimized with the Yoast SEO plugin v25.3.1 - https:\/\/yoast.com\/wordpress\/plugins\/seo\/ -->\n<title>Aggiungi il modulo Modulo di iscrizione al sito Drupal (veloce e gratuito)<\/title>\n<meta name=\"description\" content=\"Integra un modulo responsivo del modulo di iscrizione Drupal al tuo sito. Modifica tutti i campi, scegli uno dei quattro layout predefiniti e molto altro ancora.\" \/>\n<meta name=\"robots\" content=\"index, follow, max-snippet:-1, max-image-preview:large, max-video-preview:-1\" \/>\n<link rel=\"canonical\" href=\"https:\/\/elfsight.com\/it\/subscription-form-widget\/drupal\/\" \/>\n<meta property=\"og:locale\" content=\"it_IT\" \/>\n<meta property=\"og:type\" content=\"article\" \/>\n<meta property=\"og:title\" content=\"Aggiungi il modulo Modulo di iscrizione al sito Drupal (veloce e gratuito)\" \/>\n<meta property=\"og:description\" content=\"Integra un modulo responsivo del modulo di iscrizione Drupal al tuo sito. Modifica tutti i campi, scegli uno dei quattro layout predefiniti e molto altro ancora.\" \/>\n<meta property=\"og:url\" content=\"https:\/\/elfsight.com\/it\/subscription-form-widget\/drupal\/\" \/>\n<meta property=\"og:site_name\" content=\"Elfsight IT\" \/>\n<meta property=\"article:modified_time\" content=\"2025-03-21T05:41:29+00:00\" \/>\n<meta name=\"twitter:card\" content=\"summary_large_image\" \/>\n<meta name=\"twitter:label1\" content=\"Tempo di lettura stimato\" \/>\n\t<meta name=\"twitter:data1\" content=\"3 minuti\" \/>\n<!-- \/ Yoast SEO plugin. -->","yoast_head_json":{"title":"Aggiungi il modulo Modulo di iscrizione al sito Drupal (veloce e gratuito)","description":"Integra un modulo responsivo del modulo di iscrizione Drupal al tuo sito. Modifica tutti i campi, scegli uno dei quattro layout predefiniti e molto altro ancora.","robots":{"index":"index","follow":"follow","max-snippet":"max-snippet:-1","max-image-preview":"max-image-preview:large","max-video-preview":"max-video-preview:-1"},"canonical":"https:\/\/elfsight.com\/it\/subscription-form-widget\/drupal\/","og_locale":"it_IT","og_type":"article","og_title":"Aggiungi il modulo Modulo di iscrizione al sito Drupal (veloce e gratuito)","og_description":"Integra un modulo responsivo del modulo di iscrizione Drupal al tuo sito. Modifica tutti i campi, scegli uno dei quattro layout predefiniti e molto altro ancora.","og_url":"https:\/\/elfsight.com\/it\/subscription-form-widget\/drupal\/","og_site_name":"Elfsight IT","article_modified_time":"2025-03-21T05:41:29+00:00","twitter_card":"summary_large_image","twitter_misc":{"Tempo di lettura stimato":"3 minuti"},"schema":{"@context":"https:\/\/schema.org","@graph":[{"@type":"WebPage","@id":"https:\/\/elfsight.com\/it\/subscription-form-widget\/drupal\/","url":"https:\/\/elfsight.com\/it\/subscription-form-widget\/drupal\/","name":"Aggiungi il modulo Modulo di iscrizione al sito Drupal (veloce e gratuito)","isPartOf":{"@id":"https:\/\/elfsight.com\/it\/#website"},"datePublished":"1970-01-01T00:00:00+00:00","dateModified":"2025-03-21T05:41:29+00:00","description":"Integra un modulo responsivo del modulo di iscrizione Drupal al tuo sito. Modifica tutti i campi, scegli uno dei quattro layout predefiniti e molto altro ancora.","breadcrumb":{"@id":"https:\/\/elfsight.com\/it\/subscription-form-widget\/drupal\/#breadcrumb"},"inLanguage":"it-IT","potentialAction":[{"@type":"ReadAction","target":["https:\/\/elfsight.com\/it\/subscription-form-widget\/drupal\/"]}]},{"@type":"BreadcrumbList","@id":"https:\/\/elfsight.com\/it\/subscription-form-widget\/drupal\/#breadcrumb","itemListElement":[{"@type":"ListItem","position":1,"name":"Home","item":"https:\/\/elfsight.com\/it\/"},{"@type":"ListItem","position":2,"name":"Subscription Form","item":"https:\/\/elfsight.com\/it\/subscription-form-widget\/"},{"@type":"ListItem","position":3,"name":"Subscription Form &#8211; Drupal"}]},{"@type":"WebSite","@id":"https:\/\/elfsight.com\/it\/#website","url":"https:\/\/elfsight.com\/it\/","name":"Elfsight IT","description":"Just another Elfsight Sites site","potentialAction":[{"@type":"SearchAction","target":{"@type":"EntryPoint","urlTemplate":"https:\/\/elfsight.com\/it\/?s={search_term_string}"},"query-input":{"@type":"PropertyValueSpecification","valueRequired":true,"valueName":"search_term_string"}}],"inLanguage":"it-IT"}]}},"meta_box":{"industry":"","seo_heading":"","heading":"","description":"","cta_heading":"","cta_description":"","application":"2583","h1":"Modulo modulo di iscrizione Drupal","h1_caption":"Incorpora un modulo di iscrizione per raccogliere e-mail e far crescere facilmente la tua mailing list nel tuo sito Web Drupal.","application_category":[],"applications_title":"","applications_request_title":"","applications_request_button_text":"","hero_text":"","hero_video":"","hero_video_schema_markup":"","selling_points_title":"","selling_points_caption":"","selling_points":[],"selling_points_cta_text":"","features_title":"","features":"","ed_cta_examples_text":"","ed_cta_examples_hidden":"","ed_cta_demo_text":"","ed_cta_demo_hidden":"","why_caption":"","why_editor_title":"","why_editor_text":"","why_team_title":"","why_team_text":"","why_service_title":"","why_service_text":"","template_catalog_visible":"0","template_catalog_title":"","template_catalog_text":"","template_catalog_categories_visible":"","demo_title":"Crea il tuo modulo Modulo di Iscrizione","demo_caption":"Configura il tuo modulo di iscrizione e aggiungilo gratuitamente al tuo sito Drupal!","default_faq_hidden":"","app_template_category":[],"platform":"34","template_public_id":"","codecanyon_url":"","codecanyon_item_id":"","codecanyon_price":"","pricing_caption":"","pricing_elfsight_apps_hide_column":"","pricing_elfsight_apps_url":"","pricing_codecanyon_price_caption":"","integration_category":[],"integration_request_title":"","integration_request_cta":"","integration_platform":"","integrations":[],"platform_category":[],"video_schema_markup":"","price":"da $ 0 al mese","trial":"","benefits":[{"text":"Assistenza per l'installazione gratuita"},{"text":"Supporto premium"},{"text":"Garanzia di rimborso di 14 giorni"},{"text":"Sviluppo continuo"}],"button_url":"#demo","button_target_blank":"0","button_nofollow":"0","attributes":[{"name":"Installazioni"},{"name":"Reattivo","content":"S\u00cc"},{"name":"Browser compatibili","content":"IE11, Firefox, Safari, Opera, Chrome, Edge"}],"tags":[],"tags_disable_links":"0","hide_more_platforms":"0","video_object":"","demo_hide_cta":"0","demo_hide_cloud_options":"0","pricing_title":"","pricing":[{"pricing_icon":"platform","pricing_title":"Elfsight Apps","pricing_title_caption":"Soluzione indipendente dalla piattaforma che funziona su qualsiasi sito web","pricing_price":"da $ 0 \/ mese","pricing_price_caption":"inizia con un piano gratuito","pricing_benefits":[{"text":"Domini illimitati"},{"text":"Supporto gratuito"},{"text":"Supporto gratuito per l'installazione"},{"text":"100% personalizzabile"}],"pricing_button_text":"Aggiungi al sito web","pricing_button_url":"#demo"}],"related_apps_title":"","related_apps_hidden":"0","author":"","image":[],"title":"","job":"","social_networks":[]},"_links":{"self":[{"href":"https:\/\/elfsight.com\/it\/wp-json\/wp\/v2\/pages\/6067","targetHints":{"allow":["GET"]}}],"collection":[{"href":"https:\/\/elfsight.com\/it\/wp-json\/wp\/v2\/pages"}],"about":[{"href":"https:\/\/elfsight.com\/it\/wp-json\/wp\/v2\/types\/page"}],"author":[{"embeddable":true,"href":"https:\/\/elfsight.com\/it\/wp-json\/wp\/v2\/users\/9"}],"replies":[{"embeddable":true,"href":"https:\/\/elfsight.com\/it\/wp-json\/wp\/v2\/comments?post=6067"}],"version-history":[{"count":2,"href":"https:\/\/elfsight.com\/it\/wp-json\/wp\/v2\/pages\/6067\/revisions"}],"predecessor-version":[{"id":9477,"href":"https:\/\/elfsight.com\/it\/wp-json\/wp\/v2\/pages\/6067\/revisions\/9477"}],"up":[{"embeddable":true,"href":"https:\/\/elfsight.com\/it\/wp-json\/wp\/v2\/pages\/2585"}],"wp:attachment":[{"href":"https:\/\/elfsight.com\/it\/wp-json\/wp\/v2\/media?parent=6067"}],"curies":[{"name":"wp","href":"https:\/\/api.w.org\/{rel}","templated":true}]}}