{"id":6066,"date":"1970-01-01T00:00:00","date_gmt":"1970-01-01T00:00:00","guid":{"rendered":"https:\/\/elfsight.com\/it\/?page_id=6066"},"modified":"2024-11-12T07:57:29","modified_gmt":"2024-11-12T07:57:29","slug":"facebook","status":"publish","type":"page","link":"https:\/\/elfsight.com\/it\/subscription-form-widget\/facebook\/","title":{"rendered":"Subscription Form &#8211; Facebook Page"},"content":{"rendered":"<div class=\"application-platform-content-item-description application-platform-content-item\" id=\"description\" data-nav-section=\"description\"> <h2>Descrizione<\/h2> <p>Il modulo di iscrizione Elfsight per la pagina Facebook \u00e8 un potente widget che ti d\u00e0 l&#8217;opportunit\u00e0 di raccogliere email sul tuo sito web. Il nostro strumento ti offre un&#8217;opzione non solo per ampliare la tua lista e-mail, ma di farlo comodamente: sei libero di aggiungere l&#8217;intestazione con una didascalia informativa al modulo, chiedere il nome dell&#8217;indirizzo e-mail o renderlo semplice e inserire solo un campo email l\u00ec e aggiungi un&#8217;etichetta informativa e un segnaposto. Ti viene inoltre concessa la possibilit\u00e0 di connettere il plug-in del modulo di iscrizione con Mailchimp. E utilizzando uno dei quattro layout pronti all&#8217;uso costruirai lo strumento che funziona esattamente nel modo di cui hai bisogno. <\/p> <p><b>Mostra il tuo modulo di iscrizione alle persone giuste sulle pagine adatte del tuo sito ed evita che rimbalzino via! <\/b><\/p> <\/div> <div class=\"application-platform-content-item-features application-platform-content-item\" id=\"features\" data-nav-section=\"features\"> <h2>Le funzionalit\u00e0 di base del widget contengono<\/h2> <ul><li>Aggiungi un&#8217;intestazione con una didascalia informativa. <\/li><li>Collega il modulo al servizio Mailchimp<\/li><li>Ottieni la tua mailing list in formato CSV. <\/li><li>Campi modulo personalizzabili. <\/li><li>4 modelli di layout tra cui scegliere: Riquadro, Popup, Incorporato, Side-in. <\/li><\/ul><p><a href=\"#demo\">Puoi scoprire tutte le funzionalit\u00e0 del widget nella demo in questa pagina<\/a><\/p> <\/div> <div class=\"application-platform-content-item-installazione application-platform-content-item\" id=\"installazione\" data-nav-section=\"installazione\"> <h2>Come aggiungere il modulo di iscrizione al sito web della mia pagina Facebook? <\/h2> <p>Basta seguire i passaggi indicati di seguito per integrare il widget. <\/p> <ol><li><b>Utilizza il nostro editor gratuito e inizia a dare forma al tuo widget personalizzato. <\/b><br> Trova il layout e i tratti funzionali desiderati dello strumento e salva le modifiche. <\/li> <li><b>Ricevi il tuo codice individuale rivelato nel modulo speciale sulle app Elfsight. <\/b><br> Non appena la creazione del tuo widget personale sar\u00e0 completata, copia il codice esclusivo nel riquadro emerso e conservalo per occasioni future. <\/li> <li><b>Inizia a utilizzare lo strumento sulla home page della pagina Facebook. <\/b><br> Inserisci il codice copiato in precedenza nel tuo sito web e salva le modifiche. <\/li> <li><b>Fatto! L&#8217;incorporamento \u00e8 completamente terminato. <\/b><br> Vai al tuo sito per verificare le prestazioni del widget. <\/li><\/ol> <p>Se incontri qualche difficolt\u00e0, non esitare a chiedere assistenza al nostro personale del servizio clienti. I nostri specialisti saranno lieti di risolvere tutte le difficolt\u00e0 che potresti incontrare con lo strumento. <\/p> <div class=\"faq\" data-component=\"FAQ\"> <div class=\"faq-item\">\r\n\t\t\t\t\t<div class=\"faq-item-question\">\r\n\t\t\t\t\t\t<h3 class=\"faq-item-question-text\">Come posso aggiungere Form Builder al sito web della mia pagina Facebook senza competenze di programmazione?<\/h3>\r\n\r\n\t\t\t\t\t\t<div class=\"faq-item-question-icon\"><\/div>\r\n\t\t\t\t\t<\/div>\r\n\r\n\t\t\t\t\t<div class=\"faq-item-answer\">\r\n\t\t\t\t\t\t<div class=\"faq-item-answer-text\"> <p>Elfsight fornisce una soluzione SaaS che ti consente di creare tu stesso un widget Form Builder, scopri quanto \u00e8 facile il processo \u00e8: lavora direttamente nell&#8217;editor online per creare un widget di creazione moduli che vorresti vedere sul sito web della tua pagina Facebook. Scegli uno dei modelli predefiniti e regola le impostazioni di Form Builder, aggiungi i tuoi contenuti, modifica il layout e i colori senza competenze di codifica. Salva il generatore di moduli e copia il codice di installazione, in modo da poterlo aggiungere facilmente al sito Web della tua pagina Facebook senza acquistare un piano a pagamento. Con il nostro editor intuitivo qualsiasi utente di Internet pu\u00f2 creare widget di creazione moduli online e incorporarlo facilmente nel sito Web della propria pagina Facebook. Non \u00e8 necessario pagare o inserire le credenziali della carta per accedere al servizio. In caso di problemi in qualsiasi momento, non esitate a contattare il nostro team di supporto tecnico.<\/p> <\/div>\r\n\t\t\t\t\t<\/div>\r\n\t\t\t\t<\/div><div class=\"faq-item\">\r\n\t\t\t\t\t<div class=\"faq-item-question\">\r\n\t\t\t\t\t\t<h3 class=\"faq-item-question-text\">Fornite modelli di moduli di iscrizione per il sito Web della pagina Facebook?<\/h3>\r\n\r\n\t\t\t\t\t\t<div class=\"faq-item-question-icon\"><\/div>\r\n\t\t\t\t\t<\/div>\r\n\r\n\t\t\t\t\t<div class=\"faq-item-answer\">\r\n\t\t\t\t\t\t<div class=\"faq-item-answer-text\"><p>S\u00ec , ci sono pi\u00f9 di 300 modelli pronti all&#8217;uso tra cui scegliere. Prova i <a href=\"https:\/\/elfsight.com\/online-form-builder\/templates\/subscription-forms\/\">modelli di moduli di iscrizione<\/a> e dicci quale ti piace di pi\u00f9.<\/p><\/div>\r\n\t\t\t\t\t<\/div>\r\n\t\t\t\t<\/div> <\/div> <\/div>","protected":false},"excerpt":{"rendered":"","protected":false},"author":9,"featured_media":0,"parent":2585,"menu_order":0,"comment_status":"closed","ping_status":"closed","template":"templates\/template-application-platform.php","meta":{"publish_to_discourse":"","publish_post_category":"","wpdc_auto_publish_overridden":"","wpdc_topic_tags":"","wpdc_pin_topic":"","wpdc_pin_until":"","discourse_post_id":"","discourse_permalink":"","wpdc_publishing_response":"","wpdc_publishing_error":"","footnotes":""},"class_list":["post-6066","page","type-page","status-publish","hentry"],"yoast_head":"<!-- This site is optimized with the Yoast SEO plugin v25.3.1 - https:\/\/yoast.com\/wordpress\/plugins\/seo\/ -->\n<title>Aggiungi il widget del modulo di iscrizione al sito web della pagina Facebook (veloce e gratuito)<\/title>\n<meta name=\"description\" content=\"Incorpora un widget responsivo del modulo di iscrizione alla pagina Facebook nel tuo sito. Modifica tutti i campi, seleziona uno dei 4 layout predefiniti e molto altro ancora!\" \/>\n<meta name=\"robots\" content=\"index, follow, max-snippet:-1, max-image-preview:large, max-video-preview:-1\" \/>\n<link rel=\"canonical\" href=\"https:\/\/elfsight.com\/it\/subscription-form-widget\/facebook\/\" \/>\n<meta property=\"og:locale\" content=\"it_IT\" \/>\n<meta property=\"og:type\" content=\"article\" \/>\n<meta property=\"og:title\" content=\"Aggiungi il widget del modulo di iscrizione al sito web della pagina Facebook (veloce e gratuito)\" \/>\n<meta property=\"og:description\" content=\"Incorpora un widget responsivo del modulo di iscrizione alla pagina Facebook nel tuo sito. Modifica tutti i campi, seleziona uno dei 4 layout predefiniti e molto altro ancora!\" \/>\n<meta property=\"og:url\" content=\"https:\/\/elfsight.com\/it\/subscription-form-widget\/facebook\/\" \/>\n<meta property=\"og:site_name\" content=\"Elfsight IT\" \/>\n<meta property=\"article:modified_time\" content=\"2024-11-12T07:57:29+00:00\" \/>\n<meta name=\"twitter:card\" content=\"summary_large_image\" \/>\n<meta name=\"twitter:label1\" content=\"Tempo di lettura stimato\" \/>\n\t<meta name=\"twitter:data1\" content=\"3 minuti\" \/>\n<!-- \/ Yoast SEO plugin. -->","yoast_head_json":{"title":"Aggiungi il widget del modulo di iscrizione al sito web della pagina Facebook (veloce e gratuito)","description":"Incorpora un widget responsivo del modulo di iscrizione alla pagina Facebook nel tuo sito. Modifica tutti i campi, seleziona uno dei 4 layout predefiniti e molto altro ancora!","robots":{"index":"index","follow":"follow","max-snippet":"max-snippet:-1","max-image-preview":"max-image-preview:large","max-video-preview":"max-video-preview:-1"},"canonical":"https:\/\/elfsight.com\/it\/subscription-form-widget\/facebook\/","og_locale":"it_IT","og_type":"article","og_title":"Aggiungi il widget del modulo di iscrizione al sito web della pagina Facebook (veloce e gratuito)","og_description":"Incorpora un widget responsivo del modulo di iscrizione alla pagina Facebook nel tuo sito. Modifica tutti i campi, seleziona uno dei 4 layout predefiniti e molto altro ancora!","og_url":"https:\/\/elfsight.com\/it\/subscription-form-widget\/facebook\/","og_site_name":"Elfsight IT","article_modified_time":"2024-11-12T07:57:29+00:00","twitter_card":"summary_large_image","twitter_misc":{"Tempo di lettura stimato":"3 minuti"},"schema":{"@context":"https:\/\/schema.org","@graph":[{"@type":"WebPage","@id":"https:\/\/elfsight.com\/it\/subscription-form-widget\/facebook\/","url":"https:\/\/elfsight.com\/it\/subscription-form-widget\/facebook\/","name":"Aggiungi il widget del modulo di iscrizione al sito web della pagina Facebook (veloce e gratuito)","isPartOf":{"@id":"https:\/\/elfsight.com\/it\/#website"},"datePublished":"1970-01-01T00:00:00+00:00","dateModified":"2024-11-12T07:57:29+00:00","description":"Incorpora un widget responsivo del modulo di iscrizione alla pagina Facebook nel tuo sito. Modifica tutti i campi, seleziona uno dei 4 layout predefiniti e molto altro ancora!","breadcrumb":{"@id":"https:\/\/elfsight.com\/it\/subscription-form-widget\/facebook\/#breadcrumb"},"inLanguage":"it-IT","potentialAction":[{"@type":"ReadAction","target":["https:\/\/elfsight.com\/it\/subscription-form-widget\/facebook\/"]}]},{"@type":"BreadcrumbList","@id":"https:\/\/elfsight.com\/it\/subscription-form-widget\/facebook\/#breadcrumb","itemListElement":[{"@type":"ListItem","position":1,"name":"Home","item":"https:\/\/elfsight.com\/it\/"},{"@type":"ListItem","position":2,"name":"Subscription Form","item":"https:\/\/elfsight.com\/it\/subscription-form-widget\/"},{"@type":"ListItem","position":3,"name":"Subscription Form &#8211; Facebook Page"}]},{"@type":"WebSite","@id":"https:\/\/elfsight.com\/it\/#website","url":"https:\/\/elfsight.com\/it\/","name":"Elfsight IT","description":"Just another Elfsight Sites site","potentialAction":[{"@type":"SearchAction","target":{"@type":"EntryPoint","urlTemplate":"https:\/\/elfsight.com\/it\/?s={search_term_string}"},"query-input":{"@type":"PropertyValueSpecification","valueRequired":true,"valueName":"search_term_string"}}],"inLanguage":"it-IT"}]}},"meta_box":{"industry":"","seo_heading":"","heading":"","description":"","cta_heading":"","cta_description":"","application":"2583","h1":"Widget del modulo di iscrizione alla pagina Facebook","h1_caption":"Incorpora un modulo di iscrizione per raccogliere e-mail e far crescere facilmente la tua mailing list nel sito web della tua pagina Facebook.","application_category":[],"applications_title":"","applications_request_title":"","applications_request_button_text":"","hero_text":"","hero_video":"","hero_video_schema_markup":"","selling_points_title":"","selling_points_caption":"","selling_points":[],"selling_points_cta_text":"","features_title":"","features":"","ed_cta_examples_text":"","ed_cta_examples_hidden":"","ed_cta_demo_text":"","ed_cta_demo_hidden":"","why_caption":"","why_editor_title":"","why_editor_text":"","why_team_title":"","why_team_text":"","why_service_title":"","why_service_text":"","template_catalog_visible":"","template_catalog_title":"","template_catalog_text":"","template_catalog_categories_visible":"","demo_title":"Crea il tuo widget Modulo di iscrizione","demo_caption":"Configura il tuo modulo di iscrizione e aggiungilo gratuitamente al sito della tua Pagina Facebook!","default_faq_hidden":"","app_template_category":[],"platform":"77","template_public_id":"","codecanyon_url":"","codecanyon_item_id":"","codecanyon_price":"","pricing_caption":"","pricing_elfsight_apps_hide_column":"","pricing_elfsight_apps_url":"","pricing_codecanyon_price_caption":"","integration_category":[],"integration_request_title":"","integration_request_cta":"","integration_platform":"","integrations":[],"platform_category":[],"video_schema_markup":"","price":"da $ 0 al mese","trial":"","benefits":[{"text":"Aiuto per l'installazione gratuito"},{"text":"Servizio clienti efficace"},{"text":"Garanzia di rimborso di 14 giorni"},{"text":"Aggiornamento costante"}],"button_url":"#demo","button_target_blank":"","button_nofollow":"","attributes":[{"name":"Installazioni"},{"name":"Reattivo","content":"Il migliore per i cellulari"},{"name":"Browser compatibili","content":"Firefox, Opera, Safari, Chrome, Edge"}],"tags":[],"tags_disable_links":"","hide_more_platforms":"","video_object":"","demo_hide_cta":"","demo_hide_cloud_options":"","pricing_title":"","pricing":[{"pricing_icon":"platform","pricing_title":"Elfsight Apps","pricing_title_caption":"Soluzione indipendente dalla piattaforma che funziona su qualsiasi sito","pricing_price":"da $ 0 \/ mese","pricing_price_caption":"inizia con un piano gratuito","pricing_benefits":[{"text":"Domini illimitati"},{"text":"Assistenza gratuita e puntuale"},{"text":"Servizio di installazione gratuito"},{"text":"Completamente personalizzabile"}],"pricing_button_text":"Aggiungi al sito web","pricing_button_url":"#demo"}],"related_apps_title":"","related_apps_hidden":"","author":"","image":[],"title":"","job":"","social_networks":[]},"_links":{"self":[{"href":"https:\/\/elfsight.com\/it\/wp-json\/wp\/v2\/pages\/6066","targetHints":{"allow":["GET"]}}],"collection":[{"href":"https:\/\/elfsight.com\/it\/wp-json\/wp\/v2\/pages"}],"about":[{"href":"https:\/\/elfsight.com\/it\/wp-json\/wp\/v2\/types\/page"}],"author":[{"embeddable":true,"href":"https:\/\/elfsight.com\/it\/wp-json\/wp\/v2\/users\/9"}],"replies":[{"embeddable":true,"href":"https:\/\/elfsight.com\/it\/wp-json\/wp\/v2\/comments?post=6066"}],"version-history":[{"count":1,"href":"https:\/\/elfsight.com\/it\/wp-json\/wp\/v2\/pages\/6066\/revisions"}],"predecessor-version":[{"id":6070,"href":"https:\/\/elfsight.com\/it\/wp-json\/wp\/v2\/pages\/6066\/revisions\/6070"}],"up":[{"embeddable":true,"href":"https:\/\/elfsight.com\/it\/wp-json\/wp\/v2\/pages\/2585"}],"wp:attachment":[{"href":"https:\/\/elfsight.com\/it\/wp-json\/wp\/v2\/media?parent=6066"}],"curies":[{"name":"wp","href":"https:\/\/api.w.org\/{rel}","templated":true}]}}