{"id":6061,"date":"1970-01-01T00:00:00","date_gmt":"1970-01-01T00:00:00","guid":{"rendered":"https:\/\/elfsight.com\/it\/?page_id=6061"},"modified":"2024-11-12T07:57:29","modified_gmt":"2024-11-12T07:57:29","slug":"elementor","status":"publish","type":"page","link":"https:\/\/elfsight.com\/it\/subscription-form-widget\/elementor\/","title":{"rendered":"Subscription Form &#8211; Elementor"},"content":{"rendered":"<div class=\"application-platform-content-item-description application-platform-content-item\" id=\"description\" data-nav-section=\"description\"> <h2>Incorpora il modulo di iscrizione su Elementor con il widget Elfsight<\/h2> <p>Il modulo di iscrizione Elfsight per Elementor \u00e8 un potente widget che ti consente di raccogliere e-mail. Il nostro widget ti d\u00e0 l&#8217;opportunit\u00e0 non solo di moltiplicare la tua lista e-mail, ma di farlo comodamente: puoi aggiungere la sezione principale con didascalia al modulo, chiedere nome, cognome, e-mail o mantenerlo semplice e inserire solo un campo email e aggiungi un&#8217;etichetta informativa e un segnaposto. C&#8217;\u00e8 anche l&#8217;opportunit\u00e0 di collegare il widget del modulo di iscrizione al servizio Mailchimp. E utilizzando uno dei 4 layout pronti all&#8217;uso sarai in grado di creare il widget che funziona proprio nel modo di cui hai bisogno. <\/p> <p><b>Mostra i tuoi moduli di iscrizione alle persone giuste sulle pagine adatte del tuo sito e impedisci loro di rimbalzare via! <\/b><\/p> <\/div> <div class=\"application-platform-content-item-features application-platform-content-item\" id=\"features\" data-nav-section=\"features\"> <h2>Studia l&#8217;elenco delle funzionalit\u00e0 pi\u00f9 importanti: <\/h2> <ul><li>Aggiungi un&#8217;intestazione con una didascalia accattivante. <\/li><li>Integra il tuo modulo di iscrizione con il servizio Mailchimp<\/li><li>Ricevi la tua lista email in formato CSV. <\/li><li>Campi modulo gestibili. <\/li><li>Quattro modelli di layout tra cui scegliere: Side-in, Incorporato, Popup, Riquadro. <\/li><\/ul><p><a href=\"#demo\">Puoi testare subito tutte le funzionalit\u00e0 del widget nella demo<\/a><\/p> <\/div> <div class=\"application-platform-content-item-installazione application-platform-content-item\" id=\"installazione\" data-nav-section=\"installazione\"> <h2>Come posso incorporare il modulo di iscrizione nel mio sito web Elementor? <\/h2> <p>Basta applicare le istruzioni seguenti per inserire lo strumento. <\/p> <ol><li><b>Lancia il nostro editor gratuito e inizia a creare il tuo widget personalizzato. <\/b><br> Determina la forma e gli aspetti preferibili del widget e applica le correzioni. <\/li> <li><b>Copia il tuo codice individuale che appare nel riquadro delle App Elfsight. <\/b><br> Una volta terminata la personalizzazione del tuo strumento, copia il codice esclusivo nella finestra visualizzata e conservalo per un utilizzo successivo. <\/li> <li><b>Inizia a utilizzare il widget sul sito Elementor. <\/b><br> Incolla il codice salvato in precedenza nella tua pagina e salva le modifiche. <\/li> <li><b>Fatto! L&#8217;incorporamento \u00e8 completamente terminato. <\/b><br> Vai al tuo sito web per vedere come funziona lo strumento. <\/li><\/ol> <p>Se hai qualche problema, non esitare a contattare il nostro team di assistenza clienti. I nostri specialisti saranno lieti di risolvere tutte le difficolt\u00e0 che potresti avere con il widget. <\/p><div class=\"faq\" data-component=\"FAQ\"> <div class=\"faq-item\">\r\n\t\t\t\t\t<div class=\"faq-item-question\">\r\n\t\t\t\t\t\t<h3 class=\"faq-item-question-text\">Come aggiungere Form Builder al mio sito Web Elementor senza competenze di codifica?<\/h3>\r\n\r\n\t\t\t\t\t\t<div class=\"faq-item-question-icon\"><\/div>\r\n\t\t\t\t\t<\/div>\r\n\r\n\t\t\t\t\t<div class=\"faq-item-answer\">\r\n\t\t\t\t\t\t<div class=\"faq-item-answer-text\"> <p>Elfsight fornisce una soluzione SaaS che ti consente di creare tu stesso un widget Form Builder, scopri quanto \u00e8 facile il processo \u00e8: lavora direttamente nell&#8217;editor online per creare un widget Form Builder che vorresti vedere sul tuo sito web Elementor. Scegli uno dei modelli predefiniti e regola le impostazioni di Form Builder, aggiungi i tuoi contenuti, modifica il layout e i colori senza competenze di codifica. Salva il Form Builder e copia il suo codice di installazione, che puoi semplicemente includere nel tuo sito web Elementor senza bisogno di acquistare una versione a pagamento. Con il nostro editor intuitivo qualsiasi utente di Internet pu\u00f2 creare widget Form Builder online e incorporarlo facilmente nel proprio sito Web Elementor. Non \u00e8 necessario pagare o inserire le credenziali della carta per accedere al servizio. In caso di problemi in qualsiasi momento, non esitate a contattare il nostro team di supporto tecnico.<\/p> <\/div>\r\n\t\t\t\t\t<\/div>\r\n\t\t\t\t<\/div> <div class=\"faq-item\">\r\n\t\t\t\t\t<div class=\"faq-item-question\">\r\n\t\t\t\t\t\t<h3 class=\"faq-item-question-text\">Esistono modelli di moduli di iscrizione da utilizzare sul sito Web di Elementor?<\/h3>\r\n\r\n\t\t\t\t\t\t<div class=\"faq-item-question-icon\"><\/div>\r\n\t\t\t\t\t<\/div>\r\n\r\n\t\t\t\t\t<div class=\"faq-item-answer\">\r\n\t\t\t\t\t\t<div class=\"faq-item-answer-text\"><p> Si certo! Elfsight ha raccolto una vasta selezione di oltre 300 modelli predefiniti. Dai un&#8217;occhiata ai <a href=\"https:\/\/elfsight.com\/online-form-builder\/templates\/subscription-forms\/\">modelli di moduli di iscrizione<\/a> per trovare l&#8217;opzione migliore per il tuo sito web.<\/p> <\/div>\r\n\t\t\t\t\t<\/div>\r\n\t\t\t\t<\/div><\/div> <\/div>","protected":false},"excerpt":{"rendered":"","protected":false},"author":9,"featured_media":0,"parent":2585,"menu_order":0,"comment_status":"closed","ping_status":"closed","template":"templates\/template-application-platform.php","meta":{"publish_to_discourse":"","publish_post_category":"","wpdc_auto_publish_overridden":"","wpdc_topic_tags":"","wpdc_pin_topic":"","wpdc_pin_until":"","discourse_post_id":"","discourse_permalink":"","wpdc_publishing_response":"","wpdc_publishing_error":"","footnotes":""},"class_list":["post-6061","page","type-page","status-publish","hentry"],"yoast_head":"<!-- This site is optimized with the Yoast SEO plugin v25.3.1 - https:\/\/yoast.com\/wordpress\/plugins\/seo\/ -->\n<title>Aggiungi il plug-in del modulo di iscrizione al sito Web di Elementor in 1-2-3!<\/title>\n<meta name=\"description\" content=\"Implementa un&#039;app reattiva per il modulo di iscrizione Elementor sul tuo sito web. Modifica tutti i campi, scegli uno dei 4 modelli di layout e altro ancora!\" \/>\n<meta name=\"robots\" content=\"index, follow, max-snippet:-1, max-image-preview:large, max-video-preview:-1\" \/>\n<link rel=\"canonical\" href=\"https:\/\/elfsight.com\/it\/subscription-form-widget\/elementor\/\" \/>\n<meta property=\"og:locale\" content=\"it_IT\" \/>\n<meta property=\"og:type\" content=\"article\" \/>\n<meta property=\"og:title\" content=\"Aggiungi il plug-in del modulo di iscrizione al sito Web di Elementor in 1-2-3!\" \/>\n<meta property=\"og:description\" content=\"Implementa un&#039;app reattiva per il modulo di iscrizione Elementor sul tuo sito web. Modifica tutti i campi, scegli uno dei 4 modelli di layout e altro ancora!\" \/>\n<meta property=\"og:url\" content=\"https:\/\/elfsight.com\/it\/subscription-form-widget\/elementor\/\" \/>\n<meta property=\"og:site_name\" content=\"Elfsight IT\" \/>\n<meta property=\"article:modified_time\" content=\"2024-11-12T07:57:29+00:00\" \/>\n<meta name=\"twitter:card\" content=\"summary_large_image\" \/>\n<meta name=\"twitter:label1\" content=\"Tempo di lettura stimato\" \/>\n\t<meta name=\"twitter:data1\" content=\"3 minuti\" \/>\n<!-- \/ Yoast SEO plugin. -->","yoast_head_json":{"title":"Aggiungi il plug-in del modulo di iscrizione al sito Web di Elementor in 1-2-3!","description":"Implementa un'app reattiva per il modulo di iscrizione Elementor sul tuo sito web. Modifica tutti i campi, scegli uno dei 4 modelli di layout e altro ancora!","robots":{"index":"index","follow":"follow","max-snippet":"max-snippet:-1","max-image-preview":"max-image-preview:large","max-video-preview":"max-video-preview:-1"},"canonical":"https:\/\/elfsight.com\/it\/subscription-form-widget\/elementor\/","og_locale":"it_IT","og_type":"article","og_title":"Aggiungi il plug-in del modulo di iscrizione al sito Web di Elementor in 1-2-3!","og_description":"Implementa un'app reattiva per il modulo di iscrizione Elementor sul tuo sito web. Modifica tutti i campi, scegli uno dei 4 modelli di layout e altro ancora!","og_url":"https:\/\/elfsight.com\/it\/subscription-form-widget\/elementor\/","og_site_name":"Elfsight IT","article_modified_time":"2024-11-12T07:57:29+00:00","twitter_card":"summary_large_image","twitter_misc":{"Tempo di lettura stimato":"3 minuti"},"schema":{"@context":"https:\/\/schema.org","@graph":[{"@type":"WebPage","@id":"https:\/\/elfsight.com\/it\/subscription-form-widget\/elementor\/","url":"https:\/\/elfsight.com\/it\/subscription-form-widget\/elementor\/","name":"Aggiungi il plug-in del modulo di iscrizione al sito Web di Elementor in 1-2-3!","isPartOf":{"@id":"https:\/\/elfsight.com\/it\/#website"},"datePublished":"1970-01-01T00:00:00+00:00","dateModified":"2024-11-12T07:57:29+00:00","description":"Implementa un'app reattiva per il modulo di iscrizione Elementor sul tuo sito web. Modifica tutti i campi, scegli uno dei 4 modelli di layout e altro ancora!","breadcrumb":{"@id":"https:\/\/elfsight.com\/it\/subscription-form-widget\/elementor\/#breadcrumb"},"inLanguage":"it-IT","potentialAction":[{"@type":"ReadAction","target":["https:\/\/elfsight.com\/it\/subscription-form-widget\/elementor\/"]}]},{"@type":"BreadcrumbList","@id":"https:\/\/elfsight.com\/it\/subscription-form-widget\/elementor\/#breadcrumb","itemListElement":[{"@type":"ListItem","position":1,"name":"Home","item":"https:\/\/elfsight.com\/it\/"},{"@type":"ListItem","position":2,"name":"Subscription Form","item":"https:\/\/elfsight.com\/it\/subscription-form-widget\/"},{"@type":"ListItem","position":3,"name":"Subscription Form &#8211; Elementor"}]},{"@type":"WebSite","@id":"https:\/\/elfsight.com\/it\/#website","url":"https:\/\/elfsight.com\/it\/","name":"Elfsight IT","description":"Just another Elfsight Sites site","potentialAction":[{"@type":"SearchAction","target":{"@type":"EntryPoint","urlTemplate":"https:\/\/elfsight.com\/it\/?s={search_term_string}"},"query-input":{"@type":"PropertyValueSpecification","valueRequired":true,"valueName":"search_term_string"}}],"inLanguage":"it-IT"}]}},"meta_box":{"industry":"","seo_heading":"","heading":"","description":"","cta_heading":"","cta_description":"","application":"2583","h1":"Widget del modulo di iscrizione a Elementor","h1_caption":"Incorpora un modulo di iscrizione per raccogliere e-mail e far crescere facilmente la tua mailing list nel tuo sito Web Elementor.","application_category":[],"applications_title":"","applications_request_title":"","applications_request_button_text":"","hero_text":"","hero_video":"","hero_video_schema_markup":"","selling_points_title":"","selling_points_caption":"","selling_points":[],"selling_points_cta_text":"","features_title":"","features":"","ed_cta_examples_text":"","ed_cta_examples_hidden":"","ed_cta_demo_text":"","ed_cta_demo_hidden":"","why_caption":"","why_editor_title":"","why_editor_text":"","why_team_title":"","why_team_text":"","why_service_title":"","why_service_text":"","template_catalog_visible":"","template_catalog_title":"","template_catalog_text":"","template_catalog_categories_visible":"","demo_title":"Crea il tuo widget Modulo di iscrizione","demo_caption":"Configura il tuo modulo di iscrizione e aggiungilo gratuitamente al tuo sito Web Elementor!","default_faq_hidden":"","app_template_category":[],"platform":"68","template_public_id":"","codecanyon_url":"","codecanyon_item_id":"","codecanyon_price":"","pricing_caption":"","pricing_elfsight_apps_hide_column":"","pricing_elfsight_apps_url":"","pricing_codecanyon_price_caption":"","integration_category":[],"integration_request_title":"","integration_request_cta":"","integration_platform":"","integrations":[],"platform_category":[],"video_schema_markup":"","price":"da $ 0 al mese","trial":"","benefits":[{"text":"Servizio di installazione gratuito"},{"text":"Servizio clienti competente"},{"text":"Garanzia di rimborso di 14 giorni"},{"text":"Aggiornamenti a vita"}],"button_url":"#demo","button_target_blank":"","button_nofollow":"","attributes":[{"name":"Installazioni"},{"name":"Reattivo","content":"S\u00cc"},{"name":"Browser compatibili","content":"IE11, Firefox, Safari, Opera, Chrome, Edge"}],"tags":[],"tags_disable_links":"","hide_more_platforms":"","video_object":"","demo_hide_cta":"","demo_hide_cloud_options":"","pricing_title":"","pricing":[{"pricing_icon":"platform","pricing_title":"Elfsight Apps","pricing_title_caption":"Soluzione digitale multipiattaforma adatta a qualsiasi sito","pricing_price":"da $ 0 \/ mese","pricing_price_caption":"inizia con un piano gratuito","pricing_benefits":[{"text":"Siti web illimitati"},{"text":"Assistenza clienti gratuita"},{"text":"Assistenza per l'installazione gratuita"},{"text":"100% personalizzabile"}],"pricing_button_text":"Aggiungi al sito web","pricing_button_url":"#demo"}],"related_apps_title":"","related_apps_hidden":"","author":"","image":[],"title":"","job":"","social_networks":[]},"_links":{"self":[{"href":"https:\/\/elfsight.com\/it\/wp-json\/wp\/v2\/pages\/6061","targetHints":{"allow":["GET"]}}],"collection":[{"href":"https:\/\/elfsight.com\/it\/wp-json\/wp\/v2\/pages"}],"about":[{"href":"https:\/\/elfsight.com\/it\/wp-json\/wp\/v2\/types\/page"}],"author":[{"embeddable":true,"href":"https:\/\/elfsight.com\/it\/wp-json\/wp\/v2\/users\/9"}],"replies":[{"embeddable":true,"href":"https:\/\/elfsight.com\/it\/wp-json\/wp\/v2\/comments?post=6061"}],"version-history":[{"count":1,"href":"https:\/\/elfsight.com\/it\/wp-json\/wp\/v2\/pages\/6061\/revisions"}],"predecessor-version":[{"id":6065,"href":"https:\/\/elfsight.com\/it\/wp-json\/wp\/v2\/pages\/6061\/revisions\/6065"}],"up":[{"embeddable":true,"href":"https:\/\/elfsight.com\/it\/wp-json\/wp\/v2\/pages\/2585"}],"wp:attachment":[{"href":"https:\/\/elfsight.com\/it\/wp-json\/wp\/v2\/media?parent=6061"}],"curies":[{"name":"wp","href":"https:\/\/api.w.org\/{rel}","templated":true}]}}