{"id":6045,"date":"1970-01-01T00:00:00","date_gmt":"1970-01-01T00:00:00","guid":{"rendered":"https:\/\/elfsight.com\/it\/?page_id=6045"},"modified":"2024-11-12T07:57:12","modified_gmt":"2024-11-12T07:57:12","slug":"opencart","status":"publish","type":"page","link":"https:\/\/elfsight.com\/it\/subscription-form-widget\/opencart\/","title":{"rendered":"Subscription Form &#8211; OpenCart"},"content":{"rendered":"<div class=\"application-platform-content-item-description application-platform-content-item\" id=\"description\" data-nav-section=\"description\"> <h2>Descrizione<\/h2> <p>Il modulo di iscrizione Elfsight per OpenCart \u00e8 un&#8217;estensione utile che ti consente di ricevere e-mail. Lo strumento ti offre l&#8217;opportunit\u00e0 non solo di far crescere la tua lista e-mail, ma di farlo senza problemi: sei libero di aggiungere la sezione principale con didascalia al modulo, chiedere l&#8217;indirizzo e-mail con il nome o mantenerlo semplice e inserire solo un campo e-mail l\u00ec e aggiungere un&#8217;etichetta esplicativa e un segnaposto. Ti viene anche offerta l&#8217;opportunit\u00e0 di connettere la tua app Modulo di iscrizione con Mailchimp. E applicando uno dei 4 modelli di layout predefiniti offerti progetterai lo strumento che funziona solo per te. <\/p> <p><b>Mostra il tuo modulo di iscrizione alla newsletter al pubblico di destinazione sulle pagine adatte del tuo sito web e impedisci loro di lasciare il tuo sito! <\/b><\/p> <\/div> <div class=\"application-platform-content-item-features application-platform-content-item\" id=\"features\" data-nav-section=\"features\"> <h2>Offriamo funzionalit\u00e0 utili e facili, guardane alcune: <\/h2> <ul><li>Aggiungi una sezione principale con una didascalia informativa. <\/li><li>Collega il tuo modulo di iscrizione al servizio Mailchimp<\/li><li>Ottieni il tuo database di posta elettronica in formato CSV. <\/li><li>Campi modulo modificabili. <\/li><li>Quattro layout tra cui scegliere: Riquadro, Side-in, Incorporato, Popup. <\/li><\/ul><p><a href=\"#demo\">Prova tutte le impostazioni nella demo completamente funzionante<\/a><\/p> <\/div> <div class=\"application-platform-content-item-installation application-platform-content-item\" id=\"installation\" data-nav-section=\"installation\"> <h2>Come posso incorporare il modulo di iscrizione nel mio sito Web OpenCart? <\/h2> <p>Segui semplicemente le linee guida riportate di seguito per iniziare a lavorare con l&#8217;estensione. <\/p> <ol><li><b>Utilizza la nostra demo gratuita e inizia a dare forma al tuo plugin unico. <\/b><br> Trova il layout e le specifiche preferibili del widget e applica le modifiche. <\/li> <li><b>Ricevi il tuo codice univoco nella casella delle app Elfsight. <\/b><br> Una volta completata la generazione del tuo widget personale, copia il codice individuale nel popup emerso e salvalo per un utilizzo successivo. <\/li> <li><b>Accedi all&#8217;utilizzo dell&#8217;estensione sul tuo sito web OpenCart. <\/b><br> Implementa il codice copiato di recente nel tuo sito web e salva i miglioramenti. <\/li> <li><b>Il gioco \u00e8 fatto! L&#8217;integrazione \u00e8 completamente eseguita. <\/b><br> Vai al tuo sito web per esaminare come funziona il widget. <\/li><\/ol> <p>Se riscontri qualche problema, non esitare a rivolgerti al nostro personale del servizio clienti. Il nostro personale sar\u00e0 felice di risolvere tutte le domande che potresti avere con il plugin. <\/p> <div class=\"faq\" data-component=\"FAQ\"> <div class=\"faq-item\">\r\n\t\t\t\t\t<div class=\"faq-item-question\">\r\n\t\t\t\t\t\t<h3 class=\"faq-item-question-text\">Come aggiungere Form Builder al mio sito Web OpenCart senza competenze di codifica?<\/h3>\r\n\r\n\t\t\t\t\t\t<div class=\"faq-item-question-icon\"><\/div>\r\n\t\t\t\t\t<\/div>\r\n\r\n\t\t\t\t\t<div class=\"faq-item-answer\">\r\n\t\t\t\t\t\t<div class=\"faq-item-answer-text\"> <p>Elfsight fornisce una soluzione SaaS che ti consente di creare tu stesso un widget Form Builder, scopri quanto \u00e8 facile il processo \u00e8: lavora direttamente nell&#8217;editor online per creare un widget Form Builder che vorresti vedere sul tuo sito web OpenCart. Scegli uno dei modelli predefiniti e regola le impostazioni di Form Builder, aggiungi i tuoi contenuti, modifica il layout e la combinazione di colori senza competenze di codifica. Salva il generatore di moduli e copia il suo codice di installazione, che puoi incollare facilmente nel tuo sito Web OpenCart senza la necessit\u00e0 di acquistare un abbonamento a pagamento. Con il nostro editor intuitivo qualsiasi utente di Internet pu\u00f2 creare widget Form Builder online e incorporarlo facilmente nel proprio sito Web OpenCart. Non \u00e8 necessario pagare o inserire le credenziali della carta per accedere al servizio. In caso di problemi in qualsiasi momento, non esitate a contattare il nostro team di supporto tecnico.<\/p> <\/div>\r\n\t\t\t\t\t<\/div>\r\n\t\t\t\t<\/div><div class=\"faq-item\">\r\n\t\t\t\t\t<div class=\"faq-item-question\">\r\n\t\t\t\t\t\t<h3 class=\"faq-item-question-text\">Fornite modelli di moduli di iscrizione per il sito Web OpenCart?<\/h3>\r\n\r\n\t\t\t\t\t\t<div class=\"faq-item-question-icon\"><\/div>\r\n\t\t\t\t\t<\/div>\r\n\r\n\t\t\t\t\t<div class=\"faq-item-answer\">\r\n\t\t\t\t\t\t<div class=\"faq-item-answer-text\"><p>S\u00ec, ci sono pi\u00f9 di 300 modelli pronti all&#8217;uso tra cui scegliere. Prova i <a href=\"https:\/\/elfsight.com\/online-form-builder\/templates\/subscription-forms\/\">modelli di moduli di iscrizione<\/a> e dicci quale ti piace di pi\u00f9.<\/p><\/div>\r\n\t\t\t\t\t<\/div>\r\n\t\t\t\t<\/div> <\/div> <\/div>","protected":false},"excerpt":{"rendered":"","protected":false},"author":9,"featured_media":0,"parent":2585,"menu_order":0,"comment_status":"closed","ping_status":"closed","template":"templates\/template-application-platform.php","meta":{"publish_to_discourse":"","publish_post_category":"","wpdc_auto_publish_overridden":"","wpdc_topic_tags":"","wpdc_pin_topic":"","wpdc_pin_until":"","discourse_post_id":"","discourse_permalink":"","wpdc_publishing_response":"","wpdc_publishing_error":"","footnotes":""},"class_list":["post-6045","page","type-page","status-publish","hentry"],"yoast_head":"<!-- This site is optimized with the Yoast SEO plugin v25.3.1 - https:\/\/yoast.com\/wordpress\/plugins\/seo\/ -->\n<title>Integra il widget del modulo di iscrizione al sito Web OpenCart (gratuito, senza codifica)<\/title>\n<meta name=\"description\" content=\"Implementa l&#039;estensione del modulo di iscrizione OpenCart sul tuo sito web. Progetta tutti i campi, seleziona uno dei quattro modelli di layout e molto altro ancora.\" \/>\n<meta name=\"robots\" content=\"index, follow, max-snippet:-1, max-image-preview:large, max-video-preview:-1\" \/>\n<link rel=\"canonical\" href=\"https:\/\/elfsight.com\/it\/subscription-form-widget\/opencart\/\" \/>\n<meta property=\"og:locale\" content=\"it_IT\" \/>\n<meta property=\"og:type\" content=\"article\" \/>\n<meta property=\"og:title\" content=\"Integra il widget del modulo di iscrizione al sito Web OpenCart (gratuito, senza codifica)\" \/>\n<meta property=\"og:description\" content=\"Implementa l&#039;estensione del modulo di iscrizione OpenCart sul tuo sito web. Progetta tutti i campi, seleziona uno dei quattro modelli di layout e molto altro ancora.\" \/>\n<meta property=\"og:url\" content=\"https:\/\/elfsight.com\/it\/subscription-form-widget\/opencart\/\" \/>\n<meta property=\"og:site_name\" content=\"Elfsight IT\" \/>\n<meta property=\"article:modified_time\" content=\"2024-11-12T07:57:12+00:00\" \/>\n<meta name=\"twitter:card\" content=\"summary_large_image\" \/>\n<meta name=\"twitter:label1\" content=\"Tempo di lettura stimato\" \/>\n\t<meta name=\"twitter:data1\" content=\"3 minuti\" \/>\n<!-- \/ Yoast SEO plugin. -->","yoast_head_json":{"title":"Integra il widget del modulo di iscrizione al sito Web OpenCart (gratuito, senza codifica)","description":"Implementa l'estensione del modulo di iscrizione OpenCart sul tuo sito web. Progetta tutti i campi, seleziona uno dei quattro modelli di layout e molto altro ancora.","robots":{"index":"index","follow":"follow","max-snippet":"max-snippet:-1","max-image-preview":"max-image-preview:large","max-video-preview":"max-video-preview:-1"},"canonical":"https:\/\/elfsight.com\/it\/subscription-form-widget\/opencart\/","og_locale":"it_IT","og_type":"article","og_title":"Integra il widget del modulo di iscrizione al sito Web OpenCart (gratuito, senza codifica)","og_description":"Implementa l'estensione del modulo di iscrizione OpenCart sul tuo sito web. Progetta tutti i campi, seleziona uno dei quattro modelli di layout e molto altro ancora.","og_url":"https:\/\/elfsight.com\/it\/subscription-form-widget\/opencart\/","og_site_name":"Elfsight IT","article_modified_time":"2024-11-12T07:57:12+00:00","twitter_card":"summary_large_image","twitter_misc":{"Tempo di lettura stimato":"3 minuti"},"schema":{"@context":"https:\/\/schema.org","@graph":[{"@type":"WebPage","@id":"https:\/\/elfsight.com\/it\/subscription-form-widget\/opencart\/","url":"https:\/\/elfsight.com\/it\/subscription-form-widget\/opencart\/","name":"Integra il widget del modulo di iscrizione al sito Web OpenCart (gratuito, senza codifica)","isPartOf":{"@id":"https:\/\/elfsight.com\/it\/#website"},"datePublished":"1970-01-01T00:00:00+00:00","dateModified":"2024-11-12T07:57:12+00:00","description":"Implementa l'estensione del modulo di iscrizione OpenCart sul tuo sito web. Progetta tutti i campi, seleziona uno dei quattro modelli di layout e molto altro ancora.","breadcrumb":{"@id":"https:\/\/elfsight.com\/it\/subscription-form-widget\/opencart\/#breadcrumb"},"inLanguage":"it-IT","potentialAction":[{"@type":"ReadAction","target":["https:\/\/elfsight.com\/it\/subscription-form-widget\/opencart\/"]}]},{"@type":"BreadcrumbList","@id":"https:\/\/elfsight.com\/it\/subscription-form-widget\/opencart\/#breadcrumb","itemListElement":[{"@type":"ListItem","position":1,"name":"Home","item":"https:\/\/elfsight.com\/it\/"},{"@type":"ListItem","position":2,"name":"Subscription Form","item":"https:\/\/elfsight.com\/it\/subscription-form-widget\/"},{"@type":"ListItem","position":3,"name":"Subscription Form &#8211; OpenCart"}]},{"@type":"WebSite","@id":"https:\/\/elfsight.com\/it\/#website","url":"https:\/\/elfsight.com\/it\/","name":"Elfsight IT","description":"Just another Elfsight Sites site","potentialAction":[{"@type":"SearchAction","target":{"@type":"EntryPoint","urlTemplate":"https:\/\/elfsight.com\/it\/?s={search_term_string}"},"query-input":{"@type":"PropertyValueSpecification","valueRequired":true,"valueName":"search_term_string"}}],"inLanguage":"it-IT"}]}},"meta_box":{"industry":"","seo_heading":"","heading":"","description":"","cta_heading":"","cta_description":"","application":"2583","h1":"Estensione del modulo di iscrizione OpenCart","h1_caption":"Incorpora un modulo di iscrizione per raccogliere e-mail e far crescere facilmente la tua mailing list nel tuo sito Web Opencart.","application_category":[],"applications_title":"","applications_request_title":"","applications_request_button_text":"","hero_text":"","hero_video":"","hero_video_schema_markup":"","selling_points_title":"","selling_points_caption":"","selling_points":[],"selling_points_cta_text":"","features_title":"","features":"","ed_cta_examples_text":"","ed_cta_examples_hidden":"","ed_cta_demo_text":"","ed_cta_demo_hidden":"","why_caption":"","why_editor_title":"","why_editor_text":"","why_team_title":"","why_team_text":"","why_service_title":"","why_service_text":"","template_catalog_visible":"","template_catalog_title":"","template_catalog_text":"","template_catalog_categories_visible":"","demo_title":"Crea la tua estensione del modulo di iscrizione","demo_caption":"Configura il tuo modulo di iscrizione e aggiungilo gratuitamente al tuo sito Web OpenCart!","default_faq_hidden":"","app_template_category":[],"platform":"41","template_public_id":"","codecanyon_url":"","codecanyon_item_id":"","codecanyon_price":"","pricing_caption":"","pricing_elfsight_apps_hide_column":"","pricing_elfsight_apps_url":"","pricing_codecanyon_price_caption":"","integration_category":[],"integration_request_title":"","integration_request_cta":"","integration_platform":"","integrations":[],"platform_category":[],"video_schema_markup":"","price":"da $ 0 al mese","trial":"","benefits":[{"text":"Servizio di installazione gratuito"},{"text":"Assistenza clienti competente"},{"text":"Garanzia di rimborso di 14 giorni"},{"text":"Sviluppo continuo"}],"button_url":"#demo","button_target_blank":"","button_nofollow":"","attributes":[{"name":"Installazioni"},{"name":"Reattivo","content":"S\u00cc"},{"name":"Browser compatibili","content":"Safari, Chrome, Edge, Opera, Firefox"}],"tags":[],"tags_disable_links":"","hide_more_platforms":"","video_object":"","demo_hide_cta":"","demo_hide_cloud_options":"","pricing_title":"","pricing":[{"pricing_icon":"platform","pricing_title":"Elfsight Apps","pricing_title_caption":"Versione multipiattaforma adatta a qualsiasi sito","pricing_price":"da $ 0 \/ mese","pricing_price_caption":"inizia con un piano gratuito","pricing_benefits":[{"text":"Siti web illimitati"},{"text":"Supporto gratuito, puntuale e ben documentato"},{"text":"Servizio di installazione gratuito"},{"text":"Completamente personalizzabile"}],"pricing_button_text":"Aggiungi al sito web","pricing_button_url":"#demo"}],"related_apps_title":"","related_apps_hidden":"","author":"","image":[],"title":"","job":"","social_networks":[]},"_links":{"self":[{"href":"https:\/\/elfsight.com\/it\/wp-json\/wp\/v2\/pages\/6045","targetHints":{"allow":["GET"]}}],"collection":[{"href":"https:\/\/elfsight.com\/it\/wp-json\/wp\/v2\/pages"}],"about":[{"href":"https:\/\/elfsight.com\/it\/wp-json\/wp\/v2\/types\/page"}],"author":[{"embeddable":true,"href":"https:\/\/elfsight.com\/it\/wp-json\/wp\/v2\/users\/9"}],"replies":[{"embeddable":true,"href":"https:\/\/elfsight.com\/it\/wp-json\/wp\/v2\/comments?post=6045"}],"version-history":[{"count":1,"href":"https:\/\/elfsight.com\/it\/wp-json\/wp\/v2\/pages\/6045\/revisions"}],"predecessor-version":[{"id":6049,"href":"https:\/\/elfsight.com\/it\/wp-json\/wp\/v2\/pages\/6045\/revisions\/6049"}],"up":[{"embeddable":true,"href":"https:\/\/elfsight.com\/it\/wp-json\/wp\/v2\/pages\/2585"}],"wp:attachment":[{"href":"https:\/\/elfsight.com\/it\/wp-json\/wp\/v2\/media?parent=6045"}],"curies":[{"name":"wp","href":"https:\/\/api.w.org\/{rel}","templated":true}]}}