{"id":6035,"date":"1970-01-01T00:00:00","date_gmt":"1970-01-01T00:00:00","guid":{"rendered":"https:\/\/elfsight.com\/it\/?page_id=6035"},"modified":"2024-11-12T07:56:54","modified_gmt":"2024-11-12T07:56:54","slug":"wix","status":"publish","type":"page","link":"https:\/\/elfsight.com\/it\/subscription-form-widget\/wix\/","title":{"rendered":"Subscription Form &#8211; Wix"},"content":{"rendered":"<div class=\"application-platform-content-item-description application-platform-content-item\" id=\"description\" data-nav-section=\"description\"> <h2>Descrizione<\/h2> <p>Il modulo di iscrizione Elfsight per Wix \u00e8 un&#8217;app efficiente che ti d\u00e0 la possibilit\u00e0 di ricevere email. Lo strumento ti offre un&#8217;opzione non solo per moltiplicare la tua lista e-mail, ma di farlo in modo efficiente: sei libero di aggiungere all&#8217;intestazione una didascalia informativa, chiedere l&#8217;indirizzo e-mail con il nome o mantenerlo semplice e inserire solo un campo e-mail e aggiungere un&#8217;etichetta esplicativa e un segnaposto. Ti viene anche offerta l&#8217;opportunit\u00e0 di connettere il widget del modulo di iscrizione con Mailchimp. E con uno dei quattro modelli di layout pronti all&#8217;uso sarai in grado di creare lo strumento che funziona proprio nel modo di cui hai bisogno. <\/p> <p><b>Mostra i tuoi moduli di iscrizione alle persone giuste sulle pagine giuste del tuo sito e impedisci loro di abbandonare il tuo sito! <\/b><\/p> <\/div> <div class=\"application-platform-content-item-features application-platform-content-item\" id=\"features\" data-nav-section=\"features\"> <h2>Offriamo funzionalit\u00e0 utili e veloci, controllane alcune: <\/h2> <ul><li>Allega un&#8217;intestazione con un didascalia seducente. <\/li><li>Integra il modulo con il servizio Mailchimp<\/li><li>Scarica la tua lista email in formato CSV. <\/li><li>Campi modulo gestibili. <\/li><li>4 modelli di layout tra cui scegliere: Riquadro, Incorporato, Popup, Side-in. <\/li><\/ul><p><a href=\"#demo\">Prova tutte le opzioni di personalizzazione nella demo completa<\/a><\/p> <\/div> <div class=\"application-platform-content-item-installation application-platform-content-item\" id=\"installation\" data-nav-section=\"installation\"> <h2>Come incorporare il modulo di iscrizione nel mio sito web Wix? <\/h2> <p>Segui semplicemente un paio di passaggi descritti di seguito per aggiungere l&#8217;app. <\/p> <ol><li><b>Esegui il nostro configuratore gratuito e inizia a creare la tua app unica. <\/b><br> Scegli il design e le specifiche desiderabili dell&#8217;app e salva le correzioni. <\/li> <li><b>Ricevi il codice personale riportato nell&#8217;apposito form su Elfsight Apps. <\/b><br> Una volta completata la configurazione del tuo strumento, copia il codice individuale dalla casella emersa e conservalo per un utilizzo futuro. <\/li> <li><b>Inizia a utilizzare l&#8217;app sulla piattaforma Wix. <\/b><br> Incolla il codice salvato di recente nel tuo sito web e salva le correzioni. <\/li> <li><b>L&#8217;installazione \u00e8 stata eseguita con successo. <\/b><br> Vai al tuo sito per verificare le prestazioni dell&#8217;app. <\/li><\/ol> <p>Se dovessi gestire domande o incontrare alcune complicazioni, non esitare a rivolgerti al nostro personale del servizio clienti. I nostri specialisti saranno entusiasti di risolvere tutte le domande che potresti avere con il plugin. <\/p> <div class=\"faq\" data-component=\"FAQ\"> <div class=\"faq-item\">\r\n\t\t\t\t\t<div class=\"faq-item-question\">\r\n\t\t\t\t\t\t<h3 class=\"faq-item-question-text\">Come aggiungere Form Builder al mio sito Web Wix senza competenze di programmazione?<\/h3>\r\n\r\n\t\t\t\t\t\t<div class=\"faq-item-question-icon\"><\/div>\r\n\t\t\t\t\t<\/div>\r\n\r\n\t\t\t\t\t<div class=\"faq-item-answer\">\r\n\t\t\t\t\t\t<div class=\"faq-item-answer-text\"> <p>Elfsight fornisce una soluzione SaaS che ti consente di creare tu stesso un widget Form Builder, guarda quanto \u00e8 facile il processo \u00e8: lavora direttamente nell&#8217;editor online per creare un widget Form Builder che vorresti vedere sul tuo sito web Wix. Scegli uno dei modelli predefiniti e regola le impostazioni del Form Builder, aggiungi i tuoi contenuti, modifica il layout e i colori senza alcuna competenza di codifica. Salva il Form Builder e copia il suo codice di installazione, che potrai includere nel tuo sito Wix senza dover acquistare un abbonamento a pagamento. Con il nostro editor intuitivo qualsiasi utente di Internet pu\u00f2 creare widget Form Builder online e incorporarlo facilmente nel proprio sito Web Wix. Non \u00e8 necessario pagare o inserire le credenziali della carta per accedere al servizio. In caso di problemi in qualsiasi momento, non esitare a contattare il nostro team di supporto tecnico.<\/p> <\/div>\r\n\t\t\t\t\t<\/div>\r\n\t\t\t\t<\/div><div class=\"faq-item\">\r\n\t\t\t\t\t<div class=\"faq-item-question\">\r\n\t\t\t\t\t\t<h3 class=\"faq-item-question-text\">Disponi di modelli di moduli di iscrizione predefiniti per il sito Web Wix?<\/h3>\r\n\r\n\t\t\t\t\t\t<div class=\"faq-item-question-icon\"><\/div>\r\n\t\t\t\t\t<\/div>\r\n\r\n\t\t\t\t\t<div class=\"faq-item-answer\">\r\n\t\t\t\t\t\t<div class=\"faq-item-answer-text\"><p>S\u00ec, Elfsight offre un&#8217;enorme libreria di oltre 300 modelli per ogni caso. Scorri i <a href=\"https:\/\/elfsight.com\/online-form-builder\/templates\/subscription-forms\/\">modelli di moduli di iscrizione<\/a> e decidi quale funziona meglio per te.<\/p> <\/div>\r\n\t\t\t\t\t<\/div>\r\n\t\t\t\t<\/div> <\/div> <\/div>","protected":false},"excerpt":{"rendered":"","protected":false},"author":9,"featured_media":0,"parent":2585,"menu_order":0,"comment_status":"closed","ping_status":"closed","template":"templates\/template-application-platform.php","meta":{"publish_to_discourse":"","publish_post_category":"","wpdc_auto_publish_overridden":"","wpdc_topic_tags":"","wpdc_pin_topic":"","wpdc_pin_until":"","discourse_post_id":"","discourse_permalink":"","wpdc_publishing_response":"","wpdc_publishing_error":"","footnotes":""},"class_list":["post-6035","page","type-page","status-publish","hentry"],"yoast_head":"<!-- This site is optimized with the Yoast SEO plugin v25.3.1 - https:\/\/yoast.com\/wordpress\/plugins\/seo\/ -->\n<title>Aggiungi l&#039;app Modulo di iscrizione al sito web Wix (veloce e gratuito)<\/title>\n<meta name=\"description\" content=\"Implementa un&#039;app Wix Subscription Form reattiva sul tuo sito web. Modifica tutti i campi, scegli uno dei 4 modelli di layout e molto altro ancora.\" \/>\n<meta name=\"robots\" content=\"index, follow, max-snippet:-1, max-image-preview:large, max-video-preview:-1\" \/>\n<link rel=\"canonical\" href=\"https:\/\/elfsight.com\/it\/subscription-form-widget\/wix\/\" \/>\n<meta property=\"og:locale\" content=\"it_IT\" \/>\n<meta property=\"og:type\" content=\"article\" \/>\n<meta property=\"og:title\" content=\"Aggiungi l&#039;app Modulo di iscrizione al sito web Wix (veloce e gratuito)\" \/>\n<meta property=\"og:description\" content=\"Implementa un&#039;app Wix Subscription Form reattiva sul tuo sito web. Modifica tutti i campi, scegli uno dei 4 modelli di layout e molto altro ancora.\" \/>\n<meta property=\"og:url\" content=\"https:\/\/elfsight.com\/it\/subscription-form-widget\/wix\/\" \/>\n<meta property=\"og:site_name\" content=\"Elfsight IT\" \/>\n<meta property=\"article:modified_time\" content=\"2024-11-12T07:56:54+00:00\" \/>\n<meta name=\"twitter:card\" content=\"summary_large_image\" \/>\n<meta name=\"twitter:label1\" content=\"Tempo di lettura stimato\" \/>\n\t<meta name=\"twitter:data1\" content=\"3 minuti\" \/>\n<!-- \/ Yoast SEO plugin. -->","yoast_head_json":{"title":"Aggiungi l'app Modulo di iscrizione al sito web Wix (veloce e gratuito)","description":"Implementa un'app Wix Subscription Form reattiva sul tuo sito web. Modifica tutti i campi, scegli uno dei 4 modelli di layout e molto altro ancora.","robots":{"index":"index","follow":"follow","max-snippet":"max-snippet:-1","max-image-preview":"max-image-preview:large","max-video-preview":"max-video-preview:-1"},"canonical":"https:\/\/elfsight.com\/it\/subscription-form-widget\/wix\/","og_locale":"it_IT","og_type":"article","og_title":"Aggiungi l'app Modulo di iscrizione al sito web Wix (veloce e gratuito)","og_description":"Implementa un'app Wix Subscription Form reattiva sul tuo sito web. Modifica tutti i campi, scegli uno dei 4 modelli di layout e molto altro ancora.","og_url":"https:\/\/elfsight.com\/it\/subscription-form-widget\/wix\/","og_site_name":"Elfsight IT","article_modified_time":"2024-11-12T07:56:54+00:00","twitter_card":"summary_large_image","twitter_misc":{"Tempo di lettura stimato":"3 minuti"},"schema":{"@context":"https:\/\/schema.org","@graph":[{"@type":"WebPage","@id":"https:\/\/elfsight.com\/it\/subscription-form-widget\/wix\/","url":"https:\/\/elfsight.com\/it\/subscription-form-widget\/wix\/","name":"Aggiungi l'app Modulo di iscrizione al sito web Wix (veloce e gratuito)","isPartOf":{"@id":"https:\/\/elfsight.com\/it\/#website"},"datePublished":"1970-01-01T00:00:00+00:00","dateModified":"2024-11-12T07:56:54+00:00","description":"Implementa un'app Wix Subscription Form reattiva sul tuo sito web. Modifica tutti i campi, scegli uno dei 4 modelli di layout e molto altro ancora.","breadcrumb":{"@id":"https:\/\/elfsight.com\/it\/subscription-form-widget\/wix\/#breadcrumb"},"inLanguage":"it-IT","potentialAction":[{"@type":"ReadAction","target":["https:\/\/elfsight.com\/it\/subscription-form-widget\/wix\/"]}]},{"@type":"BreadcrumbList","@id":"https:\/\/elfsight.com\/it\/subscription-form-widget\/wix\/#breadcrumb","itemListElement":[{"@type":"ListItem","position":1,"name":"Home","item":"https:\/\/elfsight.com\/it\/"},{"@type":"ListItem","position":2,"name":"Subscription Form","item":"https:\/\/elfsight.com\/it\/subscription-form-widget\/"},{"@type":"ListItem","position":3,"name":"Subscription Form &#8211; Wix"}]},{"@type":"WebSite","@id":"https:\/\/elfsight.com\/it\/#website","url":"https:\/\/elfsight.com\/it\/","name":"Elfsight IT","description":"Just another Elfsight Sites site","potentialAction":[{"@type":"SearchAction","target":{"@type":"EntryPoint","urlTemplate":"https:\/\/elfsight.com\/it\/?s={search_term_string}"},"query-input":{"@type":"PropertyValueSpecification","valueRequired":true,"valueName":"search_term_string"}}],"inLanguage":"it-IT"}]}},"meta_box":{"industry":"","seo_heading":"","heading":"","description":"","cta_heading":"","cta_description":"","application":"2583","h1":"App Modulo di iscrizione Wix","h1_caption":"Incorpora un modulo di iscrizione per raccogliere email e far crescere facilmente la tua mailing list nel tuo sito web Wix.","application_category":[],"applications_title":"","applications_request_title":"","applications_request_button_text":"","hero_text":"","hero_video":"","hero_video_schema_markup":"","selling_points_title":"","selling_points_caption":"","selling_points":[],"selling_points_cta_text":"","features_title":"","features":"","ed_cta_examples_text":"","ed_cta_examples_hidden":"","ed_cta_demo_text":"","ed_cta_demo_hidden":"","why_caption":"","why_editor_title":"","why_editor_text":"","why_team_title":"","why_team_text":"","why_service_title":"","why_service_text":"","template_catalog_visible":"","template_catalog_title":"","template_catalog_text":"","template_catalog_categories_visible":"","demo_title":"Crea la tua app Modulo di iscrizione","demo_caption":"Configura il tuo modulo di iscrizione e aggiungilo gratuitamente al tuo sito Wix!","default_faq_hidden":"","app_template_category":[],"platform":"29","template_public_id":"","codecanyon_url":"","codecanyon_item_id":"","codecanyon_price":"","pricing_caption":"","pricing_elfsight_apps_hide_column":"","pricing_elfsight_apps_url":"","pricing_codecanyon_price_caption":"","integration_category":[],"integration_request_title":"","integration_request_cta":"","integration_platform":"","integrations":[],"platform_category":[],"video_schema_markup":"","price":"da $ 0 al mese","trial":"","benefits":[{"text":"Aiuto per l'installazione gratuito"},{"text":"Assistenza clienti con esperienza"},{"text":"Garanzia di rimborso di 14 giorni"},{"text":"Miglioramenti gratuiti continui"}],"button_url":"#demo","button_target_blank":"","button_nofollow":"","attributes":[{"name":"Installazioni"},{"name":"Reattivo","content":"S\u00cc"},{"name":"Browser compatibili","content":"Firefox, Safari, Opera, Chrome, Edge"}],"tags":[],"tags_disable_links":"","hide_more_platforms":"","video_object":"","demo_hide_cta":"","demo_hide_cloud_options":"","pricing_title":"","pricing":[{"pricing_icon":"platform","pricing_title":"Elfsight Apps","pricing_title_caption":"Soluzione digitale multipiattaforma che funziona su qualsiasi sito web","pricing_price":"da $ 0 \/ mese","pricing_price_caption":"inizia con un piano gratuito","pricing_benefits":[{"text":"Siti web illimitati"},{"text":"Assistenza clienti professionale"},{"text":"Servizio di installazione gratuito"},{"text":"Completamente personalizzabile"}],"pricing_button_text":"Aggiungi al sito web","pricing_button_url":"#demo"}],"related_apps_title":"","related_apps_hidden":"","author":"","image":[],"title":"","job":"","social_networks":[]},"_links":{"self":[{"href":"https:\/\/elfsight.com\/it\/wp-json\/wp\/v2\/pages\/6035","targetHints":{"allow":["GET"]}}],"collection":[{"href":"https:\/\/elfsight.com\/it\/wp-json\/wp\/v2\/pages"}],"about":[{"href":"https:\/\/elfsight.com\/it\/wp-json\/wp\/v2\/types\/page"}],"author":[{"embeddable":true,"href":"https:\/\/elfsight.com\/it\/wp-json\/wp\/v2\/users\/9"}],"replies":[{"embeddable":true,"href":"https:\/\/elfsight.com\/it\/wp-json\/wp\/v2\/comments?post=6035"}],"version-history":[{"count":1,"href":"https:\/\/elfsight.com\/it\/wp-json\/wp\/v2\/pages\/6035\/revisions"}],"predecessor-version":[{"id":6039,"href":"https:\/\/elfsight.com\/it\/wp-json\/wp\/v2\/pages\/6035\/revisions\/6039"}],"up":[{"embeddable":true,"href":"https:\/\/elfsight.com\/it\/wp-json\/wp\/v2\/pages\/2585"}],"wp:attachment":[{"href":"https:\/\/elfsight.com\/it\/wp-json\/wp\/v2\/media?parent=6035"}],"curies":[{"name":"wp","href":"https:\/\/api.w.org\/{rel}","templated":true}]}}