{"id":6034,"date":"2024-05-03T06:49:30","date_gmt":"2024-05-03T06:49:30","guid":{"rendered":"https:\/\/elfsight.com\/it\/?page_id=6034"},"modified":"2024-11-12T07:56:54","modified_gmt":"2024-11-12T07:56:54","slug":"wordpress","status":"publish","type":"page","link":"https:\/\/elfsight.com\/it\/subscription-form-widget\/wordpress\/","title":{"rendered":"Subscription Form &#8211; WordPress"},"content":{"rendered":"<div class=\"application-platform-content-item-description application-platform-content-item\" id=\"description\" data-nav-section=\"description\"> <h2>Incorpora il modulo di iscrizione su WordPress con il widget Elfsight<\/h2> <p>Il modulo di iscrizione per WordPress \u00e8 un plugin efficiente che ti consente di raccogliere e-mail. L&#8217;app ti offre un&#8217;opzione non solo per ampliare la tua lista e-mail, ma anche per farlo facilmente: puoi aggiungere l&#8217;intestazione con una didascalia informativa, chiedere l&#8217;e-mail del nome o mantenerlo semplice e inserire l\u00ec solo un campo e-mail e affiancare un&#8217;etichetta informativa e un segnaposto. C&#8217;\u00e8 anche l&#8217;opportunit\u00e0 di connettere il tuo strumento Modulo di iscrizione con Mailchimp. E utilizzando uno dei 4 layout predefiniti sarai in grado di costruire il widget che funziona proprio nel modo di cui hai bisogno. <\/p> <p><b>Mostra il tuo modulo di iscrizione al pubblico di destinazione sulle pagine appropriate del tuo sito e impedisci loro di rimbalzare via! <\/b><\/p> <\/div> <div class=\"application-platform-content-item-features application-platform-content-item\" id=\"features\" data-nav-section=\"features\"> <h2>Ecco le caratteristiche essenziali del widget: <\/h2> <ul><li>Allega un&#8217;intestazione con una didascalia accattivante. <\/li><li>Integra il tuo modulo con Mailchimp <\/li><li>Ottieni la tua lista email in formato CSV. <\/li><li>Parti del modulo personalizzabili. <\/li><li>Quattro layout tra cui scegliere: Incorporato, Popup, Riquadro, Side-in. <\/li><\/ul><p><a href=\"#demo\">Puoi vedere come funziona il plugin con l&#8217;aiuto della demo<\/a><\/p> <\/div> <div class=\"application-platform-content-item- installazione application-platform-content-item\" id=\" installazione\" data-nav-section=\" installazione\"> <h2>Come incorporare il modulo di iscrizione nel mio sito Web WordPress? <\/h2> <p>Segui semplicemente le linee guida seguenti per iniziare a utilizzare il plug-in. <\/p> <ol><li><b>Esegui il nostro configuratore gratuito e inizia a modellare il tuo plugin personalizzato. <\/b><br> Trova il layout e la funzionalit\u00e0 selezionati del plugin e applica le modifiche. <\/li> <li><b>Ottieni il tuo codice individuale che appare nella casella sulle app Elfsight. <\/b><br> Una volta terminata la configurazione del tuo plugin personale, copia il codice esclusivo dalla finestra che appare e conservalo per ulteriori occasioni. <\/li> <li><b>Avviare l&#8217;utilizzo del plugin sul sito WordPress. <\/b><br> Inserisci il codice copiato di recente nel tuo sito web e applica le modifiche. <\/li> <li><b>Fatto! La configurazione \u00e8 completamente completata. <\/b><br> Visita la tua pagina per dare un&#8217;occhiata a come funziona il plug-in. <\/li><\/ol> <p>A condizione di affrontare domande o incontrare difficolt\u00e0, non esitate a chiedere assistenza al nostro team di assistenza clienti. I nostri consulenti saranno entusiasti di aiutarti con tutte le difficolt\u00e0 che potresti avere con il widget. <\/p><div class=\"faq\" data-component=\"FAQ\"> <div class=\"faq-item\">\r\n\t\t\t\t\t<div class=\"faq-item-question\">\r\n\t\t\t\t\t\t<h3 class=\"faq-item-question-text\">Come aggiungere Form Builder al mio sito Web WordPress senza competenze di codifica?<\/h3>\r\n\r\n\t\t\t\t\t\t<div class=\"faq-item-question-icon\"><\/div>\r\n\t\t\t\t\t<\/div>\r\n\r\n\t\t\t\t\t<div class=\"faq-item-answer\">\r\n\t\t\t\t\t\t<div class=\"faq-item-answer-text\"> <p>Elfsight fornisce una soluzione SaaS che ti consente di creare tu stesso un widget Form Builder, scopri quanto \u00e8 facile il processo \u00e8: lavora direttamente nell&#8217;editor online per creare un widget Form Builder che vorresti vedere sul tuo sito web WordPress. Scegli uno dei modelli predefiniti e regola le impostazioni del Generatore di moduli, aggiungi i tuoi contenuti, modifica il layout e la combinazione di colori senza alcuna competenza di codifica. Salva il Form Builder e copia il suo codice di installazione, che potrai facilmente incorporare nel tuo sito WordPress senza acquistare un abbonamento a pagamento. Con il nostro editor intuitivo qualsiasi utente di Internet pu\u00f2 creare widget Form Builder online e incorporarlo facilmente nel proprio sito Web WordPress. Non \u00e8 necessario pagare o inserire le credenziali della carta per accedere al servizio. In caso di problemi in qualsiasi momento, non esitate a contattare il nostro team di supporto tecnico.<\/p> <\/div>\r\n\t\t\t\t\t<\/div>\r\n\t\t\t\t<\/div><div class=\"faq-item\">\r\n\t\t\t\t\t<div class=\"faq-item-question\">\r\n\t\t\t\t\t\t<h3 class=\"faq-item-question-text\">Fornite modelli di moduli di iscrizione per il sito Web WordPress?<\/h3>\r\n\r\n\t\t\t\t\t\t<div class=\"faq-item-question-icon\"><\/div>\r\n\t\t\t\t\t<\/div>\r\n\r\n\t\t\t\t\t<div class=\"faq-item-answer\">\r\n\t\t\t\t\t\t<div class=\"faq-item-answer-text\"><p>S\u00ec, ci sono pi\u00f9 di 300 modelli pronti all&#8217;uso tra cui scegliere. Prova i <a href=\"https:\/\/elfsight.com\/online-form-builder\/templates\/subscription-forms\/\">modelli di moduli di iscrizione<\/a> e dicci quale ti piace di pi\u00f9.<\/p><\/div>\r\n\t\t\t\t\t<\/div>\r\n\t\t\t\t<\/div> <\/div> <\/div>","protected":false},"excerpt":{"rendered":"","protected":false},"author":9,"featured_media":0,"parent":2585,"menu_order":0,"comment_status":"closed","ping_status":"closed","template":"templates\/template-application-platform.php","meta":{"publish_to_discourse":"","publish_post_category":"","wpdc_auto_publish_overridden":"","wpdc_topic_tags":"","wpdc_pin_topic":"","wpdc_pin_until":"","discourse_post_id":"","discourse_permalink":"","wpdc_publishing_response":"","wpdc_publishing_error":"","footnotes":""},"class_list":["post-6034","page","type-page","status-publish","hentry"],"yoast_head":"<!-- This site is optimized with the Yoast SEO plugin v25.3.1 - https:\/\/yoast.com\/wordpress\/plugins\/seo\/ -->\n<title>Aggiungi il plug-in del modulo di iscrizione al sito Web WordPress (veloce e gratuito)<\/title>\n<meta name=\"description\" content=\"Integra un plugin reattivo per il modulo di iscrizione WordPress al tuo sito. Modifica tutti i campi, seleziona uno dei 4 modelli di layout e altro ancora!\" \/>\n<meta name=\"robots\" content=\"index, follow, max-snippet:-1, max-image-preview:large, max-video-preview:-1\" \/>\n<link rel=\"canonical\" href=\"https:\/\/elfsight.com\/it\/subscription-form-widget\/wordpress\/\" \/>\n<meta property=\"og:locale\" content=\"it_IT\" \/>\n<meta property=\"og:type\" content=\"article\" \/>\n<meta property=\"og:title\" content=\"Aggiungi il plug-in del modulo di iscrizione al sito Web WordPress (veloce e gratuito)\" \/>\n<meta property=\"og:description\" content=\"Integra un plugin reattivo per il modulo di iscrizione WordPress al tuo sito. Modifica tutti i campi, seleziona uno dei 4 modelli di layout e altro ancora!\" \/>\n<meta property=\"og:url\" content=\"https:\/\/elfsight.com\/it\/subscription-form-widget\/wordpress\/\" \/>\n<meta property=\"og:site_name\" content=\"Elfsight IT\" \/>\n<meta property=\"article:modified_time\" content=\"2024-11-12T07:56:54+00:00\" \/>\n<meta name=\"twitter:card\" content=\"summary_large_image\" \/>\n<meta name=\"twitter:label1\" content=\"Tempo di lettura stimato\" \/>\n\t<meta name=\"twitter:data1\" content=\"3 minuti\" \/>\n<!-- \/ Yoast SEO plugin. -->","yoast_head_json":{"title":"Aggiungi il plug-in del modulo di iscrizione al sito Web WordPress (veloce e gratuito)","description":"Integra un plugin reattivo per il modulo di iscrizione WordPress al tuo sito. Modifica tutti i campi, seleziona uno dei 4 modelli di layout e altro ancora!","robots":{"index":"index","follow":"follow","max-snippet":"max-snippet:-1","max-image-preview":"max-image-preview:large","max-video-preview":"max-video-preview:-1"},"canonical":"https:\/\/elfsight.com\/it\/subscription-form-widget\/wordpress\/","og_locale":"it_IT","og_type":"article","og_title":"Aggiungi il plug-in del modulo di iscrizione al sito Web WordPress (veloce e gratuito)","og_description":"Integra un plugin reattivo per il modulo di iscrizione WordPress al tuo sito. Modifica tutti i campi, seleziona uno dei 4 modelli di layout e altro ancora!","og_url":"https:\/\/elfsight.com\/it\/subscription-form-widget\/wordpress\/","og_site_name":"Elfsight IT","article_modified_time":"2024-11-12T07:56:54+00:00","twitter_card":"summary_large_image","twitter_misc":{"Tempo di lettura stimato":"3 minuti"},"schema":{"@context":"https:\/\/schema.org","@graph":[{"@type":"WebPage","@id":"https:\/\/elfsight.com\/it\/subscription-form-widget\/wordpress\/","url":"https:\/\/elfsight.com\/it\/subscription-form-widget\/wordpress\/","name":"Aggiungi il plug-in del modulo di iscrizione al sito Web WordPress (veloce e gratuito)","isPartOf":{"@id":"https:\/\/elfsight.com\/it\/#website"},"datePublished":"2024-05-03T06:49:30+00:00","dateModified":"2024-11-12T07:56:54+00:00","description":"Integra un plugin reattivo per il modulo di iscrizione WordPress al tuo sito. Modifica tutti i campi, seleziona uno dei 4 modelli di layout e altro ancora!","breadcrumb":{"@id":"https:\/\/elfsight.com\/it\/subscription-form-widget\/wordpress\/#breadcrumb"},"inLanguage":"it-IT","potentialAction":[{"@type":"ReadAction","target":["https:\/\/elfsight.com\/it\/subscription-form-widget\/wordpress\/"]}]},{"@type":"BreadcrumbList","@id":"https:\/\/elfsight.com\/it\/subscription-form-widget\/wordpress\/#breadcrumb","itemListElement":[{"@type":"ListItem","position":1,"name":"Home","item":"https:\/\/elfsight.com\/it\/"},{"@type":"ListItem","position":2,"name":"Subscription Form","item":"https:\/\/elfsight.com\/it\/subscription-form-widget\/"},{"@type":"ListItem","position":3,"name":"Subscription Form &#8211; WordPress"}]},{"@type":"WebSite","@id":"https:\/\/elfsight.com\/it\/#website","url":"https:\/\/elfsight.com\/it\/","name":"Elfsight IT","description":"Just another Elfsight Sites site","potentialAction":[{"@type":"SearchAction","target":{"@type":"EntryPoint","urlTemplate":"https:\/\/elfsight.com\/it\/?s={search_term_string}"},"query-input":{"@type":"PropertyValueSpecification","valueRequired":true,"valueName":"search_term_string"}}],"inLanguage":"it-IT"}]}},"meta_box":{"industry":"","seo_heading":"","heading":"","description":"","cta_heading":"","cta_description":"","application":"2583","h1":"Plug-in del modulo di iscrizione WordPress","h1_caption":"Incorpora un modulo di iscrizione per raccogliere e-mail e far crescere facilmente la tua mailing list nel tuo sito Web WordPress.","application_category":[],"applications_title":"","applications_request_title":"","applications_request_button_text":"","hero_text":"","hero_video":"","hero_video_schema_markup":"","selling_points_title":"","selling_points_caption":"","selling_points":[],"selling_points_cta_text":"","features_title":"","features":"","ed_cta_examples_text":"","ed_cta_examples_hidden":"","ed_cta_demo_text":"","ed_cta_demo_hidden":"","why_caption":"","why_editor_title":"","why_editor_text":"","why_team_title":"","why_team_text":"","why_service_title":"","why_service_text":"","template_catalog_visible":"","template_catalog_title":"","template_catalog_text":"","template_catalog_categories_visible":"","demo_title":"Crea il tuo plugin per il modulo di iscrizione","demo_caption":"Configura il tuo modulo di iscrizione e aggiungilo gratuitamente al tuo sito WordPress!","default_faq_hidden":"","app_template_category":[],"platform":"28","template_public_id":"","codecanyon_url":"","codecanyon_item_id":"","codecanyon_price":"","pricing_caption":"","pricing_elfsight_apps_hide_column":"","pricing_elfsight_apps_url":"","pricing_codecanyon_price_caption":"","integration_category":[],"integration_request_title":"","integration_request_cta":"","integration_platform":"","integrations":[],"platform_category":[],"video_schema_markup":"","price":"da $ 0 al mese","trial":"","benefits":[{"text":"Aiuto gratuito per l'installazione"},{"text":"Supporto eccezionale"},{"text":"Garanzia di rimborso di 14 giorni"},{"text":"Aggiornamento costante"}],"button_url":"#demo","button_target_blank":"","button_nofollow":"","attributes":[{"name":"Installazioni"},{"name":"Reattivo","content":"S\u00cc"},{"name":"Browser compatibili","content":"Firefox, Safari, Opera, Chrome, Edge"}],"tags":[],"tags_disable_links":"","hide_more_platforms":"","video_object":"","demo_hide_cta":"","demo_hide_cloud_options":"","pricing_title":"","pricing":[{"pricing_icon":"platform","pricing_title":"Elfsight Apps","pricing_title_caption":"Soluzione indipendente dalla piattaforma che funziona su qualsiasi sito web","pricing_price":"da $ 0 \/ mese","pricing_price_caption":"inizia con un piano gratuito","pricing_benefits":[{"text":"Domini illimitati"},{"text":"Supporto professionale e puntuale e ben documentato"},{"text":"Servizio di installazione gratuito"},{"text":"Completamente personalizzabile"}],"pricing_button_text":"Aggiungi al sito web","pricing_button_url":"#demo"}],"related_apps_title":"","related_apps_hidden":"","author":"","image":[],"title":"","job":"","social_networks":[]},"_links":{"self":[{"href":"https:\/\/elfsight.com\/it\/wp-json\/wp\/v2\/pages\/6034","targetHints":{"allow":["GET"]}}],"collection":[{"href":"https:\/\/elfsight.com\/it\/wp-json\/wp\/v2\/pages"}],"about":[{"href":"https:\/\/elfsight.com\/it\/wp-json\/wp\/v2\/types\/page"}],"author":[{"embeddable":true,"href":"https:\/\/elfsight.com\/it\/wp-json\/wp\/v2\/users\/9"}],"replies":[{"embeddable":true,"href":"https:\/\/elfsight.com\/it\/wp-json\/wp\/v2\/comments?post=6034"}],"version-history":[{"count":1,"href":"https:\/\/elfsight.com\/it\/wp-json\/wp\/v2\/pages\/6034\/revisions"}],"predecessor-version":[{"id":6038,"href":"https:\/\/elfsight.com\/it\/wp-json\/wp\/v2\/pages\/6034\/revisions\/6038"}],"up":[{"embeddable":true,"href":"https:\/\/elfsight.com\/it\/wp-json\/wp\/v2\/pages\/2585"}],"wp:attachment":[{"href":"https:\/\/elfsight.com\/it\/wp-json\/wp\/v2\/media?parent=6034"}],"curies":[{"name":"wp","href":"https:\/\/api.w.org\/{rel}","templated":true}]}}