{"id":6028,"date":"1970-01-01T00:00:00","date_gmt":"1970-01-01T00:00:00","guid":{"rendered":"https:\/\/elfsight.com\/it\/?page_id=6028"},"modified":"2025-03-21T05:49:39","modified_gmt":"2025-03-21T05:49:39","slug":"google-sites","status":"publish","type":"page","link":"https:\/\/elfsight.com\/it\/subscription-form-widget\/google-sites\/","title":{"rendered":"Subscription Form &#8211; Google Sites"},"content":{"rendered":"\n<div class=\"application-platform-content-item-description application-platform-content-item\" id=\"description\" data-nav-section=\"description\"> <h2>Incorpora il modulo di iscrizione su Google Sites con il widget Elfsight<\/h2> <p>Il modulo di iscrizione per Google Sites \u00e8 un plug-in efficiente che ti offre un&#8217;opportunit\u00e0 per ottenere e-mail. Il nostro widget ti offre l&#8217;opportunit\u00e0 non solo di far crescere la tua lista e-mail, ma di farlo in modo efficiente: sei libero di aggiungere la sezione principale con una didascalia informativa al modulo, richiedere il nome, cognome, indirizzo e-mail o mantenerlo semplice e conservare solo un campo email e accompagnarlo con un&#8217;etichetta esplicativa e un segnaposto. Ti viene anche offerta un&#8217;opzione per collegare l&#8217;app del modulo di iscrizione a Mailchimp. E applicando uno dei quattro layout pronti all&#8217;uso offerti, costruirai lo strumento che funziona esattamente nel modo di cui hai bisogno. <\/p> <p><b>Mostra il tuo modulo di iscrizione al pubblico target sulle pagine adatte del tuo sito e impedisci loro di rimbalzare! <\/b><\/p> <\/div> <div class=\"application-platform-content-item-features application-platform-content-item\" id=\"features\" data-nav-section=\"features\"> <h2>Queste sono solo alcune delle potenti funzionalit\u00e0 del plugin: <\/h2> <ul><li>Aggiungi una sezione principale con un accattivante didascalia. <\/li><li>Collega il tuo modulo al servizio Mailchimp<\/li><li>Ottieni il tuo database di posta elettronica in formato CSV. <\/li><li>Parti del modulo gestibili. <\/li><li>4 layout tra cui scegliere: Riquadro, Incorporato, Side-in, Popup. <\/li><\/ul><p><a href=\"#demo\">Esamina tutte le impostazioni nella demo completa<\/a><\/p> <\/div> <div class=\"application-platform-content-item-installation application-platform-content-item\" id=\"installation\" data-nav-section=\"installation\"> <h2>Come aggiungere il modulo di iscrizione al mio sito web di Google Sites? <\/h2> <p>Segui semplicemente le linee guida seguenti per iniziare a utilizzare il plug-in. <\/p> <ol><li><b>Apri la nostra demo gratuita e inizia a creare il tuo plugin. <\/b><br> Specificare il layout e le specifiche desiderabili dello strumento e applicare le modifiche. <\/li> <li><b>Copia il codice univoco rivelato nella finestra su Elfsight Apps. <\/b><br> Non appena la configurazione del tuo strumento sar\u00e0 terminata, copia il codice esclusivo nella finestra visualizzata e salvalo per ulteriori occasioni. <\/li> <li><b>Avvia l&#8217;utilizzo del plug-in sulla home page di Google Sites. <\/b><br> Inserisci il codice copiato in precedenza nella tua pagina e salva i miglioramenti. <\/li> <li><b>L&#8217;installazione \u00e8 terminata con successo. <\/b><br> Vai alla tua pagina per vedere il funzionamento del plugin. <\/li><\/ol> <div class=\"tip-yellow tip\"><b>A causa delle peculiarit\u00e0 del funzionamento di Google Sites, il widget potrebbe avere un aspetto diverso dalla demo online. Ci scusiamo per gli eventuali disagi causati.<\/b><\/div><p>Se dovessi affrontare domande o affrontare alcune complicazioni, non esitare a contattare il nostro team di assistenza clienti. I nostri consulenti non vedono l&#8217;ora di aiutarti con tutte le domande che potresti avere sullo strumento. <\/p> <div class=\"faq\" data-component=\"FAQ\"> <div class=\"faq-item\">\r\n\t\t\t\t\t<div class=\"faq-item-question\">\r\n\t\t\t\t\t\t<h3 class=\"faq-item-question-text\">Come aggiungere Form Builder al mio sito web Google Sites senza competenze di programmazione?<\/h3>\r\n\r\n\t\t\t\t\t\t<div class=\"faq-item-question-icon\"><\/div>\r\n\t\t\t\t\t<\/div>\r\n\r\n\t\t\t\t\t<div class=\"faq-item-answer\">\r\n\t\t\t\t\t\t<div class=\"faq-item-answer-text\"> <p>Elfsight fornisce una soluzione SaaS che ti consente di creare tu stesso un widget Form Builder, scopri quanto \u00e8 facile Il processo \u00e8: lavora direttamente nell&#8217;editor online per creare un widget di creazione moduli che vorresti vedere sul tuo sito web Google Sites. Scegli uno dei modelli predefiniti e regola le impostazioni del Form Builder, aggiungi i tuoi contenuti, modifica il layout e i colori senza alcuna competenza di codifica. Salva il Form Builder e copia il suo codice di installazione, che potrai includere facilmente nel tuo sito web di Google Sites senza acquistare un piano a pagamento. Con il nostro editor intuitivo qualsiasi utente di Internet pu\u00f2 creare widget di creazione moduli online e incorporarlo facilmente nel proprio sito Web di Google Sites. Non \u00e8 necessario pagare o inserire le credenziali della carta per accedere al servizio. In caso di problemi in qualsiasi momento, non esitare a contattare il nostro team di supporto tecnico.<\/p> <\/div>\r\n\t\t\t\t\t<\/div>\r\n\t\t\t\t<\/div><div class=\"faq-item\">\r\n\t\t\t\t\t<div class=\"faq-item-question\">\r\n\t\t\t\t\t\t<h3 class=\"faq-item-question-text\">Disponi di modelli di moduli di iscrizione predefiniti per il sito Web di Google Sites?<\/h3>\r\n\r\n\t\t\t\t\t\t<div class=\"faq-item-question-icon\"><\/div>\r\n\t\t\t\t\t<\/div>\r\n\r\n\t\t\t\t\t<div class=\"faq-item-answer\">\r\n\t\t\t\t\t\t<div class=\"faq-item-answer-text\"> <p>S\u00ec, Elfsight offre un&#8217;enorme libreria di oltre 300 modelli per ogni caso. Scorri i <a href=\"https:\/\/elfsight.com\/online-form-builder\/templates\/subscription-forms\/\">modelli di moduli di iscrizione<\/a> e decidi quale funziona meglio per te.<\/p> <\/div>\r\n\t\t\t\t\t<\/div>\r\n\t\t\t\t<\/div> <\/div> <\/div>\n","protected":false},"excerpt":{"rendered":"","protected":false},"author":9,"featured_media":0,"parent":2585,"menu_order":0,"comment_status":"closed","ping_status":"closed","template":"templates\/template-application-platform.php","meta":{"publish_to_discourse":"","publish_post_category":"","wpdc_auto_publish_overridden":"","wpdc_topic_tags":"","wpdc_pin_topic":"","wpdc_pin_until":"","discourse_post_id":"","discourse_permalink":"","wpdc_publishing_response":"","wpdc_publishing_error":"","footnotes":""},"class_list":["post-6028","page","type-page","status-publish","hentry"],"yoast_head":"<!-- This site is optimized with the Yoast SEO plugin v25.3.1 - https:\/\/yoast.com\/wordpress\/plugins\/seo\/ -->\n<title>Aggiungi il plug-in del modulo di iscrizione al sito Web di Google Sites (veloce e gratuito)<\/title>\n<meta name=\"description\" content=\"Inserisci un plug-in reattivo del modulo di iscrizione a Google Sites nel tuo sito. Modifica tutti i campi, seleziona uno dei 4 modelli di layout e altro ancora.\" \/>\n<meta name=\"robots\" content=\"index, follow, max-snippet:-1, max-image-preview:large, max-video-preview:-1\" \/>\n<link rel=\"canonical\" href=\"https:\/\/elfsight.com\/it\/subscription-form-widget\/google-sites\/\" \/>\n<meta property=\"og:locale\" content=\"it_IT\" \/>\n<meta property=\"og:type\" content=\"article\" \/>\n<meta property=\"og:title\" content=\"Aggiungi il plug-in del modulo di iscrizione al sito Web di Google Sites (veloce e gratuito)\" \/>\n<meta property=\"og:description\" content=\"Inserisci un plug-in reattivo del modulo di iscrizione a Google Sites nel tuo sito. Modifica tutti i campi, seleziona uno dei 4 modelli di layout e altro ancora.\" \/>\n<meta property=\"og:url\" content=\"https:\/\/elfsight.com\/it\/subscription-form-widget\/google-sites\/\" \/>\n<meta property=\"og:site_name\" content=\"Elfsight IT\" \/>\n<meta property=\"article:modified_time\" content=\"2025-03-21T05:49:39+00:00\" \/>\n<meta name=\"twitter:card\" content=\"summary_large_image\" \/>\n<meta name=\"twitter:label1\" content=\"Tempo di lettura stimato\" \/>\n\t<meta name=\"twitter:data1\" content=\"4 minuti\" \/>\n<!-- \/ Yoast SEO plugin. -->","yoast_head_json":{"title":"Aggiungi il plug-in del modulo di iscrizione al sito Web di Google Sites (veloce e gratuito)","description":"Inserisci un plug-in reattivo del modulo di iscrizione a Google Sites nel tuo sito. Modifica tutti i campi, seleziona uno dei 4 modelli di layout e altro ancora.","robots":{"index":"index","follow":"follow","max-snippet":"max-snippet:-1","max-image-preview":"max-image-preview:large","max-video-preview":"max-video-preview:-1"},"canonical":"https:\/\/elfsight.com\/it\/subscription-form-widget\/google-sites\/","og_locale":"it_IT","og_type":"article","og_title":"Aggiungi il plug-in del modulo di iscrizione al sito Web di Google Sites (veloce e gratuito)","og_description":"Inserisci un plug-in reattivo del modulo di iscrizione a Google Sites nel tuo sito. Modifica tutti i campi, seleziona uno dei 4 modelli di layout e altro ancora.","og_url":"https:\/\/elfsight.com\/it\/subscription-form-widget\/google-sites\/","og_site_name":"Elfsight IT","article_modified_time":"2025-03-21T05:49:39+00:00","twitter_card":"summary_large_image","twitter_misc":{"Tempo di lettura stimato":"4 minuti"},"schema":{"@context":"https:\/\/schema.org","@graph":[{"@type":"WebPage","@id":"https:\/\/elfsight.com\/it\/subscription-form-widget\/google-sites\/","url":"https:\/\/elfsight.com\/it\/subscription-form-widget\/google-sites\/","name":"Aggiungi il plug-in del modulo di iscrizione al sito Web di Google Sites (veloce e gratuito)","isPartOf":{"@id":"https:\/\/elfsight.com\/it\/#website"},"datePublished":"1970-01-01T00:00:00+00:00","dateModified":"2025-03-21T05:49:39+00:00","description":"Inserisci un plug-in reattivo del modulo di iscrizione a Google Sites nel tuo sito. Modifica tutti i campi, seleziona uno dei 4 modelli di layout e altro ancora.","breadcrumb":{"@id":"https:\/\/elfsight.com\/it\/subscription-form-widget\/google-sites\/#breadcrumb"},"inLanguage":"it-IT","potentialAction":[{"@type":"ReadAction","target":["https:\/\/elfsight.com\/it\/subscription-form-widget\/google-sites\/"]}]},{"@type":"BreadcrumbList","@id":"https:\/\/elfsight.com\/it\/subscription-form-widget\/google-sites\/#breadcrumb","itemListElement":[{"@type":"ListItem","position":1,"name":"Home","item":"https:\/\/elfsight.com\/it\/"},{"@type":"ListItem","position":2,"name":"Subscription Form","item":"https:\/\/elfsight.com\/it\/subscription-form-widget\/"},{"@type":"ListItem","position":3,"name":"Subscription Form &#8211; Google Sites"}]},{"@type":"WebSite","@id":"https:\/\/elfsight.com\/it\/#website","url":"https:\/\/elfsight.com\/it\/","name":"Elfsight IT","description":"Just another Elfsight Sites site","potentialAction":[{"@type":"SearchAction","target":{"@type":"EntryPoint","urlTemplate":"https:\/\/elfsight.com\/it\/?s={search_term_string}"},"query-input":{"@type":"PropertyValueSpecification","valueRequired":true,"valueName":"search_term_string"}}],"inLanguage":"it-IT"}]}},"meta_box":{"industry":"","seo_heading":"","heading":"","description":"","cta_heading":"","cta_description":"","application":"2583","h1":"Plug-in del modulo di iscrizione a Google Sites","h1_caption":"Incorpora un modulo di iscrizione per raccogliere email e far crescere facilmente la tua mailing list nei tuoi siti Google.","application_category":[],"applications_title":"","applications_request_title":"","applications_request_button_text":"","hero_text":"","hero_video":"","hero_video_schema_markup":"","selling_points_title":"","selling_points_caption":"","selling_points":[],"selling_points_cta_text":"","features_title":"","features":"","ed_cta_examples_text":"","ed_cta_examples_hidden":"","ed_cta_demo_text":"","ed_cta_demo_hidden":"","why_caption":"","why_editor_title":"","why_editor_text":"","why_team_title":"","why_team_text":"","why_service_title":"","why_service_text":"","template_catalog_visible":"0","template_catalog_title":"","template_catalog_text":"","template_catalog_categories_visible":"","demo_title":"Crea il tuo widget Modulo di iscrizione","demo_caption":"Configura il tuo modulo di iscrizione e aggiungilo gratuitamente al tuo sito web di Google Sites!","default_faq_hidden":"","app_template_category":[],"platform":"105","template_public_id":"","codecanyon_url":"","codecanyon_item_id":"","codecanyon_price":"","pricing_caption":"","pricing_elfsight_apps_hide_column":"","pricing_elfsight_apps_url":"","pricing_codecanyon_price_caption":"","integration_category":[],"integration_request_title":"","integration_request_cta":"","integration_platform":"","integrations":[],"platform_category":[],"video_schema_markup":"","price":"da $ 0 al mese","trial":"","benefits":[{"text":"Assistenza per l'installazione gratuita"},{"text":"Supporto premium"},{"text":"Garanzia di rimborso di 14 giorni"},{"text":"Miglioramenti gratuiti continui"}],"button_url":"#demo","button_target_blank":"0","button_nofollow":"0","attributes":[{"name":"Installazioni"},{"name":"Reattivo","content":"S\u00cc"},{"name":"Browser compatibili","content":"Firefox, Safari, Opera, Chrome, Edge"}],"tags":[],"tags_disable_links":"0","hide_more_platforms":"0","video_object":"","demo_hide_cta":"0","demo_hide_cloud_options":"0","pricing_title":"","pricing":[{"pricing_icon":"platform","pricing_title":"Elfsight Apps","pricing_title_caption":"Software indipendente dalla piattaforma","pricing_price":"da $ 0 \/ mese","pricing_price_caption":"inizia con un piano gratuito","pricing_benefits":[{"text":"Siti web illimitati"},{"text":"Assistenza clienti 24 ore su 24, 7 giorni su 7"},{"text":"Aiuto per l'installazione gratuito"},{"text":"Progettazione flessibile"}],"pricing_button_text":"Aggiungi al sito web","pricing_button_url":"#demo"}],"related_apps_title":"","related_apps_hidden":"0","author":"","image":[],"title":"","job":"","social_networks":[]},"_links":{"self":[{"href":"https:\/\/elfsight.com\/it\/wp-json\/wp\/v2\/pages\/6028","targetHints":{"allow":["GET"]}}],"collection":[{"href":"https:\/\/elfsight.com\/it\/wp-json\/wp\/v2\/pages"}],"about":[{"href":"https:\/\/elfsight.com\/it\/wp-json\/wp\/v2\/types\/page"}],"author":[{"embeddable":true,"href":"https:\/\/elfsight.com\/it\/wp-json\/wp\/v2\/users\/9"}],"replies":[{"embeddable":true,"href":"https:\/\/elfsight.com\/it\/wp-json\/wp\/v2\/comments?post=6028"}],"version-history":[{"count":2,"href":"https:\/\/elfsight.com\/it\/wp-json\/wp\/v2\/pages\/6028\/revisions"}],"predecessor-version":[{"id":9478,"href":"https:\/\/elfsight.com\/it\/wp-json\/wp\/v2\/pages\/6028\/revisions\/9478"}],"up":[{"embeddable":true,"href":"https:\/\/elfsight.com\/it\/wp-json\/wp\/v2\/pages\/2585"}],"wp:attachment":[{"href":"https:\/\/elfsight.com\/it\/wp-json\/wp\/v2\/media?parent=6028"}],"curies":[{"name":"wp","href":"https:\/\/api.w.org\/{rel}","templated":true}]}}