{"id":6026,"date":"1970-01-01T00:00:00","date_gmt":"1970-01-01T00:00:00","guid":{"rendered":"https:\/\/elfsight.com\/it\/?page_id=6026"},"modified":"2024-11-11T11:22:47","modified_gmt":"2024-11-11T11:22:47","slug":"prestashop","status":"publish","type":"page","link":"https:\/\/elfsight.com\/it\/subscription-form-widget\/prestashop\/","title":{"rendered":"Subscription Form &#8211; PrestaShop"},"content":{"rendered":"<div class=\"application-platform-content-item-description application-platform-content-item\" id=\"description\" data-nav-section=\"description\"> <h2>Descrizione<\/h2> <p>Il modulo di iscrizione Elfsight \u00e8 uno strumento utile che ti d\u00e0 la possibilit\u00e0 di raccogliere email. Il plug-in ti offre un&#8217;opzione non solo per creare la tua lista e-mail, ma di farlo in modo efficiente: sei libero di aggiungere l&#8217;intestazione con didascalia al modulo, chiedere l&#8217;indirizzo e-mail con il nome o mantenerlo semplice e inserire solo un campo e-mail e accompagnarlo con un&#8217;etichetta esplicativa e un segnaposto. C&#8217;\u00e8 anche un&#8217;opzione per connettere il widget del modulo di iscrizione con Mailchimp. E applicando uno dei 4 modelli di layout predefiniti offerti sarai in grado di progettare lo strumento che funziona solo per te. <\/p><p><b>Presenta il tuo modulo di iscrizione alle persone giuste sulle pagine giuste del tuo sito e impedisci loro di rimbalzare via!<\/b><\/p><\/div> <div class=\"application-platform-content-item-features  application-platform-content-item\" id=\"features \" data-nav-section=\"features \"> <h2>Ecco le caratteristiche principali del widget: <\/h2> <ul><li>Allega una sezione principale con una didascalia accattivante. <\/li><li>Collega il tuo modulo di iscrizione a Mailchimp <\/li><li>Ottieni il tuo database di posta elettronica in formato CSV. <\/li><li>Campi modulo personalizzabili. <\/li><li>Quattro layout tra cui scegliere: Side-in, Riquadro, Incorporato, Popup. <\/li><\/ul><p><a href=\"#demo\">Prova tutte le impostazioni nella demo completa<\/a><\/p> <\/div> <div class=\"application-platform-content-item-installation application-platform-content-item\" id=\"installation\" data-nav-section=\"installation\"> <h2>Come incorporare il modulo di iscrizione nel mio sito PrestaShop? <\/h2> <p>Basta seguire le linee guida riportate di seguito per aggiungere il widget. <\/p> <ol><li><b>Utilizza il nostro configuratore gratuito e inizia a creare il tuo strumento personalizzato.<\/b><br> Trova l&#8217;aspetto e la funzionalit\u00e0 desiderabili del widget e salva le modifiche.<\/li> <li><b>Ricevi il tuo codice individuale mostrato nel riquadro su Elfsight Apps.<\/b><br> Non appena la personalizzazione del tuo widget \u00e8 completa, copia il codice individuale nel riquadro visualizzato e salvalo per futuro necessario.<\/li> <li><b>Avvia l&#8217;utilizzo del componente aggiuntivo sulla home page di PrestaShop.<\/b><br> Aggiungi il codice che hai copiato in precedenza nel tuo sito web e applica le correzioni.<\/li> <li><b>Fatto! L&#8217;integrazione \u00e8 completamente completata.<\/b><br> Visita il tuo sito per osservare come funziona lo strumento. <\/li><\/ol> <p>Se riscontri domande o incontri complicazioni, non aver paura di fare appello al nostro team di supporto. I nostri specialisti non vedono l&#8217;ora di aiutarti con tutte le difficolt\u00e0 che potresti incontrare con il prodotto. <\/p> <div class=\"faq\" data-component=\"FAQ\"> <div class=\"faq-item\">\r\n\t\t\t\t\t<div class=\"faq-item-question\">\r\n\t\t\t\t\t\t<h3 class=\"faq-item-question-text\">Come posso aggiungere Form Builder al mio sito web PrestaShop senza competenze di codifica?<\/h3>\r\n\r\n\t\t\t\t\t\t<div class=\"faq-item-question-icon\"><\/div>\r\n\t\t\t\t\t<\/div>\r\n\r\n\t\t\t\t\t<div class=\"faq-item-answer\">\r\n\t\t\t\t\t\t<div class=\"faq-item-answer-text\"> <p>Elfsight fornisce una soluzione SaaS che ti consente di creare tu stesso un widget Form Builder, scopri quanto \u00e8 facile Il processo \u00e8: lavora direttamente nell&#8217;editor online per creare un widget Form Builder che vorresti vedere sul tuo sito web PrestaShop. Scegli uno dei modelli predefiniti e regola le impostazioni di Form Builder, aggiungi i tuoi contenuti, modifica il layout e la combinazione di colori senza competenze di codifica. Salva il Form Builder e copia il suo codice di installazione, in modo da poterlo aggiungere facilmente al tuo sito PrestaShop senza dover acquistare una versione a pagamento. Con il nostro editor intuitivo qualsiasi utente di Internet pu\u00f2 creare widget Form Builder online e incorporarlo facilmente nel proprio sito Web PrestaShop. Non \u00e8 necessario pagare o inserire le credenziali della carta per accedere al servizio. In caso di problemi in qualsiasi momento, non esitare a contattare il nostro team di supporto tecnico.<\/p> <\/div>\r\n\t\t\t\t\t<\/div>\r\n\t\t\t\t<\/div><div class=\"faq-item\">\r\n\t\t\t\t\t<div class=\"faq-item-question\">\r\n\t\t\t\t\t\t<h3 class=\"faq-item-question-text\">Disponi di modelli di moduli di iscrizione predefiniti per il sito Web PrestaShop?<\/h3>\r\n\r\n\t\t\t\t\t\t<div class=\"faq-item-question-icon\"><\/div>\r\n\t\t\t\t\t<\/div>\r\n\r\n\t\t\t\t\t<div class=\"faq-item-answer\">\r\n\t\t\t\t\t\t<div class=\"faq-item-answer-text\"><p>S\u00ec, Elfsight offre un&#8217;enorme libreria di oltre 300 modelli per ogni caso. Scorri i <a href=\"https:\/\/elfsight.com\/online-form-builder\/templates\/subscription-forms\/\">modelli di moduli di iscrizione<\/a> e decidi quale funziona meglio per te.<\/p> <\/div>\r\n\t\t\t\t\t<\/div>\r\n\t\t\t\t<\/div> <\/div> <\/div>","protected":false},"excerpt":{"rendered":"","protected":false},"author":9,"featured_media":0,"parent":2585,"menu_order":0,"comment_status":"closed","ping_status":"closed","template":"templates\/template-application-platform.php","meta":{"publish_to_discourse":"","publish_post_category":"","wpdc_auto_publish_overridden":"","wpdc_topic_tags":"","wpdc_pin_topic":"","wpdc_pin_until":"","discourse_post_id":"","discourse_permalink":"","wpdc_publishing_response":"","wpdc_publishing_error":"","footnotes":""},"class_list":["post-6026","page","type-page","status-publish","hentry"],"yoast_head":"<!-- This site is optimized with the Yoast SEO plugin v25.3.1 - https:\/\/yoast.com\/wordpress\/plugins\/seo\/ -->\n<title>Aggiungi il plug-in del modulo di iscrizione al sito Web PrestaShop (veloce e gratuito)<\/title>\n<meta name=\"description\" content=\"Integra un componente aggiuntivo del modulo di iscrizione PrestaShop al tuo sito web. Modifica tutti i campi, scegli uno dei 4 modelli di layout e altro ancora.\" \/>\n<meta name=\"robots\" content=\"index, follow, max-snippet:-1, max-image-preview:large, max-video-preview:-1\" \/>\n<link rel=\"canonical\" href=\"https:\/\/elfsight.com\/it\/subscription-form-widget\/prestashop\/\" \/>\n<meta property=\"og:locale\" content=\"it_IT\" \/>\n<meta property=\"og:type\" content=\"article\" \/>\n<meta property=\"og:title\" content=\"Aggiungi il plug-in del modulo di iscrizione al sito Web PrestaShop (veloce e gratuito)\" \/>\n<meta property=\"og:description\" content=\"Integra un componente aggiuntivo del modulo di iscrizione PrestaShop al tuo sito web. Modifica tutti i campi, scegli uno dei 4 modelli di layout e altro ancora.\" \/>\n<meta property=\"og:url\" content=\"https:\/\/elfsight.com\/it\/subscription-form-widget\/prestashop\/\" \/>\n<meta property=\"og:site_name\" content=\"Elfsight IT\" \/>\n<meta property=\"article:modified_time\" content=\"2024-11-11T11:22:47+00:00\" \/>\n<meta name=\"twitter:card\" content=\"summary_large_image\" \/>\n<meta name=\"twitter:label1\" content=\"Tempo di lettura stimato\" \/>\n\t<meta name=\"twitter:data1\" content=\"3 minuti\" \/>\n<!-- \/ Yoast SEO plugin. -->","yoast_head_json":{"title":"Aggiungi il plug-in del modulo di iscrizione al sito Web PrestaShop (veloce e gratuito)","description":"Integra un componente aggiuntivo del modulo di iscrizione PrestaShop al tuo sito web. Modifica tutti i campi, scegli uno dei 4 modelli di layout e altro ancora.","robots":{"index":"index","follow":"follow","max-snippet":"max-snippet:-1","max-image-preview":"max-image-preview:large","max-video-preview":"max-video-preview:-1"},"canonical":"https:\/\/elfsight.com\/it\/subscription-form-widget\/prestashop\/","og_locale":"it_IT","og_type":"article","og_title":"Aggiungi il plug-in del modulo di iscrizione al sito Web PrestaShop (veloce e gratuito)","og_description":"Integra un componente aggiuntivo del modulo di iscrizione PrestaShop al tuo sito web. Modifica tutti i campi, scegli uno dei 4 modelli di layout e altro ancora.","og_url":"https:\/\/elfsight.com\/it\/subscription-form-widget\/prestashop\/","og_site_name":"Elfsight IT","article_modified_time":"2024-11-11T11:22:47+00:00","twitter_card":"summary_large_image","twitter_misc":{"Tempo di lettura stimato":"3 minuti"},"schema":{"@context":"https:\/\/schema.org","@graph":[{"@type":"WebPage","@id":"https:\/\/elfsight.com\/it\/subscription-form-widget\/prestashop\/","url":"https:\/\/elfsight.com\/it\/subscription-form-widget\/prestashop\/","name":"Aggiungi il plug-in del modulo di iscrizione al sito Web PrestaShop (veloce e gratuito)","isPartOf":{"@id":"https:\/\/elfsight.com\/it\/#website"},"datePublished":"1970-01-01T00:00:00+00:00","dateModified":"2024-11-11T11:22:47+00:00","description":"Integra un componente aggiuntivo del modulo di iscrizione PrestaShop al tuo sito web. Modifica tutti i campi, scegli uno dei 4 modelli di layout e altro ancora.","breadcrumb":{"@id":"https:\/\/elfsight.com\/it\/subscription-form-widget\/prestashop\/#breadcrumb"},"inLanguage":"it-IT","potentialAction":[{"@type":"ReadAction","target":["https:\/\/elfsight.com\/it\/subscription-form-widget\/prestashop\/"]}]},{"@type":"BreadcrumbList","@id":"https:\/\/elfsight.com\/it\/subscription-form-widget\/prestashop\/#breadcrumb","itemListElement":[{"@type":"ListItem","position":1,"name":"Home","item":"https:\/\/elfsight.com\/it\/"},{"@type":"ListItem","position":2,"name":"Subscription Form","item":"https:\/\/elfsight.com\/it\/subscription-form-widget\/"},{"@type":"ListItem","position":3,"name":"Subscription Form &#8211; PrestaShop"}]},{"@type":"WebSite","@id":"https:\/\/elfsight.com\/it\/#website","url":"https:\/\/elfsight.com\/it\/","name":"Elfsight IT","description":"Just another Elfsight Sites site","potentialAction":[{"@type":"SearchAction","target":{"@type":"EntryPoint","urlTemplate":"https:\/\/elfsight.com\/it\/?s={search_term_string}"},"query-input":{"@type":"PropertyValueSpecification","valueRequired":true,"valueName":"search_term_string"}}],"inLanguage":"it-IT"}]}},"meta_box":{"industry":"","seo_heading":"","heading":"","description":"","cta_heading":"","cta_description":"","application":"2583","h1":"Componente aggiuntivo del modulo di iscrizione PrestaShop","h1_caption":"Incorpora un modulo di iscrizione per raccogliere e-mail e far crescere facilmente la tua mailing list nel tuo sito Web Prestashop.","application_category":[],"applications_title":"","applications_request_title":"","applications_request_button_text":"","hero_text":"","hero_video":"","hero_video_schema_markup":"","selling_points_title":"","selling_points_caption":"","selling_points":[],"selling_points_cta_text":"","features_title":"","features":"","ed_cta_examples_text":"","ed_cta_examples_hidden":"","ed_cta_demo_text":"","ed_cta_demo_hidden":"","why_caption":"","why_editor_title":"","why_editor_text":"","why_team_title":"","why_team_text":"","why_service_title":"","why_service_text":"","template_catalog_visible":"","template_catalog_title":"","template_catalog_text":"","template_catalog_categories_visible":"","demo_title":"Crea il tuo componente aggiuntivo del modulo di iscrizione","demo_caption":"Configura il tuo modulo di iscrizione e aggiungilo gratuitamente al tuo sito PrestaShop!","default_faq_hidden":"","app_template_category":[],"platform":"1023","template_public_id":"","codecanyon_url":"","codecanyon_item_id":"","codecanyon_price":"","pricing_caption":"","pricing_elfsight_apps_hide_column":"","pricing_elfsight_apps_url":"","pricing_codecanyon_price_caption":"","integration_category":[],"integration_request_title":"","integration_request_cta":"","integration_platform":"","integrations":[],"platform_category":[],"video_schema_markup":"","price":"da $ 0 al mese","trial":"","benefits":[{"text":"Servizio di installazione gratuito"},{"text":"Supporto eccezionale"},{"text":"Garanzia di rimborso di 14 giorni"},{"text":"Aggiornamento costante"}],"button_url":"#demo","button_target_blank":"","button_nofollow":"","attributes":[{"name":"Installazioni"},{"name":"Reattivo","content":"S\u00cc"},{"name":"Browser compatibili","content":"Firefox, Safari, Opera, Chrome, Edge"}],"tags":[],"tags_disable_links":"","hide_more_platforms":"","video_object":"","demo_hide_cta":"","demo_hide_cloud_options":"","pricing_title":"","pricing":[{"pricing_icon":"platform","pricing_title":"Elfsight Apps","pricing_title_caption":"Soluzione multipiattaforma","pricing_price":"da $ 0 \/ mese","pricing_price_caption":"inizia con un piano gratuito","pricing_benefits":[{"text":"Domini illimitati"},{"text":"Assistenza clienti premium"},{"text":"Supporto per l'installazione senza costi"},{"text":"Progettazione flessibile"}],"pricing_button_text":"Aggiungi al sito web","pricing_button_url":"#demo"}],"related_apps_title":"","related_apps_hidden":"","author":"","image":[],"title":"","job":"","social_networks":[]},"_links":{"self":[{"href":"https:\/\/elfsight.com\/it\/wp-json\/wp\/v2\/pages\/6026","targetHints":{"allow":["GET"]}}],"collection":[{"href":"https:\/\/elfsight.com\/it\/wp-json\/wp\/v2\/pages"}],"about":[{"href":"https:\/\/elfsight.com\/it\/wp-json\/wp\/v2\/types\/page"}],"author":[{"embeddable":true,"href":"https:\/\/elfsight.com\/it\/wp-json\/wp\/v2\/users\/9"}],"replies":[{"embeddable":true,"href":"https:\/\/elfsight.com\/it\/wp-json\/wp\/v2\/comments?post=6026"}],"version-history":[{"count":1,"href":"https:\/\/elfsight.com\/it\/wp-json\/wp\/v2\/pages\/6026\/revisions"}],"predecessor-version":[{"id":6030,"href":"https:\/\/elfsight.com\/it\/wp-json\/wp\/v2\/pages\/6026\/revisions\/6030"}],"up":[{"embeddable":true,"href":"https:\/\/elfsight.com\/it\/wp-json\/wp\/v2\/pages\/2585"}],"wp:attachment":[{"href":"https:\/\/elfsight.com\/it\/wp-json\/wp\/v2\/media?parent=6026"}],"curies":[{"name":"wp","href":"https:\/\/api.w.org\/{rel}","templated":true}]}}