{"id":6020,"date":"1970-01-01T00:00:00","date_gmt":"1970-01-01T00:00:00","guid":{"rendered":"https:\/\/elfsight.com\/it\/?page_id=6020"},"modified":"2024-11-11T11:17:47","modified_gmt":"2024-11-11T11:17:47","slug":"squarespace","status":"publish","type":"page","link":"https:\/\/elfsight.com\/it\/store-locator-widget\/squarespace\/","title":{"rendered":"Store Locator &#8211; Squarespace"},"content":{"rendered":"<div class=\"application-platform-content-item-description application-platform-content-item\" id=\"description\" data-nav-section=\"description\"> <h2>Incorpora Store Locator in Squarespace con un plugin Elfsight<\/h2> <p>Elfsight Store Locator per Squarespace \u00e8 un widget potente e personalizzabile progettato per migliorare l&#8217;usabilit\u00e0 del tuo sito web e la soddisfazione dei clienti rendendo pi\u00f9 facile che mai per i tuoi clienti visitare l&#8217;indirizzo della tua attivit\u00e0. Con una serie di potenti funzionalit\u00e0 pensate per versatilit\u00e0 e prestazioni, questo widget \u00e8 la soluzione perfetta per mostrare le sedi fisiche della tua attivit\u00e0 in modo interattivo e intuitivo. Incorporalo subito e nota come trasforma il tuo sito web in uno strumento di ricerca di negozi orientato all&#8217;utente! <\/p> <p>Incorporando il widget, aumenterai la tua credibilit\u00e0 tra i clienti fornendo informazioni dettagliate sulle sedi fisiche della tua attivit\u00e0, rassicurandoli della tua presenza consolidata. Ci\u00f2 pu\u00f2 comportare un processo decisionale pi\u00f9 rapido e una migliore esperienza di acquisto tra i visitatori. <\/p><p><b>Prova lo straordinario strumento di ricerca negozi per presentare la tua posizione e dettagli importanti sull&#8217;operazione. Fornisci il tuo vero indirizzo e informazioni pertinenti per ricevere ulteriori clienti in negozio.<\/b><\/p><\/div> <div class=\"application-platform-content-item-features application-platform-content-item\" id=\"features\" data-nav-section=\"features\"> <h2>Conosci l&#8217;elenco delle funzionalit\u00e0 pi\u00f9 utili:<\/h2> <ul><li>Selezione semplice della posizione<\/li><li>Funzioni della mappa intuitive<\/li><li>Pulsanti CTA della posizione con integrazioni <\/li><li>Scheda della posizione semplice dopo la selezione dell&#8217;indicatore<\/li> <li>Luogo, orario di lavoro e lavoro stato dell&#8217;attivit\u00e0<\/li><\/ul><p><a href=\"#demo\">Puoi scoprire cosa offre il widget con l&#8217;aiuto della demo<\/a><\/p><\/div> <div class=\"application-platform-content-item-installazione application-platform-content-item\" id=\"installazione\" data-nav-section=\"installazione\"> <h2>Come posso integrare Store Locator nella mia pagina web Squarespace?<\/h2> <p>\u00c8 sufficiente seguire le linee guida seguenti per integrare lo strumento.<\/p> <ol><li><b> Utilizza il nostro configuratore gratuito e inizia a creare il tuo widget unico. <\/b><br> Determina l&#8217;interfaccia personalizzata e le specifiche del widget e salva le modifiche. <\/li> <li><b>Acquisisci il tuo codice personale esposto nel box su Elfsight Apps. <\/b><br> Una volta completata la creazione del tuo strumento personale, copia il codice personale nel riquadro emerso e conservalo per ulteriori occasioni. <\/li> <li><b>Inizia a utilizzare lo strumento sulla pagina web di Squarespace. <\/b><br> Implementa il codice che hai copiato in precedenza nella tua pagina e salva le modifiche. <\/li> <li><b>L&#8217;installazione \u00e8 completamente completata. <\/b><br> Visita il tuo sito web per verificare il funzionamento del widget. <\/li><\/ol> <p>A condizione di gestire richieste o di scontrarsi con alcuni problemi, ti preghiamo di rivolgerti al nostro personale di supporto. I nostri consulenti sono ansiosi di risolvere tutte le domande che potresti avere con lo strumento. <\/p><\/div>","protected":false},"excerpt":{"rendered":"","protected":false},"author":9,"featured_media":0,"parent":3114,"menu_order":0,"comment_status":"closed","ping_status":"closed","template":"templates\/template-application-platform.php","meta":{"publish_to_discourse":"","publish_post_category":"","wpdc_auto_publish_overridden":"","wpdc_topic_tags":"","wpdc_pin_topic":"","wpdc_pin_until":"","discourse_post_id":"","discourse_permalink":"","wpdc_publishing_response":"","wpdc_publishing_error":"","footnotes":""},"class_list":["post-6020","page","type-page","status-publish","hentry"],"yoast_head":"<!-- This site is optimized with the Yoast SEO plugin v25.3.1 - https:\/\/yoast.com\/wordpress\/plugins\/seo\/ -->\n<title>Aggiungi Store Locator a Squarespace - Incorpora mappa con posizione<\/title>\n<meta name=\"description\" content=\"Aggiungi Store Locator al tuo sito web Squarespace per ottenere maggiore fiducia. Prova una comoda demo di Elfsight per realizzare il widget in pochi minuti.\" \/>\n<meta name=\"robots\" content=\"index, follow, max-snippet:-1, max-image-preview:large, max-video-preview:-1\" \/>\n<link rel=\"canonical\" href=\"https:\/\/elfsight.com\/it\/store-locator-widget\/squarespace\/\" \/>\n<meta property=\"og:locale\" content=\"it_IT\" \/>\n<meta property=\"og:type\" content=\"article\" \/>\n<meta property=\"og:title\" content=\"Aggiungi Store Locator a Squarespace - Incorpora mappa con posizione\" \/>\n<meta property=\"og:description\" content=\"Aggiungi Store Locator al tuo sito web Squarespace per ottenere maggiore fiducia. Prova una comoda demo di Elfsight per realizzare il widget in pochi minuti.\" \/>\n<meta property=\"og:url\" content=\"https:\/\/elfsight.com\/it\/store-locator-widget\/squarespace\/\" \/>\n<meta property=\"og:site_name\" content=\"Elfsight IT\" \/>\n<meta property=\"article:modified_time\" content=\"2024-11-11T11:17:47+00:00\" \/>\n<meta name=\"twitter:card\" content=\"summary_large_image\" \/>\n<meta name=\"twitter:label1\" content=\"Tempo di lettura stimato\" \/>\n\t<meta name=\"twitter:data1\" content=\"2 minuti\" \/>\n<!-- \/ Yoast SEO plugin. -->","yoast_head_json":{"title":"Aggiungi Store Locator a Squarespace - Incorpora mappa con posizione","description":"Aggiungi Store Locator al tuo sito web Squarespace per ottenere maggiore fiducia. Prova una comoda demo di Elfsight per realizzare il widget in pochi minuti.","robots":{"index":"index","follow":"follow","max-snippet":"max-snippet:-1","max-image-preview":"max-image-preview:large","max-video-preview":"max-video-preview:-1"},"canonical":"https:\/\/elfsight.com\/it\/store-locator-widget\/squarespace\/","og_locale":"it_IT","og_type":"article","og_title":"Aggiungi Store Locator a Squarespace - Incorpora mappa con posizione","og_description":"Aggiungi Store Locator al tuo sito web Squarespace per ottenere maggiore fiducia. Prova una comoda demo di Elfsight per realizzare il widget in pochi minuti.","og_url":"https:\/\/elfsight.com\/it\/store-locator-widget\/squarespace\/","og_site_name":"Elfsight IT","article_modified_time":"2024-11-11T11:17:47+00:00","twitter_card":"summary_large_image","twitter_misc":{"Tempo di lettura stimato":"2 minuti"},"schema":{"@context":"https:\/\/schema.org","@graph":[{"@type":"WebPage","@id":"https:\/\/elfsight.com\/it\/store-locator-widget\/squarespace\/","url":"https:\/\/elfsight.com\/it\/store-locator-widget\/squarespace\/","name":"Aggiungi Store Locator a Squarespace - Incorpora mappa con posizione","isPartOf":{"@id":"https:\/\/elfsight.com\/it\/#website"},"datePublished":"1970-01-01T00:00:00+00:00","dateModified":"2024-11-11T11:17:47+00:00","description":"Aggiungi Store Locator al tuo sito web Squarespace per ottenere maggiore fiducia. Prova una comoda demo di Elfsight per realizzare il widget in pochi minuti.","breadcrumb":{"@id":"https:\/\/elfsight.com\/it\/store-locator-widget\/squarespace\/#breadcrumb"},"inLanguage":"it-IT","potentialAction":[{"@type":"ReadAction","target":["https:\/\/elfsight.com\/it\/store-locator-widget\/squarespace\/"]}]},{"@type":"BreadcrumbList","@id":"https:\/\/elfsight.com\/it\/store-locator-widget\/squarespace\/#breadcrumb","itemListElement":[{"@type":"ListItem","position":1,"name":"Home","item":"https:\/\/elfsight.com\/it\/"},{"@type":"ListItem","position":2,"name":"Store Locator","item":"https:\/\/elfsight.com\/it\/store-locator-widget\/"},{"@type":"ListItem","position":3,"name":"Store Locator &#8211; Squarespace"}]},{"@type":"WebSite","@id":"https:\/\/elfsight.com\/it\/#website","url":"https:\/\/elfsight.com\/it\/","name":"Elfsight IT","description":"Just another Elfsight Sites site","potentialAction":[{"@type":"SearchAction","target":{"@type":"EntryPoint","urlTemplate":"https:\/\/elfsight.com\/it\/?s={search_term_string}"},"query-input":{"@type":"PropertyValueSpecification","valueRequired":true,"valueName":"search_term_string"}}],"inLanguage":"it-IT"}]}},"meta_box":{"industry":"","seo_heading":"","heading":"","description":"","cta_heading":"","cta_description":"","application":"3110","h1":"Plug-in Localizzatore negozio Squarespace","h1_caption":"Visualizza una mappa con pi\u00f9 punti vendita per aiutare i tuoi clienti a trovare facilmente la sede pi\u00f9 vicina a loro nel tuo sito web Squarespace.","application_category":[],"applications_title":"","applications_request_title":"","applications_request_button_text":"","hero_text":"","hero_video":"","hero_video_schema_markup":"","selling_points_title":"","selling_points_caption":"","selling_points":[],"selling_points_cta_text":"","features_title":"","features":"","ed_cta_examples_text":"","ed_cta_examples_hidden":"","ed_cta_demo_text":"","ed_cta_demo_hidden":"","why_caption":"","why_editor_title":"","why_editor_text":"","why_team_title":"","why_team_text":"","why_service_title":"","why_service_text":"","template_catalog_visible":"","template_catalog_title":"","template_catalog_text":"","template_catalog_categories_visible":"","demo_title":"Crea il tuo plugin Store Locator","demo_caption":"Configura il tuo Store Locator e aggiungilo gratuitamente al tuo sito web Squarespace!","default_faq_hidden":"","app_template_category":[],"platform":"43","template_public_id":"","codecanyon_url":"","codecanyon_item_id":"","codecanyon_price":"","pricing_caption":"","pricing_elfsight_apps_hide_column":"","pricing_elfsight_apps_url":"","pricing_codecanyon_price_caption":"","integration_category":[],"integration_request_title":"","integration_request_cta":"","integration_platform":"","integrations":[],"platform_category":[],"video_schema_markup":"","price":"da $ 0 al mese","trial":"","benefits":[{"text":"Servizio di installazione gratuito"},{"text":"Servizio clienti competente"},{"text":"Garanzia di rimborso di 14 giorni"},{"text":"Aggiornamenti gratuiti continui"}],"button_url":"#demo","button_target_blank":"","button_nofollow":"","attributes":[{"name":"Installazioni"},{"name":"Reattivo","content":"S\u00cc"},{"name":"Browser compatibili","content":"Firefox, Opera, Chrome, Edge, Safari"}],"tags":[],"tags_disable_links":"","hide_more_platforms":"","video_object":"","demo_hide_cta":"","demo_hide_cloud_options":"","pricing_title":"","pricing":[{"pricing_icon":"platform","pricing_title":"Elfsight Apps","pricing_title_caption":"Soluzione digitale indipendente dalla piattaforma","pricing_price":"da $ 0 \/ mese","pricing_price_caption":"inizia con un piano gratuito","pricing_benefits":[{"text":"Siti web illimitati"},{"text":"Supporto gratuito, puntuale e ben documentato"},{"text":"Assistenza gratuita per l'installazione"},{"text":"Completamente personalizzabile"}],"pricing_button_text":"Aggiungi al sito web","pricing_button_url":"#demo"}],"related_apps_title":"","related_apps_hidden":"","author":"","image":[],"title":"","job":"","social_networks":[]},"_links":{"self":[{"href":"https:\/\/elfsight.com\/it\/wp-json\/wp\/v2\/pages\/6020","targetHints":{"allow":["GET"]}}],"collection":[{"href":"https:\/\/elfsight.com\/it\/wp-json\/wp\/v2\/pages"}],"about":[{"href":"https:\/\/elfsight.com\/it\/wp-json\/wp\/v2\/types\/page"}],"author":[{"embeddable":true,"href":"https:\/\/elfsight.com\/it\/wp-json\/wp\/v2\/users\/9"}],"replies":[{"embeddable":true,"href":"https:\/\/elfsight.com\/it\/wp-json\/wp\/v2\/comments?post=6020"}],"version-history":[{"count":1,"href":"https:\/\/elfsight.com\/it\/wp-json\/wp\/v2\/pages\/6020\/revisions"}],"predecessor-version":[{"id":6024,"href":"https:\/\/elfsight.com\/it\/wp-json\/wp\/v2\/pages\/6020\/revisions\/6024"}],"up":[{"embeddable":true,"href":"https:\/\/elfsight.com\/it\/wp-json\/wp\/v2\/pages\/3114"}],"wp:attachment":[{"href":"https:\/\/elfsight.com\/it\/wp-json\/wp\/v2\/media?parent=6020"}],"curies":[{"name":"wp","href":"https:\/\/api.w.org\/{rel}","templated":true}]}}