{"id":6013,"date":"1970-01-01T00:00:00","date_gmt":"1970-01-01T00:00:00","guid":{"rendered":"https:\/\/elfsight.com\/it\/?page_id=6013"},"modified":"2024-11-11T11:17:38","modified_gmt":"2024-11-11T11:17:38","slug":"bigcommerce","status":"publish","type":"page","link":"https:\/\/elfsight.com\/it\/store-locator-widget\/bigcommerce\/","title":{"rendered":"Store Locator &#8211; BigCommerce"},"content":{"rendered":"<div class=\"application-platform-content-item-description application-platform-content-item\" id=\"description\" data-nav-section=\"description\"> <h2>Incorpora Store Locator in BigCommerce con un&#8217;app Elfsight<\/h2> <p>Elfsight Store Locator per BigCommerce \u00e8 un widget potente e flessibile progettato per migliorare l&#8217;usabilit\u00e0 del tuo sito web e il coinvolgimento dei clienti rendendo pi\u00f9 semplice che mai per i tuoi clienti trovare la strada per raggiungere l&#8217;indirizzo della tua attivit\u00e0. Con una serie di utili funzionalit\u00e0 inventate per utilit\u00e0 e prestazioni, questo widget \u00e8 la soluzione migliore per mostrare le sedi dei tuoi negozi fisici in modo chiaro e conveniente. Aggiungilo subito e nota come trasforma il tuo sito web in un meraviglioso strumento per la ricerca di negozi!<\/p> <p>Incorporando il widget, aumenterai la tua credibilit\u00e0 tra i clienti fornendo informazioni dettagliate sulle sedi fisiche della tua attivit\u00e0, rassicurando tutti i tuoi presenza solida. Ci\u00f2 potrebbe comportare un processo decisionale pi\u00f9 rapido e una migliore esperienza di acquisto tra i visitatori. <\/p><p><b>Approfitta dell&#8217;eccezionale strumento di ricerca negozi per presentare la tua posizione e dati aziendali importanti. Mostra il tuo indirizzo fisico e le informazioni richieste per attirare pi\u00f9 visitatori in negozio. <\/b><\/p><\/div> <div class=\"application-platform-content-item-features application-platform-content-item\" id=\"features\" data-nav-section=\"features\"> <h2>Ecco le caratteristiche principali del widget:<\/h2> <ul><li>Scelta facile dell&#8217;indirizzo<\/li><li>Caratteristiche della mappa interattiva<\/li><li>Pulsanti CTA della posizione abilitati con le integrazioni <\/li><li>Popup della posizione dettagliata al clic sull&#8217;indicatore<\/li><li>Tempo e tempo di funzionamento della posizione stato attuale<\/li><\/ul><p><a href=\"#demo\">Puoi testare tutte le funzionalit\u00e0 del widget nella demo proprio qui<\/a><\/p><\/div> <div class=\"application-platform-content-item-installazione application-platform-content-item\" id=\"installazione\" data-nav-section=\"installazione\"> <h2>Come posso incorporare Store Locator nelle mie pagine BigCommerce?<\/h2> <p>Segui semplicemente le istruzioni seguenti per inserire il plugin. <\/p> <ol><li><b>Lancia il nostro configuratore gratuito e inizia a dare forma al tuo widget personalizzato. <\/b><br> Scegli la forma e gli aspetti preferiti del widget e applica le correzioni. <\/li> <li><b>Ricevi il codice univoco che appare nel riquadro sulle App Elfsight. <\/b><br> Subito dopo aver completato la creazione del tuo widget personale, copia il codice personale nel popup visualizzato e salvalo per ulteriori necessit\u00e0. <\/li> <li><b>Inizia a utilizzare il plug-in sul sito BigCommerce. <\/b><br> Incolla il codice che hai copiato di recente nel tuo sito web e applica le modifiche. <\/li> <li><b>L&#8217;installazione \u00e8 stata eseguita con successo. <\/b><br> Vai alla tua pagina web per verificare il funzionamento del plugin. <\/li><\/ol> <p>Se incontri qualche difficolt\u00e0, non esitare a rivolgerti al nostro team di assistenza clienti. Il nostro personale non vede l&#8217;ora di risolvere tutte le domande che potresti avere sul prodotto. <\/p> <\/div>","protected":false},"excerpt":{"rendered":"","protected":false},"author":9,"featured_media":0,"parent":3114,"menu_order":0,"comment_status":"closed","ping_status":"closed","template":"templates\/template-application-platform.php","meta":{"publish_to_discourse":"","publish_post_category":"","wpdc_auto_publish_overridden":"","wpdc_topic_tags":"","wpdc_pin_topic":"","wpdc_pin_until":"","discourse_post_id":"","discourse_permalink":"","wpdc_publishing_response":"","wpdc_publishing_error":"","footnotes":""},"class_list":["post-6013","page","type-page","status-publish","hentry"],"yoast_head":"<!-- This site is optimized with the Yoast SEO plugin v25.3.1 - https:\/\/yoast.com\/wordpress\/plugins\/seo\/ -->\n<title>Aggiungi BigCommerce Store Locator - Incorpora indicatore negozio senza codice<\/title>\n<meta name=\"description\" content=\"Incorpora Store Locator intuitivo nel sito Web BigCommerce per aumentare la credibilit\u00e0. Esplora la comoda demo di Elfsight per creare rapidamente widget.\" \/>\n<meta name=\"robots\" content=\"index, follow, max-snippet:-1, max-image-preview:large, max-video-preview:-1\" \/>\n<link rel=\"canonical\" href=\"https:\/\/elfsight.com\/it\/store-locator-widget\/bigcommerce\/\" \/>\n<meta property=\"og:locale\" content=\"it_IT\" \/>\n<meta property=\"og:type\" content=\"article\" \/>\n<meta property=\"og:title\" content=\"Aggiungi BigCommerce Store Locator - Incorpora indicatore negozio senza codice\" \/>\n<meta property=\"og:description\" content=\"Incorpora Store Locator intuitivo nel sito Web BigCommerce per aumentare la credibilit\u00e0. Esplora la comoda demo di Elfsight per creare rapidamente widget.\" \/>\n<meta property=\"og:url\" content=\"https:\/\/elfsight.com\/it\/store-locator-widget\/bigcommerce\/\" \/>\n<meta property=\"og:site_name\" content=\"Elfsight IT\" \/>\n<meta property=\"article:modified_time\" content=\"2024-11-11T11:17:38+00:00\" \/>\n<meta name=\"twitter:card\" content=\"summary_large_image\" \/>\n<meta name=\"twitter:label1\" content=\"Tempo di lettura stimato\" \/>\n\t<meta name=\"twitter:data1\" content=\"2 minuti\" \/>\n<!-- \/ Yoast SEO plugin. -->","yoast_head_json":{"title":"Aggiungi BigCommerce Store Locator - Incorpora indicatore negozio senza codice","description":"Incorpora Store Locator intuitivo nel sito Web BigCommerce per aumentare la credibilit\u00e0. Esplora la comoda demo di Elfsight per creare rapidamente widget.","robots":{"index":"index","follow":"follow","max-snippet":"max-snippet:-1","max-image-preview":"max-image-preview:large","max-video-preview":"max-video-preview:-1"},"canonical":"https:\/\/elfsight.com\/it\/store-locator-widget\/bigcommerce\/","og_locale":"it_IT","og_type":"article","og_title":"Aggiungi BigCommerce Store Locator - Incorpora indicatore negozio senza codice","og_description":"Incorpora Store Locator intuitivo nel sito Web BigCommerce per aumentare la credibilit\u00e0. Esplora la comoda demo di Elfsight per creare rapidamente widget.","og_url":"https:\/\/elfsight.com\/it\/store-locator-widget\/bigcommerce\/","og_site_name":"Elfsight IT","article_modified_time":"2024-11-11T11:17:38+00:00","twitter_card":"summary_large_image","twitter_misc":{"Tempo di lettura stimato":"2 minuti"},"schema":{"@context":"https:\/\/schema.org","@graph":[{"@type":"WebPage","@id":"https:\/\/elfsight.com\/it\/store-locator-widget\/bigcommerce\/","url":"https:\/\/elfsight.com\/it\/store-locator-widget\/bigcommerce\/","name":"Aggiungi BigCommerce Store Locator - Incorpora indicatore negozio senza codice","isPartOf":{"@id":"https:\/\/elfsight.com\/it\/#website"},"datePublished":"1970-01-01T00:00:00+00:00","dateModified":"2024-11-11T11:17:38+00:00","description":"Incorpora Store Locator intuitivo nel sito Web BigCommerce per aumentare la credibilit\u00e0. Esplora la comoda demo di Elfsight per creare rapidamente widget.","breadcrumb":{"@id":"https:\/\/elfsight.com\/it\/store-locator-widget\/bigcommerce\/#breadcrumb"},"inLanguage":"it-IT","potentialAction":[{"@type":"ReadAction","target":["https:\/\/elfsight.com\/it\/store-locator-widget\/bigcommerce\/"]}]},{"@type":"BreadcrumbList","@id":"https:\/\/elfsight.com\/it\/store-locator-widget\/bigcommerce\/#breadcrumb","itemListElement":[{"@type":"ListItem","position":1,"name":"Home","item":"https:\/\/elfsight.com\/it\/"},{"@type":"ListItem","position":2,"name":"Store Locator","item":"https:\/\/elfsight.com\/it\/store-locator-widget\/"},{"@type":"ListItem","position":3,"name":"Store Locator &#8211; BigCommerce"}]},{"@type":"WebSite","@id":"https:\/\/elfsight.com\/it\/#website","url":"https:\/\/elfsight.com\/it\/","name":"Elfsight IT","description":"Just another Elfsight Sites site","potentialAction":[{"@type":"SearchAction","target":{"@type":"EntryPoint","urlTemplate":"https:\/\/elfsight.com\/it\/?s={search_term_string}"},"query-input":{"@type":"PropertyValueSpecification","valueRequired":true,"valueName":"search_term_string"}}],"inLanguage":"it-IT"}]}},"meta_box":{"industry":"","seo_heading":"","heading":"","description":"","cta_heading":"","cta_description":"","application":"3110","h1":"Applicazione di localizzazione negozi BigCommerce","h1_caption":"Visualizza una mappa con pi\u00f9 punti vendita per aiutare i tuoi clienti a trovare facilmente la sede pi\u00f9 vicina a loro nel tuo sito web BigCommerce.","application_category":[],"applications_title":"","applications_request_title":"","applications_request_button_text":"","hero_text":"","hero_video":"","hero_video_schema_markup":"","selling_points_title":"","selling_points_caption":"","selling_points":[],"selling_points_cta_text":"","features_title":"","features":"","ed_cta_examples_text":"","ed_cta_examples_hidden":"","ed_cta_demo_text":"","ed_cta_demo_hidden":"","why_caption":"","why_editor_title":"","why_editor_text":"","why_team_title":"","why_team_text":"","why_service_title":"","why_service_text":"","template_catalog_visible":"","template_catalog_title":"","template_catalog_text":"","template_catalog_categories_visible":"","demo_title":"Crea la tua app Localizzatore di negozi","demo_caption":"Configura il tuo Store Locator e aggiungilo gratuitamente al tuo sito BigCommerce!","default_faq_hidden":"","app_template_category":[],"platform":"32","template_public_id":"","codecanyon_url":"","codecanyon_item_id":"","codecanyon_price":"","pricing_caption":"","pricing_elfsight_apps_hide_column":"","pricing_elfsight_apps_url":"","pricing_codecanyon_price_caption":"","integration_category":[],"integration_request_title":"","integration_request_cta":"","integration_platform":"","integrations":[],"platform_category":[],"video_schema_markup":"","price":"da $ 0 al mese","trial":"","benefits":[{"text":"Assistenza per l'installazione gratuita"},{"text":"Supporto premium"},{"text":"Garanzia di rimborso di 14 giorni"},{"text":"Aggiornamenti a vita"}],"button_url":"#demo","button_target_blank":"","button_nofollow":"","attributes":[{"name":"Installazioni"},{"name":"Reattivo","content":"S\u00cc"},{"name":"Browser compatibili","content":"Firefox, Safari, Opera, Chrome, Edge"}],"tags":[],"tags_disable_links":"","hide_more_platforms":"","video_object":"","demo_hide_cta":"","demo_hide_cloud_options":"","pricing_title":"","pricing":[{"pricing_icon":"platform","pricing_title":"Elfsight Apps","pricing_title_caption":"Versione multipiattaforma che funziona su qualsiasi sito web","pricing_price":"da $ 0 \/ mese","pricing_price_caption":"inizia con un piano gratuito","pricing_benefits":[{"text":"Siti web illimitati"},{"text":"Supporto premium e puntuale"},{"text":"Aiuto per l'installazione gratuito"},{"text":"Progettazione flessibile"}],"pricing_button_text":"Aggiungi al sito web","pricing_button_url":"#demo"}],"related_apps_title":"","related_apps_hidden":"","author":"","image":[],"title":"","job":"","social_networks":[]},"_links":{"self":[{"href":"https:\/\/elfsight.com\/it\/wp-json\/wp\/v2\/pages\/6013","targetHints":{"allow":["GET"]}}],"collection":[{"href":"https:\/\/elfsight.com\/it\/wp-json\/wp\/v2\/pages"}],"about":[{"href":"https:\/\/elfsight.com\/it\/wp-json\/wp\/v2\/types\/page"}],"author":[{"embeddable":true,"href":"https:\/\/elfsight.com\/it\/wp-json\/wp\/v2\/users\/9"}],"replies":[{"embeddable":true,"href":"https:\/\/elfsight.com\/it\/wp-json\/wp\/v2\/comments?post=6013"}],"version-history":[{"count":1,"href":"https:\/\/elfsight.com\/it\/wp-json\/wp\/v2\/pages\/6013\/revisions"}],"predecessor-version":[{"id":6017,"href":"https:\/\/elfsight.com\/it\/wp-json\/wp\/v2\/pages\/6013\/revisions\/6017"}],"up":[{"embeddable":true,"href":"https:\/\/elfsight.com\/it\/wp-json\/wp\/v2\/pages\/3114"}],"wp:attachment":[{"href":"https:\/\/elfsight.com\/it\/wp-json\/wp\/v2\/media?parent=6013"}],"curies":[{"name":"wp","href":"https:\/\/api.w.org\/{rel}","templated":true}]}}