{"id":6012,"date":"2024-05-03T06:49:20","date_gmt":"2024-05-03T06:49:20","guid":{"rendered":"https:\/\/elfsight.com\/it\/?page_id=6012"},"modified":"2024-11-11T11:17:38","modified_gmt":"2024-11-11T11:17:38","slug":"drupal","status":"publish","type":"page","link":"https:\/\/elfsight.com\/it\/store-locator-widget\/drupal\/","title":{"rendered":"Store Locator &#8211; Drupal"},"content":{"rendered":"<div class=\"application-platform-content-item-description application-platform-content-item\" id=\"description\" data-nav-section=\"description\"> <h2>Incorpora Store Locator in Drupal con un modulo Elfsight<\/h2> <p>Elfsight Store Locator per Drupal \u00e8 un widget vivace e personalizzabile creato per migliorare l&#8217;usabilit\u00e0 del tuo sito web e la soddisfazione dei clienti rendendo pi\u00f9 facile che mai per i tuoi clienti visitare l&#8217;indirizzo della tua attivit\u00e0. Con una suite di utili funzionalit\u00e0 introdotte per utilit\u00e0 e prestazioni, questo widget \u00e8 la soluzione perfetta per annunciare le sedi fisiche della tua attivit\u00e0 in modo comprensibile e conveniente. Aggiungilo ora e nota come trasforma il tuo sito web in un utile strumento per la ricerca di negozi!<\/p> <p>Incorporando il widget, aumenterai la tua affidabilit\u00e0 tra i visitatori fornendo informazioni dettagliate sulle posizioni fisiche della tua attivit\u00e0, rassicurando tutti i tuoi contatti presenza. Ci\u00f2 si tradurr\u00e0 in un processo decisionale pi\u00f9 rapido e in una solida esperienza di acquisto tra i clienti. <\/p><p><b>Incorpora lo straordinario strumento di ricerca negozi per presentare la tua posizione e dati aziendali significativi. Mostra il tuo vero indirizzo e le informazioni richieste per ricevere pi\u00f9 clienti in negozio. <\/b><\/p> <\/div> <div class=\"application-platform-content-item-features application-platform-content-item\" id=\"features\" data-nav-section=\"features\"> <h2>Ecco le caratteristiche di base del widget:<\/h2> <ul><li>Selezione dinamica dell&#8217;indirizzo<\/li><li>Caratteristiche intuitive della mappa<\/li><li>Pulsanti di azione sulla posizione abilitati con le integrazioni <\/li><li>Popup diretto della posizione al clic sull&#8217;indicatore<\/li><li>Orari lavorativi e orari di apertura della posizione. stato dell&#8217;attivit\u00e0<\/li><\/ul><p><a href=\"#demo\">Prova tutte le funzionalit\u00e0 di personalizzazione nella demo funzionale al 100%<\/a><\/p> <\/div> <div class=\"application-platform-content-item-installation  application-platform-content-item\" id=\"installation \" data-nav-section=\"installation \"> <h2>Come integrare Store Locator nel mio sito Drupal?<\/h2> <p>Segui semplicemente le istruzioni seguenti per incorporare il widget. <\/p> <ol><li><b>Gestisci la nostra demo gratuita e inizia a creare il tuo plugin unico. <\/b><br> Specifica la forma adatta e le caratteristiche funzionali dello strumento e salva le modifiche. <\/li> <li><b>Acquisisci il codice individuale che appare nella finestra delle App Elfsight. <\/b><br> Al termine della creazione del plug-in, copia il codice esclusivo nella casella emersa e conservalo per un utilizzo successivo. <\/li> <li><b>Inizia ad applicare lo strumento sul sito Drupal. <\/b><br> Inserisci il codice che hai salvato di recente nella tua pagina web e applica i miglioramenti. <\/li> <li><b>L&#8217;installazione \u00e8 stata eseguita con successo. <\/b><br> Visita la tua pagina per verificare come funziona il widget. <\/li><\/ol> <p>Se riscontri qualche problema, non aver paura di rivolgerti al nostro team di supporto. I nostri consulenti desiderano risolvere tutte le difficolt\u00e0 che potresti avere con lo strumento. <\/p><\/div>","protected":false},"excerpt":{"rendered":"","protected":false},"author":9,"featured_media":0,"parent":3114,"menu_order":0,"comment_status":"closed","ping_status":"closed","template":"templates\/template-application-platform.php","meta":{"publish_to_discourse":"","publish_post_category":"","wpdc_auto_publish_overridden":"","wpdc_topic_tags":"","wpdc_pin_topic":"","wpdc_pin_until":"","discourse_post_id":"","discourse_permalink":"","wpdc_publishing_response":"","wpdc_publishing_error":"","footnotes":""},"class_list":["post-6012","page","type-page","status-publish","hentry"],"yoast_head":"<!-- This site is optimized with the Yoast SEO plugin v25.3.1 - https:\/\/yoast.com\/wordpress\/plugins\/seo\/ -->\n<title>Incorpora Drupal Store Locator - Aggiungi la tua posizione per i clienti<\/title>\n<meta name=\"description\" content=\"Aggiungi Store Locator alle tue pagine Drupal per aumentare le conversioni. Prova la demo chiara di Elfsight per creare il widget impiegando solo pochi minuti.\" \/>\n<meta name=\"robots\" content=\"index, follow, max-snippet:-1, max-image-preview:large, max-video-preview:-1\" \/>\n<link rel=\"canonical\" href=\"https:\/\/elfsight.com\/it\/store-locator-widget\/drupal\/\" \/>\n<meta property=\"og:locale\" content=\"it_IT\" \/>\n<meta property=\"og:type\" content=\"article\" \/>\n<meta property=\"og:title\" content=\"Incorpora Drupal Store Locator - Aggiungi la tua posizione per i clienti\" \/>\n<meta property=\"og:description\" content=\"Aggiungi Store Locator alle tue pagine Drupal per aumentare le conversioni. Prova la demo chiara di Elfsight per creare il widget impiegando solo pochi minuti.\" \/>\n<meta property=\"og:url\" content=\"https:\/\/elfsight.com\/it\/store-locator-widget\/drupal\/\" \/>\n<meta property=\"og:site_name\" content=\"Elfsight IT\" \/>\n<meta property=\"article:modified_time\" content=\"2024-11-11T11:17:38+00:00\" \/>\n<meta name=\"twitter:card\" content=\"summary_large_image\" \/>\n<meta name=\"twitter:label1\" content=\"Tempo di lettura stimato\" \/>\n\t<meta name=\"twitter:data1\" content=\"2 minuti\" \/>\n<!-- \/ Yoast SEO plugin. -->","yoast_head_json":{"title":"Incorpora Drupal Store Locator - Aggiungi la tua posizione per i clienti","description":"Aggiungi Store Locator alle tue pagine Drupal per aumentare le conversioni. Prova la demo chiara di Elfsight per creare il widget impiegando solo pochi minuti.","robots":{"index":"index","follow":"follow","max-snippet":"max-snippet:-1","max-image-preview":"max-image-preview:large","max-video-preview":"max-video-preview:-1"},"canonical":"https:\/\/elfsight.com\/it\/store-locator-widget\/drupal\/","og_locale":"it_IT","og_type":"article","og_title":"Incorpora Drupal Store Locator - Aggiungi la tua posizione per i clienti","og_description":"Aggiungi Store Locator alle tue pagine Drupal per aumentare le conversioni. Prova la demo chiara di Elfsight per creare il widget impiegando solo pochi minuti.","og_url":"https:\/\/elfsight.com\/it\/store-locator-widget\/drupal\/","og_site_name":"Elfsight IT","article_modified_time":"2024-11-11T11:17:38+00:00","twitter_card":"summary_large_image","twitter_misc":{"Tempo di lettura stimato":"2 minuti"},"schema":{"@context":"https:\/\/schema.org","@graph":[{"@type":"WebPage","@id":"https:\/\/elfsight.com\/it\/store-locator-widget\/drupal\/","url":"https:\/\/elfsight.com\/it\/store-locator-widget\/drupal\/","name":"Incorpora Drupal Store Locator - Aggiungi la tua posizione per i clienti","isPartOf":{"@id":"https:\/\/elfsight.com\/it\/#website"},"datePublished":"2024-05-03T06:49:20+00:00","dateModified":"2024-11-11T11:17:38+00:00","description":"Aggiungi Store Locator alle tue pagine Drupal per aumentare le conversioni. Prova la demo chiara di Elfsight per creare il widget impiegando solo pochi minuti.","breadcrumb":{"@id":"https:\/\/elfsight.com\/it\/store-locator-widget\/drupal\/#breadcrumb"},"inLanguage":"it-IT","potentialAction":[{"@type":"ReadAction","target":["https:\/\/elfsight.com\/it\/store-locator-widget\/drupal\/"]}]},{"@type":"BreadcrumbList","@id":"https:\/\/elfsight.com\/it\/store-locator-widget\/drupal\/#breadcrumb","itemListElement":[{"@type":"ListItem","position":1,"name":"Home","item":"https:\/\/elfsight.com\/it\/"},{"@type":"ListItem","position":2,"name":"Store Locator","item":"https:\/\/elfsight.com\/it\/store-locator-widget\/"},{"@type":"ListItem","position":3,"name":"Store Locator &#8211; Drupal"}]},{"@type":"WebSite","@id":"https:\/\/elfsight.com\/it\/#website","url":"https:\/\/elfsight.com\/it\/","name":"Elfsight IT","description":"Just another Elfsight Sites site","potentialAction":[{"@type":"SearchAction","target":{"@type":"EntryPoint","urlTemplate":"https:\/\/elfsight.com\/it\/?s={search_term_string}"},"query-input":{"@type":"PropertyValueSpecification","valueRequired":true,"valueName":"search_term_string"}}],"inLanguage":"it-IT"}]}},"meta_box":{"industry":"","seo_heading":"","heading":"","description":"","cta_heading":"","cta_description":"","application":"3110","h1":"Modulo Drupal Store Locator","h1_caption":"Visualizza una mappa con pi\u00f9 punti vendita per aiutare i tuoi clienti a trovare facilmente la sede pi\u00f9 vicina a loro nel tuo sito Drupal.","application_category":[],"applications_title":"","applications_request_title":"","applications_request_button_text":"","hero_text":"","hero_video":"","hero_video_schema_markup":"","selling_points_title":"","selling_points_caption":"","selling_points":[],"selling_points_cta_text":"","features_title":"","features":"","ed_cta_examples_text":"","ed_cta_examples_hidden":"","ed_cta_demo_text":"","ed_cta_demo_hidden":"","why_caption":"","why_editor_title":"","why_editor_text":"","why_team_title":"","why_team_text":"","why_service_title":"","why_service_text":"","template_catalog_visible":"","template_catalog_title":"","template_catalog_text":"","template_catalog_categories_visible":"","demo_title":"Crea il tuo modulo Store Locator","demo_caption":"Configura il tuo Store Locator e aggiungilo gratuitamente al tuo sito Drupal!","default_faq_hidden":"","app_template_category":[],"platform":"34","template_public_id":"","codecanyon_url":"","codecanyon_item_id":"","codecanyon_price":"","pricing_caption":"","pricing_elfsight_apps_hide_column":"","pricing_elfsight_apps_url":"","pricing_codecanyon_price_caption":"","integration_category":[],"integration_request_title":"","integration_request_cta":"","integration_platform":"","integrations":[],"platform_category":[],"video_schema_markup":"","price":"da $ 0 al mese","trial":"","benefits":[{"text":"Assistenza per l'installazione gratuita"},{"text":"Supporto premium"},{"text":"Garanzia di rimborso di 14 giorni"},{"text":"Aggiornamenti gratuiti a vita"}],"button_url":"#demo","button_target_blank":"","button_nofollow":"","attributes":[{"name":"Installazioni"},{"name":"Reattivo","content":"S\u00cc"},{"name":"Browser compatibili","content":"Firefox, Safari, Opera, Chrome, Edge"}],"tags":[],"tags_disable_links":"","hide_more_platforms":"","video_object":"","demo_hide_cta":"","demo_hide_cloud_options":"","pricing_title":"","pricing":[{"pricing_icon":"platform","pricing_title":"Elfsight Apps","pricing_title_caption":"Software indipendente dalla piattaforma che funziona su qualsiasi sito","pricing_price":"da $ 0 \/ mese","pricing_price_caption":"inizia con un piano gratuito","pricing_benefits":[{"text":"Domini illimitati"},{"text":"Supporto aziendale premium"},{"text":"Assistenza per l'installazione gratuita"},{"text":"Progettazione flessibile"}],"pricing_button_text":"Aggiungi al sito web","pricing_button_url":"#demo"}],"related_apps_title":"","related_apps_hidden":"","author":"","image":[],"title":"","job":"","social_networks":[]},"_links":{"self":[{"href":"https:\/\/elfsight.com\/it\/wp-json\/wp\/v2\/pages\/6012","targetHints":{"allow":["GET"]}}],"collection":[{"href":"https:\/\/elfsight.com\/it\/wp-json\/wp\/v2\/pages"}],"about":[{"href":"https:\/\/elfsight.com\/it\/wp-json\/wp\/v2\/types\/page"}],"author":[{"embeddable":true,"href":"https:\/\/elfsight.com\/it\/wp-json\/wp\/v2\/users\/9"}],"replies":[{"embeddable":true,"href":"https:\/\/elfsight.com\/it\/wp-json\/wp\/v2\/comments?post=6012"}],"version-history":[{"count":1,"href":"https:\/\/elfsight.com\/it\/wp-json\/wp\/v2\/pages\/6012\/revisions"}],"predecessor-version":[{"id":6016,"href":"https:\/\/elfsight.com\/it\/wp-json\/wp\/v2\/pages\/6012\/revisions\/6016"}],"up":[{"embeddable":true,"href":"https:\/\/elfsight.com\/it\/wp-json\/wp\/v2\/pages\/3114"}],"wp:attachment":[{"href":"https:\/\/elfsight.com\/it\/wp-json\/wp\/v2\/media?parent=6012"}],"curies":[{"name":"wp","href":"https:\/\/api.w.org\/{rel}","templated":true}]}}