{"id":6011,"date":"1970-01-01T00:00:00","date_gmt":"1970-01-01T00:00:00","guid":{"rendered":"https:\/\/elfsight.com\/it\/?page_id=6011"},"modified":"2024-11-11T11:17:38","modified_gmt":"2024-11-11T11:17:38","slug":"elementor","status":"publish","type":"page","link":"https:\/\/elfsight.com\/it\/store-locator-widget\/elementor\/","title":{"rendered":"Store Locator &#8211; Elementor"},"content":{"rendered":"<div class=\"application-platform-content-item-description application-platform-content-item\" id=\"description\" data-nav-section=\"description\"> <h2>Incorpora Store Locator in Elementor con un widget Elfsight<\/h2> <p>Elfsight Store Locator per Elementor \u00e8 un widget vivace e flessibile progettato per aumentare l&#8217;utilit\u00e0 del tuo sito web e il coinvolgimento dei clienti rendendo pi\u00f9 facile che mai per i tuoi clienti trovare i tuoi negozi. Con una serie di fantastiche funzionalit\u00e0 su misura per utilit\u00e0 e prestazioni, questo widget \u00e8 la soluzione migliore per mostrare le posizioni dei tuoi negozi fisici in modo comprensibile e facile da usare. Provalo subito e nota come trasforma il tuo sito web in un utile strumento per la ricerca di negozi!<\/p> <p>Aggiungendo il widget, aumenterai la tua affidabilit\u00e0 tra i visitatori fornendo informazioni dettagliate sulle sedi fisiche della tua azienda, rassicurando tutti i tuoi contatti presenza. Ci\u00f2 si tradurr\u00e0 in un processo decisionale pi\u00f9 rapido e in una solida esperienza di acquisto tra i visitatori. <\/p><p><b>Aggiungi l&#8217;eccellente funzione di ricerca negozi per mostrare la tua posizione e dati aziendali utili. Evidenzia il tuo indirizzo fisico e le informazioni pertinenti per attirare ulteriori clienti in negozio. <\/b><\/p><\/div> <div class=\"application-platform-content-item-features application-platform-content-item\" id=\"features\" data-nav-section=\"features\"> <h2>Di seguito trovi le funzionalit\u00e0 centrali del widget:<\/h2> <ul><li>Selezione dinamica dell&#8217;indirizzo<\/li><li>Caratteristiche utili della mappa<\/li><li>Pulsanti di azione della posizione con integrazioni <\/li><li>Popup di posizione dettagliato sulla selezione dell&#8217;indicatore<\/li><li>Orario e orario di lavoro della posizione stato aperto<\/li><\/ul><p><a href=\"#demo\">Puoi verificare quanto vale il widget utilizzando la demo<\/a><\/p><\/div> <div class=\"application-platform-content-item- installazione application-platform-content-item\" id=\" installazione\" data-nav-section=\" installazione\"> <h2>Come incorporo Store Locator nella mia pagina web Elementor?<\/h2> <p>Segui semplicemente le linee guida seguenti per integrare il plug-in. <\/p> <ol><li><b>Lancia la nostra demo gratuita e inizia a formare il tuo strumento. <\/b><br> Specifica la forma e le opzioni adatte dello strumento e applica le correzioni. <\/li> <li><b>Ottieni il tuo codice individuale che appare nella finestra delle app Elfsight. <\/b><br> Non appena la creazione del tuo widget personale \u00e8 terminata, copia il codice esclusivo nella finestra che appare e salvalo per un uso futuro. <\/li> <li><b>Accedi utilizzando lo strumento sul tuo sito Elementor. <\/b><br> Aggiungi il codice copiato in precedenza nella tua pagina e salva le modifiche. <\/li> <li><b>Il gioco \u00e8 fatto! L&#8217;incorporamento \u00e8 stato completato con successo. <\/b><br> Vai alla tua pagina per verificare come sta funzionando il widget. <\/li><\/ol> <p>Se dovessi affrontare domande o affrontare alcune complicazioni, chiedi assistenza al nostro personale del servizio clienti. I nostri consulenti saranno entusiasti di risolvere tutti i problemi che potresti avere con il prodotto. <\/p><\/div>","protected":false},"excerpt":{"rendered":"","protected":false},"author":9,"featured_media":0,"parent":3114,"menu_order":0,"comment_status":"closed","ping_status":"closed","template":"templates\/template-application-platform.php","meta":{"publish_to_discourse":"","publish_post_category":"","wpdc_auto_publish_overridden":"","wpdc_topic_tags":"","wpdc_pin_topic":"","wpdc_pin_until":"","discourse_post_id":"","discourse_permalink":"","wpdc_publishing_response":"","wpdc_publishing_error":"","footnotes":""},"class_list":["post-6011","page","type-page","status-publish","hentry"],"yoast_head":"<!-- This site is optimized with the Yoast SEO plugin v25.3.1 - https:\/\/yoast.com\/wordpress\/plugins\/seo\/ -->\n<title>Aggiungi Store Locator a Elementor: coinvolgi pi\u00f9 clienti in negozio<\/title>\n<meta name=\"description\" content=\"Incorpora l&#039;utile Store Locator nel tuo sito web Elementor. Approfitta della semplice demo di Elfsight per generare il potente widget.\" \/>\n<meta name=\"robots\" content=\"index, follow, max-snippet:-1, max-image-preview:large, max-video-preview:-1\" \/>\n<link rel=\"canonical\" href=\"https:\/\/elfsight.com\/it\/store-locator-widget\/elementor\/\" \/>\n<meta property=\"og:locale\" content=\"it_IT\" \/>\n<meta property=\"og:type\" content=\"article\" \/>\n<meta property=\"og:title\" content=\"Aggiungi Store Locator a Elementor: coinvolgi pi\u00f9 clienti in negozio\" \/>\n<meta property=\"og:description\" content=\"Incorpora l&#039;utile Store Locator nel tuo sito web Elementor. Approfitta della semplice demo di Elfsight per generare il potente widget.\" \/>\n<meta property=\"og:url\" content=\"https:\/\/elfsight.com\/it\/store-locator-widget\/elementor\/\" \/>\n<meta property=\"og:site_name\" content=\"Elfsight IT\" \/>\n<meta property=\"article:modified_time\" content=\"2024-11-11T11:17:38+00:00\" \/>\n<meta name=\"twitter:card\" content=\"summary_large_image\" \/>\n<meta name=\"twitter:label1\" content=\"Tempo di lettura stimato\" \/>\n\t<meta name=\"twitter:data1\" content=\"2 minuti\" \/>\n<!-- \/ Yoast SEO plugin. -->","yoast_head_json":{"title":"Aggiungi Store Locator a Elementor: coinvolgi pi\u00f9 clienti in negozio","description":"Incorpora l'utile Store Locator nel tuo sito web Elementor. Approfitta della semplice demo di Elfsight per generare il potente widget.","robots":{"index":"index","follow":"follow","max-snippet":"max-snippet:-1","max-image-preview":"max-image-preview:large","max-video-preview":"max-video-preview:-1"},"canonical":"https:\/\/elfsight.com\/it\/store-locator-widget\/elementor\/","og_locale":"it_IT","og_type":"article","og_title":"Aggiungi Store Locator a Elementor: coinvolgi pi\u00f9 clienti in negozio","og_description":"Incorpora l'utile Store Locator nel tuo sito web Elementor. Approfitta della semplice demo di Elfsight per generare il potente widget.","og_url":"https:\/\/elfsight.com\/it\/store-locator-widget\/elementor\/","og_site_name":"Elfsight IT","article_modified_time":"2024-11-11T11:17:38+00:00","twitter_card":"summary_large_image","twitter_misc":{"Tempo di lettura stimato":"2 minuti"},"schema":{"@context":"https:\/\/schema.org","@graph":[{"@type":"WebPage","@id":"https:\/\/elfsight.com\/it\/store-locator-widget\/elementor\/","url":"https:\/\/elfsight.com\/it\/store-locator-widget\/elementor\/","name":"Aggiungi Store Locator a Elementor: coinvolgi pi\u00f9 clienti in negozio","isPartOf":{"@id":"https:\/\/elfsight.com\/it\/#website"},"datePublished":"1970-01-01T00:00:00+00:00","dateModified":"2024-11-11T11:17:38+00:00","description":"Incorpora l'utile Store Locator nel tuo sito web Elementor. Approfitta della semplice demo di Elfsight per generare il potente widget.","breadcrumb":{"@id":"https:\/\/elfsight.com\/it\/store-locator-widget\/elementor\/#breadcrumb"},"inLanguage":"it-IT","potentialAction":[{"@type":"ReadAction","target":["https:\/\/elfsight.com\/it\/store-locator-widget\/elementor\/"]}]},{"@type":"BreadcrumbList","@id":"https:\/\/elfsight.com\/it\/store-locator-widget\/elementor\/#breadcrumb","itemListElement":[{"@type":"ListItem","position":1,"name":"Home","item":"https:\/\/elfsight.com\/it\/"},{"@type":"ListItem","position":2,"name":"Store Locator","item":"https:\/\/elfsight.com\/it\/store-locator-widget\/"},{"@type":"ListItem","position":3,"name":"Store Locator &#8211; Elementor"}]},{"@type":"WebSite","@id":"https:\/\/elfsight.com\/it\/#website","url":"https:\/\/elfsight.com\/it\/","name":"Elfsight IT","description":"Just another Elfsight Sites site","potentialAction":[{"@type":"SearchAction","target":{"@type":"EntryPoint","urlTemplate":"https:\/\/elfsight.com\/it\/?s={search_term_string}"},"query-input":{"@type":"PropertyValueSpecification","valueRequired":true,"valueName":"search_term_string"}}],"inLanguage":"it-IT"}]}},"meta_box":{"industry":"","seo_heading":"","heading":"","description":"","cta_heading":"","cta_description":"","application":"3110","h1":"Widget Localizzatore negozio Elementor","h1_caption":"Visualizza una mappa con pi\u00f9 punti vendita per aiutare i tuoi clienti a trovare facilmente la sede pi\u00f9 vicina a loro nel tuo sito Web Elementor.","application_category":[],"applications_title":"","applications_request_title":"","applications_request_button_text":"","hero_text":"","hero_video":"","hero_video_schema_markup":"","selling_points_title":"","selling_points_caption":"","selling_points":[],"selling_points_cta_text":"","features_title":"","features":"","ed_cta_examples_text":"","ed_cta_examples_hidden":"","ed_cta_demo_text":"","ed_cta_demo_hidden":"","why_caption":"","why_editor_title":"","why_editor_text":"","why_team_title":"","why_team_text":"","why_service_title":"","why_service_text":"","template_catalog_visible":"","template_catalog_title":"","template_catalog_text":"","template_catalog_categories_visible":"","demo_title":"Crea il tuo widget Store Locator","demo_caption":"Configura il tuo Store Locator e aggiungilo gratuitamente al tuo sito web Elementor!","default_faq_hidden":"","app_template_category":[],"platform":"68","template_public_id":"","codecanyon_url":"","codecanyon_item_id":"","codecanyon_price":"","pricing_caption":"","pricing_elfsight_apps_hide_column":"","pricing_elfsight_apps_url":"","pricing_codecanyon_price_caption":"","integration_category":[],"integration_request_title":"","integration_request_cta":"","integration_platform":"","integrations":[],"platform_category":[],"video_schema_markup":"","price":"da $ 0 al mese","trial":"","benefits":[{"text":"Assistenza per l'installazione gratuita"},{"text":"Servizio clienti efficace"},{"text":"Garanzia di rimborso di 14 giorni"},{"text":"Aggiornamenti continui"}],"button_url":"#demo","button_target_blank":"","button_nofollow":"","attributes":[{"name":"Installazioni"},{"name":"Reattivo","content":"S\u00cc"},{"name":"Browser compatibili","content":"Firefox, Safari, Opera, Chrome, Edge"}],"tags":[],"tags_disable_links":"","hide_more_platforms":"","video_object":"","demo_hide_cta":"","demo_hide_cloud_options":"","pricing_title":"","pricing":[{"pricing_icon":"platform","pricing_title":"Elfsight Apps","pricing_title_caption":"Soluzione multipiattaforma","pricing_price":"da $ 0 \/ mese","pricing_price_caption":"inizia con un piano gratuito","pricing_benefits":[{"text":"Utilizzo illimitato su pi\u00f9 domini"},{"text":"Supporto gratuito 24 ore su 24, 7 giorni su 7"},{"text":"Supporto gratuito per l'installazione e la configurazione"},{"text":"Completamente personalizzabile per soddisfare le vostre esigenze"}],"pricing_button_text":"Aggiungi al sito web","pricing_button_url":"#demo"}],"related_apps_title":"","related_apps_hidden":"","author":"","image":[],"title":"","job":"","social_networks":[]},"_links":{"self":[{"href":"https:\/\/elfsight.com\/it\/wp-json\/wp\/v2\/pages\/6011","targetHints":{"allow":["GET"]}}],"collection":[{"href":"https:\/\/elfsight.com\/it\/wp-json\/wp\/v2\/pages"}],"about":[{"href":"https:\/\/elfsight.com\/it\/wp-json\/wp\/v2\/types\/page"}],"author":[{"embeddable":true,"href":"https:\/\/elfsight.com\/it\/wp-json\/wp\/v2\/users\/9"}],"replies":[{"embeddable":true,"href":"https:\/\/elfsight.com\/it\/wp-json\/wp\/v2\/comments?post=6011"}],"version-history":[{"count":1,"href":"https:\/\/elfsight.com\/it\/wp-json\/wp\/v2\/pages\/6011\/revisions"}],"predecessor-version":[{"id":6015,"href":"https:\/\/elfsight.com\/it\/wp-json\/wp\/v2\/pages\/6011\/revisions\/6015"}],"up":[{"embeddable":true,"href":"https:\/\/elfsight.com\/it\/wp-json\/wp\/v2\/pages\/3114"}],"wp:attachment":[{"href":"https:\/\/elfsight.com\/it\/wp-json\/wp\/v2\/media?parent=6011"}],"curies":[{"name":"wp","href":"https:\/\/api.w.org\/{rel}","templated":true}]}}