{"id":6010,"date":"1970-01-01T00:00:00","date_gmt":"1970-01-01T00:00:00","guid":{"rendered":"https:\/\/elfsight.com\/it\/?page_id=6010"},"modified":"2024-12-28T07:09:20","modified_gmt":"2024-12-28T07:09:20","slug":"facebook","status":"publish","type":"page","link":"https:\/\/elfsight.com\/it\/store-locator-widget\/facebook\/","title":{"rendered":"Store Locator &#8211; Facebook Page"},"content":{"rendered":"<div class=\"application-platform-content-item-description application-platform-content-item\" id=\"description\" data-nav-section=\"description\"> <h2>Incorpora Store Locator nella pagina Facebook con un widget Elfsight<\/h2> <p>Elfsight Store Locator per la pagina Facebook \u00e8 un widget vivace e regolabile widget progettato per aumentare l&#8217;utilit\u00e0 del tuo sito web e il coinvolgimento dei clienti rendendo pi\u00f9 facile che mai per i tuoi clienti visitare la tua sede. Con una serie di utili funzionalit\u00e0 introdotte per utilit\u00e0 e prestazioni, questo widget \u00e8 la soluzione perfetta per annunciare le sedi dei tuoi negozi fisici in modo interattivo e conveniente. Aggiungilo ora e nota come trasforma il tuo sito web in un utile strumento per trovare negozi! <\/p> <p>Integrando il widget, aumenterai la tua credibilit\u00e0 tra i clienti condividendo informazioni dettagliate relative alle sedi fisiche della tua attivit\u00e0, rassicurandoli della tua reale presenza. Ci\u00f2 potrebbe comportare un processo decisionale pi\u00f9 rapido e una solida esperienza di acquisto tra i clienti. <\/p><p><b>Approfitta dell&#8217;eccezionale strumento di ricerca dei negozi per dimostrare la tua posizione e i dettagli utili dell&#8217;azienda. Fornisci il tuo vero indirizzo e informazioni pertinenti per ricevere ulteriori visitatori in negozio. <\/b><\/p><\/div> <div class=\"application-platform-content-item-features application-platform-content-item\" id=\"features\" data-nav-section=\"features\"> <h2>Visualizza l&#8217;elenco delle funzionalit\u00e0 pi\u00f9 utili:<\/h2> <ul><li>Cancella selezione della posizione<\/li><li>Caratteristiche della mappa orientate all&#8217;utente<\/li><li>Pulsanti di interazione della posizione con integrazioni <\/li><li>Popup della posizione dettagliata al clic sull&#8217;indicatore<\/li><li>Orari e orari di apertura della posizione. stato dell&#8217;attivit\u00e0<\/li><\/ul><p><a href=\"#demo\">Esamina tutte le impostazioni nella demo completa<\/a><\/p> <\/div> <div class=\"application-platform-content-item-installation application-platform-content-item\" id=\"installation\" data-nav-section=\"installation\"> <h2>Come posso integrare Store Locator nella mia pagina Facebook?<\/h2> <p>Segui semplicemente le linee guida riportate di seguito per iniziare a utilizzare il plug-in. <\/p> <ol><li><b>Apri il nostro configuratore gratuito e inizia a modellare il tuo strumento personalizzato. <\/b><br> Specifica il layout personalizzato e le opzioni del widget e applica le correzioni. <\/li> <li><b>Copia il codice personale che appare nel box su Elfsight Apps. <\/b><br> Una volta completata la generazione del plugin, copia il codice personale nella finestra visualizzata e conservalo per un utilizzo successivo. <\/li> <li><b>Inizia ad applicare lo strumento sulla tua pagina Facebook. <\/b><br> Aggiungi il codice che hai copiato in precedenza nella tua home page e applica le modifiche. <\/li> <li><b>Il gioco \u00e8 fatto! L&#8217;incorporamento \u00e8 stato completamente eseguito. <\/b><br> Vai alla tua pagina per vedere le prestazioni del widget. <\/li><\/ol> <p>Se hai domande o riscontri problemi, rivolgiti al nostro team di assistenza clienti. I nostri consulenti saranno entusiasti di risolvere tutti i problemi che potresti avere con lo strumento. <\/p> <\/div>","protected":false},"excerpt":{"rendered":"","protected":false},"author":9,"featured_media":0,"parent":3114,"menu_order":0,"comment_status":"closed","ping_status":"closed","template":"templates\/template-application-platform.php","meta":{"publish_to_discourse":"","publish_post_category":"","wpdc_auto_publish_overridden":"","wpdc_topic_tags":"","wpdc_pin_topic":"","wpdc_pin_until":"","discourse_post_id":"","discourse_permalink":"","wpdc_publishing_response":"","wpdc_publishing_error":"","footnotes":""},"class_list":["post-6010","page","type-page","status-publish","hentry"],"yoast_head":"<!-- This site is optimized with the Yoast SEO plugin v25.3.1 - https:\/\/yoast.com\/wordpress\/plugins\/seo\/ -->\n<title>Aggiungi Store Locator alla pagina Facebook per visualizzare la tua posizione<\/title>\n<meta name=\"description\" content=\"Integra Store Locator nella tua pagina Facebook per la soddisfazione del cliente. Esplora la demo di Elfsight per creare il widget in pochi minuti.\" \/>\n<meta name=\"robots\" content=\"index, follow, max-snippet:-1, max-image-preview:large, max-video-preview:-1\" \/>\n<link rel=\"canonical\" href=\"https:\/\/elfsight.com\/it\/store-locator-widget\/facebook\/\" \/>\n<meta property=\"og:locale\" content=\"it_IT\" \/>\n<meta property=\"og:type\" content=\"article\" \/>\n<meta property=\"og:title\" content=\"Aggiungi Store Locator alla pagina Facebook per visualizzare la tua posizione\" \/>\n<meta property=\"og:description\" content=\"Integra Store Locator nella tua pagina Facebook per la soddisfazione del cliente. Esplora la demo di Elfsight per creare il widget in pochi minuti.\" \/>\n<meta property=\"og:url\" content=\"https:\/\/elfsight.com\/it\/store-locator-widget\/facebook\/\" \/>\n<meta property=\"og:site_name\" content=\"Elfsight IT\" \/>\n<meta property=\"article:modified_time\" content=\"2024-12-28T07:09:20+00:00\" \/>\n<meta name=\"twitter:card\" content=\"summary_large_image\" \/>\n<meta name=\"twitter:label1\" content=\"Tempo di lettura stimato\" \/>\n\t<meta name=\"twitter:data1\" content=\"3 minuti\" \/>\n<!-- \/ Yoast SEO plugin. -->","yoast_head_json":{"title":"Aggiungi Store Locator alla pagina Facebook per visualizzare la tua posizione","description":"Integra Store Locator nella tua pagina Facebook per la soddisfazione del cliente. Esplora la demo di Elfsight per creare il widget in pochi minuti.","robots":{"index":"index","follow":"follow","max-snippet":"max-snippet:-1","max-image-preview":"max-image-preview:large","max-video-preview":"max-video-preview:-1"},"canonical":"https:\/\/elfsight.com\/it\/store-locator-widget\/facebook\/","og_locale":"it_IT","og_type":"article","og_title":"Aggiungi Store Locator alla pagina Facebook per visualizzare la tua posizione","og_description":"Integra Store Locator nella tua pagina Facebook per la soddisfazione del cliente. Esplora la demo di Elfsight per creare il widget in pochi minuti.","og_url":"https:\/\/elfsight.com\/it\/store-locator-widget\/facebook\/","og_site_name":"Elfsight IT","article_modified_time":"2024-12-28T07:09:20+00:00","twitter_card":"summary_large_image","twitter_misc":{"Tempo di lettura stimato":"3 minuti"},"schema":{"@context":"https:\/\/schema.org","@graph":[{"@type":"WebPage","@id":"https:\/\/elfsight.com\/it\/store-locator-widget\/facebook\/","url":"https:\/\/elfsight.com\/it\/store-locator-widget\/facebook\/","name":"Aggiungi Store Locator alla pagina Facebook per visualizzare la tua posizione","isPartOf":{"@id":"https:\/\/elfsight.com\/it\/#website"},"datePublished":"1970-01-01T00:00:00+00:00","dateModified":"2024-12-28T07:09:20+00:00","description":"Integra Store Locator nella tua pagina Facebook per la soddisfazione del cliente. Esplora la demo di Elfsight per creare il widget in pochi minuti.","breadcrumb":{"@id":"https:\/\/elfsight.com\/it\/store-locator-widget\/facebook\/#breadcrumb"},"inLanguage":"it-IT","potentialAction":[{"@type":"ReadAction","target":["https:\/\/elfsight.com\/it\/store-locator-widget\/facebook\/"]}]},{"@type":"BreadcrumbList","@id":"https:\/\/elfsight.com\/it\/store-locator-widget\/facebook\/#breadcrumb","itemListElement":[{"@type":"ListItem","position":1,"name":"Home","item":"https:\/\/elfsight.com\/it\/"},{"@type":"ListItem","position":2,"name":"Store Locator","item":"https:\/\/elfsight.com\/it\/store-locator-widget\/"},{"@type":"ListItem","position":3,"name":"Store Locator &#8211; Facebook Page"}]},{"@type":"WebSite","@id":"https:\/\/elfsight.com\/it\/#website","url":"https:\/\/elfsight.com\/it\/","name":"Elfsight IT","description":"Just another Elfsight Sites site","potentialAction":[{"@type":"SearchAction","target":{"@type":"EntryPoint","urlTemplate":"https:\/\/elfsight.com\/it\/?s={search_term_string}"},"query-input":{"@type":"PropertyValueSpecification","valueRequired":true,"valueName":"search_term_string"}}],"inLanguage":"it-IT"}]}},"meta_box":{"industry":"","seo_heading":"","heading":"","description":"","cta_heading":"","cta_description":"","application":"3110","h1":"Widget Localizzatore negozio pagina Facebook","h1_caption":"Visualizza una mappa con pi\u00f9 punti vendita per aiutare i tuoi clienti a trovare facilmente la sede pi\u00f9 vicina a loro nel sito web della tua Pagina Facebook.","application_category":[],"applications_title":"","applications_request_title":"","applications_request_button_text":"","hero_text":"","hero_video":"","hero_video_schema_markup":"","selling_points_title":"","selling_points_caption":"","selling_points":[],"selling_points_cta_text":"","features_title":"","features":"","ed_cta_examples_text":"","ed_cta_examples_hidden":"","ed_cta_demo_text":"","ed_cta_demo_hidden":"","why_caption":"","why_editor_title":"","why_editor_text":"","why_team_title":"","why_team_text":"","why_service_title":"","why_service_text":"","template_catalog_visible":"0","template_catalog_title":"","template_catalog_text":"","template_catalog_categories_visible":"","demo_title":"Crea il tuo widget Store Locator","demo_caption":"Configura il tuo Store Locator e aggiungilo gratuitamente al sito della tua Pagina Facebook!","default_faq_hidden":"","app_template_category":[],"platform":"77","template_public_id":"","codecanyon_url":"","codecanyon_item_id":"","codecanyon_price":"","pricing_caption":"","pricing_elfsight_apps_hide_column":"","pricing_elfsight_apps_url":"","pricing_codecanyon_price_caption":"","integration_category":[],"integration_request_title":"","integration_request_cta":"","integration_platform":"","integrations":[],"platform_category":[],"video_schema_markup":"","price":"da $ 0 al mese","trial":"","benefits":[{"text":"Aiuto per l'installazione gratuito"},{"text":"Servizio clienti efficace"},{"text":"Garanzia di rimborso di 14 giorni"},{"text":"Miglioramenti a vita"}],"button_url":"#demo","button_target_blank":"0","button_nofollow":"0","attributes":[{"name":"Installazioni"},{"name":"Reattivo","content":"S\u00cc"},{"name":"Browser compatibili","content":"Firefox, Safari, Opera, Chrome, Edge"}],"tags":[],"tags_disable_links":"0","hide_more_platforms":"","video_object":"","demo_hide_cta":"0","demo_hide_cloud_options":"0","pricing_title":"","pricing":[{"pricing_icon":"platform","pricing_title":"Elfsight Apps","pricing_title_caption":"Versione multipiattaforma che funziona su qualsiasi sito","pricing_price":"da $ 0 \/ mese","pricing_price_caption":"inizia con un piano gratuito","pricing_benefits":[{"text":"Siti web illimitati"},{"text":"Supporto rapido e ben documentato"},{"text":"Supporto gratuito per l'installazione"},{"text":"Progettazione flessibile"}],"pricing_button_text":"Aggiungi al sito web","pricing_button_url":"#demo"}],"related_apps_title":"","related_apps_hidden":"0","author":"","image":[],"title":"","job":"","social_networks":[]},"_links":{"self":[{"href":"https:\/\/elfsight.com\/it\/wp-json\/wp\/v2\/pages\/6010","targetHints":{"allow":["GET"]}}],"collection":[{"href":"https:\/\/elfsight.com\/it\/wp-json\/wp\/v2\/pages"}],"about":[{"href":"https:\/\/elfsight.com\/it\/wp-json\/wp\/v2\/types\/page"}],"author":[{"embeddable":true,"href":"https:\/\/elfsight.com\/it\/wp-json\/wp\/v2\/users\/9"}],"replies":[{"embeddable":true,"href":"https:\/\/elfsight.com\/it\/wp-json\/wp\/v2\/comments?post=6010"}],"version-history":[{"count":1,"href":"https:\/\/elfsight.com\/it\/wp-json\/wp\/v2\/pages\/6010\/revisions"}],"predecessor-version":[{"id":6014,"href":"https:\/\/elfsight.com\/it\/wp-json\/wp\/v2\/pages\/6010\/revisions\/6014"}],"up":[{"embeddable":true,"href":"https:\/\/elfsight.com\/it\/wp-json\/wp\/v2\/pages\/3114"}],"wp:attachment":[{"href":"https:\/\/elfsight.com\/it\/wp-json\/wp\/v2\/media?parent=6010"}],"curies":[{"name":"wp","href":"https:\/\/api.w.org\/{rel}","templated":true}]}}