{"id":6005,"date":"1970-01-01T00:00:00","date_gmt":"1970-01-01T00:00:00","guid":{"rendered":"https:\/\/elfsight.com\/it\/?page_id=6005"},"modified":"2025-03-24T07:18:09","modified_gmt":"2025-03-24T07:18:09","slug":"godaddy","status":"publish","type":"page","link":"https:\/\/elfsight.com\/it\/store-locator-widget\/godaddy\/","title":{"rendered":"Store Locator &#8211; GoDaddy"},"content":{"rendered":"\n<div class=\"application-platform-content-item-description application-platform-content-item\" id=\"description\" data-nav-section=\"description\"> <h2>Incorpora Store Locator in GoDaddy con un plugin Elfsight<\/h2> <p>Elfsight Store Locator per GoDaddy \u00e8 un widget dinamico e personalizzabile realizzato per migliorare l&#8217;usabilit\u00e0 del tuo sito web e la soddisfazione dei clienti rendendo pi\u00f9 semplice che mai per i tuoi clienti trovare l&#8217;indirizzo della tua attivit\u00e0. Con una suite di utili funzionalit\u00e0 inventate per utilit\u00e0 e prestazioni, questo widget \u00e8 la soluzione chiave per mostrare le sedi fisiche della tua attivit\u00e0 in modo chiaro e conveniente. Aggiungilo ora e scopri come trasforma il tuo sito web in un utile strumento per la ricerca di negozi!<\/p> <p>Incorporando il widget, migliorerai la tua affidabilit\u00e0 tra i clienti fornendo informazioni dettagliate sulle sedi fisiche della tua azienda, rassicurando tutti sulla tua reale presenza. Ci\u00f2 pu\u00f2 comportare un processo decisionale pi\u00f9 rapido e una migliore esperienza di acquisto tra i clienti. <\/p><p><b>Incorpora il fantastico strumento di ricerca dei negozi per mostrare la tua posizione e i dati operativi importanti. Mostra il tuo indirizzo fisico e le informazioni pertinenti invitando ulteriori clienti in negozio. <\/b><\/p><\/div> <div class=\"application-platform-content-item-features application-platform-content-item\" id=\"features\" data-nav-section=\"features\"> <h2>Queste sono solo alcune delle numerose funzionalit\u00e0 del widget:<\/h2> <ul><li>Cancella scelta dell&#8217;indirizzo<\/li> <li>Funzioni della mappa interattiva<\/li><li>Pulsanti di interazione della posizione che supportano le integrazioni <\/li><li>Scheda della posizione semplice dopo la selezione dell&#8217;indicatore<\/li><li>Orari lavorativi e orari di apertura della posizione, stato aperto.<\/li><\/ul><p><a href=\"#demo\">Prova tutte le opzioni di personalizzazione nella demo completa<\/a><\/p><\/div> <div class=\"application-platform-content-item-installation  application-platform-content-item\" id=\"installation \" data-nav-section=\"installation \"> <h2>Come posso incorporare Store Locator nel mio sito web GoDaddy?<\/h2> <p>Segui semplicemente le istruzioni seguenti per integrare lo strumento. <\/p> <ol><li><b>Esegui il nostro editor gratuito e inizia a creare il tuo plugin personalizzato. <\/b><br> Specifica il design e gli aspetti preferiti dello strumento e salva le correzioni. <\/li> <li><b>Ricevi il codice univoco che appare nella casella delle app Elfsight. <\/b><br> Non appena la configurazione del tuo plugin personale \u00e8 terminata, copia il codice personale dal popup emerso e salvalo per un&#8217;occasione successiva. <\/li> <li><b>Inizia a utilizzare lo strumento sul tuo sito GoDaddy. <\/b><br> Incolla il codice che hai copiato di recente nel tuo sito web e applica le modifiche. <\/li> <li><b>L&#8217;installazione \u00e8 stata completata con successo. <\/b><br> Visita il tuo sito per esaminare il funzionamento del widget. <\/li><\/ol> <p>A condizione di affrontare domande o affrontare alcuni problemi, sentitevi liberi di chiedere assistenza al nostro personale del servizio clienti. Il nostro personale sar\u00e0 entusiasta di risolvere tutti i problemi che potresti riscontrare con il plugin. <\/p><\/div>\n","protected":false},"excerpt":{"rendered":"","protected":false},"author":9,"featured_media":0,"parent":3114,"menu_order":0,"comment_status":"closed","ping_status":"closed","template":"templates\/template-application-platform.php","meta":{"publish_to_discourse":"","publish_post_category":"","wpdc_auto_publish_overridden":"","wpdc_topic_tags":"","wpdc_pin_topic":"","wpdc_pin_until":"","discourse_post_id":"","discourse_permalink":"","wpdc_publishing_response":"","wpdc_publishing_error":"","footnotes":""},"class_list":["post-6005","page","type-page","status-publish","hentry"],"yoast_head":"<!-- This site is optimized with the Yoast SEO plugin v25.3.1 - https:\/\/yoast.com\/wordpress\/plugins\/seo\/ -->\n<title>Aggiungi Store Locator a GoDaddy: utilizza la funzione di ricerca negozi gratuita sui siti<\/title>\n<meta name=\"description\" content=\"Integra Store Locator personalizzabile nel sito Web GoDaddy per migliorare la soddisfazione del cliente. Utilizza la semplice demo di Elfsight per creare il widget.\" \/>\n<meta name=\"robots\" content=\"index, follow, max-snippet:-1, max-image-preview:large, max-video-preview:-1\" \/>\n<link rel=\"canonical\" href=\"https:\/\/elfsight.com\/it\/store-locator-widget\/godaddy\/\" \/>\n<meta property=\"og:locale\" content=\"it_IT\" \/>\n<meta property=\"og:type\" content=\"article\" \/>\n<meta property=\"og:title\" content=\"Aggiungi Store Locator a GoDaddy: utilizza la funzione di ricerca negozi gratuita sui siti\" \/>\n<meta property=\"og:description\" content=\"Integra Store Locator personalizzabile nel sito Web GoDaddy per migliorare la soddisfazione del cliente. Utilizza la semplice demo di Elfsight per creare il widget.\" \/>\n<meta property=\"og:url\" content=\"https:\/\/elfsight.com\/it\/store-locator-widget\/godaddy\/\" \/>\n<meta property=\"og:site_name\" content=\"Elfsight IT\" \/>\n<meta property=\"article:modified_time\" content=\"2025-03-24T07:18:09+00:00\" \/>\n<meta name=\"twitter:card\" content=\"summary_large_image\" \/>\n<meta name=\"twitter:label1\" content=\"Tempo di lettura stimato\" \/>\n\t<meta name=\"twitter:data1\" content=\"3 minuti\" \/>\n<!-- \/ Yoast SEO plugin. -->","yoast_head_json":{"title":"Aggiungi Store Locator a GoDaddy: utilizza la funzione di ricerca negozi gratuita sui siti","description":"Integra Store Locator personalizzabile nel sito Web GoDaddy per migliorare la soddisfazione del cliente. Utilizza la semplice demo di Elfsight per creare il widget.","robots":{"index":"index","follow":"follow","max-snippet":"max-snippet:-1","max-image-preview":"max-image-preview:large","max-video-preview":"max-video-preview:-1"},"canonical":"https:\/\/elfsight.com\/it\/store-locator-widget\/godaddy\/","og_locale":"it_IT","og_type":"article","og_title":"Aggiungi Store Locator a GoDaddy: utilizza la funzione di ricerca negozi gratuita sui siti","og_description":"Integra Store Locator personalizzabile nel sito Web GoDaddy per migliorare la soddisfazione del cliente. Utilizza la semplice demo di Elfsight per creare il widget.","og_url":"https:\/\/elfsight.com\/it\/store-locator-widget\/godaddy\/","og_site_name":"Elfsight IT","article_modified_time":"2025-03-24T07:18:09+00:00","twitter_card":"summary_large_image","twitter_misc":{"Tempo di lettura stimato":"3 minuti"},"schema":{"@context":"https:\/\/schema.org","@graph":[{"@type":"WebPage","@id":"https:\/\/elfsight.com\/it\/store-locator-widget\/godaddy\/","url":"https:\/\/elfsight.com\/it\/store-locator-widget\/godaddy\/","name":"Aggiungi Store Locator a GoDaddy: utilizza la funzione di ricerca negozi gratuita sui siti","isPartOf":{"@id":"https:\/\/elfsight.com\/it\/#website"},"datePublished":"1970-01-01T00:00:00+00:00","dateModified":"2025-03-24T07:18:09+00:00","description":"Integra Store Locator personalizzabile nel sito Web GoDaddy per migliorare la soddisfazione del cliente. Utilizza la semplice demo di Elfsight per creare il widget.","breadcrumb":{"@id":"https:\/\/elfsight.com\/it\/store-locator-widget\/godaddy\/#breadcrumb"},"inLanguage":"it-IT","potentialAction":[{"@type":"ReadAction","target":["https:\/\/elfsight.com\/it\/store-locator-widget\/godaddy\/"]}]},{"@type":"BreadcrumbList","@id":"https:\/\/elfsight.com\/it\/store-locator-widget\/godaddy\/#breadcrumb","itemListElement":[{"@type":"ListItem","position":1,"name":"Home","item":"https:\/\/elfsight.com\/it\/"},{"@type":"ListItem","position":2,"name":"Store Locator","item":"https:\/\/elfsight.com\/it\/store-locator-widget\/"},{"@type":"ListItem","position":3,"name":"Store Locator &#8211; GoDaddy"}]},{"@type":"WebSite","@id":"https:\/\/elfsight.com\/it\/#website","url":"https:\/\/elfsight.com\/it\/","name":"Elfsight IT","description":"Just another Elfsight Sites site","potentialAction":[{"@type":"SearchAction","target":{"@type":"EntryPoint","urlTemplate":"https:\/\/elfsight.com\/it\/?s={search_term_string}"},"query-input":{"@type":"PropertyValueSpecification","valueRequired":true,"valueName":"search_term_string"}}],"inLanguage":"it-IT"}]}},"meta_box":{"industry":"","seo_heading":"","heading":"","description":"","cta_heading":"","cta_description":"","application":"3110","h1":"Plug-in Localizzatore negozio GoDaddy","h1_caption":"Visualizza una mappa con pi\u00f9 punti vendita per aiutare i tuoi clienti a trovare facilmente la sede pi\u00f9 vicina a loro nel tuo sito web GoDaddy.","application_category":[],"applications_title":"","applications_request_title":"","applications_request_button_text":"","hero_text":"","hero_video":"","hero_video_schema_markup":"","selling_points_title":"","selling_points_caption":"","selling_points":[],"selling_points_cta_text":"","features_title":"","features":"","ed_cta_examples_text":"","ed_cta_examples_hidden":"","ed_cta_demo_text":"","ed_cta_demo_hidden":"","why_caption":"","why_editor_title":"","why_editor_text":"","why_team_title":"","why_team_text":"","why_service_title":"","why_service_text":"","template_catalog_visible":"0","template_catalog_title":"","template_catalog_text":"","template_catalog_categories_visible":"","demo_title":"Crea il tuo plugin Store Locator","demo_caption":"Configura il tuo Store Locator e aggiungilo gratuitamente al tuo sito web GoDaddy!","default_faq_hidden":"","app_template_category":[],"platform":"53","template_public_id":"","codecanyon_url":"","codecanyon_item_id":"","codecanyon_price":"","pricing_caption":"","pricing_elfsight_apps_hide_column":"","pricing_elfsight_apps_url":"","pricing_codecanyon_price_caption":"","integration_category":[],"integration_request_title":"","integration_request_cta":"","integration_platform":"","integrations":[],"platform_category":[],"video_schema_markup":"","price":"da $ 0 al mese","trial":"","benefits":[{"text":"Aiuto per l'installazione gratuito"},{"text":"Servizio clienti efficace"},{"text":"Garanzia di rimborso di 14 giorni"},{"text":"Aggiornamenti gratuiti continui"}],"button_url":"#demo","button_target_blank":"0","button_nofollow":"0","attributes":[{"name":"Installazioni"},{"name":"Reattivo","content":"S\u00cc"},{"name":"Browser compatibili","content":"Firefox, Safari, Opera, Chrome, Edge"}],"tags":[],"tags_disable_links":"0","hide_more_platforms":"0","video_object":"","demo_hide_cta":"0","demo_hide_cloud_options":"0","pricing_title":"","pricing":[{"pricing_icon":"platform","pricing_title":"Elfsight Apps","pricing_title_caption":"Versione multipiattaforma","pricing_price":"da $ 0 \/ mese","pricing_price_caption":"inizia con un piano gratuito","pricing_benefits":[{"text":"Domini illimitati"},{"text":"Supporto professionale e puntuale e ben documentato"},{"text":"Aiuto per l'installazione gratuito"},{"text":"Progettazione flessibile"}],"pricing_button_text":"Aggiungi al sito web","pricing_button_url":"#demo"}],"related_apps_title":"","related_apps_hidden":"0","author":"","image":[],"title":"","job":"","social_networks":[]},"_links":{"self":[{"href":"https:\/\/elfsight.com\/it\/wp-json\/wp\/v2\/pages\/6005","targetHints":{"allow":["GET"]}}],"collection":[{"href":"https:\/\/elfsight.com\/it\/wp-json\/wp\/v2\/pages"}],"about":[{"href":"https:\/\/elfsight.com\/it\/wp-json\/wp\/v2\/types\/page"}],"author":[{"embeddable":true,"href":"https:\/\/elfsight.com\/it\/wp-json\/wp\/v2\/users\/9"}],"replies":[{"embeddable":true,"href":"https:\/\/elfsight.com\/it\/wp-json\/wp\/v2\/comments?post=6005"}],"version-history":[{"count":2,"href":"https:\/\/elfsight.com\/it\/wp-json\/wp\/v2\/pages\/6005\/revisions"}],"predecessor-version":[{"id":9905,"href":"https:\/\/elfsight.com\/it\/wp-json\/wp\/v2\/pages\/6005\/revisions\/9905"}],"up":[{"embeddable":true,"href":"https:\/\/elfsight.com\/it\/wp-json\/wp\/v2\/pages\/3114"}],"wp:attachment":[{"href":"https:\/\/elfsight.com\/it\/wp-json\/wp\/v2\/media?parent=6005"}],"curies":[{"name":"wp","href":"https:\/\/api.w.org\/{rel}","templated":true}]}}