{"id":6004,"date":"1970-01-01T00:00:00","date_gmt":"1970-01-01T00:00:00","guid":{"rendered":"https:\/\/elfsight.com\/it\/?page_id=6004"},"modified":"2024-11-11T11:17:29","modified_gmt":"2024-11-11T11:17:29","slug":"google-sites","status":"publish","type":"page","link":"https:\/\/elfsight.com\/it\/store-locator-widget\/google-sites\/","title":{"rendered":"Store Locator &#8211; Google Sites"},"content":{"rendered":"<div class=\"application-platform-content-item-description application-platform-content-item\" id=\"description\" data-nav-section=\"description\"> <h2>Incorpora Store Locator in Google Sites con un plug-in Elfsight<\/h2> <p>Elfsight Store Locator per Google Sites \u00e8 uno strumento vivace e flessibile widget progettato per aumentare l&#8217;utilit\u00e0 del tuo sito web e il coinvolgimento dei clienti rendendo pi\u00f9 semplice che mai per i tuoi clienti trovare la strada per raggiungere la tua posizione. Con una serie di potenti funzionalit\u00e0 su misura per utilit\u00e0 e prestazioni, questo widget \u00e8 la soluzione perfetta per mostrare le sedi fisiche della tua attivit\u00e0 in modo chiaro e conveniente. Controllalo subito e nota come trasforma il tuo sito web in un meraviglioso strumento per la ricerca di negozi!<\/p> <p>Utilizzando il widget, aumenterai la tua affidabilit\u00e0 tra i clienti fornendo informazioni dettagliate sulle sedi fisiche della tua attivit\u00e0, rassicurandoli sulla tua posizione consolidata presenza. Ci\u00f2 potrebbe comportare un processo decisionale pi\u00f9 rapido e una migliore esperienza di acquisto tra i visitatori. <\/p><p><b>Prova l&#8217;incredibile funzione di ricerca negozi per condividere la tua posizione e dati aziendali utili. Fornisci il tuo indirizzo attuale e informazioni pertinenti per attirare nuovi visitatori in negozio. <\/b><\/p> <\/div> <div class=\"application-platform-content-item-features application-platform-content-item\" id=\"features\" data-nav-section=\"features\"> <h2>Offriamo funzionalit\u00e0 utili e veloci, guardane alcune:<\/h2> <ul><li>Selezione dinamica della posizione<\/li><li>Opzioni mappa interattiva<\/li><li>Pulsanti di azione sulla posizione che supportano le integrazioni <\/li><li>Scheda di posizione dettagliata al clic sull&#8217;indicatore<\/li><li>Tempo e tempo di funzionamento della posizione stato dell&#8217;attivit\u00e0<\/li><\/ul><p><a href=\"#demo\">Prova semplicemente questa demo per vedere come funziona<\/a><\/p><\/div> <div class=\"application-platform-content-item-installation  application-platform-content-item\" id=\"installation \" data-nav-section=\"installation \"> <h2>Come posso integrare Store Locator nella mia pagina web di Google Sites?<\/h2> <p>Basta applicare le istruzioni seguenti per inserire il plug-in. <\/p> <ol><li><b>Lancia il nostro editor gratuito e inizia a creare il tuo widget personalizzato. <\/b><br> Determina il design personalizzato e i parametri del plugin e salva le modifiche. <\/li> <li><b>Ricevi il tuo codice univoco che viene mostrato nella casella su Elfsight Apps. <\/b><br> Dopo aver completato la personalizzazione del tuo plugin personale, copia il codice esclusivo nella finestra visualizzata e conservalo per necessit\u00e0 successive. <\/li> <li><b>Inizia a utilizzare lo strumento nella pagina web di Google Sites. <\/b><br> Inserisci il codice che hai salvato in precedenza nella tua pagina web e salva le modifiche. <\/li> <li><b>Fatto! L&#8217;installazione \u00e8 terminata con successo. <\/b><br> Visita la tua pagina web per verificare il funzionamento dello strumento. <\/li><\/ol> <p>Se hai domande o incontri difficolt\u00e0, contatta il nostro team di supporto. Il nostro personale \u00e8 ansioso di risolvere tutti i problemi che potresti avere con il prodotto. <\/p> <\/div>","protected":false},"excerpt":{"rendered":"","protected":false},"author":9,"featured_media":0,"parent":3114,"menu_order":0,"comment_status":"closed","ping_status":"closed","template":"templates\/template-application-platform.php","meta":{"publish_to_discourse":"","publish_post_category":"","wpdc_auto_publish_overridden":"","wpdc_topic_tags":"","wpdc_pin_topic":"","wpdc_pin_until":"","discourse_post_id":"","discourse_permalink":"","wpdc_publishing_response":"","wpdc_publishing_error":"","footnotes":""},"class_list":["post-6004","page","type-page","status-publish","hentry"],"yoast_head":"<!-- This site is optimized with the Yoast SEO plugin v25.3.1 - https:\/\/yoast.com\/wordpress\/plugins\/seo\/ -->\n<title>Aggiungi Store Locator a Google Sites per presentare i tuoi negozi fisici<\/title>\n<meta name=\"description\" content=\"Integra Store Locator nel sito web di Google Sites per la soddisfazione del cliente. Utilizza la semplice demo di Elfsight per creare widget accattivanti.\" \/>\n<meta name=\"robots\" content=\"index, follow, max-snippet:-1, max-image-preview:large, max-video-preview:-1\" \/>\n<link rel=\"canonical\" href=\"https:\/\/elfsight.com\/it\/store-locator-widget\/google-sites\/\" \/>\n<meta property=\"og:locale\" content=\"it_IT\" \/>\n<meta property=\"og:type\" content=\"article\" \/>\n<meta property=\"og:title\" content=\"Aggiungi Store Locator a Google Sites per presentare i tuoi negozi fisici\" \/>\n<meta property=\"og:description\" content=\"Integra Store Locator nel sito web di Google Sites per la soddisfazione del cliente. Utilizza la semplice demo di Elfsight per creare widget accattivanti.\" \/>\n<meta property=\"og:url\" content=\"https:\/\/elfsight.com\/it\/store-locator-widget\/google-sites\/\" \/>\n<meta property=\"og:site_name\" content=\"Elfsight IT\" \/>\n<meta property=\"article:modified_time\" content=\"2024-11-11T11:17:29+00:00\" \/>\n<meta name=\"twitter:card\" content=\"summary_large_image\" \/>\n<meta name=\"twitter:label1\" content=\"Tempo di lettura stimato\" \/>\n\t<meta name=\"twitter:data1\" content=\"2 minuti\" \/>\n<!-- \/ Yoast SEO plugin. -->","yoast_head_json":{"title":"Aggiungi Store Locator a Google Sites per presentare i tuoi negozi fisici","description":"Integra Store Locator nel sito web di Google Sites per la soddisfazione del cliente. Utilizza la semplice demo di Elfsight per creare widget accattivanti.","robots":{"index":"index","follow":"follow","max-snippet":"max-snippet:-1","max-image-preview":"max-image-preview:large","max-video-preview":"max-video-preview:-1"},"canonical":"https:\/\/elfsight.com\/it\/store-locator-widget\/google-sites\/","og_locale":"it_IT","og_type":"article","og_title":"Aggiungi Store Locator a Google Sites per presentare i tuoi negozi fisici","og_description":"Integra Store Locator nel sito web di Google Sites per la soddisfazione del cliente. Utilizza la semplice demo di Elfsight per creare widget accattivanti.","og_url":"https:\/\/elfsight.com\/it\/store-locator-widget\/google-sites\/","og_site_name":"Elfsight IT","article_modified_time":"2024-11-11T11:17:29+00:00","twitter_card":"summary_large_image","twitter_misc":{"Tempo di lettura stimato":"2 minuti"},"schema":{"@context":"https:\/\/schema.org","@graph":[{"@type":"WebPage","@id":"https:\/\/elfsight.com\/it\/store-locator-widget\/google-sites\/","url":"https:\/\/elfsight.com\/it\/store-locator-widget\/google-sites\/","name":"Aggiungi Store Locator a Google Sites per presentare i tuoi negozi fisici","isPartOf":{"@id":"https:\/\/elfsight.com\/it\/#website"},"datePublished":"1970-01-01T00:00:00+00:00","dateModified":"2024-11-11T11:17:29+00:00","description":"Integra Store Locator nel sito web di Google Sites per la soddisfazione del cliente. Utilizza la semplice demo di Elfsight per creare widget accattivanti.","breadcrumb":{"@id":"https:\/\/elfsight.com\/it\/store-locator-widget\/google-sites\/#breadcrumb"},"inLanguage":"it-IT","potentialAction":[{"@type":"ReadAction","target":["https:\/\/elfsight.com\/it\/store-locator-widget\/google-sites\/"]}]},{"@type":"BreadcrumbList","@id":"https:\/\/elfsight.com\/it\/store-locator-widget\/google-sites\/#breadcrumb","itemListElement":[{"@type":"ListItem","position":1,"name":"Home","item":"https:\/\/elfsight.com\/it\/"},{"@type":"ListItem","position":2,"name":"Store Locator","item":"https:\/\/elfsight.com\/it\/store-locator-widget\/"},{"@type":"ListItem","position":3,"name":"Store Locator &#8211; Google Sites"}]},{"@type":"WebSite","@id":"https:\/\/elfsight.com\/it\/#website","url":"https:\/\/elfsight.com\/it\/","name":"Elfsight IT","description":"Just another Elfsight Sites site","potentialAction":[{"@type":"SearchAction","target":{"@type":"EntryPoint","urlTemplate":"https:\/\/elfsight.com\/it\/?s={search_term_string}"},"query-input":{"@type":"PropertyValueSpecification","valueRequired":true,"valueName":"search_term_string"}}],"inLanguage":"it-IT"}]}},"meta_box":{"industry":"","seo_heading":"","heading":"","description":"","cta_heading":"","cta_description":"","application":"3110","h1":"Plug-in Localizzatore negozi di Google Sites","h1_caption":"Visualizza una mappa con pi\u00f9 punti vendita per aiutare i tuoi clienti a trovare facilmente il punto vendita pi\u00f9 vicino a loro nei tuoi siti Google.","application_category":[],"applications_title":"","applications_request_title":"","applications_request_button_text":"","hero_text":"","hero_video":"","hero_video_schema_markup":"","selling_points_title":"","selling_points_caption":"","selling_points":[],"selling_points_cta_text":"","features_title":"","features":"","ed_cta_examples_text":"","ed_cta_examples_hidden":"","ed_cta_demo_text":"","ed_cta_demo_hidden":"","why_caption":"","why_editor_title":"","why_editor_text":"","why_team_title":"","why_team_text":"","why_service_title":"","why_service_text":"","template_catalog_visible":"","template_catalog_title":"","template_catalog_text":"","template_catalog_categories_visible":"","demo_title":"Crea il tuo widget Store Locator","demo_caption":"Configura il tuo Store Locator e aggiungilo gratuitamente al tuo sito web di Google Sites!","default_faq_hidden":"","app_template_category":[],"platform":"105","template_public_id":"","codecanyon_url":"","codecanyon_item_id":"","codecanyon_price":"","pricing_caption":"","pricing_elfsight_apps_hide_column":"","pricing_elfsight_apps_url":"","pricing_codecanyon_price_caption":"","integration_category":[],"integration_request_title":"","integration_request_cta":"","integration_platform":"","integrations":[],"platform_category":[],"video_schema_markup":"","price":"da $ 0 al mese","trial":"","benefits":[{"text":"Servizio di installazione gratuito"},{"text":"Servizio clienti competente"},{"text":"Garanzia di rimborso di 14 giorni"},{"text":"Sviluppo continuo"}],"button_url":"#demo","button_target_blank":"","button_nofollow":"","attributes":[{"name":"Installazioni"},{"name":"Reattivo","content":"S\u00cc"},{"name":"Browser compatibili","content":"Firefox, Safari, Opera, Chrome, Edge"}],"tags":[],"tags_disable_links":"","hide_more_platforms":"","video_object":"","demo_hide_cta":"","demo_hide_cloud_options":"","pricing_title":"","pricing":[{"pricing_icon":"platform","pricing_title":"Elfsight Apps","pricing_title_caption":"Soluzione digitale multipiattaforma adatta a qualsiasi sito","pricing_price":"da $ 0 \/ mese","pricing_price_caption":"inizia con un piano gratuito","pricing_benefits":[{"text":"Domini illimitati"},{"text":"Supporto rapido e ben documentato"},{"text":"Assistenza gratuita per l'installazione"},{"text":"Completamente personalizzabile"}],"pricing_button_text":"Aggiungi al sito web","pricing_button_url":"#demo"}],"related_apps_title":"","related_apps_hidden":"","author":"","image":[],"title":"","job":"","social_networks":[]},"_links":{"self":[{"href":"https:\/\/elfsight.com\/it\/wp-json\/wp\/v2\/pages\/6004","targetHints":{"allow":["GET"]}}],"collection":[{"href":"https:\/\/elfsight.com\/it\/wp-json\/wp\/v2\/pages"}],"about":[{"href":"https:\/\/elfsight.com\/it\/wp-json\/wp\/v2\/types\/page"}],"author":[{"embeddable":true,"href":"https:\/\/elfsight.com\/it\/wp-json\/wp\/v2\/users\/9"}],"replies":[{"embeddable":true,"href":"https:\/\/elfsight.com\/it\/wp-json\/wp\/v2\/comments?post=6004"}],"version-history":[{"count":1,"href":"https:\/\/elfsight.com\/it\/wp-json\/wp\/v2\/pages\/6004\/revisions"}],"predecessor-version":[{"id":6008,"href":"https:\/\/elfsight.com\/it\/wp-json\/wp\/v2\/pages\/6004\/revisions\/6008"}],"up":[{"embeddable":true,"href":"https:\/\/elfsight.com\/it\/wp-json\/wp\/v2\/pages\/3114"}],"wp:attachment":[{"href":"https:\/\/elfsight.com\/it\/wp-json\/wp\/v2\/media?parent=6004"}],"curies":[{"name":"wp","href":"https:\/\/api.w.org\/{rel}","templated":true}]}}