{"id":6003,"date":"1970-01-01T00:00:00","date_gmt":"1970-01-01T00:00:00","guid":{"rendered":"https:\/\/elfsight.com\/it\/?page_id=6003"},"modified":"2024-11-11T11:17:29","modified_gmt":"2024-11-11T11:17:29","slug":"html","status":"publish","type":"page","link":"https:\/\/elfsight.com\/it\/store-locator-widget\/html\/","title":{"rendered":"Store Locator &#8211; HTML"},"content":{"rendered":"<div class=\"application-platform-content-item-description application-platform-content-item\" id=\"description\" data-nav-section=\"description\"> <h2>Incorpora Store Locator in HTML con un widget Elfsight<\/h2> <p>Elfsight Store Locator per HTML \u00e8 un widget potente e flessibile progettato per aumentare la comodit\u00e0 del tuo sito web e il coinvolgimento dei clienti rendendo pi\u00f9 semplice che mai per i tuoi clienti trovare la strada per raggiungere i tuoi negozi. Con una serie di potenti funzionalit\u00e0 introdotte per efficienza e prestazioni, questo widget \u00e8 la soluzione ideale per mostrare le sedi fisiche della tua attivit\u00e0 in modo chiaro e conveniente. Aggiungilo subito e scopri come trasforma il tuo sito web in un meraviglioso strumento di ricerca negozi!<\/p> <p>Integrando il widget, migliorerai la tua affidabilit\u00e0 tra i visitatori fornendo informazioni dettagliate sulle posizioni fisiche della tua organizzazione, rassicurandoli sulla tua presenza solida. Ci\u00f2 si tradurr\u00e0 in un migliore processo decisionale e in una migliore esperienza di acquisto tra i clienti. <\/p><p><b>Incorpora lo straordinario strumento di ricerca negozi per condividere la tua posizione e dati aziendali significativi. Evidenzia il tuo indirizzo attuale e le informazioni utili per attirare ulteriori clienti in negozio. <\/b><\/p><\/div> <div class=\"application-platform-content-item-features application-platform-content-item\" id=\"features\" data-nav-section=\"features\"> <h2>Di seguito sono elencate le caratteristiche essenziali del widget:<\/h2> <ul><li>Selezione semplice dell&#8217;indirizzo<\/li><li>Caratteristiche della mappa interattiva<\/li><li>Pulsanti di azione della posizione abilitati con le integrazioni <\/li><li>Scheda della posizione semplice facendo clic sull&#8217;indicatore<\/li><li>Orari di apertura e orari di apertura della posizione. stato aperto<\/li><\/ul><p><a href=\"#demo\">Puoi provare tutte le funzionalit\u00e0 del widget nella demo <\/a><\/p> <\/div> <div class=\"application-platform-content-item-installazione application-platform-content-item\" id=\"installazione\" data-nav-section=\"installazione\"> <h2>Come posso incorporare Store Locator nella mia pagina web HTML?<\/h2> <p>Segui semplicemente le linee guida seguenti per incorporare il widget. <\/p> <ol><li><b>Utilizza il nostro editor gratuito e inizia a formare il tuo strumento unico. <\/b><br> Trova il design e gli aspetti selezionati del widget e applica le modifiche. <\/li> <li><b>Copia il tuo codice individuale che viene mostrato nella finestra sulle app Elfsight. <\/b><br> Subito dopo aver completato la creazione del tuo strumento personale, copia il codice individuale nella finestra che appare e conservalo per necessit\u00e0 successive. <\/li> <li><b>Inizia a utilizzare il widget sul tuo sito web HTML. <\/b><br> Incorpora il codice copiato in precedenza nella tua home page e salva le modifiche. <\/li> <li><b>L&#8217;installazione \u00e8 completamente terminata. <\/b><br> Vai al tuo sito web per controllare il funzionamento del plugin. <\/li><\/ol> <p>In caso di complicazioni, non esitare a contattare il nostro team di assistenza clienti. I nostri specialisti sono desiderosi di aiutarti con tutte le domande che potresti avere sul prodotto. <\/p><\/div>","protected":false},"excerpt":{"rendered":"","protected":false},"author":9,"featured_media":0,"parent":3114,"menu_order":0,"comment_status":"closed","ping_status":"closed","template":"templates\/template-application-platform.php","meta":{"publish_to_discourse":"","publish_post_category":"","wpdc_auto_publish_overridden":"","wpdc_topic_tags":"","wpdc_pin_topic":"","wpdc_pin_until":"","discourse_post_id":"","discourse_permalink":"","wpdc_publishing_response":"","wpdc_publishing_error":"","footnotes":""},"class_list":["post-6003","page","type-page","status-publish","hentry"],"yoast_head":"<!-- This site is optimized with the Yoast SEO plugin v25.3.1 - https:\/\/yoast.com\/wordpress\/plugins\/seo\/ -->\n<title>Integra Store Locator per attirare pi\u00f9 clienti in negozio<\/title>\n<meta name=\"description\" content=\"Aggiungi Store Locator personalizzabile ai siti Web HTML per una migliore credibilit\u00e0. Utilizza una comoda demo di Elfsight per creare il widget accattivante.\" \/>\n<meta name=\"robots\" content=\"index, follow, max-snippet:-1, max-image-preview:large, max-video-preview:-1\" \/>\n<link rel=\"canonical\" href=\"https:\/\/elfsight.com\/it\/store-locator-widget\/html\/\" \/>\n<meta property=\"og:locale\" content=\"it_IT\" \/>\n<meta property=\"og:type\" content=\"article\" \/>\n<meta property=\"og:title\" content=\"Integra Store Locator per attirare pi\u00f9 clienti in negozio\" \/>\n<meta property=\"og:description\" content=\"Aggiungi Store Locator personalizzabile ai siti Web HTML per una migliore credibilit\u00e0. Utilizza una comoda demo di Elfsight per creare il widget accattivante.\" \/>\n<meta property=\"og:url\" content=\"https:\/\/elfsight.com\/it\/store-locator-widget\/html\/\" \/>\n<meta property=\"og:site_name\" content=\"Elfsight IT\" \/>\n<meta property=\"article:modified_time\" content=\"2024-11-11T11:17:29+00:00\" \/>\n<meta name=\"twitter:card\" content=\"summary_large_image\" \/>\n<meta name=\"twitter:label1\" content=\"Tempo di lettura stimato\" \/>\n\t<meta name=\"twitter:data1\" content=\"2 minuti\" \/>\n<!-- \/ Yoast SEO plugin. -->","yoast_head_json":{"title":"Integra Store Locator per attirare pi\u00f9 clienti in negozio","description":"Aggiungi Store Locator personalizzabile ai siti Web HTML per una migliore credibilit\u00e0. Utilizza una comoda demo di Elfsight per creare il widget accattivante.","robots":{"index":"index","follow":"follow","max-snippet":"max-snippet:-1","max-image-preview":"max-image-preview:large","max-video-preview":"max-video-preview:-1"},"canonical":"https:\/\/elfsight.com\/it\/store-locator-widget\/html\/","og_locale":"it_IT","og_type":"article","og_title":"Integra Store Locator per attirare pi\u00f9 clienti in negozio","og_description":"Aggiungi Store Locator personalizzabile ai siti Web HTML per una migliore credibilit\u00e0. Utilizza una comoda demo di Elfsight per creare il widget accattivante.","og_url":"https:\/\/elfsight.com\/it\/store-locator-widget\/html\/","og_site_name":"Elfsight IT","article_modified_time":"2024-11-11T11:17:29+00:00","twitter_card":"summary_large_image","twitter_misc":{"Tempo di lettura stimato":"2 minuti"},"schema":{"@context":"https:\/\/schema.org","@graph":[{"@type":"WebPage","@id":"https:\/\/elfsight.com\/it\/store-locator-widget\/html\/","url":"https:\/\/elfsight.com\/it\/store-locator-widget\/html\/","name":"Integra Store Locator per attirare pi\u00f9 clienti in negozio","isPartOf":{"@id":"https:\/\/elfsight.com\/it\/#website"},"datePublished":"1970-01-01T00:00:00+00:00","dateModified":"2024-11-11T11:17:29+00:00","description":"Aggiungi Store Locator personalizzabile ai siti Web HTML per una migliore credibilit\u00e0. Utilizza una comoda demo di Elfsight per creare il widget accattivante.","breadcrumb":{"@id":"https:\/\/elfsight.com\/it\/store-locator-widget\/html\/#breadcrumb"},"inLanguage":"it-IT","potentialAction":[{"@type":"ReadAction","target":["https:\/\/elfsight.com\/it\/store-locator-widget\/html\/"]}]},{"@type":"BreadcrumbList","@id":"https:\/\/elfsight.com\/it\/store-locator-widget\/html\/#breadcrumb","itemListElement":[{"@type":"ListItem","position":1,"name":"Home","item":"https:\/\/elfsight.com\/it\/"},{"@type":"ListItem","position":2,"name":"Store Locator","item":"https:\/\/elfsight.com\/it\/store-locator-widget\/"},{"@type":"ListItem","position":3,"name":"Store Locator &#8211; HTML"}]},{"@type":"WebSite","@id":"https:\/\/elfsight.com\/it\/#website","url":"https:\/\/elfsight.com\/it\/","name":"Elfsight IT","description":"Just another Elfsight Sites site","potentialAction":[{"@type":"SearchAction","target":{"@type":"EntryPoint","urlTemplate":"https:\/\/elfsight.com\/it\/?s={search_term_string}"},"query-input":{"@type":"PropertyValueSpecification","valueRequired":true,"valueName":"search_term_string"}}],"inLanguage":"it-IT"}]}},"meta_box":{"industry":"","seo_heading":"","heading":"","description":"","cta_heading":"","cta_description":"","application":"3110","h1":"Widget Localizzatore negozio HTML","h1_caption":"Visualizza una mappa con pi\u00f9 punti vendita per aiutare i tuoi clienti a trovare facilmente la sede pi\u00f9 vicina a loro nel tuo sito web HTML.","application_category":[],"applications_title":"","applications_request_title":"","applications_request_button_text":"","hero_text":"","hero_video":"","hero_video_schema_markup":"","selling_points_title":"","selling_points_caption":"","selling_points":[],"selling_points_cta_text":"","features_title":"","features":"","ed_cta_examples_text":"","ed_cta_examples_hidden":"","ed_cta_demo_text":"","ed_cta_demo_hidden":"","why_caption":"","why_editor_title":"","why_editor_text":"","why_team_title":"","why_team_text":"","why_service_title":"","why_service_text":"","template_catalog_visible":"","template_catalog_title":"","template_catalog_text":"","template_catalog_categories_visible":"","demo_title":"Crea il tuo widget Store Locator","demo_caption":"Configura il tuo Store Locator e aggiungilo gratuitamente al tuo sito HTML!","default_faq_hidden":"","app_template_category":[],"platform":"35","template_public_id":"","codecanyon_url":"","codecanyon_item_id":"","codecanyon_price":"","pricing_caption":"","pricing_elfsight_apps_hide_column":"","pricing_elfsight_apps_url":"","pricing_codecanyon_price_caption":"","integration_category":[],"integration_request_title":"","integration_request_cta":"","integration_platform":"","integrations":[],"platform_category":[],"video_schema_markup":"","price":"da $ 0 al mese","trial":"","benefits":[{"text":"Assistenza gratuita per l'installazione"},{"text":"Servizio clienti competente"},{"text":"Garanzia di rimborso di 14 giorni"},{"text":"Sviluppo continuo"}],"button_url":"#demo","button_target_blank":"","button_nofollow":"","attributes":[{"name":"Installazioni"},{"name":"Reattivo","content":"S\u00cc"},{"name":"Browser compatibili","content":"Firefox, Safari, Opera, Chrome, Edge"}],"tags":[],"tags_disable_links":"","hide_more_platforms":"","video_object":"","demo_hide_cta":"","demo_hide_cloud_options":"","pricing_title":"","pricing":[{"pricing_icon":"platform","pricing_title":"Elfsight Apps","pricing_title_caption":"Versione indipendente dalla piattaforma che funziona su qualsiasi sito","pricing_price":"da $ 0 \/ mese","pricing_price_caption":"inizia con un piano gratuito","pricing_benefits":[{"text":"Siti web illimitati"},{"text":"Supporto aziendale rapido e ben documentato"},{"text":"Supporto per l'installazione senza costi"},{"text":"Completamente personalizzabile"}],"pricing_button_text":"Aggiungi al sito web","pricing_button_url":"#demo"}],"related_apps_title":"","related_apps_hidden":"","author":"","image":[],"title":"","job":"","social_networks":[]},"_links":{"self":[{"href":"https:\/\/elfsight.com\/it\/wp-json\/wp\/v2\/pages\/6003","targetHints":{"allow":["GET"]}}],"collection":[{"href":"https:\/\/elfsight.com\/it\/wp-json\/wp\/v2\/pages"}],"about":[{"href":"https:\/\/elfsight.com\/it\/wp-json\/wp\/v2\/types\/page"}],"author":[{"embeddable":true,"href":"https:\/\/elfsight.com\/it\/wp-json\/wp\/v2\/users\/9"}],"replies":[{"embeddable":true,"href":"https:\/\/elfsight.com\/it\/wp-json\/wp\/v2\/comments?post=6003"}],"version-history":[{"count":1,"href":"https:\/\/elfsight.com\/it\/wp-json\/wp\/v2\/pages\/6003\/revisions"}],"predecessor-version":[{"id":6007,"href":"https:\/\/elfsight.com\/it\/wp-json\/wp\/v2\/pages\/6003\/revisions\/6007"}],"up":[{"embeddable":true,"href":"https:\/\/elfsight.com\/it\/wp-json\/wp\/v2\/pages\/3114"}],"wp:attachment":[{"href":"https:\/\/elfsight.com\/it\/wp-json\/wp\/v2\/media?parent=6003"}],"curies":[{"name":"wp","href":"https:\/\/api.w.org\/{rel}","templated":true}]}}