{"id":5996,"date":"1970-01-01T00:00:00","date_gmt":"1970-01-01T00:00:00","guid":{"rendered":"https:\/\/elfsight.com\/it\/?page_id=5996"},"modified":"2024-11-11T11:17:21","modified_gmt":"2024-11-11T11:17:21","slug":"joomla","status":"publish","type":"page","link":"https:\/\/elfsight.com\/it\/store-locator-widget\/joomla\/","title":{"rendered":"Store Locator &#8211; Joomla"},"content":{"rendered":"<div class=\"application-platform-content-item-description application-platform-content-item\" id=\"description\" data-nav-section=\"description\"> <h2>Incorpora Store Locator in Joomla con un&#8217;estensione Elfsight<\/h2> <p>Elfsight Store Locator per Joomla \u00e8 un widget vivace e regolabile progettato per migliorare l&#8217;usabilit\u00e0 del tuo sito web e la soddisfazione dei clienti rendendo pi\u00f9 facile che mai per i tuoi clienti trovare i tuoi negozi. Con una suite di potenti funzionalit\u00e0 inventate per versatilit\u00e0 e prestazioni, questo widget \u00e8 la soluzione chiave per mostrare le sedi fisiche della tua attivit\u00e0 in modo chiaro e intuitivo. Provalo subito e scopri come trasforma il tuo sito web in un potente strumento di ricerca negozi!<\/p> <p>Integrando il widget, aumenterai la tua affidabilit\u00e0 tra i clienti condividendo informazioni dettagliate relative alle sedi fisiche della tua attivit\u00e0, rassicurando tutti i tuoi presenza solida. Ci\u00f2 si tradurr\u00e0 in un migliore processo decisionale e in una solida esperienza di acquisto tra i clienti. <\/p><p><b>Aggiungi l&#8217;incredibile funzione di ricerca negozi per mostrare la tua posizione e i dati importanti della tua azienda. Fornisci il tuo indirizzo reale e informazioni pertinenti per invitare pi\u00f9 clienti in negozio. <\/b><\/p><\/div> <div class=\"application-platform-content-item-features application-platform-content-item\" id=\"features\" data-nav-section=\"features\"> <h2>Visualizza l&#8217;elenco delle funzionalit\u00e0 pi\u00f9 importanti:<\/h2> <ul><li>Cancella selezione della posizione<\/li><li>Caratteristiche della mappa orientate all&#8217;utente<\/li><li>Pulsanti CTA della posizione che supportano le integrazioni <\/li><li>Scheda della posizione dettagliata al clic dell&#8217;indicatore<\/li><li>Orario di lavoro e orario di lavoro della posizione stato aperto<\/li><\/ul><p><a href=\"#demo\">Puoi testare subito tutte le funzionalit\u00e0 del widget nella demo<\/a><\/p> <\/div> <div class=\"application-platform-content-item-installazione application-platform-content-item\" id=\"installazione\" data-nav-section=\"installazione\"> <h2>Come posso integrare Store Locator nel mio sito web Joomla?<\/h2> <p>Segui semplicemente le linee guida seguenti per attivare il widget. <\/p> <ol><li><b>Apri la nostra demo gratuita e inizia a dare forma al tuo plugin personalizzato. <\/b><br> Specifica il design e le specifiche desiderabili dello strumento e salva le modifiche. <\/li> <li><b>Ricevi il tuo codice individuale mostrato nella finestra sulle app Elfsight. <\/b><br> Subito dopo aver completato la creazione del tuo plugin personale, copia il codice esclusivo nella casella visualizzata e conservalo per necessit\u00e0 future. <\/li> <li><b>Avvia l&#8217;utilizzo del widget sul sito web Joomla. <\/b><br> Incolla il codice copiato di recente nella tua pagina web e applica le modifiche. <\/li> <li><b>Fatto! L&#8217;incorporamento \u00e8 stato completamente eseguito. <\/b><br> Visita la tua pagina per verificare il funzionamento dello strumento. <\/li><\/ol> <p>Se dovessi affrontare domande o incontrare alcune complicazioni, non esitare a metterti in contatto con il nostro team di supporto. I nostri specialisti saranno lieti di aiutarti con tutte le difficolt\u00e0 che potresti incontrare con il plugin. <\/p><\/div>","protected":false},"excerpt":{"rendered":"","protected":false},"author":9,"featured_media":0,"parent":3114,"menu_order":0,"comment_status":"closed","ping_status":"closed","template":"templates\/template-application-platform.php","meta":{"publish_to_discourse":"","publish_post_category":"","wpdc_auto_publish_overridden":"","wpdc_topic_tags":"","wpdc_pin_topic":"","wpdc_pin_until":"","discourse_post_id":"","discourse_permalink":"","wpdc_publishing_response":"","wpdc_publishing_error":"","footnotes":""},"class_list":["post-5996","page","type-page","status-publish","hentry"],"yoast_head":"<!-- This site is optimized with the Yoast SEO plugin v25.3.1 - https:\/\/yoast.com\/wordpress\/plugins\/seo\/ -->\n<title>Aggiungi Store Locator a Joomla: prova la soluzione gratuita per la ricerca della posizione<\/title>\n<meta name=\"description\" content=\"Aggiungi Store Locator personalizzabile alle pagine del tuo sito web Joomla per aumentare le conversioni. Utilizza una semplice demo di Elfsight per creare il widget.\" \/>\n<meta name=\"robots\" content=\"index, follow, max-snippet:-1, max-image-preview:large, max-video-preview:-1\" \/>\n<link rel=\"canonical\" href=\"https:\/\/elfsight.com\/it\/store-locator-widget\/joomla\/\" \/>\n<meta property=\"og:locale\" content=\"it_IT\" \/>\n<meta property=\"og:type\" content=\"article\" \/>\n<meta property=\"og:title\" content=\"Aggiungi Store Locator a Joomla: prova la soluzione gratuita per la ricerca della posizione\" \/>\n<meta property=\"og:description\" content=\"Aggiungi Store Locator personalizzabile alle pagine del tuo sito web Joomla per aumentare le conversioni. Utilizza una semplice demo di Elfsight per creare il widget.\" \/>\n<meta property=\"og:url\" content=\"https:\/\/elfsight.com\/it\/store-locator-widget\/joomla\/\" \/>\n<meta property=\"og:site_name\" content=\"Elfsight IT\" \/>\n<meta property=\"article:modified_time\" content=\"2024-11-11T11:17:21+00:00\" \/>\n<meta name=\"twitter:card\" content=\"summary_large_image\" \/>\n<meta name=\"twitter:label1\" content=\"Tempo di lettura stimato\" \/>\n\t<meta name=\"twitter:data1\" content=\"2 minuti\" \/>\n<!-- \/ Yoast SEO plugin. -->","yoast_head_json":{"title":"Aggiungi Store Locator a Joomla: prova la soluzione gratuita per la ricerca della posizione","description":"Aggiungi Store Locator personalizzabile alle pagine del tuo sito web Joomla per aumentare le conversioni. Utilizza una semplice demo di Elfsight per creare il widget.","robots":{"index":"index","follow":"follow","max-snippet":"max-snippet:-1","max-image-preview":"max-image-preview:large","max-video-preview":"max-video-preview:-1"},"canonical":"https:\/\/elfsight.com\/it\/store-locator-widget\/joomla\/","og_locale":"it_IT","og_type":"article","og_title":"Aggiungi Store Locator a Joomla: prova la soluzione gratuita per la ricerca della posizione","og_description":"Aggiungi Store Locator personalizzabile alle pagine del tuo sito web Joomla per aumentare le conversioni. Utilizza una semplice demo di Elfsight per creare il widget.","og_url":"https:\/\/elfsight.com\/it\/store-locator-widget\/joomla\/","og_site_name":"Elfsight IT","article_modified_time":"2024-11-11T11:17:21+00:00","twitter_card":"summary_large_image","twitter_misc":{"Tempo di lettura stimato":"2 minuti"},"schema":{"@context":"https:\/\/schema.org","@graph":[{"@type":"WebPage","@id":"https:\/\/elfsight.com\/it\/store-locator-widget\/joomla\/","url":"https:\/\/elfsight.com\/it\/store-locator-widget\/joomla\/","name":"Aggiungi Store Locator a Joomla: prova la soluzione gratuita per la ricerca della posizione","isPartOf":{"@id":"https:\/\/elfsight.com\/it\/#website"},"datePublished":"1970-01-01T00:00:00+00:00","dateModified":"2024-11-11T11:17:21+00:00","description":"Aggiungi Store Locator personalizzabile alle pagine del tuo sito web Joomla per aumentare le conversioni. Utilizza una semplice demo di Elfsight per creare il widget.","breadcrumb":{"@id":"https:\/\/elfsight.com\/it\/store-locator-widget\/joomla\/#breadcrumb"},"inLanguage":"it-IT","potentialAction":[{"@type":"ReadAction","target":["https:\/\/elfsight.com\/it\/store-locator-widget\/joomla\/"]}]},{"@type":"BreadcrumbList","@id":"https:\/\/elfsight.com\/it\/store-locator-widget\/joomla\/#breadcrumb","itemListElement":[{"@type":"ListItem","position":1,"name":"Home","item":"https:\/\/elfsight.com\/it\/"},{"@type":"ListItem","position":2,"name":"Store Locator","item":"https:\/\/elfsight.com\/it\/store-locator-widget\/"},{"@type":"ListItem","position":3,"name":"Store Locator &#8211; Joomla"}]},{"@type":"WebSite","@id":"https:\/\/elfsight.com\/it\/#website","url":"https:\/\/elfsight.com\/it\/","name":"Elfsight IT","description":"Just another Elfsight Sites site","potentialAction":[{"@type":"SearchAction","target":{"@type":"EntryPoint","urlTemplate":"https:\/\/elfsight.com\/it\/?s={search_term_string}"},"query-input":{"@type":"PropertyValueSpecification","valueRequired":true,"valueName":"search_term_string"}}],"inLanguage":"it-IT"}]}},"meta_box":{"industry":"","seo_heading":"","heading":"","description":"","cta_heading":"","cta_description":"","application":"3110","h1":"Estensione Localizzatore negozio Joomla","h1_caption":"Visualizza una mappa con pi\u00f9 punti vendita per aiutare i tuoi clienti a trovare facilmente la sede pi\u00f9 vicina a loro nel tuo sito web Joomla.","application_category":[],"applications_title":"","applications_request_title":"","applications_request_button_text":"","hero_text":"","hero_video":"","hero_video_schema_markup":"","selling_points_title":"","selling_points_caption":"","selling_points":[],"selling_points_cta_text":"","features_title":"","features":"","ed_cta_examples_text":"","ed_cta_examples_hidden":"","ed_cta_demo_text":"","ed_cta_demo_hidden":"","why_caption":"","why_editor_title":"","why_editor_text":"","why_team_title":"","why_team_text":"","why_service_title":"","why_service_text":"","template_catalog_visible":"","template_catalog_title":"","template_catalog_text":"","template_catalog_categories_visible":"","demo_title":"Crea il tuo plugin Store Locator","demo_caption":"Configura il tuo Store Locator e aggiungilo gratuitamente al tuo sito Joomla!","default_faq_hidden":"","app_template_category":[],"platform":"36","template_public_id":"","codecanyon_url":"","codecanyon_item_id":"","codecanyon_price":"","pricing_caption":"","pricing_elfsight_apps_hide_column":"","pricing_elfsight_apps_url":"","pricing_codecanyon_price_caption":"","integration_category":[],"integration_request_title":"","integration_request_cta":"","integration_platform":"","integrations":[],"platform_category":[],"video_schema_markup":"","price":"da $ 0 al mese","trial":"","benefits":[{"text":"Assistenza per l'installazione gratuita"},{"text":"Servizio clienti efficace"},{"text":"Garanzia di rimborso di 14 giorni"},{"text":"Aggiornamenti continui"}],"button_url":"#demo","button_target_blank":"","button_nofollow":"","attributes":[{"name":"Installazioni"},{"name":"Reattivo","content":"S\u00cc"},{"name":"Browser compatibili","content":"Firefox, Safari, Opera, Chrome, Edge"}],"tags":[],"tags_disable_links":"","hide_more_platforms":"","video_object":"","demo_hide_cta":"","demo_hide_cloud_options":"","pricing_title":"","pricing":[{"pricing_icon":"platform","pricing_title":"Elfsight Apps","pricing_title_caption":"Versione multipiattaforma","pricing_price":"da $ 0 \/ mese","pricing_price_caption":"inizia con un piano gratuito","pricing_benefits":[{"text":"Domini illimitati"},{"text":"Assistenza clienti dedicata"},{"text":"Aiuto gratuito per l'installazione"},{"text":"Completamente personalizzabile"}],"pricing_button_text":"Aggiungi al sito web","pricing_button_url":"#demo"}],"related_apps_title":"","related_apps_hidden":"","author":"","image":[],"title":"","job":"","social_networks":[]},"_links":{"self":[{"href":"https:\/\/elfsight.com\/it\/wp-json\/wp\/v2\/pages\/5996","targetHints":{"allow":["GET"]}}],"collection":[{"href":"https:\/\/elfsight.com\/it\/wp-json\/wp\/v2\/pages"}],"about":[{"href":"https:\/\/elfsight.com\/it\/wp-json\/wp\/v2\/types\/page"}],"author":[{"embeddable":true,"href":"https:\/\/elfsight.com\/it\/wp-json\/wp\/v2\/users\/9"}],"replies":[{"embeddable":true,"href":"https:\/\/elfsight.com\/it\/wp-json\/wp\/v2\/comments?post=5996"}],"version-history":[{"count":1,"href":"https:\/\/elfsight.com\/it\/wp-json\/wp\/v2\/pages\/5996\/revisions"}],"predecessor-version":[{"id":6000,"href":"https:\/\/elfsight.com\/it\/wp-json\/wp\/v2\/pages\/5996\/revisions\/6000"}],"up":[{"embeddable":true,"href":"https:\/\/elfsight.com\/it\/wp-json\/wp\/v2\/pages\/3114"}],"wp:attachment":[{"href":"https:\/\/elfsight.com\/it\/wp-json\/wp\/v2\/media?parent=5996"}],"curies":[{"name":"wp","href":"https:\/\/api.w.org\/{rel}","templated":true}]}}