{"id":5994,"date":"2024-05-03T06:49:10","date_gmt":"2024-05-03T06:49:10","guid":{"rendered":"https:\/\/elfsight.com\/it\/?page_id=5994"},"modified":"2025-03-24T07:09:21","modified_gmt":"2025-03-24T07:09:21","slug":"magento","status":"publish","type":"page","link":"https:\/\/elfsight.com\/it\/store-locator-widget\/magento\/","title":{"rendered":"Store Locator &#8211; Magento"},"content":{"rendered":"\n<div class=\"application-platform-content-item-description application-platform-content-item\" id=\"description\" data-nav-section=\"description\"> <h2>Incorpora Store Locator in Magento con un&#8217;estensione Elfsight<\/h2> <p>Elfsight Store Locator per Magento \u00e8 un widget potente e regolabile realizzato per aumentare la comodit\u00e0 del tuo sito web e la soddisfazione dei clienti rendendo pi\u00f9 semplice che mai per i tuoi clienti trovare l&#8217;indirizzo della tua attivit\u00e0. Con una serie di fantastiche funzionalit\u00e0 introdotte per utilit\u00e0 e prestazioni, questo widget \u00e8 la soluzione migliore per presentare le sedi dei tuoi negozi fisici in modo comprensibile e facile da usare. Aggiungilo ora e scopri come trasforma il tuo sito web in uno strumento di ricerca di negozi orientato all&#8217;utente!<\/p> <p>Utilizzando il widget, aumenterai la tua affidabilit\u00e0 tra i clienti fornendo informazioni dettagliate sulle sedi fisiche della tua attivit\u00e0, rassicurando tutti la tua reale presenza. Ci\u00f2 si tradurr\u00e0 in un processo decisionale pi\u00f9 rapido e in una solida esperienza di acquisto tra i clienti. <\/p><p><b>Incorpora lo straordinario strumento di ricerca negozi per visualizzare la tua posizione e dati operativi utili. Mostra il tuo indirizzo fisico e le informazioni pertinenti per attirare nuovi clienti in negozio. <\/b><\/p> <\/div> <div class=\"application-platform-content-item-features application-platform-content-item\" id=\"features\" data-nav-section=\"features\"> <h2>Ecco l&#8217;elenco delle funzionalit\u00e0 pi\u00f9 importanti:<\/h2> <ul><li>Indicazione chiara della posizione<\/li><li>Opzioni mappa interattiva<\/li><li>Pulsanti di azione della posizione con integrazioni <\/li><li>Scheda della posizione semplice facendo clic sull&#8217;indicatore<\/li><li>Orari di apertura e orari di apertura della posizione. stato attuale<\/li><\/ul><p><a href=\"#demo\">Puoi testare tutte le funzionalit\u00e0 del widget nella demo in questa pagina<\/a><\/p><\/div> <div class=\"application-platform-content-item-installation application-platform-content-item\" id=\"installation\" data-nav-section=\"installation\"> <h2>Come posso incorporare Store Locator nel mio sito Magento?<\/h2> <p>Basta seguire le linee guida seguenti per iniziare a utilizzare il plugin. <\/p> <ol><li><b>Gestisci il nostro editor gratuito e inizia a creare il tuo widget personalizzato. <\/b><br> Determina il layout e le caratteristiche preferibili del plugin e applica le modifiche. <\/li> <li><b>Acquisisci il codice personale che appare nel riquadro su Elfsight Apps. <\/b><br> Non appena la personalizzazione del tuo strumento personale sar\u00e0 completata, copia il codice personale dal popup emerso e salvalo per future necessit\u00e0. <\/li> <li><b>Inizia a utilizzare lo strumento sulla pagina web Magento. <\/b><br> Implementa il codice che hai copiato di recente nella tua pagina e salva le correzioni. <\/li> <li><b>Fatto! L&#8217;integrazione \u00e8 completamente eseguita. <\/b><br> Visita la tua pagina per vedere come viene eseguito il plug-in. <\/li><\/ol> <p>Se hai domande o incontri qualche difficolt\u00e0, non esitare a contattare il nostro team di assistenza clienti. I nostri consulenti saranno entusiasti di aiutarti con tutti i problemi che potresti avere con il plugin. <\/p> <\/div>\n","protected":false},"excerpt":{"rendered":"","protected":false},"author":9,"featured_media":0,"parent":3114,"menu_order":0,"comment_status":"closed","ping_status":"closed","template":"templates\/template-application-platform.php","meta":{"publish_to_discourse":"","publish_post_category":"","wpdc_auto_publish_overridden":"","wpdc_topic_tags":"","wpdc_pin_topic":"","wpdc_pin_until":"","discourse_post_id":"","discourse_permalink":"","wpdc_publishing_response":"","wpdc_publishing_error":"","footnotes":""},"class_list":["post-5994","page","type-page","status-publish","hentry"],"yoast_head":"<!-- This site is optimized with the Yoast SEO plugin v25.3.1 - https:\/\/yoast.com\/wordpress\/plugins\/seo\/ -->\n<title>Incorpora Store Locator per Magento - Aggiungi una comoda funzione di ricerca negozi<\/title>\n<meta name=\"description\" content=\"Aggiungi Store Locator alle pagine Magento per aumentare la credibilit\u00e0. Utilizza la comoda demo di Elfsight per creare il widget accattivante in pochi minuti.\" \/>\n<meta name=\"robots\" content=\"index, follow, max-snippet:-1, max-image-preview:large, max-video-preview:-1\" \/>\n<link rel=\"canonical\" href=\"https:\/\/elfsight.com\/it\/store-locator-widget\/magento\/\" \/>\n<meta property=\"og:locale\" content=\"it_IT\" \/>\n<meta property=\"og:type\" content=\"article\" \/>\n<meta property=\"og:title\" content=\"Incorpora Store Locator per Magento - Aggiungi una comoda funzione di ricerca negozi\" \/>\n<meta property=\"og:description\" content=\"Aggiungi Store Locator alle pagine Magento per aumentare la credibilit\u00e0. Utilizza la comoda demo di Elfsight per creare il widget accattivante in pochi minuti.\" \/>\n<meta property=\"og:url\" content=\"https:\/\/elfsight.com\/it\/store-locator-widget\/magento\/\" \/>\n<meta property=\"og:site_name\" content=\"Elfsight IT\" \/>\n<meta property=\"article:modified_time\" content=\"2025-03-24T07:09:21+00:00\" \/>\n<meta name=\"twitter:card\" content=\"summary_large_image\" \/>\n<meta name=\"twitter:label1\" content=\"Tempo di lettura stimato\" \/>\n\t<meta name=\"twitter:data1\" content=\"3 minuti\" \/>\n<!-- \/ Yoast SEO plugin. -->","yoast_head_json":{"title":"Incorpora Store Locator per Magento - Aggiungi una comoda funzione di ricerca negozi","description":"Aggiungi Store Locator alle pagine Magento per aumentare la credibilit\u00e0. Utilizza la comoda demo di Elfsight per creare il widget accattivante in pochi minuti.","robots":{"index":"index","follow":"follow","max-snippet":"max-snippet:-1","max-image-preview":"max-image-preview:large","max-video-preview":"max-video-preview:-1"},"canonical":"https:\/\/elfsight.com\/it\/store-locator-widget\/magento\/","og_locale":"it_IT","og_type":"article","og_title":"Incorpora Store Locator per Magento - Aggiungi una comoda funzione di ricerca negozi","og_description":"Aggiungi Store Locator alle pagine Magento per aumentare la credibilit\u00e0. Utilizza la comoda demo di Elfsight per creare il widget accattivante in pochi minuti.","og_url":"https:\/\/elfsight.com\/it\/store-locator-widget\/magento\/","og_site_name":"Elfsight IT","article_modified_time":"2025-03-24T07:09:21+00:00","twitter_card":"summary_large_image","twitter_misc":{"Tempo di lettura stimato":"3 minuti"},"schema":{"@context":"https:\/\/schema.org","@graph":[{"@type":"WebPage","@id":"https:\/\/elfsight.com\/it\/store-locator-widget\/magento\/","url":"https:\/\/elfsight.com\/it\/store-locator-widget\/magento\/","name":"Incorpora Store Locator per Magento - Aggiungi una comoda funzione di ricerca negozi","isPartOf":{"@id":"https:\/\/elfsight.com\/it\/#website"},"datePublished":"2024-05-03T06:49:10+00:00","dateModified":"2025-03-24T07:09:21+00:00","description":"Aggiungi Store Locator alle pagine Magento per aumentare la credibilit\u00e0. Utilizza la comoda demo di Elfsight per creare il widget accattivante in pochi minuti.","breadcrumb":{"@id":"https:\/\/elfsight.com\/it\/store-locator-widget\/magento\/#breadcrumb"},"inLanguage":"it-IT","potentialAction":[{"@type":"ReadAction","target":["https:\/\/elfsight.com\/it\/store-locator-widget\/magento\/"]}]},{"@type":"BreadcrumbList","@id":"https:\/\/elfsight.com\/it\/store-locator-widget\/magento\/#breadcrumb","itemListElement":[{"@type":"ListItem","position":1,"name":"Home","item":"https:\/\/elfsight.com\/it\/"},{"@type":"ListItem","position":2,"name":"Store Locator","item":"https:\/\/elfsight.com\/it\/store-locator-widget\/"},{"@type":"ListItem","position":3,"name":"Store Locator &#8211; Magento"}]},{"@type":"WebSite","@id":"https:\/\/elfsight.com\/it\/#website","url":"https:\/\/elfsight.com\/it\/","name":"Elfsight IT","description":"Just another Elfsight Sites site","potentialAction":[{"@type":"SearchAction","target":{"@type":"EntryPoint","urlTemplate":"https:\/\/elfsight.com\/it\/?s={search_term_string}"},"query-input":{"@type":"PropertyValueSpecification","valueRequired":true,"valueName":"search_term_string"}}],"inLanguage":"it-IT"}]}},"meta_box":{"industry":"","seo_heading":"","heading":"","description":"","cta_heading":"","cta_description":"","application":"3110","h1":"Estensione Magento Store Locator","h1_caption":"Visualizza una mappa con pi\u00f9 punti vendita per aiutare i tuoi clienti a trovare facilmente la sede pi\u00f9 vicina a loro nel tuo sito web Magento.","application_category":[],"applications_title":"","applications_request_title":"","applications_request_button_text":"","hero_text":"","hero_video":"","hero_video_schema_markup":"","selling_points_title":"","selling_points_caption":"","selling_points":[],"selling_points_cta_text":"","features_title":"","features":"","ed_cta_examples_text":"","ed_cta_examples_hidden":"","ed_cta_demo_text":"","ed_cta_demo_hidden":"","why_caption":"","why_editor_title":"","why_editor_text":"","why_team_title":"","why_team_text":"","why_service_title":"","why_service_text":"","template_catalog_visible":"0","template_catalog_title":"","template_catalog_text":"","template_catalog_categories_visible":"","demo_title":"Crea la tua estensione Store Locator","demo_caption":"Configura il tuo Store Locator e aggiungilo gratuitamente al tuo sito Magento!","default_faq_hidden":"","app_template_category":[],"platform":"39","template_public_id":"","codecanyon_url":"","codecanyon_item_id":"","codecanyon_price":"","pricing_caption":"","pricing_elfsight_apps_hide_column":"","pricing_elfsight_apps_url":"","pricing_codecanyon_price_caption":"","integration_category":[],"integration_request_title":"","integration_request_cta":"","integration_platform":"","integrations":[],"platform_category":[],"video_schema_markup":"","price":"da $ 0 al mese","trial":"","benefits":[{"text":"Aiuto gratuito per l'installazione"},{"text":"Supporto premium"},{"text":"Garanzia di rimborso di 14 giorni"},{"text":"Futuri aggiornamenti gratuiti"}],"button_url":"#demo","button_target_blank":"0","button_nofollow":"0","attributes":[{"name":"Installazioni"},{"name":"Reattivo","content":"S\u00cc"},{"name":"Browser compatibili","content":"Firefox, Safari, Opera, Chrome, Edge"}],"tags":[],"tags_disable_links":"0","hide_more_platforms":"0","video_object":"","demo_hide_cta":"0","demo_hide_cloud_options":"0","pricing_title":"","pricing":[{"pricing_icon":"platform","pricing_title":"Elfsight Apps","pricing_title_caption":"Soluzione indipendente dalla piattaforma","pricing_price":"da $ 0 \/ mese","pricing_price_caption":"inizia con un piano gratuito","pricing_benefits":[{"text":"Domini illimitati"},{"text":"Assistenza clienti gratuita"},{"text":"Supporto gratuito per l'installazione"},{"text":"100% personalizzabile"}],"pricing_button_text":"Aggiungi al sito web","pricing_button_url":"#demo"}],"related_apps_title":"","related_apps_hidden":"0","author":"","image":[],"title":"","job":"","social_networks":[]},"_links":{"self":[{"href":"https:\/\/elfsight.com\/it\/wp-json\/wp\/v2\/pages\/5994","targetHints":{"allow":["GET"]}}],"collection":[{"href":"https:\/\/elfsight.com\/it\/wp-json\/wp\/v2\/pages"}],"about":[{"href":"https:\/\/elfsight.com\/it\/wp-json\/wp\/v2\/types\/page"}],"author":[{"embeddable":true,"href":"https:\/\/elfsight.com\/it\/wp-json\/wp\/v2\/users\/9"}],"replies":[{"embeddable":true,"href":"https:\/\/elfsight.com\/it\/wp-json\/wp\/v2\/comments?post=5994"}],"version-history":[{"count":2,"href":"https:\/\/elfsight.com\/it\/wp-json\/wp\/v2\/pages\/5994\/revisions"}],"predecessor-version":[{"id":9903,"href":"https:\/\/elfsight.com\/it\/wp-json\/wp\/v2\/pages\/5994\/revisions\/9903"}],"up":[{"embeddable":true,"href":"https:\/\/elfsight.com\/it\/wp-json\/wp\/v2\/pages\/3114"}],"wp:attachment":[{"href":"https:\/\/elfsight.com\/it\/wp-json\/wp\/v2\/media?parent=5994"}],"curies":[{"name":"wp","href":"https:\/\/api.w.org\/{rel}","templated":true}]}}