{"id":5987,"date":"1970-01-01T00:00:00","date_gmt":"1970-01-01T00:00:00","guid":{"rendered":"https:\/\/elfsight.com\/it\/?page_id=5987"},"modified":"2025-03-24T07:21:01","modified_gmt":"2025-03-24T07:21:01","slug":"prestashop","status":"publish","type":"page","link":"https:\/\/elfsight.com\/it\/store-locator-widget\/prestashop\/","title":{"rendered":"Store Locator &#8211; PrestaShop"},"content":{"rendered":"\n<div class=\"application-platform-content-item-description application-platform-content-item\" id=\"description\" data-nav-section=\"description\"> <h2>Incorpora Store Locator in PrestaShop con un componente aggiuntivo Elfsight<\/h2> <p>Elfsight Store Locator per PrestaShop \u00e8 un widget vivace e regolabile progettato per migliorare la comodit\u00e0 del tuo sito web e il coinvolgimento dei clienti rendendo pi\u00f9 facile che mai per i tuoi clienti trovare la tua posizione. Con una serie di utili funzionalit\u00e0 su misura per efficienza e prestazioni, questo widget \u00e8 la soluzione migliore per mostrare le sedi fisiche della tua attivit\u00e0 in modo interattivo e conveniente. Incorporalo ora e nota come trasforma il tuo sito web in un potente strumento di ricerca negozi!<\/p> <p>Utilizzando il widget, aumenterai la tua affidabilit\u00e0 tra i clienti fornendo informazioni dettagliate sulle posizioni fisiche della tua organizzazione, rassicurando tutti i tuoi contatti presenza. Ci\u00f2 potrebbe comportare un processo decisionale pi\u00f9 rapido e una solida esperienza di acquisto tra i clienti. <\/p><p><b>Utilizza lo straordinario strumento di ricerca negozi per presentare la tua posizione e importanti dettagli operativi. Fornisci il tuo indirizzo attuale e informazioni utili per invitare altri clienti in negozio. <\/b><\/p> <\/div> <div class=\"application-platform-content-item-features application-platform-content-item\" id=\"features\" data-nav-section=\"features\"> <h2>Ecco le caratteristiche principali del widget:<\/h2> <ul><li>Indicazione della posizione semplice<\/li><li>Funzioni intuitive della mappa<\/li><li>Pulsanti di interazione della posizione con integrazioni <\/li><li>Popup diretto della posizione sulla selezione dell&#8217;indicatore<\/li><li>Programma di lavoro e pianificazione della posizione, stato dell&#8217;attivit\u00e0<\/li><\/ul><p><a href=\"#demo\">Prova questa demo per comprendere la funzionalit\u00e0 del widget<\/a><\/p><\/div> <div class=\"application-platform-content-item-installazione application-platform-content-item\" id=\"installazione\" data-nav-section=\"installazione\"> <h2>Come incorporare Store Locator nel mio sito web PrestaShop?<\/h2> <p>Segui semplicemente un paio di passaggi descritti di seguito per integrare il plug-in. <\/p> <ol><li><b>Lancia il nostro editor gratuito e inizia a creare il tuo widget. <\/b><br> Trova l&#8217;aspetto e le specifiche adatte dello strumento e salva le correzioni. <\/li> <li><b>Acquisisci il codice personale che appare nell&#8217;apposito modulo su Elfsight Apps. <\/b><br> Una volta completata la creazione del tuo widget, copia il codice individuale nella casella visualizzata e conservalo per necessit\u00e0 successive. <\/li> <li><b>Inizia a utilizzare il widget sul tuo sito PrestaShop. <\/b><br> Aggiungi il codice che hai salvato di recente nella tua pagina web e applica le modifiche. <\/li> <li><b>La configurazione \u00e8 completamente completata. <\/b><br> Visita il tuo sito web per vedere come funziona lo strumento. <\/li><\/ol> <p>Se hai domande o incontri qualche complicazione, non esitare a chiedere assistenza al nostro personale di supporto. I nostri consulenti non vedono l&#8217;ora di aiutarti con tutti i problemi che potresti avere con il plugin. <\/p><\/div>\n","protected":false},"excerpt":{"rendered":"","protected":false},"author":9,"featured_media":0,"parent":3114,"menu_order":0,"comment_status":"closed","ping_status":"closed","template":"templates\/template-application-platform.php","meta":{"publish_to_discourse":"","publish_post_category":"","wpdc_auto_publish_overridden":"","wpdc_topic_tags":"","wpdc_pin_topic":"","wpdc_pin_until":"","discourse_post_id":"","discourse_permalink":"","wpdc_publishing_response":"","wpdc_publishing_error":"","footnotes":""},"class_list":["post-5987","page","type-page","status-publish","hentry"],"yoast_head":"<!-- This site is optimized with the Yoast SEO plugin v25.3.1 - https:\/\/yoast.com\/wordpress\/plugins\/seo\/ -->\n<title>Integra Store Locator in PrestaShop: presenta l&#039;attivit\u00e0 sulla mappa<\/title>\n<meta name=\"description\" content=\"Incorpora uno Store Locator personalizzabile nel sito web PrestaShop per aumentare le conversioni. Approfitta di Elfsight per generare il widget.\" \/>\n<meta name=\"robots\" content=\"index, follow, max-snippet:-1, max-image-preview:large, max-video-preview:-1\" \/>\n<link rel=\"canonical\" href=\"https:\/\/elfsight.com\/it\/store-locator-widget\/prestashop\/\" \/>\n<meta property=\"og:locale\" content=\"it_IT\" \/>\n<meta property=\"og:type\" content=\"article\" \/>\n<meta property=\"og:title\" content=\"Integra Store Locator in PrestaShop: presenta l&#039;attivit\u00e0 sulla mappa\" \/>\n<meta property=\"og:description\" content=\"Incorpora uno Store Locator personalizzabile nel sito web PrestaShop per aumentare le conversioni. Approfitta di Elfsight per generare il widget.\" \/>\n<meta property=\"og:url\" content=\"https:\/\/elfsight.com\/it\/store-locator-widget\/prestashop\/\" \/>\n<meta property=\"og:site_name\" content=\"Elfsight IT\" \/>\n<meta property=\"article:modified_time\" content=\"2025-03-24T07:21:01+00:00\" \/>\n<meta name=\"twitter:card\" content=\"summary_large_image\" \/>\n<meta name=\"twitter:label1\" content=\"Tempo di lettura stimato\" \/>\n\t<meta name=\"twitter:data1\" content=\"3 minuti\" \/>\n<!-- \/ Yoast SEO plugin. -->","yoast_head_json":{"title":"Integra Store Locator in PrestaShop: presenta l'attivit\u00e0 sulla mappa","description":"Incorpora uno Store Locator personalizzabile nel sito web PrestaShop per aumentare le conversioni. Approfitta di Elfsight per generare il widget.","robots":{"index":"index","follow":"follow","max-snippet":"max-snippet:-1","max-image-preview":"max-image-preview:large","max-video-preview":"max-video-preview:-1"},"canonical":"https:\/\/elfsight.com\/it\/store-locator-widget\/prestashop\/","og_locale":"it_IT","og_type":"article","og_title":"Integra Store Locator in PrestaShop: presenta l'attivit\u00e0 sulla mappa","og_description":"Incorpora uno Store Locator personalizzabile nel sito web PrestaShop per aumentare le conversioni. Approfitta di Elfsight per generare il widget.","og_url":"https:\/\/elfsight.com\/it\/store-locator-widget\/prestashop\/","og_site_name":"Elfsight IT","article_modified_time":"2025-03-24T07:21:01+00:00","twitter_card":"summary_large_image","twitter_misc":{"Tempo di lettura stimato":"3 minuti"},"schema":{"@context":"https:\/\/schema.org","@graph":[{"@type":"WebPage","@id":"https:\/\/elfsight.com\/it\/store-locator-widget\/prestashop\/","url":"https:\/\/elfsight.com\/it\/store-locator-widget\/prestashop\/","name":"Integra Store Locator in PrestaShop: presenta l'attivit\u00e0 sulla mappa","isPartOf":{"@id":"https:\/\/elfsight.com\/it\/#website"},"datePublished":"1970-01-01T00:00:00+00:00","dateModified":"2025-03-24T07:21:01+00:00","description":"Incorpora uno Store Locator personalizzabile nel sito web PrestaShop per aumentare le conversioni. Approfitta di Elfsight per generare il widget.","breadcrumb":{"@id":"https:\/\/elfsight.com\/it\/store-locator-widget\/prestashop\/#breadcrumb"},"inLanguage":"it-IT","potentialAction":[{"@type":"ReadAction","target":["https:\/\/elfsight.com\/it\/store-locator-widget\/prestashop\/"]}]},{"@type":"BreadcrumbList","@id":"https:\/\/elfsight.com\/it\/store-locator-widget\/prestashop\/#breadcrumb","itemListElement":[{"@type":"ListItem","position":1,"name":"Home","item":"https:\/\/elfsight.com\/it\/"},{"@type":"ListItem","position":2,"name":"Store Locator","item":"https:\/\/elfsight.com\/it\/store-locator-widget\/"},{"@type":"ListItem","position":3,"name":"Store Locator &#8211; PrestaShop"}]},{"@type":"WebSite","@id":"https:\/\/elfsight.com\/it\/#website","url":"https:\/\/elfsight.com\/it\/","name":"Elfsight IT","description":"Just another Elfsight Sites site","potentialAction":[{"@type":"SearchAction","target":{"@type":"EntryPoint","urlTemplate":"https:\/\/elfsight.com\/it\/?s={search_term_string}"},"query-input":{"@type":"PropertyValueSpecification","valueRequired":true,"valueName":"search_term_string"}}],"inLanguage":"it-IT"}]}},"meta_box":{"industry":"","seo_heading":"","heading":"","description":"","cta_heading":"","cta_description":"","application":"3110","h1":"Componente aggiuntivo Localizzatore negozi PrestaShop","h1_caption":"Visualizza una mappa con pi\u00f9 punti vendita per aiutare i tuoi clienti a trovare facilmente la sede pi\u00f9 vicina a loro nel tuo sito web Prestashop.","application_category":[],"applications_title":"","applications_request_title":"","applications_request_button_text":"","hero_text":"","hero_video":"","hero_video_schema_markup":"","selling_points_title":"","selling_points_caption":"","selling_points":[],"selling_points_cta_text":"","features_title":"","features":"","ed_cta_examples_text":"","ed_cta_examples_hidden":"","ed_cta_demo_text":"","ed_cta_demo_hidden":"","why_caption":"","why_editor_title":"","why_editor_text":"","why_team_title":"","why_team_text":"","why_service_title":"","why_service_text":"","template_catalog_visible":"0","template_catalog_title":"","template_catalog_text":"","template_catalog_categories_visible":"","demo_title":"Crea il tuo componente aggiuntivo Store Locator","demo_caption":"Configura il tuo Store Locator e aggiungilo gratuitamente al tuo sito PrestaShop!","default_faq_hidden":"","app_template_category":[],"platform":"1023","template_public_id":"","codecanyon_url":"","codecanyon_item_id":"","codecanyon_price":"","pricing_caption":"","pricing_elfsight_apps_hide_column":"","pricing_elfsight_apps_url":"","pricing_codecanyon_price_caption":"","integration_category":[],"integration_request_title":"","integration_request_cta":"","integration_platform":"","integrations":[],"platform_category":[],"video_schema_markup":"","price":"da $ 0 al mese","trial":"","benefits":[{"text":"Aiuto per l'installazione gratuito"},{"text":"Servizio clienti competente"},{"text":"Garanzia di rimborso di 14 giorni"},{"text":"Miglioramenti futuri"}],"button_url":"#demo","button_target_blank":"0","button_nofollow":"0","attributes":[{"name":"Installazioni"},{"name":"Reattivo","content":"S\u00cc"},{"name":"Browser compatibili","content":"Firefox, Safari, Opera, Chrome, Edge"}],"tags":[],"tags_disable_links":"0","hide_more_platforms":"0","video_object":"","demo_hide_cta":"0","demo_hide_cloud_options":"0","pricing_title":"","pricing":[{"pricing_icon":"platform","pricing_title":"Elfsight Apps","pricing_title_caption":"Soluzione digitale multipiattaforma","pricing_price":"da $ 0 \/ mese","pricing_price_caption":"inizia con un piano gratuito","pricing_benefits":[{"text":"Siti web illimitati"},{"text":"Supporto puntuale 24 ore su 24, 7 giorni su 7 e ben documentato"},{"text":"Aiuto per l'installazione gratuito"},{"text":"Completamente personalizzabile"}],"pricing_button_text":"Aggiungi al sito web","pricing_button_url":"#demo"}],"related_apps_title":"","related_apps_hidden":"0","author":"","image":[],"title":"","job":"","social_networks":[]},"_links":{"self":[{"href":"https:\/\/elfsight.com\/it\/wp-json\/wp\/v2\/pages\/5987","targetHints":{"allow":["GET"]}}],"collection":[{"href":"https:\/\/elfsight.com\/it\/wp-json\/wp\/v2\/pages"}],"about":[{"href":"https:\/\/elfsight.com\/it\/wp-json\/wp\/v2\/types\/page"}],"author":[{"embeddable":true,"href":"https:\/\/elfsight.com\/it\/wp-json\/wp\/v2\/users\/9"}],"replies":[{"embeddable":true,"href":"https:\/\/elfsight.com\/it\/wp-json\/wp\/v2\/comments?post=5987"}],"version-history":[{"count":2,"href":"https:\/\/elfsight.com\/it\/wp-json\/wp\/v2\/pages\/5987\/revisions"}],"predecessor-version":[{"id":9907,"href":"https:\/\/elfsight.com\/it\/wp-json\/wp\/v2\/pages\/5987\/revisions\/9907"}],"up":[{"embeddable":true,"href":"https:\/\/elfsight.com\/it\/wp-json\/wp\/v2\/pages\/3114"}],"wp:attachment":[{"href":"https:\/\/elfsight.com\/it\/wp-json\/wp\/v2\/media?parent=5987"}],"curies":[{"name":"wp","href":"https:\/\/api.w.org\/{rel}","templated":true}]}}