{"id":5986,"date":"1970-01-01T00:00:00","date_gmt":"1970-01-01T00:00:00","guid":{"rendered":"https:\/\/elfsight.com\/it\/?page_id=5986"},"modified":"2025-12-25T12:06:45","modified_gmt":"2025-12-25T12:06:45","slug":"shopify","status":"publish","type":"page","link":"https:\/\/elfsight.com\/it\/store-locator-widget\/shopify\/","title":{"rendered":"Store Locator &#8211; Shopify"},"content":{"rendered":"<div class=\"application-platform-content-item-description application-platform-content-item\" id=\"description\" data-nav-section=\"description\"> <h2>Incorpora Store Locator in Shopify con un&#8217;app Elfsight<\/h2> <p>Elfsight Store Locator per Shopify \u00e8 un widget vivace e regolabile creato per aumentare la comodit\u00e0 del tuo sito web e il coinvolgimento dei clienti rendendo pi\u00f9 semplice che mai per i tuoi clienti trovare la strada per raggiungere l&#8217;indirizzo della tua attivit\u00e0. Con una suite di potenti funzionalit\u00e0 introdotte per efficienza e prestazioni, questo widget \u00e8 la soluzione ideale per mostrare le sedi dei tuoi negozi fisici in modo chiaro e conveniente. Incorporalo ora e nota come trasforma il tuo sito web in uno strumento di ricerca di negozi orientato all&#8217;utente!<\/p> <p>Incorporando il widget, aumenterai la tua affidabilit\u00e0 tra i visitatori fornendo informazioni dettagliate sulle posizioni fisiche della tua attivit\u00e0, rassicurandoli di la tua reale presenza. Ci\u00f2 pu\u00f2 comportare un processo decisionale pi\u00f9 rapido e una migliore esperienza di acquisto tra i clienti. <\/p><p><b>Installa l&#8217;eccellente strumento di ricerca negozi per dimostrare la tua posizione e dati aziendali significativi. Fornisci il tuo indirizzo attuale e le informazioni richieste per attirare ulteriori clienti in negozio. <\/b><\/p> <\/div> <div class=\"application-platform-content-item-features application-platform-content-item\" id=\"features\" data-nav-section=\"features\"> <h2>Queste sono solo alcune delle numerose funzionalit\u00e0 del widget:<\/h2> <ul><li>Scelta dinamica dell&#8217;indirizzo<\/li><li>Opzioni utili sulla mappa<\/li><li>Pulsanti CTA della posizione abilitati con le integrazioni <\/li><li>Popup diretto della posizione al clic sull&#8217;indicatore<\/li><li>Pianificazione e pianificazione delle operazioni sulla posizione stato dell&#8217;attivit\u00e0<\/li><\/ul><p><a href=\"#demo\">Prova semplicemente questa demo per vedere come funziona<\/a><\/p><\/div> <div class=\"application-platform-content-item-installation application-platform-content-item\" id=\"installation\" data-nav-section=\"installation\"> <h2>Come posso incorporare Store Locator nel mio sito web Shopify?<\/h2> <div class=\"video-container\">\n<iframe width=\"720\" height=\"405\" src=\"https:\/\/www.youtube.com\/embed\/MozpH17kRic?si=FR_KniDCWx41bcx4\" frameborder=\"0\" allowfullscreen=\"\"><\/iframe>\n<\/div><p>Segui semplicemente le linee guida seguenti per integrare il widget. <\/p> <ol><li><b>Esegui il nostro editor gratuito e inizia a modellare il tuo plugin personalizzato. <\/b><br> Trova il design e i parametri preferibili del widget e salva le correzioni. <\/li> <li><b>Acquisisci il tuo codice individuale che appare nell&#8217;apposito modulo su Elfsight Apps. <\/b><br> Non appena la creazione del tuo strumento sar\u00e0 completata, copia il codice esclusivo dalla finestra visualizzata e salvalo per un utilizzo successivo. <\/li> <li><b>Inizia a utilizzare lo strumento sul tuo sito web Shopify. <\/b><br> Incolla il codice che hai salvato in precedenza nella tua home page e salva le modifiche. <\/li> <li><b>Il gioco \u00e8 fatto! L&#8217;incorporamento \u00e8 stato completato con successo. <\/b><br> Vai al tuo sito per osservare le prestazioni dello strumento. <\/li><\/ol> <p>Se incontri difficolt\u00e0, non esitare a rivolgerti al nostro personale di supporto. I nostri consulenti desiderano risolvere tutti i problemi che potresti avere con il prodotto. <\/p><\/div>","protected":false},"excerpt":{"rendered":"","protected":false},"author":9,"featured_media":0,"parent":3114,"menu_order":0,"comment_status":"closed","ping_status":"closed","template":"templates\/template-application-platform.php","meta":{"publish_to_discourse":"","publish_post_category":"","wpdc_auto_publish_overridden":"","wpdc_topic_tags":"","wpdc_pin_topic":"","wpdc_pin_until":"","discourse_post_id":"","discourse_permalink":"","wpdc_publishing_response":"","wpdc_publishing_error":"","footnotes":""},"class_list":["post-5986","page","type-page","status-publish","hentry"],"yoast_head":"<!-- This site is optimized with the Yoast SEO plugin v25.3.1 - https:\/\/yoast.com\/wordpress\/plugins\/seo\/ -->\n<title>Incorpora Store Locator in Shipify per una presenza aziendale intelligente<\/title>\n<meta name=\"description\" content=\"Aggiungi Store Locator alle pagine del tuo sito web Shopify per migliorare le conversioni. Approfitta di una chiara demo di Elfsight per creare un widget versatile.\" \/>\n<meta name=\"robots\" content=\"index, follow, max-snippet:-1, max-image-preview:large, max-video-preview:-1\" \/>\n<link rel=\"canonical\" href=\"https:\/\/elfsight.com\/it\/store-locator-widget\/shopify\/\" \/>\n<meta property=\"og:locale\" content=\"it_IT\" \/>\n<meta property=\"og:type\" content=\"article\" \/>\n<meta property=\"og:title\" content=\"Incorpora Store Locator in Shipify per una presenza aziendale intelligente\" \/>\n<meta property=\"og:description\" content=\"Aggiungi Store Locator alle pagine del tuo sito web Shopify per migliorare le conversioni. Approfitta di una chiara demo di Elfsight per creare un widget versatile.\" \/>\n<meta property=\"og:url\" content=\"https:\/\/elfsight.com\/it\/store-locator-widget\/shopify\/\" \/>\n<meta property=\"og:site_name\" content=\"Elfsight IT\" \/>\n<meta property=\"article:modified_time\" content=\"2025-12-25T12:06:45+00:00\" \/>\n<meta name=\"twitter:card\" content=\"summary_large_image\" \/>\n<meta name=\"twitter:label1\" content=\"Tempo di lettura stimato\" \/>\n\t<meta name=\"twitter:data1\" content=\"3 minuti\" \/>\n<!-- \/ Yoast SEO plugin. -->","yoast_head_json":{"title":"Incorpora Store Locator in Shipify per una presenza aziendale intelligente","description":"Aggiungi Store Locator alle pagine del tuo sito web Shopify per migliorare le conversioni. Approfitta di una chiara demo di Elfsight per creare un widget versatile.","robots":{"index":"index","follow":"follow","max-snippet":"max-snippet:-1","max-image-preview":"max-image-preview:large","max-video-preview":"max-video-preview:-1"},"canonical":"https:\/\/elfsight.com\/it\/store-locator-widget\/shopify\/","og_locale":"it_IT","og_type":"article","og_title":"Incorpora Store Locator in Shipify per una presenza aziendale intelligente","og_description":"Aggiungi Store Locator alle pagine del tuo sito web Shopify per migliorare le conversioni. Approfitta di una chiara demo di Elfsight per creare un widget versatile.","og_url":"https:\/\/elfsight.com\/it\/store-locator-widget\/shopify\/","og_site_name":"Elfsight IT","article_modified_time":"2025-12-25T12:06:45+00:00","twitter_card":"summary_large_image","twitter_misc":{"Tempo di lettura stimato":"3 minuti"},"schema":{"@context":"https:\/\/schema.org","@graph":[{"@type":"WebPage","@id":"https:\/\/elfsight.com\/it\/store-locator-widget\/shopify\/","url":"https:\/\/elfsight.com\/it\/store-locator-widget\/shopify\/","name":"Incorpora Store Locator in Shipify per una presenza aziendale intelligente","isPartOf":{"@id":"https:\/\/elfsight.com\/it\/#website"},"datePublished":"1970-01-01T00:00:00+00:00","dateModified":"2025-12-25T12:06:45+00:00","description":"Aggiungi Store Locator alle pagine del tuo sito web Shopify per migliorare le conversioni. Approfitta di una chiara demo di Elfsight per creare un widget versatile.","breadcrumb":{"@id":"https:\/\/elfsight.com\/it\/store-locator-widget\/shopify\/#breadcrumb"},"inLanguage":"it-IT","potentialAction":[{"@type":"ReadAction","target":["https:\/\/elfsight.com\/it\/store-locator-widget\/shopify\/"]}]},{"@type":"BreadcrumbList","@id":"https:\/\/elfsight.com\/it\/store-locator-widget\/shopify\/#breadcrumb","itemListElement":[{"@type":"ListItem","position":1,"name":"Home","item":"https:\/\/elfsight.com\/it\/"},{"@type":"ListItem","position":2,"name":"Store Locator","item":"https:\/\/elfsight.com\/it\/store-locator-widget\/"},{"@type":"ListItem","position":3,"name":"Store Locator &#8211; Shopify"}]},{"@type":"WebSite","@id":"https:\/\/elfsight.com\/it\/#website","url":"https:\/\/elfsight.com\/it\/","name":"Elfsight IT","description":"Just another Elfsight Sites site","potentialAction":[{"@type":"SearchAction","target":{"@type":"EntryPoint","urlTemplate":"https:\/\/elfsight.com\/it\/?s={search_term_string}"},"query-input":{"@type":"PropertyValueSpecification","valueRequired":true,"valueName":"search_term_string"}}],"inLanguage":"it-IT"}]}},"meta_box":{"industry":"","seo_heading":"","heading":"","description":"","cta_heading":"","cta_description":"","application":"3110","h1":"Applicazione Shopify Localizzatore negozi","h1_caption":"Visualizza una mappa con pi\u00f9 punti vendita per aiutare i tuoi clienti a trovare facilmente la sede pi\u00f9 vicina a loro nel tuo sito web Shopify.","application_category":[],"applications_title":"","applications_request_title":"","applications_request_button_text":"","hero_text":"","hero_video":"","hero_video_schema_markup":"","selling_points_title":"","selling_points_caption":"","selling_points":[],"selling_points_cta_text":"","features_title":"","features":"","ed_cta_examples_text":"","ed_cta_examples_hidden":"","ed_cta_demo_text":"","ed_cta_demo_hidden":"","why_caption":"","why_editor_title":"","why_editor_text":"","why_team_title":"","why_team_text":"","why_service_title":"","why_service_text":"","template_catalog_visible":"0","template_catalog_title":"","template_catalog_text":"","template_catalog_categories_visible":"","demo_title":"Crea la tua app Localizzatore di negozi","demo_caption":"Configura il tuo Store Locator e aggiungilo gratuitamente al tuo sito Shopify!","default_faq_hidden":"","app_template_category":[],"platform":"42","template_public_id":"","codecanyon_url":"","codecanyon_item_id":"","codecanyon_price":"","pricing_caption":"","pricing_elfsight_apps_hide_column":"","pricing_elfsight_apps_url":"","pricing_codecanyon_price_caption":"","integration_category":[],"integration_request_title":"","integration_request_cta":"","integration_platform":"","integrations":[],"platform_category":[],"video_schema_markup":"","price":"da $ 0 al mese","trial":"","benefits":[{"text":"Assistenza gratuita per l'installazione"},{"text":"Supporto eccezionale"},{"text":"Garanzia di rimborso di 14 giorni"},{"text":"Sviluppo continuo"}],"button_url":"#demo","button_target_blank":"0","button_nofollow":"0","attributes":[{"name":"Installazioni"},{"name":"Reattivo","content":"S\u00cc"},{"name":"Browser compatibili","content":"Firefox, Safari, Opera, Chrome, Edge"}],"tags":[],"tags_disable_links":"0","hide_more_platforms":"0","video_object":"","demo_hide_cta":"0","demo_hide_cloud_options":"0","pricing_title":"","pricing":[{"pricing_icon":"platform","pricing_title":"Elfsight Apps","pricing_title_caption":"Soluzione digitale multipiattaforma che funziona su qualsiasi sito web","pricing_price":"da $ 0 \/ mese","pricing_price_caption":"inizia con un piano gratuito","pricing_benefits":[{"text":"Utilizzo illimitato su pi\u00f9 domini"},{"text":"Supporto gratuito 24 ore su 24, 7 giorni su 7"},{"text":"Supporto gratuito per l'installazione e la configurazione"},{"text":"Completamente personalizzabile per soddisfare le vostre esigenze"}],"pricing_button_text":"Aggiungi al sito web","pricing_button_url":"#demo"}],"related_apps_title":"","related_apps_hidden":"0","author":"","image":[],"title":"","job":"","social_networks":[]},"_links":{"self":[{"href":"https:\/\/elfsight.com\/it\/wp-json\/wp\/v2\/pages\/5986","targetHints":{"allow":["GET"]}}],"collection":[{"href":"https:\/\/elfsight.com\/it\/wp-json\/wp\/v2\/pages"}],"about":[{"href":"https:\/\/elfsight.com\/it\/wp-json\/wp\/v2\/types\/page"}],"author":[{"embeddable":true,"href":"https:\/\/elfsight.com\/it\/wp-json\/wp\/v2\/users\/9"}],"replies":[{"embeddable":true,"href":"https:\/\/elfsight.com\/it\/wp-json\/wp\/v2\/comments?post=5986"}],"version-history":[{"count":2,"href":"https:\/\/elfsight.com\/it\/wp-json\/wp\/v2\/pages\/5986\/revisions"}],"predecessor-version":[{"id":10574,"href":"https:\/\/elfsight.com\/it\/wp-json\/wp\/v2\/pages\/5986\/revisions\/10574"}],"up":[{"embeddable":true,"href":"https:\/\/elfsight.com\/it\/wp-json\/wp\/v2\/pages\/3114"}],"wp:attachment":[{"href":"https:\/\/elfsight.com\/it\/wp-json\/wp\/v2\/media?parent=5986"}],"curies":[{"name":"wp","href":"https:\/\/api.w.org\/{rel}","templated":true}]}}