{"id":5979,"date":"1970-01-01T00:00:00","date_gmt":"1970-01-01T00:00:00","guid":{"rendered":"https:\/\/elfsight.com\/it\/?page_id=5979"},"modified":"2024-11-11T11:17:03","modified_gmt":"2024-11-11T11:17:03","slug":"weebly","status":"publish","type":"page","link":"https:\/\/elfsight.com\/it\/store-locator-widget\/weebly\/","title":{"rendered":"Store Locator &#8211; Weebly"},"content":{"rendered":"<div class=\"application-platform-content-item-description application-platform-content-item\" id=\"description\" data-nav-section=\"description\"> <h2>Incorpora Store Locator in Weebly con un&#8217;app Elfsight<\/h2> <p>Elfsight Store Locator per Weebly \u00e8 un widget potente e flessibile progettato per migliorare l&#8217;usabilit\u00e0 del tuo sito web e la soddisfazione dei clienti rendendo pi\u00f9 facile che mai per i tuoi clienti trovare l&#8217;indirizzo della tua attivit\u00e0. Con una serie di fantastiche funzionalit\u00e0 introdotte per efficienza e prestazioni, questo widget \u00e8 la soluzione perfetta per presentare le sedi fisiche della tua attivit\u00e0 in modo chiaro e conveniente. Incorporalo subito e scopri come trasforma il tuo sito web in un meraviglioso strumento di ricerca di negozi!<\/p> <p>Incorporando il widget, aumenterai la tua affidabilit\u00e0 tra i clienti fornendo informazioni dettagliate sulle posizioni fisiche della tua azienda, rassicurando tutti i tuoi presenza solida. Ci\u00f2 si tradurr\u00e0 in un migliore processo decisionale e in una migliore esperienza di acquisto tra i clienti. <\/p><p><b>Prova l&#8217;incredibile funzione di ricerca negozi per visualizzare la tua posizione e dati aziendali utili. Fornisci il tuo indirizzo fisico e informazioni pertinenti per attirare pi\u00f9 visitatori in negozio. <\/b><\/p><\/div> <div class=\"application-platform-content-item-features application-platform-content-item\" id=\"features\" data-nav-section=\"features\"> <h2>Ecco le caratteristiche principali del widget:<\/h2> <ul><li>Indicazione dinamica della posizione<\/li><li>Opzioni mappa orientate all&#8217;utente<\/li><li>Pulsanti di azione della posizione con integrazioni <\/li><li>Scheda della posizione semplice sulla selezione dell&#8217;indicatore<\/li><li>Programma di lavoro e programmazione della posizione. stato attuale<\/li><\/ul><p><a href=\"#demo\">Puoi verificare il valore del widget con l&#8217;aiuto della demo<\/a><\/p><\/div> <div class=\"application-platform-content-item-installazione application-platform-content-item\" id=\"installazione\" data-nav-section=\"installazione\"> <h2>Come incorporare Store Locator nella mia pagina web Weebly?<\/h2> <p>Segui semplicemente le linee guida seguenti per integrare lo strumento. <\/p> <ol><li><b>Apri la nostra demo gratuita e inizia a creare il tuo widget personalizzato. <\/b><br> Scegli l&#8217;aspetto e le specifiche adatte dello strumento e applica le modifiche. <\/li> <li><b>Acquisisci il tuo codice univoco rivelato nella finestra delle app Elfsight. <\/b><br> Una volta terminata la personalizzazione del tuo strumento, copia il codice esclusivo dalla casella emersa e salvalo per ulteriori occasioni. <\/li> <li><b>Avvia l&#8217;applicazione del widget sulla tua pagina web Weebly. <\/b><br> Inserisci il codice che hai copiato in precedenza nella tua pagina e salva le correzioni. <\/li> <li><b>L&#8217;installazione \u00e8 completamente terminata. <\/b><br> Visita il tuo sito web per esaminare le prestazioni del plug-in. <\/li><\/ol> <p>Se dovessi affrontare alcune difficolt\u00e0, non esitare a rivolgerti al nostro personale del servizio clienti. I nostri consulenti desiderano risolvere tutte le difficolt\u00e0 che potresti avere con lo strumento. <\/p> <\/div>","protected":false},"excerpt":{"rendered":"","protected":false},"author":9,"featured_media":0,"parent":3114,"menu_order":0,"comment_status":"closed","ping_status":"closed","template":"templates\/template-application-platform.php","meta":{"publish_to_discourse":"","publish_post_category":"","wpdc_auto_publish_overridden":"","wpdc_topic_tags":"","wpdc_pin_topic":"","wpdc_pin_until":"","discourse_post_id":"","discourse_permalink":"","wpdc_publishing_response":"","wpdc_publishing_error":"","footnotes":""},"class_list":["post-5979","page","type-page","status-publish","hentry"],"yoast_head":"<!-- This site is optimized with the Yoast SEO plugin v25.3.1 - https:\/\/yoast.com\/wordpress\/plugins\/seo\/ -->\n<title>Incorpora Store Locator in Weebly: crea una semplice funzione di ricerca negozi<\/title>\n<meta name=\"description\" content=\"Aggiungi Store Locator al tuo sito web Weebly per aumentare la soddisfazione dei clienti. Utilizza una semplice demo di Elfsight per creare il widget versatile.\" \/>\n<meta name=\"robots\" content=\"index, follow, max-snippet:-1, max-image-preview:large, max-video-preview:-1\" \/>\n<link rel=\"canonical\" href=\"https:\/\/elfsight.com\/it\/store-locator-widget\/weebly\/\" \/>\n<meta property=\"og:locale\" content=\"it_IT\" \/>\n<meta property=\"og:type\" content=\"article\" \/>\n<meta property=\"og:title\" content=\"Incorpora Store Locator in Weebly: crea una semplice funzione di ricerca negozi\" \/>\n<meta property=\"og:description\" content=\"Aggiungi Store Locator al tuo sito web Weebly per aumentare la soddisfazione dei clienti. Utilizza una semplice demo di Elfsight per creare il widget versatile.\" \/>\n<meta property=\"og:url\" content=\"https:\/\/elfsight.com\/it\/store-locator-widget\/weebly\/\" \/>\n<meta property=\"og:site_name\" content=\"Elfsight IT\" \/>\n<meta property=\"article:modified_time\" content=\"2024-11-11T11:17:03+00:00\" \/>\n<meta name=\"twitter:card\" content=\"summary_large_image\" \/>\n<meta name=\"twitter:label1\" content=\"Tempo di lettura stimato\" \/>\n\t<meta name=\"twitter:data1\" content=\"2 minuti\" \/>\n<!-- \/ Yoast SEO plugin. -->","yoast_head_json":{"title":"Incorpora Store Locator in Weebly: crea una semplice funzione di ricerca negozi","description":"Aggiungi Store Locator al tuo sito web Weebly per aumentare la soddisfazione dei clienti. Utilizza una semplice demo di Elfsight per creare il widget versatile.","robots":{"index":"index","follow":"follow","max-snippet":"max-snippet:-1","max-image-preview":"max-image-preview:large","max-video-preview":"max-video-preview:-1"},"canonical":"https:\/\/elfsight.com\/it\/store-locator-widget\/weebly\/","og_locale":"it_IT","og_type":"article","og_title":"Incorpora Store Locator in Weebly: crea una semplice funzione di ricerca negozi","og_description":"Aggiungi Store Locator al tuo sito web Weebly per aumentare la soddisfazione dei clienti. Utilizza una semplice demo di Elfsight per creare il widget versatile.","og_url":"https:\/\/elfsight.com\/it\/store-locator-widget\/weebly\/","og_site_name":"Elfsight IT","article_modified_time":"2024-11-11T11:17:03+00:00","twitter_card":"summary_large_image","twitter_misc":{"Tempo di lettura stimato":"2 minuti"},"schema":{"@context":"https:\/\/schema.org","@graph":[{"@type":"WebPage","@id":"https:\/\/elfsight.com\/it\/store-locator-widget\/weebly\/","url":"https:\/\/elfsight.com\/it\/store-locator-widget\/weebly\/","name":"Incorpora Store Locator in Weebly: crea una semplice funzione di ricerca negozi","isPartOf":{"@id":"https:\/\/elfsight.com\/it\/#website"},"datePublished":"1970-01-01T00:00:00+00:00","dateModified":"2024-11-11T11:17:03+00:00","description":"Aggiungi Store Locator al tuo sito web Weebly per aumentare la soddisfazione dei clienti. Utilizza una semplice demo di Elfsight per creare il widget versatile.","breadcrumb":{"@id":"https:\/\/elfsight.com\/it\/store-locator-widget\/weebly\/#breadcrumb"},"inLanguage":"it-IT","potentialAction":[{"@type":"ReadAction","target":["https:\/\/elfsight.com\/it\/store-locator-widget\/weebly\/"]}]},{"@type":"BreadcrumbList","@id":"https:\/\/elfsight.com\/it\/store-locator-widget\/weebly\/#breadcrumb","itemListElement":[{"@type":"ListItem","position":1,"name":"Home","item":"https:\/\/elfsight.com\/it\/"},{"@type":"ListItem","position":2,"name":"Store Locator","item":"https:\/\/elfsight.com\/it\/store-locator-widget\/"},{"@type":"ListItem","position":3,"name":"Store Locator &#8211; Weebly"}]},{"@type":"WebSite","@id":"https:\/\/elfsight.com\/it\/#website","url":"https:\/\/elfsight.com\/it\/","name":"Elfsight IT","description":"Just another Elfsight Sites site","potentialAction":[{"@type":"SearchAction","target":{"@type":"EntryPoint","urlTemplate":"https:\/\/elfsight.com\/it\/?s={search_term_string}"},"query-input":{"@type":"PropertyValueSpecification","valueRequired":true,"valueName":"search_term_string"}}],"inLanguage":"it-IT"}]}},"meta_box":{"industry":"","seo_heading":"","heading":"","description":"","cta_heading":"","cta_description":"","application":"3110","h1":"Applicazione Weebly per la localizzazione dei negozi","h1_caption":"Visualizza una mappa con pi\u00f9 punti vendita per aiutare i tuoi clienti a trovare facilmente la sede pi\u00f9 vicina a loro nel tuo sito web Weebly.","application_category":[],"applications_title":"","applications_request_title":"","applications_request_button_text":"","hero_text":"","hero_video":"","hero_video_schema_markup":"","selling_points_title":"","selling_points_caption":"","selling_points":[],"selling_points_cta_text":"","features_title":"","features":"","ed_cta_examples_text":"","ed_cta_examples_hidden":"","ed_cta_demo_text":"","ed_cta_demo_hidden":"","why_caption":"","why_editor_title":"","why_editor_text":"","why_team_title":"","why_team_text":"","why_service_title":"","why_service_text":"","template_catalog_visible":"","template_catalog_title":"","template_catalog_text":"","template_catalog_categories_visible":"","demo_title":"Crea la tua app Localizzatore di negozi","demo_caption":"Configura il tuo Store Locator e aggiungilo gratuitamente al tuo sito Weebly!","default_faq_hidden":"","app_template_category":[],"platform":"45","template_public_id":"","codecanyon_url":"","codecanyon_item_id":"","codecanyon_price":"","pricing_caption":"","pricing_elfsight_apps_hide_column":"","pricing_elfsight_apps_url":"","pricing_codecanyon_price_caption":"","integration_category":[],"integration_request_title":"","integration_request_cta":"","integration_platform":"","integrations":[],"platform_category":[],"video_schema_markup":"","price":"da $ 0 al mese","trial":"","benefits":[{"text":"Assistenza gratuita per l'installazione"},{"text":"Servizio clienti efficace"},{"text":"Garanzia di rimborso di 14 giorni"},{"text":"Aggiornamenti futuri"}],"button_url":"#demo","button_target_blank":"","button_nofollow":"","attributes":[{"name":"Installazioni"},{"name":"Reattivo","content":"S\u00cc"},{"name":"Browser compatibili","content":"Firefox, Safari, Opera, Chrome, Edge"}],"tags":[],"tags_disable_links":"","hide_more_platforms":"","video_object":"","demo_hide_cta":"","demo_hide_cloud_options":"","pricing_title":"","pricing":[{"pricing_icon":"platform","pricing_title":"Elfsight Apps","pricing_title_caption":"Soluzione indipendente dalla piattaforma che funziona su qualsiasi sito web","pricing_price":"da $ 0 \/ mese","pricing_price_caption":"inizia con un piano gratuito","pricing_benefits":[{"text":"Siti web illimitati"},{"text":"Supporto premium e ben documentato"},{"text":"Supporto gratuito per l'installazione"},{"text":"100% personalizzabile"}],"pricing_button_text":"Aggiungi al sito web","pricing_button_url":"#demo"}],"related_apps_title":"","related_apps_hidden":"","author":"","image":[],"title":"","job":"","social_networks":[]},"_links":{"self":[{"href":"https:\/\/elfsight.com\/it\/wp-json\/wp\/v2\/pages\/5979","targetHints":{"allow":["GET"]}}],"collection":[{"href":"https:\/\/elfsight.com\/it\/wp-json\/wp\/v2\/pages"}],"about":[{"href":"https:\/\/elfsight.com\/it\/wp-json\/wp\/v2\/types\/page"}],"author":[{"embeddable":true,"href":"https:\/\/elfsight.com\/it\/wp-json\/wp\/v2\/users\/9"}],"replies":[{"embeddable":true,"href":"https:\/\/elfsight.com\/it\/wp-json\/wp\/v2\/comments?post=5979"}],"version-history":[{"count":1,"href":"https:\/\/elfsight.com\/it\/wp-json\/wp\/v2\/pages\/5979\/revisions"}],"predecessor-version":[{"id":5983,"href":"https:\/\/elfsight.com\/it\/wp-json\/wp\/v2\/pages\/5979\/revisions\/5983"}],"up":[{"embeddable":true,"href":"https:\/\/elfsight.com\/it\/wp-json\/wp\/v2\/pages\/3114"}],"wp:attachment":[{"href":"https:\/\/elfsight.com\/it\/wp-json\/wp\/v2\/media?parent=5979"}],"curies":[{"name":"wp","href":"https:\/\/api.w.org\/{rel}","templated":true}]}}