{"id":5978,"date":"1970-01-01T00:00:00","date_gmt":"1970-01-01T00:00:00","guid":{"rendered":"https:\/\/elfsight.com\/it\/?page_id=5978"},"modified":"2024-11-11T11:16:55","modified_gmt":"2024-11-11T11:16:55","slug":"wix","status":"publish","type":"page","link":"https:\/\/elfsight.com\/it\/store-locator-widget\/wix\/","title":{"rendered":"Store Locator &#8211; Wix"},"content":{"rendered":"<div class=\"application-platform-content-item-description application-platform-content-item\" id=\"description\" data-nav-section=\"description\"> <h2>Incorpora Store Locator in Wix con un&#8217;app Elfsight<\/h2> <p>Elfsight Store Locator per Wix \u00e8 un widget potente e regolabile realizzato per migliorare la comodit\u00e0 del tuo sito web e la soddisfazione dei clienti rendendo pi\u00f9 semplice che mai per i tuoi clienti trovare la strada per raggiungere la tua sede. Con una serie di utili funzionalit\u00e0 introdotte per utilit\u00e0 e prestazioni, questo widget \u00e8 la soluzione ideale per presentare le sedi dei tuoi negozi fisici in modo chiaro e conveniente. Aggiungilo subito e scopri come trasforma il tuo sito web in un utile strumento per la ricerca di negozi!<\/p> <p>Integrando il widget, aumenterai la tua credibilit\u00e0 tra i clienti fornendo informazioni dettagliate sulle sedi fisiche della tua azienda, rassicurando tutti i tuoi clienti. presenza consolidata. Ci\u00f2 pu\u00f2 comportare un processo decisionale pi\u00f9 rapido e una solida esperienza di acquisto tra i visitatori. <\/p><p><b>Utilizza il meraviglioso strumento di ricerca negozi per presentare la tua posizione e dati operativi importanti. Mostra il tuo indirizzo fisico e le informazioni pertinenti per ricevere pi\u00f9 clienti in negozio.<\/b><\/p><\/div> <div class=\"application-platform-content-item-features application-platform-content-item\" id=\"features\" data-nav-section=\"features\"> <h2>Il widget offre funzionalit\u00e0 utili e facili, controllane alcune: <\/h2> <ul><li>Selezione semplice della posizione<\/li><li>Opzioni mappa intuitive<\/li><li>Pulsanti CTA della posizione che supportano le integrazioni <\/li><li>Scheda della posizione semplice dopo la selezione dell&#8217;indicatore<\/li><li>Programma di lavoro e ottimizzazione della sede stato attuale<\/li><\/ul><p><a href=\"#demo\">Puoi scoprire cosa offre il widget utilizzando la demo<\/a><\/p><\/div> <div class=\"application-platform-content-item-installation  application-platform-content-item\" id=\"installation \" data-nav-section=\"installation \"> <h2>Come posso incorporare Store Locator nella mia pagina web Wix?<\/h2> <p>Basta applicare le istruzioni seguenti per attivare il plugin.<\/p> <ol><li><b>Esegui il nostro servizio gratuito editor e inizia a dare forma al tuo strumento personalizzato. <\/b><br> Trova l&#8217;interfaccia e le opzioni selezionate del plugin e applica le modifiche. <\/li> <li><b>Copia il tuo codice individuale che appare nella finestra delle App Elfsight. <\/b><br> Una volta completata la configurazione del tuo widget, copia il codice esclusivo nella finestra visualizzata e salvalo per un uso futuro. <\/li> <li><b>Avvia l&#8217;utilizzo del widget sul tuo sito Wix. <\/b><br> Incorpora il codice che hai copiato di recente nella tua home page e applica le modifiche. <\/li> <li><b>Il gioco \u00e8 fatto! La configurazione \u00e8 completamente completata. <\/b><br> Vai al tuo sito per vedere in azione il lavoro dello strumento. <\/li><\/ol> <p>Se dovessi affrontare domande o incontrare alcune complicazioni, rivolgiti al nostro team di assistenza clienti. Il nostro personale non vede l&#8217;ora di aiutarti con tutte le difficolt\u00e0 che potresti avere con il prodotto. <\/p><\/div>","protected":false},"excerpt":{"rendered":"","protected":false},"author":9,"featured_media":0,"parent":3114,"menu_order":0,"comment_status":"closed","ping_status":"closed","template":"templates\/template-application-platform.php","meta":{"publish_to_discourse":"","publish_post_category":"","wpdc_auto_publish_overridden":"","wpdc_topic_tags":"","wpdc_pin_topic":"","wpdc_pin_until":"","discourse_post_id":"","discourse_permalink":"","wpdc_publishing_response":"","wpdc_publishing_error":"","footnotes":""},"class_list":["post-5978","page","type-page","status-publish","hentry"],"yoast_head":"<!-- This site is optimized with the Yoast SEO plugin v25.3.1 - https:\/\/yoast.com\/wordpress\/plugins\/seo\/ -->\n<title>Aggiungi Store Locator a Wix - Installa Shop Finder sul tuo sito web<\/title>\n<meta name=\"description\" content=\"Aggiungi Store Locator intuitivo al tuo sito web Wix per aumentare la fidelizzazione. Esplora la demo semplice di Elfsight per creare il widget versatile.\" \/>\n<meta name=\"robots\" content=\"index, follow, max-snippet:-1, max-image-preview:large, max-video-preview:-1\" \/>\n<link rel=\"canonical\" href=\"https:\/\/elfsight.com\/it\/store-locator-widget\/wix\/\" \/>\n<meta property=\"og:locale\" content=\"it_IT\" \/>\n<meta property=\"og:type\" content=\"article\" \/>\n<meta property=\"og:title\" content=\"Aggiungi Store Locator a Wix - Installa Shop Finder sul tuo sito web\" \/>\n<meta property=\"og:description\" content=\"Aggiungi Store Locator intuitivo al tuo sito web Wix per aumentare la fidelizzazione. Esplora la demo semplice di Elfsight per creare il widget versatile.\" \/>\n<meta property=\"og:url\" content=\"https:\/\/elfsight.com\/it\/store-locator-widget\/wix\/\" \/>\n<meta property=\"og:site_name\" content=\"Elfsight IT\" \/>\n<meta property=\"article:modified_time\" content=\"2024-11-11T11:16:55+00:00\" \/>\n<meta name=\"twitter:card\" content=\"summary_large_image\" \/>\n<meta name=\"twitter:label1\" content=\"Tempo di lettura stimato\" \/>\n\t<meta name=\"twitter:data1\" content=\"2 minuti\" \/>\n<!-- \/ Yoast SEO plugin. -->","yoast_head_json":{"title":"Aggiungi Store Locator a Wix - Installa Shop Finder sul tuo sito web","description":"Aggiungi Store Locator intuitivo al tuo sito web Wix per aumentare la fidelizzazione. Esplora la demo semplice di Elfsight per creare il widget versatile.","robots":{"index":"index","follow":"follow","max-snippet":"max-snippet:-1","max-image-preview":"max-image-preview:large","max-video-preview":"max-video-preview:-1"},"canonical":"https:\/\/elfsight.com\/it\/store-locator-widget\/wix\/","og_locale":"it_IT","og_type":"article","og_title":"Aggiungi Store Locator a Wix - Installa Shop Finder sul tuo sito web","og_description":"Aggiungi Store Locator intuitivo al tuo sito web Wix per aumentare la fidelizzazione. Esplora la demo semplice di Elfsight per creare il widget versatile.","og_url":"https:\/\/elfsight.com\/it\/store-locator-widget\/wix\/","og_site_name":"Elfsight IT","article_modified_time":"2024-11-11T11:16:55+00:00","twitter_card":"summary_large_image","twitter_misc":{"Tempo di lettura stimato":"2 minuti"},"schema":{"@context":"https:\/\/schema.org","@graph":[{"@type":"WebPage","@id":"https:\/\/elfsight.com\/it\/store-locator-widget\/wix\/","url":"https:\/\/elfsight.com\/it\/store-locator-widget\/wix\/","name":"Aggiungi Store Locator a Wix - Installa Shop Finder sul tuo sito web","isPartOf":{"@id":"https:\/\/elfsight.com\/it\/#website"},"datePublished":"1970-01-01T00:00:00+00:00","dateModified":"2024-11-11T11:16:55+00:00","description":"Aggiungi Store Locator intuitivo al tuo sito web Wix per aumentare la fidelizzazione. Esplora la demo semplice di Elfsight per creare il widget versatile.","breadcrumb":{"@id":"https:\/\/elfsight.com\/it\/store-locator-widget\/wix\/#breadcrumb"},"inLanguage":"it-IT","potentialAction":[{"@type":"ReadAction","target":["https:\/\/elfsight.com\/it\/store-locator-widget\/wix\/"]}]},{"@type":"BreadcrumbList","@id":"https:\/\/elfsight.com\/it\/store-locator-widget\/wix\/#breadcrumb","itemListElement":[{"@type":"ListItem","position":1,"name":"Home","item":"https:\/\/elfsight.com\/it\/"},{"@type":"ListItem","position":2,"name":"Store Locator","item":"https:\/\/elfsight.com\/it\/store-locator-widget\/"},{"@type":"ListItem","position":3,"name":"Store Locator &#8211; Wix"}]},{"@type":"WebSite","@id":"https:\/\/elfsight.com\/it\/#website","url":"https:\/\/elfsight.com\/it\/","name":"Elfsight IT","description":"Just another Elfsight Sites site","potentialAction":[{"@type":"SearchAction","target":{"@type":"EntryPoint","urlTemplate":"https:\/\/elfsight.com\/it\/?s={search_term_string}"},"query-input":{"@type":"PropertyValueSpecification","valueRequired":true,"valueName":"search_term_string"}}],"inLanguage":"it-IT"}]}},"meta_box":{"industry":"","seo_heading":"","heading":"","description":"","cta_heading":"","cta_description":"","application":"3110","h1":"App Wix Store Localizzatore","h1_caption":"Visualizza una mappa con pi\u00f9 punti vendita per aiutare i tuoi clienti a trovare facilmente la sede pi\u00f9 vicina a loro nel tuo sito web Wix.","application_category":[],"applications_title":"","applications_request_title":"","applications_request_button_text":"","hero_text":"","hero_video":"","hero_video_schema_markup":"","selling_points_title":"","selling_points_caption":"","selling_points":[],"selling_points_cta_text":"","features_title":"","features":"","ed_cta_examples_text":"","ed_cta_examples_hidden":"","ed_cta_demo_text":"","ed_cta_demo_hidden":"","why_caption":"","why_editor_title":"","why_editor_text":"","why_team_title":"","why_team_text":"","why_service_title":"","why_service_text":"","template_catalog_visible":"","template_catalog_title":"","template_catalog_text":"","template_catalog_categories_visible":"","demo_title":"Crea la tua app Localizzatore di negozi","demo_caption":"Configura il tuo Store Locator e aggiungilo gratuitamente al tuo sito Wix!","default_faq_hidden":"","app_template_category":[],"platform":"29","template_public_id":"","codecanyon_url":"","codecanyon_item_id":"","codecanyon_price":"","pricing_caption":"","pricing_elfsight_apps_hide_column":"","pricing_elfsight_apps_url":"","pricing_codecanyon_price_caption":"","integration_category":[],"integration_request_title":"","integration_request_cta":"","integration_platform":"","integrations":[],"platform_category":[],"video_schema_markup":"","price":"da $ 0 al mese","trial":"","benefits":[{"text":"Servizio di installazione gratuito"},{"text":"Supporto premium"},{"text":"Garanzia di rimborso di 14 giorni"},{"text":"Aggiornamento costante"}],"button_url":"#demo","button_target_blank":"","button_nofollow":"","attributes":[{"name":"Installazioni"},{"name":"Reattivo","content":"S\u00cc"},{"name":"Browser compatibili","content":"Firefox, Safari, Opera, Chrome, Edge"}],"tags":[],"tags_disable_links":"","hide_more_platforms":"","video_object":"","demo_hide_cta":"","demo_hide_cloud_options":"","pricing_title":"","pricing":[{"pricing_icon":"platform","pricing_title":"Elfsight Apps","pricing_title_caption":"Versione multipiattaforma","pricing_price":"da $ 0 \/ mese","pricing_price_caption":"inizia con un piano gratuito","pricing_benefits":[{"text":"Siti web illimitati"},{"text":"Supporto gratuito"},{"text":"Aiuto gratuito per l'installazione"},{"text":"Progettazione flessibile"}],"pricing_button_text":"Aggiungi al sito web","pricing_button_url":"#demo"}],"related_apps_title":"","related_apps_hidden":"","author":"","image":[],"title":"","job":"","social_networks":[]},"_links":{"self":[{"href":"https:\/\/elfsight.com\/it\/wp-json\/wp\/v2\/pages\/5978","targetHints":{"allow":["GET"]}}],"collection":[{"href":"https:\/\/elfsight.com\/it\/wp-json\/wp\/v2\/pages"}],"about":[{"href":"https:\/\/elfsight.com\/it\/wp-json\/wp\/v2\/types\/page"}],"author":[{"embeddable":true,"href":"https:\/\/elfsight.com\/it\/wp-json\/wp\/v2\/users\/9"}],"replies":[{"embeddable":true,"href":"https:\/\/elfsight.com\/it\/wp-json\/wp\/v2\/comments?post=5978"}],"version-history":[{"count":1,"href":"https:\/\/elfsight.com\/it\/wp-json\/wp\/v2\/pages\/5978\/revisions"}],"predecessor-version":[{"id":5982,"href":"https:\/\/elfsight.com\/it\/wp-json\/wp\/v2\/pages\/5978\/revisions\/5982"}],"up":[{"embeddable":true,"href":"https:\/\/elfsight.com\/it\/wp-json\/wp\/v2\/pages\/3114"}],"wp:attachment":[{"href":"https:\/\/elfsight.com\/it\/wp-json\/wp\/v2\/media?parent=5978"}],"curies":[{"name":"wp","href":"https:\/\/api.w.org\/{rel}","templated":true}]}}