{"id":5973,"date":"1970-01-01T00:00:00","date_gmt":"1970-01-01T00:00:00","guid":{"rendered":"https:\/\/elfsight.com\/it\/?page_id=5973"},"modified":"2025-03-24T07:15:41","modified_gmt":"2025-03-24T07:15:41","slug":"woocommerce","status":"publish","type":"page","link":"https:\/\/elfsight.com\/it\/store-locator-widget\/woocommerce\/","title":{"rendered":"Store Locator &#8211; WooCommerce"},"content":{"rendered":"\n<div class=\"application-platform-content-item-description application-platform-content-item\" id=\"description\" data-nav-section=\"description\"> <h2>Incorpora Store Locator in WooCommerce con un plugin Elfsight<\/h2> <p>Elfsight Store Locator per WooCommerce \u00e8 un widget vivace e flessibile progettato per migliorare l&#8217;usabilit\u00e0 del tuo sito web e il coinvolgimento dei clienti rendendo pi\u00f9 facile che mai per i tuoi clienti trovare i tuoi negozi. Con una gamma di potenti funzionalit\u00e0 su misura per utilit\u00e0 e prestazioni, questo widget \u00e8 la soluzione perfetta per mostrare le sedi dei tuoi negozi fisici in modo chiaro e conveniente. Incorporalo subito e scopri come trasforma il tuo sito web in un utile strumento per la ricerca di negozi!<\/p> <p>Incorporando il widget, aumenterai la tua affidabilit\u00e0 tra i clienti fornendo informazioni dettagliate sulle sedi fisiche della tua attivit\u00e0, rassicurando tutti i tuoi presenza reale. Ci\u00f2 si tradurr\u00e0 in un processo decisionale pi\u00f9 rapido e in una solida esperienza di acquisto tra i clienti. <\/p><p><b>Incorpora il meraviglioso strumento di ricerca negozi per mostrare la tua posizione e dettagli importanti sulla tua attivit\u00e0. Evidenzia il tuo indirizzo fisico e le informazioni pertinenti per ricevere pi\u00f9 visitatori in negozio. <\/b><\/p><\/div> <div class=\"application-platform-content-item-features application-platform-content-item\" id=\"features\" data-nav-section=\"features\"> <h2>Le funzionalit\u00e0 pi\u00f9 importanti del widget contengono<\/h2> <ul><li>Scelta semplice della posizione<\/li><li>Utente opzioni mappa orientate<\/li><li>Pulsanti di azione sulla posizione che supportano le integrazioni <\/li><li>Popup di posizione semplice sulla selezione dell&#8217;indicatore<\/li><li>Pianificazione delle operazioni sulla posizione e gestione dello stato aperto.<\/li><\/ul><p><a href=\"#demo\">Basta controllare questa demo per vedere come funziona<\/a><\/p><\/div> <div class=\"application-platform-content-item-installation application-platform-content-item\" id=\"installation\" data-nav-section=\"installation\"> <h2>Come posso integrare Store Locator nella mia pagina web WooCommerce?<\/h2> <p>Segui semplicemente le linee guida seguenti per attivare lo strumento. <\/p> <ol><li><b>Apri il nostro configuratore gratuito e inizia a creare il tuo strumento personalizzato. <\/b><br> Determina il design e gli aspetti preferiti del widget e applica le modifiche. <\/li> <li><b>Acquisisci il codice univoco riportato nell&#8217;apposito form su Elfsight Apps. <\/b><br> Non appena la creazione del tuo plugin personale sar\u00e0 completata, copia il singolo codice dalla finestra emersa e conservalo per un&#8217;occasione successiva. <\/li> <li><b>Accedi all&#8217;utilizzo dello strumento sul sito web WooCommerce. <\/b><br> Inserisci il codice salvato di recente nella tua pagina e applica le correzioni. <\/li> <li><b>La configurazione \u00e8 completamente completata. <\/b><br> Vai alla tua pagina per esaminare le prestazioni dello strumento. <\/li><\/ol> <p>Se riscontri domande o incontri qualche difficolt\u00e0, non aver paura di scrivere al nostro team di supporto. I nostri consulenti sono desiderosi di aiutarti con tutte le difficolt\u00e0 che potresti avere con il widget. <\/p><\/div>\n","protected":false},"excerpt":{"rendered":"","protected":false},"author":9,"featured_media":0,"parent":3114,"menu_order":0,"comment_status":"closed","ping_status":"closed","template":"templates\/template-application-platform.php","meta":{"publish_to_discourse":"","publish_post_category":"","wpdc_auto_publish_overridden":"","wpdc_topic_tags":"","wpdc_pin_topic":"","wpdc_pin_until":"","discourse_post_id":"","discourse_permalink":"","wpdc_publishing_response":"","wpdc_publishing_error":"","footnotes":""},"class_list":["post-5973","page","type-page","status-publish","hentry"],"yoast_head":"<!-- This site is optimized with the Yoast SEO plugin v25.3.1 - https:\/\/yoast.com\/wordpress\/plugins\/seo\/ -->\n<title>Aggiungi Store Locator a WooCommerce - Trova negozi senza codice<\/title>\n<meta name=\"description\" content=\"Aggiungi un utile Store Locator al tuo sito web WooCommerce per migliorare l&#039;esperienza di acquisto. Utilizza una demo chiara di Elfsight per creare il widget.\" \/>\n<meta name=\"robots\" content=\"index, follow, max-snippet:-1, max-image-preview:large, max-video-preview:-1\" \/>\n<link rel=\"canonical\" href=\"https:\/\/elfsight.com\/it\/store-locator-widget\/woocommerce\/\" \/>\n<meta property=\"og:locale\" content=\"it_IT\" \/>\n<meta property=\"og:type\" content=\"article\" \/>\n<meta property=\"og:title\" content=\"Aggiungi Store Locator a WooCommerce - Trova negozi senza codice\" \/>\n<meta property=\"og:description\" content=\"Aggiungi un utile Store Locator al tuo sito web WooCommerce per migliorare l&#039;esperienza di acquisto. Utilizza una demo chiara di Elfsight per creare il widget.\" \/>\n<meta property=\"og:url\" content=\"https:\/\/elfsight.com\/it\/store-locator-widget\/woocommerce\/\" \/>\n<meta property=\"og:site_name\" content=\"Elfsight IT\" \/>\n<meta property=\"article:modified_time\" content=\"2025-03-24T07:15:41+00:00\" \/>\n<meta name=\"twitter:card\" content=\"summary_large_image\" \/>\n<meta name=\"twitter:label1\" content=\"Tempo di lettura stimato\" \/>\n\t<meta name=\"twitter:data1\" content=\"3 minuti\" \/>\n<!-- \/ Yoast SEO plugin. -->","yoast_head_json":{"title":"Aggiungi Store Locator a WooCommerce - Trova negozi senza codice","description":"Aggiungi un utile Store Locator al tuo sito web WooCommerce per migliorare l'esperienza di acquisto. Utilizza una demo chiara di Elfsight per creare il widget.","robots":{"index":"index","follow":"follow","max-snippet":"max-snippet:-1","max-image-preview":"max-image-preview:large","max-video-preview":"max-video-preview:-1"},"canonical":"https:\/\/elfsight.com\/it\/store-locator-widget\/woocommerce\/","og_locale":"it_IT","og_type":"article","og_title":"Aggiungi Store Locator a WooCommerce - Trova negozi senza codice","og_description":"Aggiungi un utile Store Locator al tuo sito web WooCommerce per migliorare l'esperienza di acquisto. Utilizza una demo chiara di Elfsight per creare il widget.","og_url":"https:\/\/elfsight.com\/it\/store-locator-widget\/woocommerce\/","og_site_name":"Elfsight IT","article_modified_time":"2025-03-24T07:15:41+00:00","twitter_card":"summary_large_image","twitter_misc":{"Tempo di lettura stimato":"3 minuti"},"schema":{"@context":"https:\/\/schema.org","@graph":[{"@type":"WebPage","@id":"https:\/\/elfsight.com\/it\/store-locator-widget\/woocommerce\/","url":"https:\/\/elfsight.com\/it\/store-locator-widget\/woocommerce\/","name":"Aggiungi Store Locator a WooCommerce - Trova negozi senza codice","isPartOf":{"@id":"https:\/\/elfsight.com\/it\/#website"},"datePublished":"1970-01-01T00:00:00+00:00","dateModified":"2025-03-24T07:15:41+00:00","description":"Aggiungi un utile Store Locator al tuo sito web WooCommerce per migliorare l'esperienza di acquisto. Utilizza una demo chiara di Elfsight per creare il widget.","breadcrumb":{"@id":"https:\/\/elfsight.com\/it\/store-locator-widget\/woocommerce\/#breadcrumb"},"inLanguage":"it-IT","potentialAction":[{"@type":"ReadAction","target":["https:\/\/elfsight.com\/it\/store-locator-widget\/woocommerce\/"]}]},{"@type":"BreadcrumbList","@id":"https:\/\/elfsight.com\/it\/store-locator-widget\/woocommerce\/#breadcrumb","itemListElement":[{"@type":"ListItem","position":1,"name":"Home","item":"https:\/\/elfsight.com\/it\/"},{"@type":"ListItem","position":2,"name":"Store Locator","item":"https:\/\/elfsight.com\/it\/store-locator-widget\/"},{"@type":"ListItem","position":3,"name":"Store Locator &#8211; WooCommerce"}]},{"@type":"WebSite","@id":"https:\/\/elfsight.com\/it\/#website","url":"https:\/\/elfsight.com\/it\/","name":"Elfsight IT","description":"Just another Elfsight Sites site","potentialAction":[{"@type":"SearchAction","target":{"@type":"EntryPoint","urlTemplate":"https:\/\/elfsight.com\/it\/?s={search_term_string}"},"query-input":{"@type":"PropertyValueSpecification","valueRequired":true,"valueName":"search_term_string"}}],"inLanguage":"it-IT"}]}},"meta_box":{"industry":"","seo_heading":"","heading":"","description":"","cta_heading":"","cta_description":"","application":"3110","h1":"Plugin WooCommerce Store Locator","h1_caption":"Visualizza una mappa con pi\u00f9 punti vendita per aiutare i tuoi clienti a trovare facilmente la sede pi\u00f9 vicina a loro nel tuo sito web WooCommerce.","application_category":[],"applications_title":"","applications_request_title":"","applications_request_button_text":"","hero_text":"","hero_video":"","hero_video_schema_markup":"","selling_points_title":"","selling_points_caption":"","selling_points":[],"selling_points_cta_text":"","features_title":"","features":"","ed_cta_examples_text":"","ed_cta_examples_hidden":"","ed_cta_demo_text":"","ed_cta_demo_hidden":"","why_caption":"","why_editor_title":"","why_editor_text":"","why_team_title":"","why_team_text":"","why_service_title":"","why_service_text":"","template_catalog_visible":"0","template_catalog_title":"","template_catalog_text":"","template_catalog_categories_visible":"","demo_title":"Crea la tua app Localizzatore di negozi","demo_caption":"Configura il tuo Store Locator e aggiungilo gratuitamente al tuo sito WooCommerce!","default_faq_hidden":"","app_template_category":[],"platform":"80","template_public_id":"","codecanyon_url":"","codecanyon_item_id":"","codecanyon_price":"","pricing_caption":"","pricing_elfsight_apps_hide_column":"","pricing_elfsight_apps_url":"","pricing_codecanyon_price_caption":"","integration_category":[],"integration_request_title":"","integration_request_cta":"","integration_platform":"","integrations":[],"platform_category":[],"video_schema_markup":"","price":"da $ 0 al mese","trial":"","benefits":[{"text":"Aiuto per l'installazione gratuito"},{"text":"Servizio clienti professionale"},{"text":"Garanzia di rimborso di 14 giorni"},{"text":"Aggiornamento costante"}],"button_url":"#demo","button_target_blank":"0","button_nofollow":"0","attributes":[{"name":"Installazioni"},{"name":"Reattivo","content":"S\u00cc"},{"name":"Browser compatibili","content":"Firefox, Safari, Opera, Chrome, Edge"}],"tags":[],"tags_disable_links":"0","hide_more_platforms":"0","video_object":"","demo_hide_cta":"0","demo_hide_cloud_options":"0","pricing_title":"","pricing":[{"pricing_icon":"platform","pricing_title":"Elfsight Apps","pricing_title_caption":"Soluzione digitale multipiattaforma","pricing_price":"da $ 0 \/ mese","pricing_price_caption":"inizia con un piano gratuito","pricing_benefits":[{"text":"Domini illimitati"},{"text":"Supporto professionale e puntuale"},{"text":"Supporto gratuito per l'installazione"},{"text":"Completamente personalizzabile"}],"pricing_button_text":"Aggiungi al sito web","pricing_button_url":"#demo"}],"related_apps_title":"","related_apps_hidden":"0","author":"","image":[],"title":"","job":"","social_networks":[]},"_links":{"self":[{"href":"https:\/\/elfsight.com\/it\/wp-json\/wp\/v2\/pages\/5973","targetHints":{"allow":["GET"]}}],"collection":[{"href":"https:\/\/elfsight.com\/it\/wp-json\/wp\/v2\/pages"}],"about":[{"href":"https:\/\/elfsight.com\/it\/wp-json\/wp\/v2\/types\/page"}],"author":[{"embeddable":true,"href":"https:\/\/elfsight.com\/it\/wp-json\/wp\/v2\/users\/9"}],"replies":[{"embeddable":true,"href":"https:\/\/elfsight.com\/it\/wp-json\/wp\/v2\/comments?post=5973"}],"version-history":[{"count":2,"href":"https:\/\/elfsight.com\/it\/wp-json\/wp\/v2\/pages\/5973\/revisions"}],"predecessor-version":[{"id":9904,"href":"https:\/\/elfsight.com\/it\/wp-json\/wp\/v2\/pages\/5973\/revisions\/9904"}],"up":[{"embeddable":true,"href":"https:\/\/elfsight.com\/it\/wp-json\/wp\/v2\/pages\/3114"}],"wp:attachment":[{"href":"https:\/\/elfsight.com\/it\/wp-json\/wp\/v2\/media?parent=5973"}],"curies":[{"name":"wp","href":"https:\/\/api.w.org\/{rel}","templated":true}]}}