{"id":5972,"date":"2024-05-03T06:49:00","date_gmt":"2024-05-03T06:49:00","guid":{"rendered":"https:\/\/elfsight.com\/it\/?page_id=5972"},"modified":"2024-11-11T11:16:55","modified_gmt":"2024-11-11T11:16:55","slug":"wordpress","status":"publish","type":"page","link":"https:\/\/elfsight.com\/it\/store-locator-widget\/wordpress\/","title":{"rendered":"Store Locator &#8211; WordPress"},"content":{"rendered":"<div class=\"application-platform-content-item-description application-platform-content-item\" id=\"description\" data-nav-section=\"description\"> <h2>Incorpora Store Locator in WordPress con un plugin Elfsight<\/h2> <p>Elfsight Store Locator per WordPress \u00e8 un widget dinamico e regolabile realizzato per migliorare l&#8217;utilit\u00e0 del tuo sito web e il coinvolgimento dei clienti rendendo pi\u00f9 semplice che mai per i tuoi clienti trovare la strada per raggiungere la tua sede. Con una serie di potenti funzionalit\u00e0 inventate per versatilit\u00e0 e prestazioni, questo widget \u00e8 la soluzione perfetta per annunciare le sedi fisiche della tua attivit\u00e0 in modo comprensibile e conveniente. Controllalo subito e nota come trasforma il tuo sito web in un meraviglioso strumento di ricerca di negozi!<\/p> <p>Aggiungendo il widget, aumenterai la tua credibilit\u00e0 tra i clienti condividendo informazioni dettagliate riguardanti le posizioni fisiche della tua organizzazione, rassicurando tutti della tua solida presenza. Ci\u00f2 si tradurr\u00e0 in un migliore processo decisionale e in una migliore esperienza di acquisto tra i clienti. <\/p><p><b>Prova l&#8217;eccellente funzione di ricerca negozi per visualizzare la tua posizione e dati operativi utili. Fornisci il tuo indirizzo fisico e informazioni pertinenti per invitare nuovi clienti in negozio. <\/b><\/p> <\/div> <div class=\"application-platform-content-item-features application-platform-content-item\" id=\"features\" data-nav-section=\"features\"> <h2>Controlla l&#8217;elenco delle funzionalit\u00e0 pi\u00f9 utili:<\/h2> <ul><li>Selezione semplice della posizione<\/li><li>Funzioni utili della mappa<\/li><li>Pulsanti CTA della posizione abilitati con le integrazioni <\/li><li>Popup della posizione dettagliata alla selezione dell&#8217;indicatore<\/li><li>Orari lavorativi e orari di apertura della posizione. stato attuale<\/li><\/ul><p><a href=\"#demo\">Esplora tutte le impostazioni nella demo completamente funzionante<\/a><\/p><\/div> <div class=\"application-platform-content-item-installation application-platform-content-item\" id=\"installation\" data-nav-section=\"installation\"> <h2>Come posso incorporare Store Locator nel mio sito WordPress?<\/h2> <p>Basta seguire un paio di passaggi presentati di seguito per inserire il plugin. <\/p> <ol><li><b>Apri la nostra demo gratuita e inizia a costruire il tuo strumento personalizzato. <\/b><br> Trova l&#8217;aspetto personalizzato e le opzioni dello strumento e applica le modifiche. <\/li> <li><b>Ricevi il codice personale esposto nella finestra su Elfsight Apps. <\/b><br> Non appena la configurazione del tuo strumento sar\u00e0 terminata, copia il codice individuale dal popup visualizzato e conservalo per necessit\u00e0 successive. <\/li> <li><b>Avvia l&#8217;utilizzo del plugin sulla tua home page di WordPress. <\/b><br> Incorpora il codice che hai salvato di recente nel tuo sito web e applica le correzioni. <\/li> <li><b>L&#8217;installazione \u00e8 stata completata con successo. <\/b><br> Visita la tua pagina web per vedere in azione le prestazioni del plugin. <\/li><\/ol> <p>A condizione che tu abbia domande o incontri qualche problema, sentiti libero di chiedere assistenza al nostro personale di supporto. I nostri consulenti saranno entusiasti di aiutarti con tutti i problemi che potresti avere con il widget. <\/p><\/div>","protected":false},"excerpt":{"rendered":"","protected":false},"author":9,"featured_media":0,"parent":3114,"menu_order":0,"comment_status":"closed","ping_status":"closed","template":"templates\/template-application-platform.php","meta":{"publish_to_discourse":"","publish_post_category":"","wpdc_auto_publish_overridden":"","wpdc_topic_tags":"","wpdc_pin_topic":"","wpdc_pin_until":"","discourse_post_id":"","discourse_permalink":"","wpdc_publishing_response":"","wpdc_publishing_error":"","footnotes":""},"class_list":["post-5972","page","type-page","status-publish","hentry"],"yoast_head":"<!-- This site is optimized with the Yoast SEO plugin v25.3.1 - https:\/\/yoast.com\/wordpress\/plugins\/seo\/ -->\n<title>Incorpora Store Locator in WordPress: imposta chiaramente la tua posizione<\/title>\n<meta name=\"description\" content=\"Incorpora Store Locator personalizzabile nel tuo WordPress per aumentare la credibilit\u00e0. Esplora una chiara demo di Elfsight per creare l&#039;utile widget.\" \/>\n<meta name=\"robots\" content=\"index, follow, max-snippet:-1, max-image-preview:large, max-video-preview:-1\" \/>\n<link rel=\"canonical\" href=\"https:\/\/elfsight.com\/it\/store-locator-widget\/wordpress\/\" \/>\n<meta property=\"og:locale\" content=\"it_IT\" \/>\n<meta property=\"og:type\" content=\"article\" \/>\n<meta property=\"og:title\" content=\"Incorpora Store Locator in WordPress: imposta chiaramente la tua posizione\" \/>\n<meta property=\"og:description\" content=\"Incorpora Store Locator personalizzabile nel tuo WordPress per aumentare la credibilit\u00e0. Esplora una chiara demo di Elfsight per creare l&#039;utile widget.\" \/>\n<meta property=\"og:url\" content=\"https:\/\/elfsight.com\/it\/store-locator-widget\/wordpress\/\" \/>\n<meta property=\"og:site_name\" content=\"Elfsight IT\" \/>\n<meta property=\"article:modified_time\" content=\"2024-11-11T11:16:55+00:00\" \/>\n<meta name=\"twitter:card\" content=\"summary_large_image\" \/>\n<meta name=\"twitter:label1\" content=\"Tempo di lettura stimato\" \/>\n\t<meta name=\"twitter:data1\" content=\"2 minuti\" \/>\n<!-- \/ Yoast SEO plugin. -->","yoast_head_json":{"title":"Incorpora Store Locator in WordPress: imposta chiaramente la tua posizione","description":"Incorpora Store Locator personalizzabile nel tuo WordPress per aumentare la credibilit\u00e0. Esplora una chiara demo di Elfsight per creare l'utile widget.","robots":{"index":"index","follow":"follow","max-snippet":"max-snippet:-1","max-image-preview":"max-image-preview:large","max-video-preview":"max-video-preview:-1"},"canonical":"https:\/\/elfsight.com\/it\/store-locator-widget\/wordpress\/","og_locale":"it_IT","og_type":"article","og_title":"Incorpora Store Locator in WordPress: imposta chiaramente la tua posizione","og_description":"Incorpora Store Locator personalizzabile nel tuo WordPress per aumentare la credibilit\u00e0. Esplora una chiara demo di Elfsight per creare l'utile widget.","og_url":"https:\/\/elfsight.com\/it\/store-locator-widget\/wordpress\/","og_site_name":"Elfsight IT","article_modified_time":"2024-11-11T11:16:55+00:00","twitter_card":"summary_large_image","twitter_misc":{"Tempo di lettura stimato":"2 minuti"},"schema":{"@context":"https:\/\/schema.org","@graph":[{"@type":"WebPage","@id":"https:\/\/elfsight.com\/it\/store-locator-widget\/wordpress\/","url":"https:\/\/elfsight.com\/it\/store-locator-widget\/wordpress\/","name":"Incorpora Store Locator in WordPress: imposta chiaramente la tua posizione","isPartOf":{"@id":"https:\/\/elfsight.com\/it\/#website"},"datePublished":"2024-05-03T06:49:00+00:00","dateModified":"2024-11-11T11:16:55+00:00","description":"Incorpora Store Locator personalizzabile nel tuo WordPress per aumentare la credibilit\u00e0. Esplora una chiara demo di Elfsight per creare l'utile widget.","breadcrumb":{"@id":"https:\/\/elfsight.com\/it\/store-locator-widget\/wordpress\/#breadcrumb"},"inLanguage":"it-IT","potentialAction":[{"@type":"ReadAction","target":["https:\/\/elfsight.com\/it\/store-locator-widget\/wordpress\/"]}]},{"@type":"BreadcrumbList","@id":"https:\/\/elfsight.com\/it\/store-locator-widget\/wordpress\/#breadcrumb","itemListElement":[{"@type":"ListItem","position":1,"name":"Home","item":"https:\/\/elfsight.com\/it\/"},{"@type":"ListItem","position":2,"name":"Store Locator","item":"https:\/\/elfsight.com\/it\/store-locator-widget\/"},{"@type":"ListItem","position":3,"name":"Store Locator &#8211; WordPress"}]},{"@type":"WebSite","@id":"https:\/\/elfsight.com\/it\/#website","url":"https:\/\/elfsight.com\/it\/","name":"Elfsight IT","description":"Just another Elfsight Sites site","potentialAction":[{"@type":"SearchAction","target":{"@type":"EntryPoint","urlTemplate":"https:\/\/elfsight.com\/it\/?s={search_term_string}"},"query-input":{"@type":"PropertyValueSpecification","valueRequired":true,"valueName":"search_term_string"}}],"inLanguage":"it-IT"}]}},"meta_box":{"industry":"","seo_heading":"","heading":"","description":"","cta_heading":"","cta_description":"","application":"3110","h1":"Plug-in per la localizzazione dei negozi WordPress","h1_caption":"Visualizza una mappa con pi\u00f9 punti vendita per aiutare i tuoi clienti a trovare facilmente la sede pi\u00f9 vicina a loro nel tuo sito Web WordPress.","application_category":[],"applications_title":"","applications_request_title":"","applications_request_button_text":"","hero_text":"","hero_video":"","hero_video_schema_markup":"","selling_points_title":"","selling_points_caption":"","selling_points":[],"selling_points_cta_text":"","features_title":"","features":"","ed_cta_examples_text":"","ed_cta_examples_hidden":"","ed_cta_demo_text":"","ed_cta_demo_hidden":"","why_caption":"","why_editor_title":"","why_editor_text":"","why_team_title":"","why_team_text":"","why_service_title":"","why_service_text":"","template_catalog_visible":"","template_catalog_title":"","template_catalog_text":"","template_catalog_categories_visible":"","demo_title":"Crea il tuo plugin Store Locator","demo_caption":"Configura il tuo Store Locator e aggiungilo gratuitamente al tuo sito WordPress!","default_faq_hidden":"","app_template_category":[],"platform":"28","template_public_id":"","codecanyon_url":"","codecanyon_item_id":"","codecanyon_price":"","pricing_caption":"","pricing_elfsight_apps_hide_column":"","pricing_elfsight_apps_url":"","pricing_codecanyon_price_caption":"","integration_category":[],"integration_request_title":"","integration_request_cta":"","integration_platform":"","integrations":[],"platform_category":[],"video_schema_markup":"","price":"da $ 0 al mese","trial":"","benefits":[{"text":"Aiuto per l'installazione gratuito"},{"text":"Supporto premium"},{"text":"Garanzia di rimborso di 14 giorni"},{"text":"Miglioramenti gratuiti continui"}],"button_url":"#demo","button_target_blank":"","button_nofollow":"","attributes":[{"name":"Installazioni"},{"name":"Reattivo","content":"S\u00cc"},{"name":"Browser compatibili","content":"Firefox, Safari, Opera, Chrome, Edge"}],"tags":[],"tags_disable_links":"","hide_more_platforms":"","video_object":"","demo_hide_cta":"","demo_hide_cloud_options":"","pricing_title":"","pricing":[{"pricing_icon":"platform","pricing_title":"Elfsight Apps","pricing_title_caption":"Versione multipiattaforma","pricing_price":"da $ 0 \/ mese","pricing_price_caption":"inizia con un piano gratuito","pricing_benefits":[{"text":"Siti web illimitati"},{"text":"Supporto gratuito, puntuale e ben documentato"},{"text":"Servizio di installazione gratuito"},{"text":"100% personalizzabile"}],"pricing_button_text":"Aggiungi al sito web","pricing_button_url":"#demo"}],"related_apps_title":"","related_apps_hidden":"","author":"","image":[],"title":"","job":"","social_networks":[]},"_links":{"self":[{"href":"https:\/\/elfsight.com\/it\/wp-json\/wp\/v2\/pages\/5972","targetHints":{"allow":["GET"]}}],"collection":[{"href":"https:\/\/elfsight.com\/it\/wp-json\/wp\/v2\/pages"}],"about":[{"href":"https:\/\/elfsight.com\/it\/wp-json\/wp\/v2\/types\/page"}],"author":[{"embeddable":true,"href":"https:\/\/elfsight.com\/it\/wp-json\/wp\/v2\/users\/9"}],"replies":[{"embeddable":true,"href":"https:\/\/elfsight.com\/it\/wp-json\/wp\/v2\/comments?post=5972"}],"version-history":[{"count":1,"href":"https:\/\/elfsight.com\/it\/wp-json\/wp\/v2\/pages\/5972\/revisions"}],"predecessor-version":[{"id":5976,"href":"https:\/\/elfsight.com\/it\/wp-json\/wp\/v2\/pages\/5972\/revisions\/5976"}],"up":[{"embeddable":true,"href":"https:\/\/elfsight.com\/it\/wp-json\/wp\/v2\/pages\/3114"}],"wp:attachment":[{"href":"https:\/\/elfsight.com\/it\/wp-json\/wp\/v2\/media?parent=5972"}],"curies":[{"name":"wp","href":"https:\/\/api.w.org\/{rel}","templated":true}]}}